{"id":1160,"date":"2019-12-04T12:30:07","date_gmt":"2019-12-04T11:30:07","guid":{"rendered":"https:\/\/us.edu.pl\/wydzial\/wpia\/?page_id=1160"},"modified":"2023-01-05T10:00:21","modified_gmt":"2023-01-05T09:00:21","slug":"samorzad-doktorantow","status":"publish","type":"page","link":"https:\/\/us.edu.pl\/wydzial\/wpia\/student\/dzialalnosc-studencka\/samorzad\/samorzad-doktorantow\/","title":{"rendered":"Samorz\u0105d Doktorant\u00f3w"},"content":{"rendered":"<p>[vc_row][vc_column]\r\n                <div class=\"text-modules\">\r\n                    <div class=\"container\">\r\n                        <h3 class=\"page-title text__title\">Samorz\u0105d Doktorant\u00f3w<\/h3>\r\n                        <div class=\"text-modules__content\"><\/div>\r\n                    <\/div>\r\n                <\/div>[vc_column_text]<span style=\"font-size: 12pt;\">Samorz\u0105d Doktorant\u00f3w stanowi\u0105 wszyscy doktoranci Wydzia\u0142u Prawa i\u00a0Administracji Uniwersytetu \u015al\u0105skiego. Najwy\u017cszym organem samorz\u0105du jest Wydzia\u0142owa Rada Samorz\u0105du Doktorant\u00f3w. Od pocz\u0105tku powo\u0142ania struktur samorz\u0105du naszym Opiekunem jest Pani Kierownik mgr Magdalena Stryja.<\/span><\/p>\n<p><span style=\"font-size: 12pt;\">Je\u017celi potrzebujesz pomocy, masz jaki\u015b pomys\u0142 dotycz\u0105cy studi\u00f3w doktoranckich na WPiA U\u015a, inicjatyw kulturalnych czy spo\u0142ecznych lub po<\/span><br \/>\n<span style=\"font-size: 12pt;\">prostu chcesz si\u0119 dowiedzie\u0107 wi\u0119cej o\u00a0dzia\u0142alno\u015bci Rady, pisz na adresy wskazane poni\u017cej.<\/span><\/p>\n<p><span style=\"font-size: 12pt;\">Zapraszamy r\u00f3wnie\u017c na forum doktorant\u00f3w naszego Wydzia\u0142u na stronie facebook: <a href=\"http:\/\/www.facebook.com\/groups\/1426273920923649\/?ref=bookmarks\">www.facebook.com\/groups\/1426273920923649\/?ref=bookmarks<\/a><\/span><\/p>\n<p><span style=\"font-size: 12pt;\">Sk\u0142ad Wydzia\u0142owej Rady Samorz\u0105du Doktorant\u00f3w<\/span><\/p>\n<ol>\n<li><span style=\"font-size: 12pt;\">mgr Patrycja Trzeja \u2013 przewodnicz\u0105ca WRSD,<\/span><\/li>\n<li><span style=\"font-size: 12pt;\">mgr Filip Nawrot \u2013 wiceprzewodnicz\u0105cy WRSD,<\/span><\/li>\n<li><span style=\"font-size: 12pt;\">mgr Rafa\u0142 Fic,<\/span><\/li>\n<li><span style=\"font-size: 12pt;\">mgr Agnieszka Forto\u0144ska,<\/span><\/li>\n<li><span style=\"font-size: 12pt;\">mgr Monika \u0141ata.<\/span><\/li>\n<\/ol>\n<p><span style=\"font-size: 12pt;\">Delegaci doktorant\u00f3w do Komisji Rady Wydzia\u0142u:<\/span><\/p>\n<p><span style=\"font-size: 12pt;\">Komisja Doktorancka -mgr Patrycja Trzeja<\/span><\/p>\n<p><span style=\"font-size: 12pt;\">Przedstawiciele Doktorant\u00f3w w Radzie Wydzia\u0142u:<\/span><\/p>\n<ol>\n<li><span style=\"font-size: 12pt;\">mgr Patrycja Trzeja<\/span><\/li>\n<\/ol>\n<p><span style=\"font-size: 12pt;\"><a href=\"https:\/\/us.edu.pl\/wydzial\/wpia\/wp-content\/uploads\/sites\/19\/Samorz\u0105d\/regulamin-Samorza\u0328du-Doktoranto\u0301w-US\u0301.pdf\" class=\"mtli_attachment mtli_pdf\" data-mtli=\"mtli_filesize213,46kB\">regulamin Samorza\u0328du Doktoranto\u0301w US\u0301<\/a><\/span>[\/vc_column_text][\/vc_column][\/vc_row]<\/p>\n<style type=\"text\/css\">a[data-mtli~=\"mtli_filesize213,46kB\"]:after {content:\" (213,46 kB)\"}<\/style>","protected":false},"excerpt":{"rendered":"<p>[vc_row][vc_column][vc_column_text]Samorz\u0105d Doktorant\u00f3w stanowi\u0105 wszyscy doktoranci Wydzia\u0142u Prawa i\u00a0Administracji Uniwersytetu \u015al\u0105skiego. Najwy\u017cszym organem samorz\u0105du jest Wydzia\u0142owa Rada Samorz\u0105du Doktorant\u00f3w. Od pocz\u0105tku powo\u0142ania struktur samorz\u0105du naszym Opiekunem jest Pani Kierownik mgr Magdalena Stryja. Je\u017celi potrzebujesz pomocy, masz jaki\u015b pomys\u0142 dotycz\u0105cy studi\u00f3w doktoranckich na WPiA U\u015a, inicjatyw kulturalnych czy spo\u0142ecznych lub po prostu chcesz si\u0119 dowiedzie\u0107 wi\u0119cej o\u00a0dzia\u0142alno\u015bci [&#8230;]<\/p>\n<p><a class=\"btn btn-secondary understrap-read-more-link\" href=\"https:\/\/us.edu.pl\/wydzial\/wpia\/student\/dzialalnosc-studencka\/samorzad\/samorzad-doktorantow\/\">Read More&#8230;<\/a><\/p>\n","protected":false},"author":107,"featured_media":0,"parent":402,"menu_order":1,"comment_status":"closed","ping_status":"closed","template":"page-templates\/inner-page-with-bookmarks.php","meta":{"_expiration-date-status":"","_expiration-date":0,"_expiration-date-type":"","_expiration-date-categories":[],"_expiration-date-options":[]},"acf":[],"_links":{"self":[{"href":"https:\/\/us.edu.pl\/wydzial\/wpia\/wp-json\/wp\/v2\/pages\/1160"}],"collection":[{"href":"https:\/\/us.edu.pl\/wydzial\/wpia\/wp-json\/wp\/v2\/pages"}],"about":[{"href":"https:\/\/us.edu.pl\/wydzial\/wpia\/wp-json\/wp\/v2\/types\/page"}],"author":[{"embeddable":true,"href":"https:\/\/us.edu.pl\/wydzial\/wpia\/wp-json\/wp\/v2\/users\/107"}],"replies":[{"embeddable":true,"href":"https:\/\/us.edu.pl\/wydzial\/wpia\/wp-json\/wp\/v2\/comments?post=1160"}],"version-history":[{"count":6,"href":"https:\/\/us.edu.pl\/wydzial\/wpia\/wp-json\/wp\/v2\/pages\/1160\/revisions"}],"predecessor-version":[{"id":160532,"href":"https:\/\/us.edu.pl\/wydzial\/wpia\/wp-json\/wp\/v2\/pages\/1160\/revisions\/160532"}],"up":[{"embeddable":true,"href":"https:\/\/us.edu.pl\/wydzial\/wpia\/wp-json\/wp\/v2\/pages\/402"}],"wp:attachment":[{"href":"https:\/\/us.edu.pl\/wydzial\/wpia\/wp-json\/wp\/v2\/media?parent=1160"}],"curies":[{"name":"wp","href":"https:\/\/api.w.org\/{rel}","templated":true}]}}