{"id":1220,"date":"2019-12-09T12:24:20","date_gmt":"2019-12-09T11:24:20","guid":{"rendered":"https:\/\/us.edu.pl\/wydzial\/wpia\/?page_id=1220"},"modified":"2024-11-25T13:53:55","modified_gmt":"2024-11-25T12:53:55","slug":"formularze-i-druki-studia-i-i-ii-stopnia","status":"publish","type":"page","link":"https:\/\/us.edu.pl\/wydzial\/wpia\/student\/formularze-i-druki\/formularze-i-druki-studia-i-i-ii-stopnia\/","title":{"rendered":"Formularze i druki &#8211; studia I i II stopnia"},"content":{"rendered":"<p>[vc_row][vc_column]\r\n                <div class=\"text-modules\">\r\n                    <div class=\"container\">\r\n                        <h3 class=\"page-title text__title\">Formularze i druki: studia jednolite magisterskie oraz I i II stopnia<\/h3>\r\n                        <div class=\"text-modules__content\"><\/p>\n<p style=\"font-weight: 400;\">Szanowna Studentko, Szanowny Studencie,<\/p>\n<p style=\"font-weight: 400;\">ni\u017cej wskazane wnioski (podania) nale\u017cy sk\u0142ada\u0107 za po\u015brednictwem systemu USOS, wed\u0142ug nast\u0119puj\u0105cej \u015bcie\u017cki: <strong><em>Dla student\u00f3w \u2192 Podania \u2192 Z\u0142o\u017cenie nowego podania<\/em><\/strong>:<\/p>\n<ul>\n<li style=\"font-weight: 400;\"><a href=\"https:\/\/us.edu.pl\/wydzial\/wpia\/wp-content\/uploads\/sites\/19\/2024\/10\/Wniosek-o-wydanie-dodatkowych-odpis-w.docx\" class=\"mtli_attachment mtli_docx\" data-mtli=\"mtli_filesize20,29kB\" class=\"mtli_attachment mtli_docx\" data-mtli=\"mtli_filesize20,29kB\">Wniosek o wydanie dodatkowych odpis\u00f3w<\/a><\/li>\n<li style=\"font-weight: 400;\"><a href=\"https:\/\/us.edu.pl\/wydzial\/wpia\/wp-content\/uploads\/sites\/19\/Formularze-i-druki\/Studia-I-i-II-stopnia\/Wniosek-o-wydanie-duplikatu.doc\" class=\"mtli_attachment mtli_doc\" data-mtli=\"mtli_filesize41,00kB\" class=\"mtli_attachment mtli_doc\" data-mtli=\"mtli_filesize41,00kB\">Wniosek o wydanie duplikatu dyplomu<\/a><\/li>\n<li style=\"font-weight: 400;\"><a href=\"https:\/\/us.edu.pl\/wydzial\/wpia\/wp-content\/uploads\/sites\/19\/Formularze-i-druki\/Studia-I-i-II-stopnia\/urlop-zdrowotny.pdf\" class=\"mtli_attachment mtli_pdf\" data-mtli=\"mtli_filesize446,44kB\" class=\"mtli_attachment mtli_pdf\" data-mtli=\"mtli_filesize446,44kB\">Urlop zdrowotny<\/a><\/li>\n<li style=\"font-weight: 400;\"><a href=\"https:\/\/us.edu.pl\/wydzial\/wpia\/wp-content\/uploads\/sites\/19\/Formularze-i-druki\/Studia-I-i-II-stopnia\/Podanie-ogolne.doc\" class=\"mtli_attachment mtli_doc\" data-mtli=\"mtli_filesize31,50kB\" class=\"mtli_attachment mtli_doc\" data-mtli=\"mtli_filesize31,50kB\">Wz\u00f3r podania og\u00f3lnego<\/a><\/li>\n<li style=\"font-weight: 400;\"><a href=\"https:\/\/us.edu.pl\/wydzial\/wpia\/wp-content\/uploads\/sites\/19\/Formularze-i-druki\/Studia-I-i-II-stopnia\/Zgoda-na-uznanie-ocen-zdobytych-na-innej-uczelni-1.doc\" class=\"mtli_attachment mtli_doc\" data-mtli=\"mtli_filesize57,50kB\" class=\"mtli_attachment mtli_doc\" data-mtli=\"mtli_filesize57,50kB\">Zgoda na uznanie ocen z innej uczelni<\/a><\/li>\n<li style=\"font-weight: 400;\"><a href=\"https:\/\/us.edu.pl\/wydzial\/wpia\/wp-content\/uploads\/sites\/19\/Formularze-i-druki\/Studia-I-i-II-stopnia\/Zmiana-danych-osobowych-1.doc\" class=\"mtli_attachment mtli_doc\" data-mtli=\"mtli_filesize34,00kB\" class=\"mtli_attachment mtli_doc\" data-mtli=\"mtli_filesize34,00kB\">Zmiana danych osobowych<\/a><\/li>\n<li><a href=\"https:\/\/us.edu.pl\/wydzial\/wpia\/wp-content\/uploads\/sites\/19\/Oplaty\/karta-obiegowa-od-2023_2024.pdf\" class=\"mtli_attachment mtli_pdf\" data-mtli=\"mtli_filesize248,39kB\" class=\"mtli_attachment mtli_pdf\" data-mtli=\"mtli_filesize248,39kB\">Karta obiegowa<\/a><\/li>\n<li><a href=\"https:\/\/us.edu.pl\/wydzial\/wpia\/wp-content\/uploads\/sites\/19\/Formularze-i-druki\/Zalacznik-do-podania-o-indywidualna-organizacje-studiow.docx\" class=\"mtli_attachment mtli_docx\" data-mtli=\"mtli_filesize13,36kB\" class=\"mtli_attachment mtli_docx\" data-mtli=\"mtli_filesize13,36kB\">Za\u0142\u0105cznik do IOS<\/a><\/li>\n<li><a href=\"https:\/\/us.edu.pl\/wydzial\/wpia\/wp-content\/uploads\/sites\/19\/Formularze-i-druki\/wniosek_o_wydanie_zaswiadczenia_o_odbyciu_studiow.docx\" class=\"mtli_attachment mtli_docx\" data-mtli=\"mtli_filesize19,68kB\" class=\"mtli_attachment mtli_docx\" data-mtli=\"mtli_filesize19,68kB\">Wniosek_o_wydanie_za\u015bwiadczenia_o_odbyciu_studi\u00f3w<\/a><\/li>\n<li><a href=\"https:\/\/us.edu.pl\/wydzial\/wpia\/wp-content\/uploads\/sites\/19\/2024\/10\/Wniosek-o-wydanie-duplikatu.doc\" class=\"mtli_attachment mtli_doc\" data-mtli=\"mtli_filesize41,00kB\" class=\"mtli_attachment mtli_doc\" data-mtli=\"mtli_filesize41,00kB\">Wniosek o wydanie duplikatu<\/a><\/li>\n<\/ul>\n<p>\n<style type=\"text\/css\">a[data-mtli~=\"mtli_filesize20,29kB\"]:after {content:\" (20,29 kB)\"}a[data-mtli~=\"mtli_filesize41,00kB\"]:after {content:\" (41,00 kB)\"}a[data-mtli~=\"mtli_filesize446,44kB\"]:after {content:\" (446,44 kB)\"}a[data-mtli~=\"mtli_filesize31,50kB\"]:after {content:\" (31,50 kB)\"}a[data-mtli~=\"mtli_filesize57,50kB\"]:after {content:\" (57,50 kB)\"}a[data-mtli~=\"mtli_filesize34,00kB\"]:after {content:\" (34,00 kB)\"}a[data-mtli~=\"mtli_filesize248,39kB\"]:after {content:\" (248,39 kB)\"}a[data-mtli~=\"mtli_filesize13,36kB\"]:after {content:\" (13,36 kB)\"}a[data-mtli~=\"mtli_filesize19,68kB\"]:after {content:\" (19,68 kB)\"}<\/style><\/div>\r\n                    <\/div>\r\n                <\/div>[\/vc_column][\/vc_row][vc_row disable_element=&#8221;yes&#8221;][vc_column]\r\n                <div class=\"text-modules\">\r\n                    <div class=\"container\">\r\n                        <h3 class=\"page-title text__title\">Formularze i druki: studia jednolite magisterskie oraz I i II stopnia<\/h3>\r\n                        <div class=\"text-modules__content\"><p>Podania\/wnioski w indywidualnych sprawach studenckich<\/p>\n<p>Podania\/wnioski w indywidualnych sprawach student\u00f3w nale\u017cy kierowa\u0107 na adres e-mail pracownik\u00f3w w\u0142a\u015bciwego dziekanatu.<br \/>\nWnioski\/podania wysy\u0142ane bezpo\u015brednio na skrzynki mailowe dziekan\u00f3w\/dyrektor\u00f3w\/pe\u0142nomocnik\u00f3w dziekana, z pomini\u0119ciem dziekanatu, pozostan\u0105 bez odpowiedzi.<\/p>\n<p>*Warunkiem rozpoznania sprawy jest mo\u017cliwo\u015b\u0107 zapoznania si\u0119 z teczk\u0105 studenta, a to mo\u017ce przygotowa\u0107 tylko dziekanat.<\/p>\n<\/div>\r\n                    <\/div>\r\n                <\/div>[\/vc_column][\/vc_row][vc_row disable_element=&#8221;yes&#8221;][vc_column]\r\n                <div class=\"text-modules\">\r\n                    <div class=\"container\">\r\n                        \r\n                        <div class=\"text-modules__content\"><p><a href=\"https:\/\/us.edu.pl\/wydzial\/wpia\/wp-content\/uploads\/sites\/19\/Formularze-i-druki\/Studia-I-i-II-stopnia\/Egzamin-komisyjny-1.doc\" class=\"mtli_attachment mtli_doc\" data-mtli=\"mtli_filesize34,50kB\" class=\"mtli_attachment mtli_doc\" data-mtli=\"mtli_filesize34,50kB\">Egzamin komisyjny<\/a><\/p>\n<p><a href=\"https:\/\/us.edu.pl\/wydzial\/wpia\/wp-content\/uploads\/sites\/19\/Formularze-i-druki\/Studia-I-i-II-stopnia\/IOS.doc\" class=\"mtli_attachment mtli_doc\" data-mtli=\"mtli_filesize84,00kB\" class=\"mtli_attachment mtli_doc\" data-mtli=\"mtli_filesize84,00kB\">IOS<\/a><\/p>\n<p><a href=\"https:\/\/us.edu.pl\/wydzial\/wpia\/wp-content\/uploads\/sites\/19\/Formularze-i-druki\/Studia-I-i-II-stopnia\/karta-obiegowa.doc\" class=\"mtli_attachment mtli_doc\" data-mtli=\"mtli_filesize47,50kB\" class=\"mtli_attachment mtli_doc\" data-mtli=\"mtli_filesize47,50kB\">karta obiegowa<\/a><\/p>\n<p><a href=\"https:\/\/us.edu.pl\/wydzial\/wpia\/wp-content\/uploads\/sites\/19\/Formularze-i-druki\/Studia-I-i-II-stopnia\/Podanie-og\u00f3lne.doc\" class=\"mtli_attachment mtli_doc\" data-mtli=\"mtli_filesize31,50kB\" class=\"mtli_attachment mtli_doc\" data-mtli=\"mtli_filesize31,50kB\">Podanie og\u00f3lne<\/a><\/p>\n<p><a href=\"https:\/\/us.edu.pl\/wydzial\/wpia\/wp-content\/uploads\/sites\/19\/Formularze-i-druki\/Studia-I-i-II-stopnia\/Powtarzanie-semestru-3.doc\" class=\"mtli_attachment mtli_doc\" data-mtli=\"mtli_filesize38,00kB\" class=\"mtli_attachment mtli_doc\" data-mtli=\"mtli_filesize38,00kB\">Powtarzanie semestru<\/a><\/p>\n<p><a href=\"https:\/\/us.edu.pl\/wydzial\/wpia\/wp-content\/uploads\/sites\/19\/Formularze-i-druki\/Studia-I-i-II-stopnia\/Powtarzanie-modu\u0142u-1.doc\" class=\"mtli_attachment mtli_doc\" data-mtli=\"mtli_filesize37,00kB\" class=\"mtli_attachment mtli_doc\" data-mtli=\"mtli_filesize37,00kB\">Powtarzanie modu\u0142u<\/a><\/p>\n<p><a href=\"https:\/\/us.edu.pl\/wydzial\/wpia\/wp-content\/uploads\/sites\/19\/Formularze-i-druki\/Studia-I-i-II-stopnia\/PTE-przywr\u00f3cenie-terminu-egzaminu-2.doc\" class=\"mtli_attachment mtli_doc\" data-mtli=\"mtli_filesize32,00kB\" class=\"mtli_attachment mtli_doc\" data-mtli=\"mtli_filesize32,00kB\">PTE- przywr\u00f3cenie terminu egzaminu<\/a><\/p>\n<p><a href=\"https:\/\/us.edu.pl\/wydzial\/wpia\/wp-content\/uploads\/sites\/19\/Regulaminy\/Przed\u0142u\u017cenie-terminu-sk\u0142adania-pracy-dyplomowej.docx\" class=\"mtli_attachment mtli_docx\" data-mtli=\"mtli_filesize20,65kB\" class=\"mtli_attachment mtli_docx\" data-mtli=\"mtli_filesize20,65kB\">Przed\u0142u\u017cenie terminu sk\u0142adania pracy dyplomowej<\/a><\/p>\n<p><a href=\"https:\/\/us.edu.pl\/wydzial\/wpia\/wp-content\/uploads\/sites\/19\/Formularze-i-druki\/Studia-I-i-II-stopnia\/Reaktywacja-na-studia-2.doc\" class=\"mtli_attachment mtli_doc\" data-mtli=\"mtli_filesize27,00kB\" class=\"mtli_attachment mtli_doc\" data-mtli=\"mtli_filesize27,00kB\">Reaktywacja na studia<\/a><\/p>\n<p><a href=\"https:\/\/us.edu.pl\/wydzial\/wpia\/wp-content\/uploads\/sites\/19\/Formularze-i-druki\/Studia-I-i-II-stopnia\/Rezygnacja-ze-studi\u00f3w-studia-stacjonarne.doc\" class=\"mtli_attachment mtli_doc\" data-mtli=\"mtli_filesize29,50kB\" class=\"mtli_attachment mtli_doc\" data-mtli=\"mtli_filesize29,50kB\">Rezygnacja ze studi\u00f3w &#8211; studia stacjonarne\/studia niestacjonarne<\/a><\/p>\n<p><a href=\"https:\/\/us.edu.pl\/wydzial\/wpia\/wp-content\/uploads\/sites\/19\/Formularze-i-druki\/Studia-I-i-II-stopnia\/RODO-absolwenci.pdf\" class=\"mtli_attachment mtli_pdf\" data-mtli=\"mtli_filesize410,23kB\" class=\"mtli_attachment mtli_pdf\" data-mtli=\"mtli_filesize410,23kB\">RODO absolwenci<\/a><\/p>\n<p><a href=\"https:\/\/us.edu.pl\/wydzial\/wpia\/wp-content\/uploads\/sites\/19\/Formularze-i-druki\/Studia-I-i-II-stopnia\/RODO-studenci.pdf\" class=\"mtli_attachment mtli_pdf\" data-mtli=\"mtli_filesize422,19kB\" class=\"mtli_attachment mtli_pdf\" data-mtli=\"mtli_filesize422,19kB\">RODO studenci<\/a><\/p>\n<p><a href=\"https:\/\/us.edu.pl\/wydzial\/wpia\/wp-content\/uploads\/sites\/19\/Formularze-i-druki\/Studia-I-i-II-stopnia\/RTP-rejestracja-tematu-pracy.docx\" class=\"mtli_attachment mtli_docx\" data-mtli=\"mtli_filesize19,40kB\" class=\"mtli_attachment mtli_docx\" data-mtli=\"mtli_filesize19,40kB\">RTP- rejestracja tematu pracy<\/a><\/p>\n<p><a href=\"https:\/\/us.edu.pl\/wydzial\/wpia\/wp-content\/uploads\/sites\/19\/Formularze-i-druki\/Studia-I-i-II-stopnia\/Upowaznienie-do-odbioru-dyplomu-ukonczenia-studiow-wraz-z-odpisami-i-suplementem-oraz-innych-dokumentow.doc\" class=\"mtli_attachment mtli_doc\" data-mtli=\"mtli_filesize29,50kB\" class=\"mtli_attachment mtli_doc\" data-mtli=\"mtli_filesize29,50kB\">Upowa\u017cnienie do odbioru dyplomu uko\u0144czenia studi\u00f3w wraz z odpisami i suplementem oraz innych dokument\u00f3w<\/a><\/p>\n<p><a href=\"https:\/\/us.edu.pl\/wydzial\/wpia\/wp-content\/uploads\/sites\/19\/Formularze-i-druki\/Studia-I-i-II-stopnia\/Urlop-dzieka\u0144ski-1.doc\" class=\"mtli_attachment mtli_doc\" data-mtli=\"mtli_filesize28,00kB\" class=\"mtli_attachment mtli_doc\" data-mtli=\"mtli_filesize28,00kB\">Urlop dzieka\u0144ski<\/a><\/p>\n<p><a href=\"https:\/\/us.edu.pl\/wydzial\/wpia\/wp-content\/uploads\/sites\/19\/Formularze-i-druki\/Studia-I-i-II-stopnia\/Urlop-zdrowotny.pdf\" class=\"mtli_attachment mtli_pdf\" data-mtli=\"mtli_filesize446,44kB\" class=\"mtli_attachment mtli_pdf\" data-mtli=\"mtli_filesize446,44kB\">Urlop zdrowotny<\/a><\/p>\n<p><a href=\"https:\/\/us.edu.pl\/wydzial\/wpia\/wp-content\/uploads\/sites\/19\/Formularze-i-druki\/WNIOSEK-o-wdanie-kompletu-dokumentow.docx\" class=\"mtli_attachment mtli_docx\" data-mtli=\"mtli_filesize16,16kB\" class=\"mtli_attachment mtli_docx\" data-mtli=\"mtli_filesize16,16kB\">Wniosek o wydanie odpis\u00f3w dokument\u00f3w po\u015bwiadczaj\u0105cych uko\u0144czenie studi\u00f3w dla absolwent\u00f3w, kt\u00f3rzy rozpocz\u0119li lub wznowili studia od roku akademickiego 2019\/2020 (dotyczy st. II stopnia)<\/a><\/p>\n<p><a href=\"https:\/\/us.edu.pl\/wydzial\/wpia\/wp-content\/uploads\/sites\/19\/Formularze-i-druki\/Studia-I-i-II-stopnia\/Zgoda-na-uznanie-ocen-zdobytych-na-innej-uczelni.doc\" class=\"mtli_attachment mtli_doc\" data-mtli=\"mtli_filesize57,50kB\" class=\"mtli_attachment mtli_doc\" data-mtli=\"mtli_filesize57,50kB\">Zgoda na uznanie ocen zdobytych na innej uczelni<\/a><\/p>\n<p><a href=\"https:\/\/us.edu.pl\/wydzial\/wpia\/wp-content\/uploads\/sites\/19\/Formularze-i-druki\/Studia-I-i-II-stopnia\/Zmiana-danych-osobowych2.doc\" class=\"mtli_attachment mtli_doc\" data-mtli=\"mtli_filesize33,50kB\" class=\"mtli_attachment mtli_doc\" data-mtli=\"mtli_filesize33,50kB\">Zmiana danych osobowych<\/a><\/p>\n<p><a href=\"https:\/\/us.edu.pl\/wydzial\/wpia\/wp-content\/uploads\/sites\/19\/Formularze-i-druki\/Studia-I-i-II-stopnia\/Zmiana-grupy-\u0107wiczeniowej.doc\" class=\"mtli_attachment mtli_doc\" data-mtli=\"mtli_filesize31,00kB\" class=\"mtli_attachment mtli_doc\" data-mtli=\"mtli_filesize31,00kB\">Zmiana grupy \u0107wiczeniowej<\/a><\/p>\n<p><a href=\"https:\/\/us.edu.pl\/wydzial\/wpia\/wp-content\/uploads\/sites\/19\/Formularze-i-druki\/Studia-I-i-II-stopnia\/Zrzeczenie-si\u0119-prawa-do-odwo\u0142ania.doc\" class=\"mtli_attachment mtli_doc\" data-mtli=\"mtli_filesize24,00kB\" class=\"mtli_attachment mtli_doc\" data-mtli=\"mtli_filesize24,00kB\">Zrzeczenie si\u0119 prawa do odwo\u0142ania<\/a><\/p>\n<style type=\"text\/css\">a[data-mtli~=\"mtli_filesize34,50kB\"]:after {content:\" (34,50 kB)\"}a[data-mtli~=\"mtli_filesize84,00kB\"]:after {content:\" (84,00 kB)\"}a[data-mtli~=\"mtli_filesize47,50kB\"]:after {content:\" (47,50 kB)\"}a[data-mtli~=\"mtli_filesize31,50kB\"]:after {content:\" (31,50 kB)\"}a[data-mtli~=\"mtli_filesize38,00kB\"]:after {content:\" (38,00 kB)\"}a[data-mtli~=\"mtli_filesize37,00kB\"]:after {content:\" (37,00 kB)\"}a[data-mtli~=\"mtli_filesize32,00kB\"]:after {content:\" (32,00 kB)\"}a[data-mtli~=\"mtli_filesize20,65kB\"]:after {content:\" (20,65 kB)\"}a[data-mtli~=\"mtli_filesize27,00kB\"]:after {content:\" (27,00 kB)\"}a[data-mtli~=\"mtli_filesize29,50kB\"]:after {content:\" (29,50 kB)\"}a[data-mtli~=\"mtli_filesize410,23kB\"]:after {content:\" (410,23 kB)\"}a[data-mtli~=\"mtli_filesize422,19kB\"]:after {content:\" (422,19 kB)\"}a[data-mtli~=\"mtli_filesize19,40kB\"]:after {content:\" (19,40 kB)\"}a[data-mtli~=\"mtli_filesize28,00kB\"]:after {content:\" (28,00 kB)\"}a[data-mtli~=\"mtli_filesize446,44kB\"]:after {content:\" (446,44 kB)\"}a[data-mtli~=\"mtli_filesize16,16kB\"]:after {content:\" (16,16 kB)\"}a[data-mtli~=\"mtli_filesize57,50kB\"]:after {content:\" (57,50 kB)\"}a[data-mtli~=\"mtli_filesize33,50kB\"]:after {content:\" (33,50 kB)\"}a[data-mtli~=\"mtli_filesize31,00kB\"]:after {content:\" (31,00 kB)\"}a[data-mtli~=\"mtli_filesize24,00kB\"]:after {content:\" (24,00 kB)\"}<\/style><\/div>\r\n                    <\/div>\r\n                <\/div>[\/vc_column][\/vc_row][vc_row][vc_column][vc_column_text][\/vc_column_text][\/vc_column][\/vc_row]<\/p>\n<style type=\"text\/css\">a[data-mtli~=\"mtli_filesize20,29kB\"]:after {content:\" (20,29 kB)\"}a[data-mtli~=\"mtli_filesize41,00kB\"]:after {content:\" (41,00 kB)\"}a[data-mtli~=\"mtli_filesize446,44kB\"]:after {content:\" (446,44 kB)\"}a[data-mtli~=\"mtli_filesize31,50kB\"]:after {content:\" (31,50 kB)\"}a[data-mtli~=\"mtli_filesize57,50kB\"]:after {content:\" (57,50 kB)\"}a[data-mtli~=\"mtli_filesize34,00kB\"]:after {content:\" (34,00 kB)\"}a[data-mtli~=\"mtli_filesize248,39kB\"]:after {content:\" (248,39 kB)\"}a[data-mtli~=\"mtli_filesize13,36kB\"]:after {content:\" (13,36 kB)\"}a[data-mtli~=\"mtli_filesize19,68kB\"]:after {content:\" (19,68 kB)\"}a[data-mtli~=\"mtli_filesize34,50kB\"]:after {content:\" (34,50 kB)\"}a[data-mtli~=\"mtli_filesize84,00kB\"]:after {content:\" (84,00 kB)\"}a[data-mtli~=\"mtli_filesize47,50kB\"]:after {content:\" (47,50 kB)\"}a[data-mtli~=\"mtli_filesize38,00kB\"]:after {content:\" (38,00 kB)\"}a[data-mtli~=\"mtli_filesize37,00kB\"]:after {content:\" (37,00 kB)\"}a[data-mtli~=\"mtli_filesize32,00kB\"]:after {content:\" (32,00 kB)\"}a[data-mtli~=\"mtli_filesize20,65kB\"]:after {content:\" (20,65 kB)\"}a[data-mtli~=\"mtli_filesize27,00kB\"]:after {content:\" (27,00 kB)\"}a[data-mtli~=\"mtli_filesize29,50kB\"]:after {content:\" (29,50 kB)\"}a[data-mtli~=\"mtli_filesize410,23kB\"]:after {content:\" (410,23 kB)\"}a[data-mtli~=\"mtli_filesize422,19kB\"]:after {content:\" (422,19 kB)\"}a[data-mtli~=\"mtli_filesize19,40kB\"]:after {content:\" (19,40 kB)\"}a[data-mtli~=\"mtli_filesize28,00kB\"]:after {content:\" (28,00 kB)\"}a[data-mtli~=\"mtli_filesize16,16kB\"]:after {content:\" (16,16 kB)\"}a[data-mtli~=\"mtli_filesize33,50kB\"]:after {content:\" (33,50 kB)\"}a[data-mtli~=\"mtli_filesize31,00kB\"]:after {content:\" (31,00 kB)\"}a[data-mtli~=\"mtli_filesize24,00kB\"]:after {content:\" (24,00 kB)\"}<\/style>","protected":false},"excerpt":{"rendered":"<p>[vc_row][vc_column][\/vc_column][\/vc_row][vc_row disable_element=&#8221;yes&#8221;][vc_column][\/vc_column][\/vc_row][vc_row disable_element=&#8221;yes&#8221;][vc_column][\/vc_column][\/vc_row][vc_row][vc_column][vc_column_text][\/vc_column_text][\/vc_column][\/vc_row] [&#8230;]<\/p>\n<p><a class=\"btn btn-secondary understrap-read-more-link\" href=\"https:\/\/us.edu.pl\/wydzial\/wpia\/student\/formularze-i-druki\/formularze-i-druki-studia-i-i-ii-stopnia\/\">Read More&#8230;<\/a><\/p>\n","protected":false},"author":107,"featured_media":0,"parent":412,"menu_order":0,"comment_status":"closed","ping_status":"closed","template":"page-templates\/inner-page.php","meta":{"_expiration-date-status":"","_expiration-date":0,"_expiration-date-type":"","_expiration-date-categories":[],"_expiration-date-options":[]},"acf":[],"_links":{"self":[{"href":"https:\/\/us.edu.pl\/wydzial\/wpia\/wp-json\/wp\/v2\/pages\/1220"}],"collection":[{"href":"https:\/\/us.edu.pl\/wydzial\/wpia\/wp-json\/wp\/v2\/pages"}],"about":[{"href":"https:\/\/us.edu.pl\/wydzial\/wpia\/wp-json\/wp\/v2\/types\/page"}],"author":[{"embeddable":true,"href":"https:\/\/us.edu.pl\/wydzial\/wpia\/wp-json\/wp\/v2\/users\/107"}],"replies":[{"embeddable":true,"href":"https:\/\/us.edu.pl\/wydzial\/wpia\/wp-json\/wp\/v2\/comments?post=1220"}],"version-history":[{"count":10,"href":"https:\/\/us.edu.pl\/wydzial\/wpia\/wp-json\/wp\/v2\/pages\/1220\/revisions"}],"predecessor-version":[{"id":177604,"href":"https:\/\/us.edu.pl\/wydzial\/wpia\/wp-json\/wp\/v2\/pages\/1220\/revisions\/177604"}],"up":[{"embeddable":true,"href":"https:\/\/us.edu.pl\/wydzial\/wpia\/wp-json\/wp\/v2\/pages\/412"}],"wp:attachment":[{"href":"https:\/\/us.edu.pl\/wydzial\/wpia\/wp-json\/wp\/v2\/media?parent=1220"}],"curies":[{"name":"wp","href":"https:\/\/api.w.org\/{rel}","templated":true}]}}