{"id":156012,"date":"2022-06-09T12:20:44","date_gmt":"2022-06-09T10:20:44","guid":{"rendered":"https:\/\/us.edu.pl\/wydzial\/wpia\/?page_id=156012"},"modified":"2026-03-16T10:28:57","modified_gmt":"2026-03-16T09:28:57","slug":"administracja","status":"publish","type":"page","link":"https:\/\/us.edu.pl\/wydzial\/wpia\/kandydat\/kierunki-studiow\/administracja\/","title":{"rendered":"Administracja"},"content":{"rendered":"<p>[vc_row][vc_column][vc_empty_space]\r\n                <div class=\"text-modules\">\r\n                    <div class=\"container\">\r\n                        \r\n                        <div class=\"text-modules__content\"><\/p>\n<h2>Administracja<\/h2>\n<p>\n<\/div>\r\n                    <\/div>\r\n                <\/div>\r\n                <div class=\"text-modules reverse\">\r\n                    <div class=\"container\">\r\n                         \r\n                        <div class=\"row m-0\">\r\n                            <div class=\"text-modules__content\">\r\n                                Administracja to kierunek, kt\u00f3rego uko\u0144czenie daje wysokie szanse na zatrudnienie. Nasi absolwenci znajduj\u0105 prac\u0119 na r\u00f3\u017cnych szczeblach w jednostkach administracji publicznej oraz w firmach, korporacjach i organizacjach non-profit. Kszta\u0142cimy przysz\u0142ych urz\u0119dnik\u00f3w, funkcjonariuszy s\u0142u\u017cby publicznej, menad\u017cer\u00f3w kultury, a tak\u017ce kadr\u0119 zarz\u0105dzaj\u0105c\u0105 przedsi\u0119biorstw oraz instytucji krajowych i mi\u0119dzynarodowych.<\/p>\n<p>G\u0142\u00f3wny trzon programu studi\u00f3w, stanowi\u0105 przedmioty z zakresu prawa administracyjnego, nauki administracji oraz prawa konstytucyjnego. Istotna cz\u0119\u015b\u0107 zaj\u0119\u0107 po\u015bwi\u0119cona jest tak\u017ce zagadnieniom prawa cywilnego i gospodarczego, jak r\u00f3wnie\u017c wybranym zagadnieniom z pozosta\u0142ych dziedzin prawa, mog\u0105cych mie\u0107 znaczenie przy wykonywaniu zawodu administratywisty.<\/p>\n<p>Studia umo\u017cliwiaj\u0105 nie tylko pozyskanie wiedzy z zakresu prawa, ale tak\u017ce etyki oraz ekonomii i socjologii. Uzupe\u0142nieniem programu s\u0105 obowi\u0105zkowe praktyki zawodowe, kt\u00f3re umo\u017cliwiaj\u0105 weryfikacj\u0119 i poszerzenie zdobytej wiedzy teoretycznej. \r\n                                <div class=\"mt-3\"><\/div>\r\n                            <\/div>\r\n                            \r\n                            <div class=\"text-modules__img\"><img src=\"https:\/\/us.edu.pl\/wydzial\/wpia\/wp-content\/uploads\/sites\/19\/Strona-glowna\/logo\/administracja-500x333.jpg\" alt=\"img\"><\/div>\r\n                        <\/div>\r\n                    <\/div>\r\n                <\/div>[\/vc_column][\/vc_row][vc_row css=&#8221;.vc_custom_1652684520526{padding-right: 20px !important;padding-left: 20px !important;background-color: #f2f2f2 !important;}&#8221;][vc_column css=&#8221;.vc_custom_1652684540318{padding-right: 0px !important;padding-left: 0px !important;}&#8221;]\r\n                <div class=\"text-modules\">\r\n                    <div class=\"container\">\r\n                        \r\n                        <div class=\"text-modules__content\"><\/p>\n<h3 class=\"western\">Zapisz si\u0119 na studia<\/h3>\n<p align=\"left\"><span style=\"color: #339966;\"><strong>(rekrutacja rozpoczyna si\u0119 1 czerwca)<\/strong><\/span><\/p>\n<p>\n<\/div>\r\n                    <\/div>\r\n                <\/div>[vc_btn title=&#8221;Internetowa rejestracja dla kandydat\u00f3w&#8221; style=&#8221;outline-custom&#8221; outline_custom_color=&#8221;#002e5a&#8221; outline_custom_hover_background=&#8221;#002e5a&#8221; outline_custom_hover_text=&#8221;#ffffff&#8221; shape=&#8221;square&#8221; size=&#8221;lg&#8221; el_class=&#8221;link&#8221; link=&#8221;url:https%3A%2F%2Firk.us.edu.pl%2Fpl%2Foffer%2FSW-2025-Z%2Ffield%2FAD%2F&#8221;][\/vc_column][\/vc_row][vc_row disable_element=&#8221;yes&#8221; css=&#8221;.vc_custom_1652684454894{background-color: #f2f2f2 !important;}&#8221;][vc_column]\r\n                <div class='sidebar_moduls sidebar_one_header' style='color:#002E5A;background-color: #EBEBEB'>\r\n                    <a href='https:\/\/us.edu.pl' class='link'>przejdE: do internetowej rejestracji dla kandydatC3w<\/a>\r\n                <\/div>\r\n                <div class='sidebar_moduls sidebar_button' style=\"background-color: #EBEBEB; color: #002E5A\">\r\n                    <h3>Zapisz siD na studia<\/h3>\r\n                    <div class='link-button-wrap'><a style=\"background-color: #002E5A!important; color: #FFFFFF!important\" href='https:\/\/irk.us.edu.pl' class='link-button'>przejdE: do internetowej rejestracji dla kandydatC3w<\/a><\/div>\r\n                <\/div>[\/vc_column][\/vc_row][vc_row][vc_column]\r\n\t\t\t\t\t<div class='container'>\r\n\t\t\t\t\t\t<div class='sidebar_moduls sidebar_dropdown zakladki' style='background-color: '>\r\n\t\t\t\t\t\t\t<h3 class='page-title'><\/h3>\r\n\t\t\t\t\t\t\t<p class='zakladki__desc'><\/p>\r\n\r\n\t\t\t\t\t\t\t<div class='bookmarks'><\/div>\r\n\t\t\t\t\t\t<\/div>\r\n\t\t\t\t\t <\/div>[\/vc_column][\/vc_row]<\/p>","protected":false},"excerpt":{"rendered":"<p>[vc_row][vc_column][vc_empty_space][\/vc_column][\/vc_row][vc_row css=&#8221;.vc_custom_1652684520526{padding-right: 20px !important;padding-left: 20px !important;background-color: #f2f2f2 !important;}&#8221;][vc_column css=&#8221;.vc_custom_1652684540318{padding-right: 0px !important;padding-left: 0px !important;}&#8221;][vc_btn title=&#8221;Internetowa rejestracja dla kandydat\u00f3w&#8221; style=&#8221;outline-custom&#8221; outline_custom_color=&#8221;#002e5a&#8221; outline_custom_hover_background=&#8221;#002e5a&#8221; outline_custom_hover_text=&#8221;#ffffff&#8221; shape=&#8221;square&#8221; size=&#8221;lg&#8221; el_class=&#8221;link&#8221; link=&#8221;url:https%3A%2F%2Firk.us.edu.pl%2Fpl%2Foffer%2FSW-2025-Z%2Ffield%2FAD%2F&#8221;][\/vc_column][\/vc_row][vc_row disable_element=&#8221;yes&#8221; css=&#8221;.vc_custom_1652684454894{background-color: #f2f2f2 !important;}&#8221;][vc_column][\/vc_column][\/vc_row][vc_row][vc_column][\/vc_column][\/vc_row] [&#8230;]<\/p>\n<p><a class=\"btn btn-secondary understrap-read-more-link\" href=\"https:\/\/us.edu.pl\/wydzial\/wpia\/kandydat\/kierunki-studiow\/administracja\/\">Read More&#8230;<\/a><\/p>\n","protected":false},"author":107,"featured_media":0,"parent":156046,"menu_order":0,"comment_status":"closed","ping_status":"closed","template":"page-templates\/page-with-sidebar-and-bookmarks.php","meta":{"_expiration-date-status":"","_expiration-date":0,"_expiration-date-type":"","_expiration-date-categories":[],"_expiration-date-options":[]},"acf":[],"_links":{"self":[{"href":"https:\/\/us.edu.pl\/wydzial\/wpia\/wp-json\/wp\/v2\/pages\/156012"}],"collection":[{"href":"https:\/\/us.edu.pl\/wydzial\/wpia\/wp-json\/wp\/v2\/pages"}],"about":[{"href":"https:\/\/us.edu.pl\/wydzial\/wpia\/wp-json\/wp\/v2\/types\/page"}],"author":[{"embeddable":true,"href":"https:\/\/us.edu.pl\/wydzial\/wpia\/wp-json\/wp\/v2\/users\/107"}],"replies":[{"embeddable":true,"href":"https:\/\/us.edu.pl\/wydzial\/wpia\/wp-json\/wp\/v2\/comments?post=156012"}],"version-history":[{"count":11,"href":"https:\/\/us.edu.pl\/wydzial\/wpia\/wp-json\/wp\/v2\/pages\/156012\/revisions"}],"predecessor-version":[{"id":196932,"href":"https:\/\/us.edu.pl\/wydzial\/wpia\/wp-json\/wp\/v2\/pages\/156012\/revisions\/196932"}],"up":[{"embeddable":true,"href":"https:\/\/us.edu.pl\/wydzial\/wpia\/wp-json\/wp\/v2\/pages\/156046"}],"wp:attachment":[{"href":"https:\/\/us.edu.pl\/wydzial\/wpia\/wp-json\/wp\/v2\/media?parent=156012"}],"curies":[{"name":"wp","href":"https:\/\/api.w.org\/{rel}","templated":true}]}}