{"id":156057,"date":"2022-06-09T13:12:30","date_gmt":"2022-06-09T11:12:30","guid":{"rendered":"https:\/\/us.edu.pl\/wydzial\/wpia\/?page_id=156057"},"modified":"2026-03-16T10:29:50","modified_gmt":"2026-03-16T09:29:50","slug":"administrowanie-srodowiskiem","status":"publish","type":"page","link":"https:\/\/us.edu.pl\/wydzial\/wpia\/kandydat\/kierunki-studiow\/administrowanie-srodowiskiem\/","title":{"rendered":"Administrowanie \u015brodowiskiem"},"content":{"rendered":"<p>[vc_row][vc_column]\r\n                <div class=\"text-modules\">\r\n                    <div class=\"container\">\r\n                        \r\n                        <div class=\"text-modules__content\"><\/p>\n<h2>Administrowanie \u015brodowiskiem<\/h2>\n<p>\n<\/div>\r\n                    <\/div>\r\n                <\/div>\r\n                <div class=\"text-modules reverse\">\r\n                    <div class=\"container\">\r\n                         \r\n                        <div class=\"row m-0\">\r\n                            <div class=\"text-modules__content\">\r\n                                Administrowanie \u015brodowiskiem to kierunek o charakterze interdyscyplinarnym, \u0142\u0105cz\u0105cy kszta\u0142cenie w zakresie dw\u00f3ch obszar\u00f3w nauki \u2013 nauk spo\u0142ecznych i przyrodniczych.<\/p>\n<p>Jest on odpowiedzi\u0105 na rosn\u0105ce problemy \u015brodowiskowe we wsp\u00f3\u0142czesnym \u015bwiecie. Celem kszta\u0142cenia jest przygotowanie wysoko wykwalifikowanych specjalist\u00f3w z zakresu prawa ochrony \u015brodowiska wyposa\u017conych w kompetencje, umo\u017cliwiaj\u0105ce im efektywne dzia\u0142anie poprzez wyszukiwanie rozwi\u0105za\u0144 administracyjnych i prawnych zabezpieczaj\u0105cych interesy pracodawcy, zgodnych jednocze\u015bnie z zasadami zr\u00f3wnowa\u017conego rozwoju.<\/p>\n<p>Tre\u015bci merytoryczne programu studi\u00f3w na kierunku Administrowanie \u015brodowiskiem obejmuj\u0105 3 bloki modu\u0142\u00f3w:<\/p>\n<p>Pierwszy blok, czyli modu\u0142y obowi\u0105zkowe, pozwala zapozna\u0107 si\u0119 z prawnymi podstawami funkcjonowania administracji, jako struktury bezpo\u015brednio zobowi\u0105zanej do stosowania instrument\u00f3w ochrony \u015brodowiska.<\/p>\n<p>Drugi blok to modu\u0142y przybli\u017caj\u0105ce narz\u0119dzia, kt\u00f3re wspieraj\u0105 realizacj\u0119 cel\u00f3w \u015brodowiskowych w przedsi\u0119biorstwach. Studenci maj\u0105 mo\u017cliwo\u015b\u0107 poszerzenia wiedzy m.in. z zakresu prawnych i \u015brodowiskowych aspekt\u00f3w energetyki, czy zasad gospodarowania na obszarach chronionych.<\/p>\n<p>W ramach trzeciego bloku studenci poznaj\u0105 systemy zarz\u0105dzania \u015brodowiskowego oraz zasady sprawozdawczo\u015bci \u015brodowiskowej, nabywaj\u0105 umiej\u0119tno\u015b\u0107 dokonywania oceny odzia\u0142ywania przedsi\u0119wzi\u0119cia na \u015brodowisko.<\/p>\n<p>Istot\u0105 studi\u00f3w na kierunku Administrowanie \u015brodowiskiem jest wsp\u00f3\u0142praca z gospodarczym otoczeniem uczelni. Od samego pocz\u0105tku ten kierunek studi\u00f3w by\u0142 opracowywany w \u015bcis\u0142ej korelacji z podmiotami rynku pracy, zar\u00f3wno administracji publicznej, jak i przedsi\u0119biorc\u00f3w. \r\n                                <div class=\"mt-3\"><\/div>\r\n                            <\/div>\r\n                            \r\n                            <div class=\"text-modules__img\"><img src=\"https:\/\/us.edu.pl\/wydzial\/wpia\/wp-content\/uploads\/sites\/19\/Strona-glowna\/logo\/administrowanie_srodowiskiem-500x333.jpg\" alt=\"img\"><\/div>\r\n                        <\/div>\r\n                    <\/div>\r\n                <\/div>[vc_empty_space][\/vc_column][\/vc_row][vc_row css=&#8221;.vc_custom_1652684520526{padding-right: 20px !important;padding-left: 20px !important;background-color: #f2f2f2 !important;}&#8221;][vc_column css=&#8221;.vc_custom_1652684540318{padding-right: 0px !important;padding-left: 0px !important;}&#8221;]\r\n                <div class=\"text-modules\">\r\n                    <div class=\"container\">\r\n                        \r\n                        <div class=\"text-modules__content\"><\/p>\n<h3 class=\"western\">Zapisz si\u0119 na studia<\/h3>\n<p align=\"left\"><span style=\"color: #339966;\"><strong>(rekrutacja rozpoczyna si\u0119 1 czerwca)<\/strong><\/span><\/p>\n<p>\n<\/div>\r\n                    <\/div>\r\n                <\/div>[vc_btn title=&#8221;Internetowa rejestracja dla kandydat\u00f3w&#8221; style=&#8221;outline-custom&#8221; outline_custom_color=&#8221;#002e5a&#8221; outline_custom_hover_background=&#8221;#002e5a&#8221; outline_custom_hover_text=&#8221;#ffffff&#8221; shape=&#8221;square&#8221; size=&#8221;lg&#8221; el_class=&#8221;link&#8221; link=&#8221;url:https%3A%2F%2Firk.us.edu.pl%2Fpl%2Foffer%2FSW-2025-Z%2Fprogramme%2FW5-S2AS20%2F%3Ffrom%3Dfield%3AAS&#8221;][\/vc_column][\/vc_row][vc_row disable_element=&#8221;yes&#8221; css=&#8221;.vc_custom_1652684454894{background-color: #f2f2f2 !important;}&#8221;][vc_column]\r\n                <div class='sidebar_moduls sidebar_one_header' style='color:#002E5A;background-color: #EBEBEB'>\r\n                    <a href='https:\/\/us.edu.pl' class='link'>przejd\u017a: do internetowej rejestracji dla kandydat\u00f3w<\/a>\r\n                <\/div>\r\n                <div class='sidebar_moduls sidebar_button' style=\"background-color: #EBEBEB; color: #002E5A\">\r\n                    <h3>Zapisz si\u0119 na studia<\/h3>\r\n                    <div class='link-button-wrap'><a style=\"background-color: #002E5A!important; color: #FFFFFF!important\" href='https:\/\/irk.us.edu.pl' class='link-button'>przejd\u017a: do internetowej rejestracji dla kandydat\u00f3w<\/a><\/div>\r\n                <\/div>[\/vc_column][\/vc_row]<\/p>","protected":false},"excerpt":{"rendered":"<p>[vc_row][vc_column][vc_empty_space][\/vc_column][\/vc_row][vc_row css=&#8221;.vc_custom_1652684520526{padding-right: 20px !important;padding-left: 20px !important;background-color: #f2f2f2 !important;}&#8221;][vc_column css=&#8221;.vc_custom_1652684540318{padding-right: 0px !important;padding-left: 0px !important;}&#8221;][vc_btn title=&#8221;Internetowa rejestracja dla kandydat\u00f3w&#8221; style=&#8221;outline-custom&#8221; outline_custom_color=&#8221;#002e5a&#8221; outline_custom_hover_background=&#8221;#002e5a&#8221; outline_custom_hover_text=&#8221;#ffffff&#8221; shape=&#8221;square&#8221; size=&#8221;lg&#8221; el_class=&#8221;link&#8221; link=&#8221;url:https%3A%2F%2Firk.us.edu.pl%2Fpl%2Foffer%2FSW-2025-Z%2Fprogramme%2FW5-S2AS20%2F%3Ffrom%3Dfield%3AAS&#8221;][\/vc_column][\/vc_row][vc_row disable_element=&#8221;yes&#8221; css=&#8221;.vc_custom_1652684454894{background-color: #f2f2f2 !important;}&#8221;][vc_column][\/vc_column][\/vc_row] [&#8230;]<\/p>\n<p><a class=\"btn btn-secondary understrap-read-more-link\" href=\"https:\/\/us.edu.pl\/wydzial\/wpia\/kandydat\/kierunki-studiow\/administrowanie-srodowiskiem\/\">Read More&#8230;<\/a><\/p>\n","protected":false},"author":107,"featured_media":0,"parent":156046,"menu_order":0,"comment_status":"closed","ping_status":"closed","template":"page-templates\/page-with-sidebar-and-bookmarks.php","meta":{"_expiration-date-status":"","_expiration-date":0,"_expiration-date-type":"","_expiration-date-categories":[],"_expiration-date-options":[]},"acf":[],"_links":{"self":[{"href":"https:\/\/us.edu.pl\/wydzial\/wpia\/wp-json\/wp\/v2\/pages\/156057"}],"collection":[{"href":"https:\/\/us.edu.pl\/wydzial\/wpia\/wp-json\/wp\/v2\/pages"}],"about":[{"href":"https:\/\/us.edu.pl\/wydzial\/wpia\/wp-json\/wp\/v2\/types\/page"}],"author":[{"embeddable":true,"href":"https:\/\/us.edu.pl\/wydzial\/wpia\/wp-json\/wp\/v2\/users\/107"}],"replies":[{"embeddable":true,"href":"https:\/\/us.edu.pl\/wydzial\/wpia\/wp-json\/wp\/v2\/comments?post=156057"}],"version-history":[{"count":11,"href":"https:\/\/us.edu.pl\/wydzial\/wpia\/wp-json\/wp\/v2\/pages\/156057\/revisions"}],"predecessor-version":[{"id":196935,"href":"https:\/\/us.edu.pl\/wydzial\/wpia\/wp-json\/wp\/v2\/pages\/156057\/revisions\/196935"}],"up":[{"embeddable":true,"href":"https:\/\/us.edu.pl\/wydzial\/wpia\/wp-json\/wp\/v2\/pages\/156046"}],"wp:attachment":[{"href":"https:\/\/us.edu.pl\/wydzial\/wpia\/wp-json\/wp\/v2\/media?parent=156057"}],"curies":[{"name":"wp","href":"https:\/\/api.w.org\/{rel}","templated":true}]}}