{"id":156109,"date":"2022-06-09T14:12:17","date_gmt":"2022-06-09T12:12:17","guid":{"rendered":"https:\/\/us.edu.pl\/wydzial\/wpia\/?page_id=156109"},"modified":"2026-03-16T10:35:13","modified_gmt":"2026-03-16T09:35:13","slug":"przedsiebiorczosc","status":"publish","type":"page","link":"https:\/\/us.edu.pl\/wydzial\/wpia\/kandydat\/kierunki-studiow\/przedsiebiorczosc\/","title":{"rendered":"Przedsi\u0119biorczo\u015b\u0107"},"content":{"rendered":"<p>[vc_row][vc_column]\r\n                <div class=\"text-modules\">\r\n                    <div class=\"container\">\r\n                        \r\n                        <div class=\"text-modules__content\"><\/p>\n<h2>Przedsi\u0119biorczo\u015b\u0107<\/h2>\n<p>\n<\/div>\r\n                    <\/div>\r\n                <\/div>\r\n                <div class=\"text-modules reverse\">\r\n                    <div class=\"container\">\r\n                         \r\n                        <div class=\"row m-0\">\r\n                            <div class=\"text-modules__content\">\r\n                                <\/p>\n<p align=\"justify\">Studia na kierunku przedsi\u0119biorczo\u015b\u0107 s\u0105 studiami o profilu praktycznym. To nowoczesna, bo zmodyfikowana w 2024 roku, interdyscyplinarna formu\u0142a, kt\u00f3ra \u0142\u0105czy w sobie niezb\u0119dne podstawy wiedzy prawniczej, ekonomicznej oraz nauk o zarz\u0105dzaniu. W ramach programu studi\u00f3w uwzgl\u0119dniono r\u00f3wnie\u017c rozw\u00f3j umiej\u0119tno\u015bci cyfrowych, krytycznego my\u015blenia oraz kompetencji mi\u0119kkich, bez kt\u00f3rych niemo\u017cliwe wydaje si\u0119 by\u0107 osob\u0105 przedsi\u0119biorcz\u0105.<\/p>\n<p align=\"justify\">Celem studi\u00f3w jest przygotowanie absolwenta do prowadzenia w\u0142asnej dzia\u0142alno\u015bci gospodarczej lub podj\u0119cia pracy na stanowisku zwi\u0105zanym z zarz\u0105dzaniem i organizacj\u0105 przedsi\u0119biorstwa. Profil studi\u00f3w ma da\u0107 gwarancj\u0119, \u017ce ka\u017cdy aspekt podejmowania i prowadzenia dzia\u0142alno\u015bci gospodarczej oraz znajomo\u015bci struktury przedsi\u0119biorstwa b\u0119dzie uwzgl\u0119dnia\u0107 zar\u00f3wno prawny, jak i ekonomiczny kontekst jednocze\u015bnie b\u0119d\u0105c w jak najwy\u017cszym stopniu osadzonym w praktyce.<\/p>\n<p align=\"justify\">O\u015b programu studi\u00f3w stanowi cykl \u017cycia przedsi\u0119biorstwa, pocz\u0105wszy od jego utworzenia i rozpocz\u0119cia prowadzenia dzia\u0142alno\u015bci gospodarczej, poprzez funkcjonowanie przedsi\u0119biorc\u00f3w w obrocie i odpowiedzialno\u015b\u0107 przedsi\u0119biorcy, po &#8211; ostatecznie &#8211; likwidacj\u0119 i zako\u0144czenie prowadzonej dzia\u0142alno\u015bci gospodarczej.<\/p>\n<div class=\"mt-3\"><\/div>\r\n                            <\/div>\r\n                            \r\n                            <div class=\"text-modules__img\"><img src=\"https:\/\/us.edu.pl\/wydzial\/wpia\/wp-content\/uploads\/sites\/19\/Strona-glowna\/logo\/przedsiebiorczosc-500x333.jpg\" alt=\"img\"><\/div>\r\n                        <\/div>\r\n                    <\/div>\r\n                <\/div>[vc_empty_space][\/vc_column][\/vc_row][vc_row css=&#8221;.vc_custom_1652684520526{padding-right: 20px !important;padding-left: 20px !important;background-color: #f2f2f2 !important;}&#8221;][vc_column css=&#8221;.vc_custom_1652684540318{padding-right: 0px !important;padding-left: 0px !important;}&#8221;]\r\n                <div class=\"text-modules\">\r\n                    <div class=\"container\">\r\n                        \r\n                        <div class=\"text-modules__content\"><\/p>\n<h3 class=\"western\">Zapisz si\u0119 na studia<\/h3>\n<p align=\"left\"><span style=\"color: #339966;\"><strong>(rekrutacja rozpoczyna si\u0119 1 czerwca)<\/strong><\/span><\/p>\n<p>\n<\/div>\r\n                    <\/div>\r\n                <\/div>[vc_btn title=&#8221;Internetowa rejestracja dla kandydat\u00f3w&#8221; style=&#8221;outline-custom&#8221; outline_custom_color=&#8221;#002e5a&#8221; outline_custom_hover_background=&#8221;#002e5a&#8221; outline_custom_hover_text=&#8221;#ffffff&#8221; shape=&#8221;square&#8221; size=&#8221;lg&#8221; el_class=&#8221;link&#8221; link=&#8221;url:https%3A%2F%2Firk.us.edu.pl%2Fpl%2Foffer%2FSW-2025-Z%2Fprogramme%2FW5-S1PB19%2F%3Ffrom%3Dfield%3APB&#8221;][\/vc_column][\/vc_row][vc_row disable_element=&#8221;yes&#8221; css=&#8221;.vc_custom_1652684454894{background-color: #f2f2f2 !important;}&#8221;][vc_column]\r\n                <div class='sidebar_moduls sidebar_one_header' style='color:#002E5A;background-color: #EBEBEB'>\r\n                    <a href='https:\/\/us.edu.pl' class='link'>przejd\u017a: do internetowej rejestracji dla kandydat\u00f3w<\/a>\r\n                <\/div>\r\n                <div class='sidebar_moduls sidebar_button' style=\"background-color: #EBEBEB; color: #002E5A\">\r\n                    <h3>Zapisz si\u0119 na studia<\/h3>\r\n                    <div class='link-button-wrap'><a style=\"background-color: #002E5A!important; color: #FFFFFF!important\" href='https:\/\/irk.us.edu.pl' class='link-button'>przejd\u017a: do internetowej rejestracji dla kandydat\u00f3w<\/a><\/div>\r\n                <\/div>[\/vc_column][\/vc_row]<\/p>","protected":false},"excerpt":{"rendered":"<p>[vc_row][vc_column][vc_empty_space][\/vc_column][\/vc_row][vc_row css=&#8221;.vc_custom_1652684520526{padding-right: 20px !important;padding-left: 20px !important;background-color: #f2f2f2 !important;}&#8221;][vc_column css=&#8221;.vc_custom_1652684540318{padding-right: 0px !important;padding-left: 0px !important;}&#8221;][vc_btn title=&#8221;Internetowa rejestracja dla kandydat\u00f3w&#8221; style=&#8221;outline-custom&#8221; outline_custom_color=&#8221;#002e5a&#8221; outline_custom_hover_background=&#8221;#002e5a&#8221; outline_custom_hover_text=&#8221;#ffffff&#8221; shape=&#8221;square&#8221; size=&#8221;lg&#8221; el_class=&#8221;link&#8221; link=&#8221;url:https%3A%2F%2Firk.us.edu.pl%2Fpl%2Foffer%2FSW-2025-Z%2Fprogramme%2FW5-S1PB19%2F%3Ffrom%3Dfield%3APB&#8221;][\/vc_column][\/vc_row][vc_row disable_element=&#8221;yes&#8221; css=&#8221;.vc_custom_1652684454894{background-color: #f2f2f2 !important;}&#8221;][vc_column][\/vc_column][\/vc_row] [&#8230;]<\/p>\n<p><a class=\"btn btn-secondary understrap-read-more-link\" href=\"https:\/\/us.edu.pl\/wydzial\/wpia\/kandydat\/kierunki-studiow\/przedsiebiorczosc\/\">Read More&#8230;<\/a><\/p>\n","protected":false},"author":107,"featured_media":0,"parent":156046,"menu_order":0,"comment_status":"closed","ping_status":"closed","template":"page-templates\/page-with-sidebar-and-bookmarks.php","meta":{"_expiration-date-status":"","_expiration-date":0,"_expiration-date-type":"","_expiration-date-categories":[],"_expiration-date-options":[]},"acf":[],"_links":{"self":[{"href":"https:\/\/us.edu.pl\/wydzial\/wpia\/wp-json\/wp\/v2\/pages\/156109"}],"collection":[{"href":"https:\/\/us.edu.pl\/wydzial\/wpia\/wp-json\/wp\/v2\/pages"}],"about":[{"href":"https:\/\/us.edu.pl\/wydzial\/wpia\/wp-json\/wp\/v2\/types\/page"}],"author":[{"embeddable":true,"href":"https:\/\/us.edu.pl\/wydzial\/wpia\/wp-json\/wp\/v2\/users\/107"}],"replies":[{"embeddable":true,"href":"https:\/\/us.edu.pl\/wydzial\/wpia\/wp-json\/wp\/v2\/comments?post=156109"}],"version-history":[{"count":10,"href":"https:\/\/us.edu.pl\/wydzial\/wpia\/wp-json\/wp\/v2\/pages\/156109\/revisions"}],"predecessor-version":[{"id":196948,"href":"https:\/\/us.edu.pl\/wydzial\/wpia\/wp-json\/wp\/v2\/pages\/156109\/revisions\/196948"}],"up":[{"embeddable":true,"href":"https:\/\/us.edu.pl\/wydzial\/wpia\/wp-json\/wp\/v2\/pages\/156046"}],"wp:attachment":[{"href":"https:\/\/us.edu.pl\/wydzial\/wpia\/wp-json\/wp\/v2\/media?parent=156109"}],"curies":[{"name":"wp","href":"https:\/\/api.w.org\/{rel}","templated":true}]}}