{"id":1574,"date":"2019-12-18T11:44:42","date_gmt":"2019-12-18T10:44:42","guid":{"rendered":"https:\/\/us.edu.pl\/wydzial\/wpia\/?page_id=1574"},"modified":"2020-12-07T09:13:41","modified_gmt":"2020-12-07T08:13:41","slug":"goscie-zagraniczni","status":"publish","type":"page","link":"https:\/\/us.edu.pl\/wydzial\/wpia\/wspolpraca\/wspolpraca-miedzynarodowa\/pracownicy\/goscie-zagraniczni\/","title":{"rendered":"Go\u015bcie Zagraniczni"},"content":{"rendered":"<p>[vc_row][vc_column]\r\n                <div class=\"text-modules\">\r\n                    <div class=\"container\">\r\n                        <h3 class=\"page-title text__title\">Go\u015bcie Zagraniczni<\/h3>\r\n                        <div class=\"text-modules__content\"><p><strong>Procedury przyjmowania go\u015bci zagranicznych oraz os\u00f3b z zagranicy, z kt\u00f3rymi zawarto umowy cywilnoprawne<\/strong><\/p>\n<p><u><a href=\"http:\/\/www.dwz.us.edu.pl\/content\/przyjazdy-z-zagranicy\">http:\/\/www.dwz.us.edu.pl\/content\/przyjazdy-z-zagranicy<\/a><\/u><\/p>\n<\/div>\r\n                    <\/div>\r\n                <\/div>[\/vc_column][\/vc_row]<\/p>","protected":false},"excerpt":{"rendered":"<p>[vc_row][vc_column][\/vc_column][\/vc_row] [&#8230;]<\/p>\n<p><a class=\"btn btn-secondary understrap-read-more-link\" href=\"https:\/\/us.edu.pl\/wydzial\/wpia\/wspolpraca\/wspolpraca-miedzynarodowa\/pracownicy\/goscie-zagraniczni\/\">Read More&#8230;<\/a><\/p>\n","protected":false},"author":108,"featured_media":0,"parent":1520,"menu_order":0,"comment_status":"closed","ping_status":"closed","template":"page-templates\/inner-page.php","meta":{"_expiration-date-status":"saved","_expiration-date":0,"_expiration-date-type":"","_expiration-date-categories":[],"_expiration-date-options":[]},"acf":[],"_links":{"self":[{"href":"https:\/\/us.edu.pl\/wydzial\/wpia\/wp-json\/wp\/v2\/pages\/1574"}],"collection":[{"href":"https:\/\/us.edu.pl\/wydzial\/wpia\/wp-json\/wp\/v2\/pages"}],"about":[{"href":"https:\/\/us.edu.pl\/wydzial\/wpia\/wp-json\/wp\/v2\/types\/page"}],"author":[{"embeddable":true,"href":"https:\/\/us.edu.pl\/wydzial\/wpia\/wp-json\/wp\/v2\/users\/108"}],"replies":[{"embeddable":true,"href":"https:\/\/us.edu.pl\/wydzial\/wpia\/wp-json\/wp\/v2\/comments?post=1574"}],"version-history":[{"count":5,"href":"https:\/\/us.edu.pl\/wydzial\/wpia\/wp-json\/wp\/v2\/pages\/1574\/revisions"}],"predecessor-version":[{"id":3815,"href":"https:\/\/us.edu.pl\/wydzial\/wpia\/wp-json\/wp\/v2\/pages\/1574\/revisions\/3815"}],"up":[{"embeddable":true,"href":"https:\/\/us.edu.pl\/wydzial\/wpia\/wp-json\/wp\/v2\/pages\/1520"}],"wp:attachment":[{"href":"https:\/\/us.edu.pl\/wydzial\/wpia\/wp-json\/wp\/v2\/media?parent=1574"}],"curies":[{"name":"wp","href":"https:\/\/api.w.org\/{rel}","templated":true}]}}