{"id":159450,"date":"2022-11-18T12:10:41","date_gmt":"2022-11-18T11:10:41","guid":{"rendered":"https:\/\/us.edu.pl\/wydzial\/wpia\/?page_id=159450"},"modified":"2025-10-21T08:20:07","modified_gmt":"2025-10-21T06:20:07","slug":"uchwaly-wydzialowej-komisji-ds-ksztalcenia-i-studentow","status":"publish","type":"page","link":"https:\/\/us.edu.pl\/wydzial\/wpia\/uchwaly-wydzialowej-komisji-ds-ksztalcenia-i-studentow\/","title":{"rendered":"Uchwa\u0142y Wydzia\u0142owej Komisji ds. Kszta\u0142cenia i Student\u00f3w"},"content":{"rendered":"<p>[vc_row][vc_column]\r\n                <div class=\"text-modules\">\r\n                    <div class=\"container\">\r\n                        <h3 class=\"page-title text__title\">Uchwa\u0142y Wydzia\u0142owej Komisji ds. Kszta\u0142cenia i Student\u00f3w<\/h3>\r\n                        <div class=\"text-modules__content\"><\/div>\r\n                    <\/div>\r\n                <\/div>[\/vc_column][\/vc_row][vc_row][vc_column]\r\n                <div class=\"text-modules\">\r\n                    <div class=\"container\">\r\n                        \r\n                        <div class=\"text-modules__content\"><\/p>\n<p style=\"text-align: center;\"><span style=\"font-size: 18pt;\"><strong>2025<\/strong><\/span><\/p>\n<ul>\n<li><a href=\"https:\/\/us.edu.pl\/wydzial\/wpia\/wp-content\/uploads\/sites\/19\/Akty-prawa-wewnetrznego\/Uchwala-nr-1-2025.pdf\" class=\"mtli_attachment mtli_pdf\" data-mtli=\"mtli_filesize232,02kB\" class=\"mtli_attachment mtli_pdf\" data-mtli=\"mtli_filesize232,02kB\">Uchwa\u0142a nr 1 \/2025 Wydzia\u0142owej Komisji ds. Studenckich i kszta\u0142cenia Wydzia\u0142u Prawa i Administracji Uniwersytetu \u015al\u0105skiego w Katowicach z dnia 1 kwietnia 2025 r. w sprawie kszta\u0142cenia kierunkowego w Szkole Doktorskiej Uniwersytetu \u015al\u0105skiego w Katowicach<\/a><\/li>\n<li><a href=\"https:\/\/us.edu.pl\/wydzial\/wpia\/wp-content\/uploads\/sites\/19\/Akty-prawa-wewnetrznego\/2025_10_20_150842.pdf\" class=\"mtli_attachment mtli_pdf\" data-mtli=\"mtli_filesize350,03kB\" class=\"mtli_attachment mtli_pdf\" data-mtli=\"mtli_filesize350,03kB\">Uchwa\u0142a nr 2\/2025 Wydzia\u0142owej Komisji do spraw Kszta\u0142cenia i Student\u00f3w Wydzia\u0142u Prawa i Administracji Uniwersytetu \u015al\u0105skiego w Katowicach z dnia 16 wrze\u015bnia 2025 r. w sprawie przyznania nagrody naukowej im. Profesora Waleriana Pa\u0144ki dla najlepszej\/go absolwentki\/ absolwenta Wydzia\u0142u Prawa i Administracji w roku akademickim 2024\/2025<\/a><\/li>\n<li><a href=\"https:\/\/us.edu.pl\/wydzial\/wpia\/wp-content\/uploads\/sites\/19\/Akty-prawa-wewnetrznego\/2025_10_20_150831.pdf\" class=\"mtli_attachment mtli_pdf\" data-mtli=\"mtli_filesize281,02kB\" class=\"mtli_attachment mtli_pdf\" data-mtli=\"mtli_filesize281,02kB\">Uchwa\u0142a nr 3\/2025 Wydzia\u0142owej Komisji do spraw Kszta\u0142cenia i Student\u00f3w Wydzia\u0142u Prawa i Administracji Uniwersytetu \u015al\u0105skiego w Katowicach z dnia 16 wrze\u015bnia 2025 r. w sprawie wyra\u017cenia opinii dotycz\u0105cej regulaminu organizacyjnego Kliniki Prawa<\/a><\/li>\n<\/ul>\n<p>&nbsp;<\/p>\n<p style=\"text-align: center;\"><strong><span style=\"font-size: 18pt;\">2024<\/span><\/strong><\/p>\n<ul>\n<li><a href=\"https:\/\/us.edu.pl\/wydzial\/wpia\/wp-content\/uploads\/sites\/19\/Akty-prawa-wewnetrznego\/Uchwala-nr-1-2024.pdf\" class=\"mtli_attachment mtli_pdf\" data-mtli=\"mtli_filesize232,09kB\" class=\"mtli_attachment mtli_pdf\" data-mtli=\"mtli_filesize232,09kB\">Uchwa\u0142a nr 1\/2024 Wydzia\u0142owej Komisji Kszta\u0142cenia i Student\u00f3w Wydzia\u0142u Prawa i Administracji Uniwersytetu \u015al\u0105skiego w Katowicach z dnia 23 stycznia 2024 r. w sprawie wyra\u017cenia opinii o kandydatkach i kandydatach na cz\u0142onk\u00f3w komisji oceniaj\u0105cej, dokonuj\u0105cej oceny okresowej nauczycieli akademickich<\/a><\/li>\n<\/ul>\n<p>&nbsp;<\/p>\n<ul>\n<li><a href=\"https:\/\/us.edu.pl\/wydzial\/wpia\/wp-content\/uploads\/sites\/19\/Akty-prawa-wewnetrznego\/Uchwala-nr-2-2024.pdf\" class=\"mtli_attachment mtli_pdf\" data-mtli=\"mtli_filesize162,70kB\" class=\"mtli_attachment mtli_pdf\" data-mtli=\"mtli_filesize162,70kB\">Uchwa\u0142a nr 2\/2024 Wydzia\u0142owej Komisji ds. Kszta\u0142cenia i Student\u00f3w Wydzia\u0142u Prawa i Administracji Uniwersytetu \u015al\u0105skiego w Katowicach z dnia 25 czerwca 2024 r. w sprawie wyra\u017cenia opinii w przedmiocie oferty przedmiot\u00f3w wybieralnych dla kierunk\u00f3w prowadzonych na Wydziale Prawa i Administracji w roku akademickim 2024\/2025<\/a><\/li>\n<\/ul>\n<p>&nbsp;<\/p>\n<ul>\n<li><a href=\"https:\/\/us.edu.pl\/wydzial\/wpia\/wp-content\/uploads\/sites\/19\/Akty-prawa-wewnetrznego\/Uchwala-nr-3-2024.pdf\" class=\"mtli_attachment mtli_pdf\" data-mtli=\"mtli_filesize203,19kB\" class=\"mtli_attachment mtli_pdf\" data-mtli=\"mtli_filesize203,19kB\">Uchwa\u0142a nr 3\/2024 Wydzia\u0142owej Komisji do spraw Kszta\u0142cenia i Student\u00f3w Wydzia\u0142u Prawa i Administracji Uniwersytetu \u015al\u0105skiego w Katowicach z dnia 17 wrze\u015bnia 2024 r. w sprawie przyznania nagrody naukowej im. Profesora Waleriana Pa\u0144ki dla najlepszej absolwentki Wydzia\u0142u Prawa i Administracji w roku akademickim 2023\/2024<\/a><\/li>\n<\/ul>\n<p>&nbsp;<\/p>\n<ul>\n<li><a href=\"https:\/\/us.edu.pl\/wydzial\/wpia\/wp-content\/uploads\/sites\/19\/Akty-prawa-wewnetrznego\/Uchwala-nr-4-WKKiS.pdf\" class=\"mtli_attachment mtli_pdf\" data-mtli=\"mtli_filesize187,40kB\" class=\"mtli_attachment mtli_pdf\" data-mtli=\"mtli_filesize187,40kB\">Uchwa\u0142a nr 4\/2024 Wydzia\u0142owej Komisji ds. Kszta\u0142cenia i student\u00f3w Wydzia\u0142u Prawa i Administracji Uniwersytetu \u015al\u0105skiego w Katowicach z dnia 3 grudnia 2024 r. w sprawie wyra\u017cenia opinii dotycz\u0105cej powo\u0142ania dr Rados\u0142awa Je\u017ca do pe\u0142nienia funkcji promotora prac dyplomowych, na kierunku Prawo w biznesie, studia stacjonarne drugiego stopnia<\/a><\/li>\n<\/ul>\n<p style=\"text-align: center;\"><span style=\"font-size: 18pt;\"><strong>2023<\/strong><\/span><\/p>\n<ul>\n<li><a href=\"https:\/\/us.edu.pl\/wydzial\/wpia\/wp-content\/uploads\/sites\/19\/Ksztalcenie\/Komisja\/Uchwala-nr-1-2023.pdf\" class=\"mtli_attachment mtli_pdf\" data-mtli=\"mtli_filesize275,98kB\" class=\"mtli_attachment mtli_pdf\" data-mtli=\"mtli_filesize275,98kB\">Uchwa\u0142a nr 1\/2023 Wydzia\u0142owej Komisji do spraw Kszta\u0142cenia i Student\u00f3w Wydzia\u0142u Prawa i Administracji Uniwersytetu \u015al\u0105skiego w Katowicach z dnia 7 marca 2023 r. w sprawie wyra\u017cenia pozytywnej opinii dotycz\u0105cej strategii kszta\u0142cenia z wykorzystaniem metod i technik kszta\u0142cenia na odleg\u0142o\u015b\u0107 na Wydziale Prawa i Administracji Uniwersytetu \u015al\u0105skiego w Katowicach<\/a>\n<ul>\n<li><a href=\"https:\/\/us.edu.pl\/wydzial\/wpia\/wp-content\/uploads\/sites\/19\/Ksztalcenie\/Komisja\/Zalacznik-do-Uchwaly-nr-1.pdf\" class=\"mtli_attachment mtli_pdf\" data-mtli=\"mtli_filesize156,70kB\" class=\"mtli_attachment mtli_pdf\" data-mtli=\"mtli_filesize156,70kB\">Za\u0142\u0105cznik nr 1 do Uchwa\u0142y nr 1 Wydzia\u0142owej Komisji do spraw Kszta\u0142cenia i Student\u00f3w Wydzia\u0142u Prawa i Administracji U\u015a w Katowicach z dnia 7 marca 2023<\/a><\/li>\n<\/ul>\n<\/li>\n<\/ul>\n<p>&nbsp;<\/p>\n<ul>\n<li><a href=\"https:\/\/us.edu.pl\/wydzial\/wpia\/wp-content\/uploads\/sites\/19\/Ksztalcenie\/Komisja\/Uchwala-nr-2-2023.pdf\" class=\"mtli_attachment mtli_pdf\" data-mtli=\"mtli_filesize304,47kB\" class=\"mtli_attachment mtli_pdf\" data-mtli=\"mtli_filesize304,47kB\">Uchwa\u0142a nr 2\/2023 Wydzia\u0142owej Komisji do spraw Kszta\u0142cenia i Student\u00f3w Wydzia\u0142u Prawa i Administracji Uniwersytetu \u015al\u0105skiego w Katowicach z dnia 7 marca 2023 r. w sprawie wyra\u017cenia opinii dotycz\u0105cej kandydat\u00f3w do komisji oceniaj\u0105cej przeprowadzaj\u0105cych oceny okresowe nauczycieli akademickich w roku 2023 na Wydziale Prawa i Administracji Uniwersytetu \u015al\u0105skiego w Katowicach<\/a>\n<ul>\n<li><a href=\"https:\/\/us.edu.pl\/wydzial\/wpia\/wp-content\/uploads\/sites\/19\/Ksztalcenie\/Komisja\/Zalacznik-do-Uchwaly-nr-2.pdf\" class=\"mtli_attachment mtli_pdf\" data-mtli=\"mtli_filesize10,12kB\" class=\"mtli_attachment mtli_pdf\" data-mtli=\"mtli_filesize10,12kB\">Za\u0142\u0105cznik nr 1 do Uchwa\u0142y nr 2 Wydzia\u0142owej Komisji do spraw Kszta\u0142cenia i Student\u00f3w Wydzia\u0142u Prawa i Administracji U\u015a w Katowicach z dnia 7 marca 2023<\/a><\/li>\n<\/ul>\n<\/li>\n<\/ul>\n<p>&nbsp;<\/p>\n<ul>\n<li><a href=\"https:\/\/us.edu.pl\/wydzial\/wpia\/wp-content\/uploads\/sites\/19\/Akty-prawa-wewnetrznego\/Uchwala-WKKiS-nr-3_2023.pdf\" class=\"mtli_attachment mtli_pdf\" data-mtli=\"mtli_filesize39,44kB\" class=\"mtli_attachment mtli_pdf\" data-mtli=\"mtli_filesize39,44kB\">Uchwa\u0142a WKKiS nr 3_2023 w sprawie przyznania nagrody naukowej im. Profesora Waleriana Pa\u0144ki dla najlepszego absolwenta WPiA w roku akademickim 22_23<\/a><\/li>\n<\/ul>\n<p>&nbsp;<\/p>\n<ul>\n<li><a href=\"https:\/\/us.edu.pl\/wydzial\/wpia\/wp-content\/uploads\/sites\/19\/Akty-prawa-wewnetrznego\/Uchwala-WKKiS-nr-4_2023.pdf\" class=\"mtli_attachment mtli_pdf\" data-mtli=\"mtli_filesize39,66kB\" class=\"mtli_attachment mtli_pdf\" data-mtli=\"mtli_filesize39,66kB\">Uchwa\u0142a WKKiS nr 4_2023 w sprawie przyznania nagrody naukowej im. Profesora Waleriana Pa\u0144ki dla najlepszego absolwenta WPiA w roku akademickim 22_23<\/a><\/li>\n<\/ul>\n<p>&nbsp;<\/p>\n<p style=\"text-align: center;\"><span style=\"font-size: 18pt;\"><strong>2022<\/strong><\/span><\/p>\n<ul>\n<li><a href=\"https:\/\/us.edu.pl\/wydzial\/wpia\/wp-content\/uploads\/sites\/19\/Ksztalcenie\/Komisja\/Uchwala_opinia-Komisji_wspolpraca-ze-studentami.pdf\" class=\"mtli_attachment mtli_pdf\" data-mtli=\"mtli_filesize456,09kB\" class=\"mtli_attachment mtli_pdf\" data-mtli=\"mtli_filesize456,09kB\">Uchwa\u0142a nr 5\/2022 Wydzia\u0142owej Komisji do spraw Kszta\u0142cenia i Student\u00f3w Wydzia\u0142u Prawa i Administracji Uniwersytetu \u015al\u0105skiego w Katowicach z dnia 15 listopada 2022 r. w sprawie wyra\u017cenia pozytywnej opinii o kandydatkach o kandydatach do otrzymania listu gratulacyjnego JM Rektora U\u015a w ramach konkursu: List gratulacyjny JM Rektora Uniwersytetu \u015al\u0105skiego w Katowicach dla nauczycieli\/nauczycielek akademickich za doskona\u0142\u0105 dydaktyk\u0119 w roku akademickim 2021\/2022 w kategorii praca ze studentami lub doktorantami<\/a><\/li>\n<\/ul>\n<p>&nbsp;<\/p>\n<ul>\n<li><a href=\"https:\/\/us.edu.pl\/wydzial\/wpia\/wp-content\/uploads\/sites\/19\/Ksztalcenie\/Komisja\/Uchwala_opinia-Komisji_innowacje.pdf\" class=\"mtli_attachment mtli_pdf\" data-mtli=\"mtli_filesize464,70kB\" class=\"mtli_attachment mtli_pdf\" data-mtli=\"mtli_filesize464,70kB\">Uchwa\u0142a nr 6\/2022 Wydzia\u0142owej Komisji do spraw Kszta\u0142cenia i Student\u00f3w Wydzia\u0142u Prawa i Administracji Uniwersytetu \u015al\u0105skiego w Katowicach z dnia 15 listopada 2022 r. w sprawie wyra\u017cenia pozytywnej opinii o kandydatkach i kandydatach do otrzymania listu gratulacyjnego JM Rektora U\u015a w ramach konkursu: List gratulacyjny JM Rektora Uniwersytetu \u015al\u0105skiego w Katowicach dla nauczycieli\/nauczycielek akademickich za doskona\u0142\u0105 dydaktyk\u0119 w roku akademickim 2021\/2022 w kategorii innowacje dydaktyczne<\/a><\/li>\n<\/ul>\n<p>\n<style type=\"text\/css\">a[data-mtli~=\"mtli_filesize232,02kB\"]:after {content:\" (232,02 kB)\"}a[data-mtli~=\"mtli_filesize350,03kB\"]:after {content:\" (350,03 kB)\"}a[data-mtli~=\"mtli_filesize281,02kB\"]:after {content:\" (281,02 kB)\"}a[data-mtli~=\"mtli_filesize232,09kB\"]:after {content:\" (232,09 kB)\"}a[data-mtli~=\"mtli_filesize162,70kB\"]:after {content:\" (162,70 kB)\"}a[data-mtli~=\"mtli_filesize203,19kB\"]:after {content:\" (203,19 kB)\"}a[data-mtli~=\"mtli_filesize187,40kB\"]:after {content:\" (187,40 kB)\"}a[data-mtli~=\"mtli_filesize275,98kB\"]:after {content:\" (275,98 kB)\"}a[data-mtli~=\"mtli_filesize156,70kB\"]:after {content:\" (156,70 kB)\"}a[data-mtli~=\"mtli_filesize304,47kB\"]:after {content:\" (304,47 kB)\"}a[data-mtli~=\"mtli_filesize10,12kB\"]:after {content:\" (10,12 kB)\"}a[data-mtli~=\"mtli_filesize39,44kB\"]:after {content:\" (39,44 kB)\"}a[data-mtli~=\"mtli_filesize39,66kB\"]:after {content:\" (39,66 kB)\"}a[data-mtli~=\"mtli_filesize456,09kB\"]:after {content:\" (456,09 kB)\"}a[data-mtli~=\"mtli_filesize464,70kB\"]:after {content:\" (464,70 kB)\"}<\/style><\/div>\r\n                    <\/div>\r\n                <\/div>[\/vc_column][\/vc_row]<\/p>\n<style type=\"text\/css\">a[data-mtli~=\"mtli_filesize232,02kB\"]:after {content:\" (232,02 kB)\"}a[data-mtli~=\"mtli_filesize350,03kB\"]:after {content:\" (350,03 kB)\"}a[data-mtli~=\"mtli_filesize281,02kB\"]:after {content:\" (281,02 kB)\"}a[data-mtli~=\"mtli_filesize232,09kB\"]:after {content:\" (232,09 kB)\"}a[data-mtli~=\"mtli_filesize162,70kB\"]:after {content:\" (162,70 kB)\"}a[data-mtli~=\"mtli_filesize203,19kB\"]:after {content:\" (203,19 kB)\"}a[data-mtli~=\"mtli_filesize187,40kB\"]:after {content:\" (187,40 kB)\"}a[data-mtli~=\"mtli_filesize275,98kB\"]:after {content:\" (275,98 kB)\"}a[data-mtli~=\"mtli_filesize156,70kB\"]:after {content:\" (156,70 kB)\"}a[data-mtli~=\"mtli_filesize304,47kB\"]:after {content:\" (304,47 kB)\"}a[data-mtli~=\"mtli_filesize10,12kB\"]:after {content:\" (10,12 kB)\"}a[data-mtli~=\"mtli_filesize39,44kB\"]:after {content:\" (39,44 kB)\"}a[data-mtli~=\"mtli_filesize39,66kB\"]:after {content:\" (39,66 kB)\"}a[data-mtli~=\"mtli_filesize456,09kB\"]:after {content:\" (456,09 kB)\"}a[data-mtli~=\"mtli_filesize464,70kB\"]:after {content:\" (464,70 kB)\"}<\/style>","protected":false},"excerpt":{"rendered":"<p>[vc_row][vc_column][\/vc_column][\/vc_row][vc_row][vc_column][\/vc_column][\/vc_row] [&#8230;]<\/p>\n<p><a class=\"btn btn-secondary understrap-read-more-link\" href=\"https:\/\/us.edu.pl\/wydzial\/wpia\/uchwaly-wydzialowej-komisji-ds-ksztalcenia-i-studentow\/\">Read More&#8230;<\/a><\/p>\n","protected":false},"author":3414,"featured_media":0,"parent":0,"menu_order":0,"comment_status":"closed","ping_status":"closed","template":"","meta":{"_expiration-date-status":"","_expiration-date":0,"_expiration-date-type":"","_expiration-date-categories":[],"_expiration-date-options":[]},"acf":[],"_links":{"self":[{"href":"https:\/\/us.edu.pl\/wydzial\/wpia\/wp-json\/wp\/v2\/pages\/159450"}],"collection":[{"href":"https:\/\/us.edu.pl\/wydzial\/wpia\/wp-json\/wp\/v2\/pages"}],"about":[{"href":"https:\/\/us.edu.pl\/wydzial\/wpia\/wp-json\/wp\/v2\/types\/page"}],"author":[{"embeddable":true,"href":"https:\/\/us.edu.pl\/wydzial\/wpia\/wp-json\/wp\/v2\/users\/3414"}],"replies":[{"embeddable":true,"href":"https:\/\/us.edu.pl\/wydzial\/wpia\/wp-json\/wp\/v2\/comments?post=159450"}],"version-history":[{"count":10,"href":"https:\/\/us.edu.pl\/wydzial\/wpia\/wp-json\/wp\/v2\/pages\/159450\/revisions"}],"predecessor-version":[{"id":194216,"href":"https:\/\/us.edu.pl\/wydzial\/wpia\/wp-json\/wp\/v2\/pages\/159450\/revisions\/194216"}],"wp:attachment":[{"href":"https:\/\/us.edu.pl\/wydzial\/wpia\/wp-json\/wp\/v2\/media?parent=159450"}],"curies":[{"name":"wp","href":"https:\/\/api.w.org\/{rel}","templated":true}]}}