{"id":159604,"date":"2022-11-25T15:00:25","date_gmt":"2022-11-25T14:00:25","guid":{"rendered":"https:\/\/us.edu.pl\/wydzial\/wpia\/?page_id=159604"},"modified":"2023-03-14T11:06:02","modified_gmt":"2023-03-14T10:06:02","slug":"uniwersytet-najlepszych","status":"publish","type":"page","link":"https:\/\/us.edu.pl\/wydzial\/wpia\/wspolpraca\/wspolpraca-z-otoczeniem\/wspolpraca-z-liceami\/uniwersytet-najlepszych\/","title":{"rendered":"Propedeutyka"},"content":{"rendered":"<p>[vc_row][vc_column][vc_column_text][\/vc_column_text]\r\n                <div class=\"text-modules\">\r\n                    <div class=\"container\">\r\n                        <h3 class=\"page-title text__title\">Propedeutyka prawa<\/h3>\r\n                        <div class=\"text-modules__content\"><\/p>\n<ul>\n<li><a href=\"https:\/\/ncn-repo.us.edu.pl\/index.php\/s\/PlXWb0IuW3s5rtW\">Propedeutyka prawa pracy<\/a> \u2013 dr Michal Bara\u0144ski<\/li>\n<li><a href=\"https:\/\/ncn-repo.us.edu.pl\/index.php\/s\/7ZNiyuGrH6KOZBl\">\u201eHaec mea res\u201d \u2013 ta rzecz jest moja, czyli o w\u0142asno\u015bci i posiadaniu<\/a> \u2013 dr Katarzyna Czerwi\u0144ska Koral<\/li>\n<li><a href=\"https:\/\/ncn-repo.us.edu.pl\/index.php\/s\/dfFJCOC4Z6qZ3lk\">Prawne skutki napa\u015bci Niemiec na Polsk\u0119 w 1939 roku<\/a> \u2013 dr Konrad Graczyk<\/li>\n<li><a href=\"https:\/\/uniwersytetslaski-my.sharepoint.com\/:v:\/g\/personal\/mgrudecki_o365_us_edu_pl\/Ecjzh3rcpzVNonPzrM9ufCMBfthQ-ZanF3S8KnbNxaSrzQ?e=zUrPxC\">Prawo karne \u2013 cz\u0142owiek i wszystkie jego nami\u0119tno\u015bci<\/a> \u2013 dr Micha\u0142 Grudecki<\/li>\n<li><a href=\"https:\/\/ncn-repo.us.edu.pl\/index.php\/s\/BNLW0oG0UoOtBW7\">Publiczne prawo gospodarcze<\/a> \u2013 dr Anna Ho\u0142da-Wydrzy\u0144ska<\/li>\n<li><a href=\"https:\/\/ncn-repo.us.edu.pl\/index.php\/s\/BiYVGz99SYzlhf8\">Prawo mi\u0119dzynarodowe publiczne &#8211; co to takiego?<\/a> &#8211; dr Ma\u0142gorzata Myl<\/li>\n<li><a href=\"https:\/\/ncn-repo.us.edu.pl\/index.php\/s\/gZC0ukL5fVsdW5Z\">Prawo ochrony \u015brodowiska<\/a> \u2013 dr Ewa Radecka<\/li>\n<li><a href=\"https:\/\/ncn-repo.us.edu.pl\/index.php\/s\/jaRlQYHbjK8YOXu\">Prawo i j\u0119zyk \u2013 jak odnale\u017a\u0107, zrozumie\u0107 i zinterpretowa\u0107 informacje o naszych prawach i obowi\u0105zkach<\/a> \u2013 dr Mateusz Zeifert<\/li>\n<\/ul>\n<p>\n<\/div>\r\n                    <\/div>\r\n                <\/div>\r\n                <div class=\"text-modules\">\r\n                    <div class=\"container\">\r\n                        <h3 class=\"page-title text__title\">Propedeutyka administracji<\/h3>\r\n                        <div class=\"text-modules__content\"><\/p>\n<ul>\n<li><a href=\"https:\/\/ncn-repo.us.edu.pl\/index.php\/s\/frVeSMPGdFNjw5i\">Prawo i post\u0119powanie administracyjne<\/a> &#8211; dr Weronika Szafra\u0144ska<\/li>\n<\/ul>\n<p>\n<\/div>\r\n                    <\/div>\r\n                <\/div>\r\n                <div class=\"text-modules\">\r\n                    <div class=\"container\">\r\n                        <h3 class=\"page-title text__title\">Propedeutyka przedsi\u0119biorczo\u015bci<\/h3>\r\n                        <div class=\"text-modules__content\"><\/p>\n<ul>\n<li><a href=\"https:\/\/drive.google.com\/file\/d\/1L8CemPzHZbGAX0Hc6NyINDP-GjlWN7pa\/view?usp=share_link\">Zarz\u0105dzanie przedsi\u0119biorstwem w niepewnym otoczeniu<\/a> &#8211; dr Rados\u0142aw Je\u017c<\/li>\n<\/ul>\n<p>\n<\/div>\r\n                    <\/div>\r\n                <\/div>[\/vc_column][\/vc_row][vc_row][vc_column][vc_column_text][\/vc_column_text][\/vc_column][\/vc_row][vc_row][vc_column][\/vc_column][\/vc_row][vc_row][vc_column]\r\n                <div class=\"text-modules\">\r\n                    <div class=\"container\">\r\n                        <h3 class=\"page-title text__title\">Uniwersytet Najlepszych<\/h3>\r\n                        <div class=\"text-modules__content\"><p><em><strong>\u201eUniwersytet Najlepszych\u201d<\/strong>\u00a0<\/em>to bezp\u0142atny dla uczestnik\u00f3w program edukacyjny, kt\u00f3rego organizatorami jest Uniwersytet \u015al\u0105ski w Katowicach wraz z Miastem Katowice oraz Miastem Sosnowiec.\u00a0Program\u00a0ma na celu rozwijanie zainteresowa\u0144 uczni\u00f3w szk\u00f3\u0142 podstawowych i ponadpodstawowych. Dzi\u0119ki niemu pokazujemy w szko\u0142ach bogat\u0105 ofert\u0119 edukacyjn\u0105 Uniwersytetu \u015al\u0105skiego oraz zach\u0119camy do podj\u0119cia studi\u00f3w w stolicy wojew\u00f3dztwa \u015bl\u0105skiego. G\u0142\u00f3wnym za\u0142o\u017ceniem programu jest wsparcie w rozwoju uczni\u00f3w utalentowanych, kt\u00f3rzy nie maj\u0105 tak dobrych warunk\u00f3w do rozwoju ze wzgl\u0119du na trudn\u0105 sytuacj\u0119, niezale\u017cnie od jej \u017ar\u00f3d\u0142a. Uniwersytet pragnie zwi\u0119ksza\u0107 szanse os\u00f3b, kt\u00f3re mierz\u0105 si\u0119 z trudno\u015bciami, a jednocze\u015bnie posiadaj\u0105 predyspozycje naukowe, b\u0105d\u017a artystyczne, tym samym wyr\u00f3wnuj\u0105c szanse i pomagaj\u0105c uczniom w odkryciu ich potencja\u0142u.\u00a0\u201eUniwersytet Najlepszych\u201d wspiera uczni\u00f3w szk\u00f3\u0142 podstawowych i ponadpodstawowych w rozwoju ich aktywno\u015bci poznawczej oraz pobudza ich innowacyjno\u015b\u0107 oraz kreatywno\u015b\u0107.<\/p>\n<p>Tegoroczna edycja jest wyj\u0105tkowa ze wzgl\u0119du na to, \u017ce po raz pierwszy uda\u0142o nam si\u0119 wypromowa\u0107 formy wsp\u00f3lne (wyk\u0142ady, warsztaty, spotkania) dedykowane dla szerokiego grona uczni\u00f3w i nauczycieli, a przede wszystkim z tutoringiem dotrze\u0107 do uczni\u00f3w, kt\u00f3rzy charakteryzuj\u0105 si\u0119 wysokim potencja\u0142em, ale mierz\u0105 si\u0119 z trudno\u015bciami \u017cyciowymi. Dzi\u0119ki wsp\u00f3\u0142pracy z wszystkimi wydzia\u0142ami, z tego typu zaj\u0119\u0107 mogli skorzysta\u0107 uczniowie zar\u00f3wno szk\u00f3\u0142 podstawowych, jak i ponadpodstawowych, a w niekt\u00f3rych przypadkach tak\u017ce w przedszkolach. Wydzia\u0142 Prawa i Administracji Uniwersytetu \u015al\u0105skiego aktywnie wspar\u0142 projekt przygotowuj\u0105c seri\u0119 wyk\u0142ad\u00f3w i warsztat\u00f3w skierowanych do szk\u00f3\u0142.<\/p>\n<p>W ramach dotacji z Urz\u0119du Miasta Katowice dodatkowo, poza wyk\u0142adami i warsztatami, 10 uczni\u00f3w skorzysta\u0142o z tutoringu naukowego i rozwojowego poszerzaj\u0105c swoj\u0105 wiedz\u0119 i umiej\u0119tno\u015bci w wybranych zakresach. Tutorami byli naukowcy z Uniwersytetu \u015al\u0105skiego.<\/p>\n<p>Zapraszamy do zapoznania si\u0119 z filmami i prezentacjami przygotowanymi przez pracownik\u00f3w naukowych Wydzialu Prawa i Administracji Uniwersytetu \u015al\u0105skiego w Katowicacj w ramach projektu \u201eUniwersytet Najlepszych\u201d specjalnie dla uczni\u00f3w katowickich lice\u00f3w. Materia\u0142y te s\u0105 multimedialnym wprowadzeniem do tematyki poszczeg\u00f3lnych ga\u0142\u0119zi prawa, przybli\u017caj\u0105cym najwa\u017cniejsze zagadnienia.<\/p>\n<\/div>\r\n                    <\/div>\r\n                <\/div>[\/vc_column][\/vc_row][vc_row][vc_column][vc_column_text][\/vc_column_text][\/vc_column][\/vc_row][vc_row][vc_column][vc_column_text][\/vc_column_text][\/vc_column][\/vc_row]<\/p>","protected":false},"excerpt":{"rendered":"<p>[vc_row][vc_column][vc_column_text][\/vc_column_text][\/vc_column][\/vc_row][vc_row][vc_column][vc_column_text][\/vc_column_text][\/vc_column][\/vc_row][vc_row][vc_column][\/vc_column][\/vc_row][vc_row][vc_column][\/vc_column][\/vc_row][vc_row][vc_column][vc_column_text][\/vc_column_text][\/vc_column][\/vc_row][vc_row][vc_column][vc_column_text][\/vc_column_text][\/vc_column][\/vc_row] [&#8230;]<\/p>\n<p><a class=\"btn btn-secondary understrap-read-more-link\" href=\"https:\/\/us.edu.pl\/wydzial\/wpia\/wspolpraca\/wspolpraca-z-otoczeniem\/wspolpraca-z-liceami\/uniwersytet-najlepszych\/\">Read More&#8230;<\/a><\/p>\n","protected":false},"author":107,"featured_media":0,"parent":159603,"menu_order":3,"comment_status":"closed","ping_status":"closed","template":"page-templates\/inner-page.php","meta":{"_expiration-date-status":"","_expiration-date":0,"_expiration-date-type":"","_expiration-date-categories":[],"_expiration-date-options":[]},"acf":[],"_links":{"self":[{"href":"https:\/\/us.edu.pl\/wydzial\/wpia\/wp-json\/wp\/v2\/pages\/159604"}],"collection":[{"href":"https:\/\/us.edu.pl\/wydzial\/wpia\/wp-json\/wp\/v2\/pages"}],"about":[{"href":"https:\/\/us.edu.pl\/wydzial\/wpia\/wp-json\/wp\/v2\/types\/page"}],"author":[{"embeddable":true,"href":"https:\/\/us.edu.pl\/wydzial\/wpia\/wp-json\/wp\/v2\/users\/107"}],"replies":[{"embeddable":true,"href":"https:\/\/us.edu.pl\/wydzial\/wpia\/wp-json\/wp\/v2\/comments?post=159604"}],"version-history":[{"count":10,"href":"https:\/\/us.edu.pl\/wydzial\/wpia\/wp-json\/wp\/v2\/pages\/159604\/revisions"}],"predecessor-version":[{"id":162151,"href":"https:\/\/us.edu.pl\/wydzial\/wpia\/wp-json\/wp\/v2\/pages\/159604\/revisions\/162151"}],"up":[{"embeddable":true,"href":"https:\/\/us.edu.pl\/wydzial\/wpia\/wp-json\/wp\/v2\/pages\/159603"}],"wp:attachment":[{"href":"https:\/\/us.edu.pl\/wydzial\/wpia\/wp-json\/wp\/v2\/media?parent=159604"}],"curies":[{"name":"wp","href":"https:\/\/api.w.org\/{rel}","templated":true}]}}