{"id":159769,"date":"2022-12-01T13:49:55","date_gmt":"2022-12-01T12:49:55","guid":{"rendered":"https:\/\/us.edu.pl\/wydzial\/wpia\/?page_id=159769"},"modified":"2022-12-09T08:23:53","modified_gmt":"2022-12-09T07:23:53","slug":"biuro-karier","status":"publish","type":"page","link":"https:\/\/us.edu.pl\/wydzial\/wpia\/student\/dostepnosc\/biuro-karier\/","title":{"rendered":"Biuro Karier"},"content":{"rendered":"<p>[vc_row][vc_column]\r\n                <div class=\"text-modules\">\r\n                    <div class=\"container\">\r\n                        <h3 class=\"page-title text__title\">Biuro Karier<\/h3>\r\n                        <div class=\"text-modules__content\"><p><strong>Dost\u0119p do ofert pracy, sta\u017cy, praktyk i wolontariatu ?<br \/>\n<\/strong>Koniecznie zajrzyj na stron\u0119\u00a0<a href=\"http:\/\/www.bk.us.edu.pl\/\">www.bk.us.edu.pl<\/a><br \/>\nBiuro Karier dzia\u0142a z my\u015bl\u0105 o studentach i absolwentach Uniwersytetu \u015al\u0105skiego\u00a0na rynku pracy. Celem jest szeroko poj\u0119te wspieranie rozwoju kariery zawodowej.<br \/>\nDo Biura Karier mo\u017cesz zg\u0142osi\u0107 si\u0119 \u00a0gdy:<\/p>\n<ol>\n<li>Chcesz sprawdzi\u0107, czy Twoje dokumenty aplikacyjne s\u0105 poprawne i dowiedzie\u0107 si\u0119, jak i gdzie poszukiwa\u0107 pracy,<\/li>\n<li>Nie wiesz jaki kierunek rozwoju zawodowego wybra\u0107 i chcesz pozna\u0107 swoje mocne strony,<\/li>\n<li>Chcesz dowiedzie\u0107 si\u0119 co zrobi\u0107, by zwi\u0119kszy\u0107 swoje szanse na rynku pracy po uko\u0144czeniu studi\u00f3w,<\/li>\n<li>Planujesz podj\u0119cie decyzji zwi\u0105zanych z dalsz\u0105 edukacj\u0105 (dodatkowe studia, kursy, szkolenia) i potrzebujesz porady w tym zakresie,<\/li>\n<li>Masz k\u0142opoty motywacyjne lub inne zwi\u0105zane ze skuteczno\u015bci\u0105 osobist\u0105 i chcesz porozmawia\u0107 o tym, jak sobie z nimi radzi\u0107.<\/li>\n<\/ol>\n<p>Biuro Karier mie\u015bci si\u0119 w budynku rektoratu ul.\u00a0 Bankowa 12, 40-007 Katowice, pok\u00f3j 0.2 \u2013 0.4, Studencka Strefa Aktywno\u015bci.<\/p>\n<p>Wi\u0119cej informacji na stronie\u00a0\u00a0<a href=\"http:\/\/www.bk.us.edu.pl\/\">www.bk.us.edu.pl<\/a><\/p>\n<p>Raporty: <a href=\"http:\/\/bk.us.edu.pl\/raporty-z-badan\">Raporty z bada\u0144<\/a><\/p>\n<p>Badanie &#8222;Los\u00f3w zawodowych absolwent\u00f3w Uniwersytetu \u015al\u0105skiego&#8221;: <a href=\"http:\/\/bk.us.edu.pl\/badanie-losow-zawodowych-absolwentow-uniwersytetu-slaskiego\">Badanie &#8222;Los\u00f3w zawodowych absolwent\u00f3w Uniwersytetu \u015al\u0105skiego&#8221;<\/a><\/p>\n<p>Profile absolwent\u00f3w: <a href=\"http:\/\/bk.us.edu.pl\/pracodawca\/profile-absolwentow\">Profile absolwent\u00f3w<\/a><\/p>\n<p>&nbsp;<\/p>\n<p>\n<\/div>\r\n                    <\/div>\r\n                <\/div>[\/vc_column][\/vc_row]<\/p>","protected":false},"excerpt":{"rendered":"<p>[vc_row][vc_column][\/vc_column][\/vc_row] [&#8230;]<\/p>\n<p><a class=\"btn btn-secondary understrap-read-more-link\" href=\"https:\/\/us.edu.pl\/wydzial\/wpia\/student\/dostepnosc\/biuro-karier\/\">Read More&#8230;<\/a><\/p>\n","protected":false},"author":3414,"featured_media":0,"parent":2149,"menu_order":0,"comment_status":"closed","ping_status":"closed","template":"page-templates\/inner-page.php","meta":{"_expiration-date-status":"","_expiration-date":0,"_expiration-date-type":"","_expiration-date-categories":[],"_expiration-date-options":[]},"acf":[],"_links":{"self":[{"href":"https:\/\/us.edu.pl\/wydzial\/wpia\/wp-json\/wp\/v2\/pages\/159769"}],"collection":[{"href":"https:\/\/us.edu.pl\/wydzial\/wpia\/wp-json\/wp\/v2\/pages"}],"about":[{"href":"https:\/\/us.edu.pl\/wydzial\/wpia\/wp-json\/wp\/v2\/types\/page"}],"author":[{"embeddable":true,"href":"https:\/\/us.edu.pl\/wydzial\/wpia\/wp-json\/wp\/v2\/users\/3414"}],"replies":[{"embeddable":true,"href":"https:\/\/us.edu.pl\/wydzial\/wpia\/wp-json\/wp\/v2\/comments?post=159769"}],"version-history":[{"count":3,"href":"https:\/\/us.edu.pl\/wydzial\/wpia\/wp-json\/wp\/v2\/pages\/159769\/revisions"}],"predecessor-version":[{"id":159948,"href":"https:\/\/us.edu.pl\/wydzial\/wpia\/wp-json\/wp\/v2\/pages\/159769\/revisions\/159948"}],"up":[{"embeddable":true,"href":"https:\/\/us.edu.pl\/wydzial\/wpia\/wp-json\/wp\/v2\/pages\/2149"}],"wp:attachment":[{"href":"https:\/\/us.edu.pl\/wydzial\/wpia\/wp-json\/wp\/v2\/media?parent=159769"}],"curies":[{"name":"wp","href":"https:\/\/api.w.org\/{rel}","templated":true}]}}