{"id":159771,"date":"2022-12-01T13:51:25","date_gmt":"2022-12-01T12:51:25","guid":{"rendered":"https:\/\/us.edu.pl\/wydzial\/wpia\/?page_id=159771"},"modified":"2022-12-01T13:57:18","modified_gmt":"2022-12-01T12:57:18","slug":"pomoc-psychologiczna","status":"publish","type":"page","link":"https:\/\/us.edu.pl\/wydzial\/wpia\/student\/dostepnosc\/pomoc-psychologiczna\/","title":{"rendered":"Pomoc psychologiczna"},"content":{"rendered":"<p>[vc_row][vc_column]\r\n                <div class=\"text-modules\">\r\n                    <div class=\"container\">\r\n                        <h3 class=\"page-title text__title\">Pomoc psychologiczna<\/h3>\r\n                        <div class=\"text-modules__content\"><p>Czasem przychodzi taki czas, w kt\u00f3rym przestajemy samodzielnie radzi\u0107 sobie z problemem i szukamy pomocy z zewn\u0105trz. Studenci i doktoranci Uniwersytetu \u015al\u0105skiego mog\u0105 nieodp\u0142atnie korzysta\u0107 z poradnictwa i doradztwa psychologicznego w Centrum Obs\u0142ugi Student\u00f3w oraz w Biurze Karier (parter w budynku rektoratu, ul. Bankowa 12, Studencka Strefa Aktywno\u015bci). W zale\u017cno\u015bci od potrzeby, mo\u017cna zg\u0142osi\u0107 si\u0119 do wybranego specjalisty (wykaz specjalist\u00f3w na stronie:\u00a0\u00a0<a href=\"http:\/\/student.us.edu.pl\/pomoc-psychologiczna\">http:\/\/student.us.edu.pl\/pomoc-psychologiczna<\/a>), preferowany jest wcze\u015bniejszy kontakt e-mailowy:\u00a0<a href=\"mailto:psycholog@us.edu.pl\"><strong>psycholog@us.edu.pl<\/strong><\/a><strong><u>\u00a0<\/u><\/strong>. W miar\u0119 mo\u017cliwo\u015bci porady udzielane s\u0105 r\u00f3wnie\u017c drog\u0105 elektroniczn\u0105.<\/p>\n<p><strong>UWAGA! Osobom w powa\u017cnym kryzysie oraz stosuj\u0105cym farmakoterapi\u0119 z powodu rozpoznanych u nich zaburze\u0144 psychicznych zalecany jest jak najszybszy bezpo\u015bredni kontakt z\u00a0dotychczasowym psychologiem, psychoterapeut\u0105 lub lekarzem prowadz\u0105cym.<\/strong><\/p>\n<p>&nbsp;<\/p>\n<p>Studenci i doktoranci mog\u0105 zg\u0142osi\u0107 si\u0119 do psychologa w ka\u017cdej sytuacji, kiedy czuj\u0105, \u017ce rozmowa z psychologiem mog\u0142aby im pom\u00f3c, szczeg\u00f3lnie gdy:<\/p>\n<ul>\n<li>prze\u017cywaj\u0105 problemy natury osobistej,<\/li>\n<li>czuj\u0105, \u017ce ich relacje interpersonalne i spo\u0142eczne nie s\u0105 satysfakcjonuj\u0105ce,<\/li>\n<li>s\u0105 w stanie kryzysu emocjonalnego, prze\u017cywaj\u0105 rozterki, do\u015bwiadczy\u0142y istotnej straty b\u0105d\u017a odczuwaj\u0105 zniech\u0119cenie wobec siebie i innych,<\/li>\n<li>maj\u0105 problem z samoocen\u0105, motywacj\u0105, nie s\u0105 zadowolone ze swoich dotychczasowych osi\u0105gni\u0119\u0107, jako\u015b\u0107 ich \u017cycia nie jest zadowalaj\u0105ca,<\/li>\n<li>do\u015bwiadczaj\u0105 trudno\u015bci w \u017cyciu intymnym lub problem\u00f3w z okre\u015bleniem to\u017csamo\u015bci psychoseksualnej,<\/li>\n<li>maj\u0105 z\u0142e samopoczucie i podejrzewaj\u0105, i\u017c stan ten mo\u017ce si\u0119 pog\u0142\u0119bi\u0107.<\/li>\n<\/ul>\n<p>Wi\u0119cej na stronie\u00a0<a href=\"http:\/\/student.us.edu.pl\/pomoc-psychologiczna\">http:\/\/student.us.edu.pl\/pomoc-psychologiczna<\/a><\/p>\n<\/div>\r\n                    <\/div>\r\n                <\/div>[\/vc_column][\/vc_row]<\/p>","protected":false},"excerpt":{"rendered":"<p>[vc_row][vc_column][\/vc_column][\/vc_row] [&#8230;]<\/p>\n<p><a class=\"btn btn-secondary understrap-read-more-link\" href=\"https:\/\/us.edu.pl\/wydzial\/wpia\/student\/dostepnosc\/pomoc-psychologiczna\/\">Read More&#8230;<\/a><\/p>\n","protected":false},"author":3414,"featured_media":0,"parent":2149,"menu_order":0,"comment_status":"closed","ping_status":"closed","template":"page-templates\/inner-page.php","meta":{"_expiration-date-status":"","_expiration-date":0,"_expiration-date-type":"","_expiration-date-categories":[],"_expiration-date-options":[]},"acf":[],"_links":{"self":[{"href":"https:\/\/us.edu.pl\/wydzial\/wpia\/wp-json\/wp\/v2\/pages\/159771"}],"collection":[{"href":"https:\/\/us.edu.pl\/wydzial\/wpia\/wp-json\/wp\/v2\/pages"}],"about":[{"href":"https:\/\/us.edu.pl\/wydzial\/wpia\/wp-json\/wp\/v2\/types\/page"}],"author":[{"embeddable":true,"href":"https:\/\/us.edu.pl\/wydzial\/wpia\/wp-json\/wp\/v2\/users\/3414"}],"replies":[{"embeddable":true,"href":"https:\/\/us.edu.pl\/wydzial\/wpia\/wp-json\/wp\/v2\/comments?post=159771"}],"version-history":[{"count":2,"href":"https:\/\/us.edu.pl\/wydzial\/wpia\/wp-json\/wp\/v2\/pages\/159771\/revisions"}],"predecessor-version":[{"id":159774,"href":"https:\/\/us.edu.pl\/wydzial\/wpia\/wp-json\/wp\/v2\/pages\/159771\/revisions\/159774"}],"up":[{"embeddable":true,"href":"https:\/\/us.edu.pl\/wydzial\/wpia\/wp-json\/wp\/v2\/pages\/2149"}],"wp:attachment":[{"href":"https:\/\/us.edu.pl\/wydzial\/wpia\/wp-json\/wp\/v2\/media?parent=159771"}],"curies":[{"name":"wp","href":"https:\/\/api.w.org\/{rel}","templated":true}]}}