{"id":159782,"date":"2022-12-01T14:37:57","date_gmt":"2022-12-01T13:37:57","guid":{"rendered":"https:\/\/us.edu.pl\/wydzial\/wpia\/?page_id=159782"},"modified":"2025-09-23T12:06:19","modified_gmt":"2025-09-23T10:06:19","slug":"programy-studiow","status":"publish","type":"page","link":"https:\/\/us.edu.pl\/wydzial\/wpia\/ksztalcenie\/programy-studiow\/","title":{"rendered":"Programy studi\u00f3w"},"content":{"rendered":"<p>[vc_row][vc_column]\r\n                <div class=\"text-modules\">\r\n                    <div class=\"container\">\r\n                        <h3 class=\"page-title text__title\">Programy studi\u00f3w<\/h3>\r\n                        <div class=\"text-modules__content\"><\/div>\r\n                    <\/div>\r\n                <\/div>[\/vc_column][\/vc_row][vc_row][vc_column][vc_tta_tabs style=&#8221;modern&#8221; color=&#8221;blue&#8221; spacing=&#8221;10&#8243; gap=&#8221;3&#8243; alignment=&#8221;center&#8221; active_section=&#8221;1&#8243; pagination_style=&#8221;flat-rounded&#8221; pagination_color=&#8221;sky&#8221; css_animation=&#8221;fadeIn&#8221;][vc_tta_section i_position=&#8221;right&#8221; i_type=&#8221;material&#8221; i_icon_material=&#8221;vc-material vc-material-looks_one&#8221; add_icon=&#8221;true&#8221; title=&#8221;Studia Pierwszego Stopnia&#8221; tab_id=&#8221;1669900316261-bde26e18-727e&#8221;][vc_btn title=&#8221;Administracja Stacjonarna&#8221; color=&#8221;primary&#8221; size=&#8221;lg&#8221; align=&#8221;center&#8221; link=&#8221;url:https%3A%2F%2Finformator.us.edu.pl%2Fprogrammes%2Flist%2Ffirst%2FAD%2F07-S1AD12.2019%2F&#8221;][vc_btn title=&#8221;Administracja Niestacjonarna&#8221; color=&#8221;primary&#8221; size=&#8221;lg&#8221; align=&#8221;center&#8221; link=&#8221;url:https%3A%2F%2Finformator.us.edu.pl%2Fprogrammes%2Flist%2Ffirst%2FAD%2F07-N1AD12.2019%2F&#8221;][vc_btn title=&#8221;Przedsi\u0119biorczo\u015b\u0107 Stacjonarna&#8221; color=&#8221;primary&#8221; size=&#8221;lg&#8221; align=&#8221;center&#8221; link=&#8221;url:https%3A%2F%2Finformator.us.edu.pl%2Fprogrammes%2Flist%2Ffirst%2FPB%2F07-S1PB13.2019%2F&#8221;][\/vc_tta_section][vc_tta_section i_position=&#8221;right&#8221; i_type=&#8221;material&#8221; i_icon_material=&#8221;vc-material vc-material-looks_two&#8221; add_icon=&#8221;true&#8221; title=&#8221;Studia Drugiego Stopnia&#8221; tab_id=&#8221;1669900316272-ab7748c4-07eb&#8221;][vc_btn title=&#8221;Administracja Stacjonarna&#8221; color=&#8221;primary&#8221; size=&#8221;lg&#8221; align=&#8221;center&#8221; link=&#8221;url:https%3A%2F%2Finformator.us.edu.pl%2Fprogrammes%2Flist%2Fsecond%2FAD%2FW5-S2AD19.2021%2F&#8221;][vc_btn title=&#8221;Administracja Niestacjonarna&#8221; color=&#8221;primary&#8221; size=&#8221;lg&#8221; align=&#8221;center&#8221; link=&#8221;url:https%3A%2F%2Finformator.us.edu.pl%2Fprogrammes%2Flist%2Fall%2FAD%2FW5-N2AD19.2024%2F%3F_s%3D1&#8243;][vc_btn title=&#8221;Przedsi\u0119biorczo\u015b\u0107 Stacjonarna&#8221; color=&#8221;primary&#8221; size=&#8221;lg&#8221; align=&#8221;center&#8221; link=&#8221;url:https%3A%2F%2Finformator.us.edu.pl%2Fprogrammes%2Flist%2Fsecond%2FPB%2F07-S2PB13.2019%2F&#8221;][vc_btn title=&#8221;Administrowanie \u015arodowiskiem Stacjonarne&#8221; color=&#8221;primary&#8221; size=&#8221;lg&#8221; align=&#8221;center&#8221; link=&#8221;url:https%3A%2F%2Finformator.us.edu.pl%2Fprogrammes%2Flist%2Fsecond%2FAS%2FW5-S2AS20.2022%2F&#8221;][vc_btn title=&#8221;International Business Law and Arbitration Stacjonarne&#8221; color=&#8221;primary&#8221; size=&#8221;lg&#8221; align=&#8221;center&#8221; link=&#8221;url:https%3A%2F%2Finformator.us.edu.pl%2Fprogrammes%2Flist%2Fforeign%2FLA%2F07-S2LA19.2019%2F&#8221;][vc_btn title=&#8221;Prawo w biznesie&#8221; color=&#8221;primary&#8221; size=&#8221;lg&#8221; align=&#8221;center&#8221; link=&#8221;url:https%3A%2F%2Finformator.us.edu.pl%2Fprogrammes%2Flist%2Fsecond%2FLB%2FW5-S2LB24.2024%2F&#8221;][\/vc_tta_section][vc_tta_section i_position=&#8221;right&#8221; i_icon_fontawesome=&#8221;fas fa-user-graduate&#8221; add_icon=&#8221;true&#8221; title=&#8221;Studia Jednolite Magisterskie&#8221; tab_id=&#8221;1669900348496-7565f02e-f7ab&#8221;][vc_btn title=&#8221;Prawo Stacjonarne&#8221; color=&#8221;primary&#8221; size=&#8221;lg&#8221; align=&#8221;center&#8221; link=&#8221;url:https%3A%2F%2Finformator.us.edu.pl%2Fprogrammes%2Flist%2Fall%2FPR%2F&#8221;][vc_btn title=&#8221;Prawo Niestacjonarne&#8221; color=&#8221;primary&#8221; size=&#8221;lg&#8221; align=&#8221;center&#8221; link=&#8221;url:https%3A%2F%2Finformator.us.edu.pl%2Fprogrammes%2Flist%2Flong%2FPR%2F07-NMPR12.2019%2F&#8221;][\/vc_tta_section][\/vc_tta_tabs][\/vc_column][\/vc_row]<\/p>","protected":false},"excerpt":{"rendered":"<p>[vc_row][vc_column][\/vc_column][\/vc_row][vc_row][vc_column][vc_tta_tabs style=&#8221;modern&#8221; color=&#8221;blue&#8221; spacing=&#8221;10&#8243; gap=&#8221;3&#8243; alignment=&#8221;center&#8221; active_section=&#8221;1&#8243; pagination_style=&#8221;flat-rounded&#8221; pagination_color=&#8221;sky&#8221; css_animation=&#8221;fadeIn&#8221;][vc_tta_section i_position=&#8221;right&#8221; i_type=&#8221;material&#8221; i_icon_material=&#8221;vc-material vc-material-looks_one&#8221; add_icon=&#8221;true&#8221; title=&#8221;Studia Pierwszego Stopnia&#8221; tab_id=&#8221;1669900316261-bde26e18-727e&#8221;][vc_btn title=&#8221;Administracja Stacjonarna&#8221; color=&#8221;primary&#8221; size=&#8221;lg&#8221; align=&#8221;center&#8221; link=&#8221;url:https%3A%2F%2Finformator.us.edu.pl%2Fprogrammes%2Flist%2Ffirst%2FAD%2F07-S1AD12.2019%2F&#8221;][vc_btn title=&#8221;Administracja Niestacjonarna&#8221; color=&#8221;primary&#8221; size=&#8221;lg&#8221; align=&#8221;center&#8221; link=&#8221;url:https%3A%2F%2Finformator.us.edu.pl%2Fprogrammes%2Flist%2Ffirst%2FAD%2F07-N1AD12.2019%2F&#8221;][vc_btn title=&#8221;Przedsi\u0119biorczo\u015b\u0107 Stacjonarna&#8221; color=&#8221;primary&#8221; size=&#8221;lg&#8221; align=&#8221;center&#8221; link=&#8221;url:https%3A%2F%2Finformator.us.edu.pl%2Fprogrammes%2Flist%2Ffirst%2FPB%2F07-S1PB13.2019%2F&#8221;][\/vc_tta_section][vc_tta_section i_position=&#8221;right&#8221; i_type=&#8221;material&#8221; i_icon_material=&#8221;vc-material vc-material-looks_two&#8221; add_icon=&#8221;true&#8221; title=&#8221;Studia Drugiego Stopnia&#8221; tab_id=&#8221;1669900316272-ab7748c4-07eb&#8221;][vc_btn title=&#8221;Administracja Stacjonarna&#8221; color=&#8221;primary&#8221; size=&#8221;lg&#8221; align=&#8221;center&#8221; link=&#8221;url:https%3A%2F%2Finformator.us.edu.pl%2Fprogrammes%2Flist%2Fsecond%2FAD%2FW5-S2AD19.2021%2F&#8221;][vc_btn title=&#8221;Administracja Niestacjonarna&#8221; color=&#8221;primary&#8221; [&#8230;]<\/p>\n<p><a class=\"btn btn-secondary understrap-read-more-link\" href=\"https:\/\/us.edu.pl\/wydzial\/wpia\/ksztalcenie\/programy-studiow\/\">Read More&#8230;<\/a><\/p>\n","protected":false},"author":3414,"featured_media":0,"parent":1998,"menu_order":5,"comment_status":"closed","ping_status":"closed","template":"page-templates\/inner-page.php","meta":{"_expiration-date-status":"","_expiration-date":0,"_expiration-date-type":"","_expiration-date-categories":[],"_expiration-date-options":[]},"acf":[],"_links":{"self":[{"href":"https:\/\/us.edu.pl\/wydzial\/wpia\/wp-json\/wp\/v2\/pages\/159782"}],"collection":[{"href":"https:\/\/us.edu.pl\/wydzial\/wpia\/wp-json\/wp\/v2\/pages"}],"about":[{"href":"https:\/\/us.edu.pl\/wydzial\/wpia\/wp-json\/wp\/v2\/types\/page"}],"author":[{"embeddable":true,"href":"https:\/\/us.edu.pl\/wydzial\/wpia\/wp-json\/wp\/v2\/users\/3414"}],"replies":[{"embeddable":true,"href":"https:\/\/us.edu.pl\/wydzial\/wpia\/wp-json\/wp\/v2\/comments?post=159782"}],"version-history":[{"count":7,"href":"https:\/\/us.edu.pl\/wydzial\/wpia\/wp-json\/wp\/v2\/pages\/159782\/revisions"}],"predecessor-version":[{"id":193295,"href":"https:\/\/us.edu.pl\/wydzial\/wpia\/wp-json\/wp\/v2\/pages\/159782\/revisions\/193295"}],"up":[{"embeddable":true,"href":"https:\/\/us.edu.pl\/wydzial\/wpia\/wp-json\/wp\/v2\/pages\/1998"}],"wp:attachment":[{"href":"https:\/\/us.edu.pl\/wydzial\/wpia\/wp-json\/wp\/v2\/media?parent=159782"}],"curies":[{"name":"wp","href":"https:\/\/api.w.org\/{rel}","templated":true}]}}