{"id":159796,"date":"2022-12-01T15:21:35","date_gmt":"2022-12-01T14:21:35","guid":{"rendered":"https:\/\/us.edu.pl\/wydzial\/wpia\/?page_id=159796"},"modified":"2025-07-04T12:20:23","modified_gmt":"2025-07-04T10:20:23","slug":"proces-dyplomowania","status":"publish","type":"page","link":"https:\/\/us.edu.pl\/wydzial\/wpia\/student\/proces-dyplomowania\/","title":{"rendered":"Proces dyplomowania"},"content":{"rendered":"<p>[vc_row][vc_column]\r\n                <div class=\"text-modules\">\r\n                    <div class=\"container\">\r\n                        <h3 class=\"page-title text__title\">Proces dyplomowania<\/h3>\r\n                        <div class=\"text-modules__content\"><p><span style=\"color: #ff0000;\"><strong><span style=\"font-size: 14pt;\">PRZEWODNIK PO PROCESIE DYPLOMOWANIA 2025<\/span><\/strong><\/span><\/p>\n<p><span style=\"font-size: 12pt;\"><a href=\"https:\/\/us.edu.pl\/wydzial\/wpia\/wp-content\/uploads\/sites\/19\/2025\/06\/PRZEWODNIK-DYPLOMANTA-2024_2025.pdf\" class=\"mtli_attachment mtli_pdf\" data-mtli=\"mtli_filesize350,40kB\" class=\"mtli_attachment mtli_pdf\" data-mtli=\"mtli_filesize350,40kB\">PRZEWODNIK-DYPLOMANTA-2024_2025<\/a><\/span><\/p>\n<p><span style=\"font-size: 12pt;\">Szczeg\u00f3\u0142owe informacje dotycz\u0105ce procesu sk\u0142adania prac dyplomowych znajduj\u0105 si\u0119 pod linkiem:<\/span><\/p>\n<p><span style=\"font-size: 12pt;\"><a href=\"https:\/\/apd.us.edu.pl\/?_s=1\">Archiwum Prac Dyplomowych<\/a><\/span><\/p>\n<p>&nbsp;<\/p>\n<p><strong><span style=\"font-size: 12pt;\">Akty normatywne<\/span><\/strong><\/p>\n<p><span style=\"font-size: 12pt;\">W Regulaminie Studi\u00f3w U\u015a:<\/span><\/p>\n<ul>\n<li><span style=\"font-size: 12pt;\">Dzia\u0142 VI: PRACA DYPLOMOWA; <a href=\"https:\/\/us.edu.pl\/student\/wp-content\/uploads\/sites\/3\/dokumenty\/Najwazniejsze-akty-prawne\/zal_do_108_2021.pdf\" class=\"mtli_attachment mtli_pdf\" class=\"mtli_attachment mtli_pdf\">\u00a7\u00a7 34-35<\/a>.<\/span><\/li>\n<li><span style=\"font-size: 12pt;\">Dzia\u0142 VII: EGZAMIN DYPLOMOWY;\u00a0 <a href=\"https:\/\/us.edu.pl\/student\/wp-content\/uploads\/sites\/3\/dokumenty\/Najwazniejsze-akty-prawne\/zal_do_108_2021.pdf\" class=\"mtli_attachment mtli_pdf\" class=\"mtli_attachment mtli_pdf\">\u00a7\u00a7 36-39<\/a>.<\/span><\/li>\n<\/ul>\n<p><span style=\"font-size: 12pt;\"><a class=\"mtli_attachment mtli_pdf mtli_attachment mtli_pdf mtli_attachment mtli_pdf\" href=\"https:\/\/us.edu.pl\/wydzial\/wpia\/wp-content\/uploads\/sites\/19\/Akty-prawa-wewnetrznego\/zarzadzenia-Dziekana\/Zarzadzenie-nr-14-2022-z-dnia-6-wrzesnia-2022-r..pdf\" data-mtli=\"mtli_filesize1,51MB\" data-mtli=\"mtli_filesize1,51MB\" data-mtli=\"mtli_filesize1,51MB\">Zarz\u0105dzenie nr 14\/2022 Dziekana Wydzia\u0142u Prawa i Administracji z dnia 6 wrze\u015bnia 2022 r. w sprawie szczeg\u00f3\u0142owych zasad weryfikacji osi\u0105gni\u0119tych efekt\u00f3w uczenia si\u0119 oraz przeprowadzania egzaminu dyplomowego.<\/a><\/span><\/p>\n<p><span style=\"font-size: 12pt;\"><a href=\"https:\/\/us.edu.pl\/wydzial\/wpia\/wp-content\/uploads\/sites\/19\/Akty-prawa-wewnetrznego\/Zarzadzanie-Rektora-nr-201-z-dnia-23-listopada-2021-r..pdf\" class=\"mtli_attachment mtli_pdf\" data-mtli=\"mtli_filesize117,57kB\" class=\"mtli_attachment mtli_pdf\" data-mtli=\"mtli_filesize117,57kB\">Zarz\u0105dzenie nr 201\/2021 Rektora Uniwersytetu \u015al\u0105skiego w Katowicach z dnia 23 listopada 2021 r. w sprawie wprowadzenia procedury sk\u0142adania i archiwizowania pisemnych prac dyplomowych w bazie elektronicznej.<\/a><\/span><\/p>\n<p><span style=\"font-size: 12pt;\"><a href=\"https:\/\/us.edu.pl\/wydzial\/wpia\/wp-content\/uploads\/sites\/19\/Akty-prawa-wewnetrznego\/zalacznik_201_2021.docx\" class=\"mtli_attachment mtli_docx\" data-mtli=\"mtli_filesize107,05kB\" class=\"mtli_attachment mtli_docx\" data-mtli=\"mtli_filesize107,05kB\">Projekt strony tytu\u0142owej pracy &#8211; za\u0142\u0105cznik do zarz\u0105dzenia nr 201 Rektora <span style=\"font-size: 12pt;\">Uniwersytetu \u015al\u0105skiego w Katowicach z dnia 23 listopada 2021 r.<\/span><\/a><\/span><\/p>\n<p>&nbsp;<\/p>\n<p><span style=\"font-size: 12pt;\"><strong>Dobre praktyki pisania prac dyplomowych<\/strong>:<\/span><\/p>\n<p><a href=\"https:\/\/us.edu.pl\/wydzial\/wpia\/wp-content\/uploads\/sites\/19\/Akty-prawa-wewnetrznego\/Wskazowki-do-pisania-prac-dyplomowych.pdf\" class=\"mtli_attachment mtli_pdf\" data-mtli=\"mtli_filesize280,20kB\" class=\"mtli_attachment mtli_pdf\" data-mtli=\"mtli_filesize280,20kB\"><span style=\"font-size: 12pt;\">Wskaz\u00f3wki do pisania prac dyplomowych<\/span><\/a><\/p>\n<style type=\"text\/css\">a[data-mtli~=\"mtli_filesize350,40kB\"]:after {content:\" (350,40 kB)\"}a[data-mtli~=\"mtli_filesize1,51MB\"]:after {content:\" (1,51 MB)\"}a[data-mtli~=\"mtli_filesize117,57kB\"]:after {content:\" (117,57 kB)\"}a[data-mtli~=\"mtli_filesize107,05kB\"]:after {content:\" (107,05 kB)\"}a[data-mtli~=\"mtli_filesize280,20kB\"]:after {content:\" (280,20 kB)\"}<\/style><\/div>\r\n                    <\/div>\r\n                <\/div>[\/vc_column][\/vc_row][vc_row][vc_column]\r\n                <div class=\"tiles-section\" style=\"background: \">\r\n                    <div class=\"container\">\r\n                        <h3 class=\"page-title\">Zagadnienia na egzamin dyplomowy<\/h3>\r\n                        <div class=\"tiles tiles-3\">\r\n                            <a href=\"https:\/\/us.edu.pl\/wydzial\/wpia\/student\/proces-dyplomowania\/prawo-proces-dyplomowania\/\" class=\"tile tile_ justify-content-center\" style=\"background-color: #002E5A; font-weight: bold; color: #ffffff;  \">\r\n                                \r\n                                   \r\n                               \r\n                                <div class=\"tile__name\">Prawo<\/div>\r\n                            <\/a>\r\n                            <a href=\"https:\/\/us.edu.pl\/wydzial\/wpia\/student\/proces-dyplomowania\/administracja-proces-dyplomowania\/\" class=\"tile tile_ justify-content-center\" style=\"background-color: #ffffff; font-weight: bold; color: #002E5A;  \">\r\n                                \r\n                                   \r\n                               \r\n                                <div class=\"tile__name\">Administracja<\/div>\r\n                            <\/a>\r\n                            <a href=\"https:\/\/us.edu.pl\/wydzial\/wpia\/student\/proces-dyplomowania\/przedsiebiorczosc-proces-dyplomowania\/\" class=\"tile tile_ justify-content-center\" style=\"background-color: #002E5A; font-weight: bold; color: #ffffff;  \">\r\n                                \r\n                                   \r\n                               \r\n                                <div class=\"tile__name\">Przedsi\u0119biorczo\u015b\u0107<\/div>\r\n                            <\/a>\r\n                            <a href=\"https:\/\/us.edu.pl\/wydzial\/wpia\/student\/proces-dyplomowania\/administrowanie-srodowiskiem-proces-dyplomowania\/\" class=\"tile tile_ justify-content-center\" style=\"background-color: #ffffff; font-weight: bold; color: #002E5A;  \">\r\n                                \r\n                                   \r\n                               \r\n                                <div class=\"tile__name\">Administrowanie \u015arodowiskiem<\/div>\r\n                            <\/a>\r\n                            <a href=\"https:\/\/us.edu.pl\/wydzial\/wpia\/student\/proces-dyplomowania\/ibla-proces-dyplomowania\/\" class=\"tile tile_ justify-content-center\" style=\"background-color: #002E5A; font-weight: bold; color: #ffffff;  \">\r\n                                \r\n                                   \r\n                               \r\n                                <div class=\"tile__name\">International Business Law and Arbitration<\/div>\r\n                            <\/a>\r\n                            <a href=\"https:\/\/us.edu.pl\/wydzial\/wpia\/student\/proces-dyplomowania\/prawo-w-biznesie-proces-dyplomowania\/\" class=\"tile tile_ justify-content-center\" style=\"background-color: #ffffff; font-weight: bold; color: #002E5A;  \">\r\n                                \r\n                                   \r\n                               \r\n                                <div class=\"tile__name\">Prawo w biznesie<\/div>\r\n                            <\/a><\/div>\r\n                    <\/div>\r\n                <\/div>[\/vc_column][\/vc_row][vc_column][\/vc_column]<\/p>\n<style type=\"text\/css\">a[data-mtli~=\"mtli_filesize350,40kB\"]:after {content:\" (350,40 kB)\"}a[data-mtli~=\"mtli_filesize1,51MB\"]:after {content:\" (1,51 MB)\"}a[data-mtli~=\"mtli_filesize117,57kB\"]:after {content:\" (117,57 kB)\"}a[data-mtli~=\"mtli_filesize107,05kB\"]:after {content:\" (107,05 kB)\"}a[data-mtli~=\"mtli_filesize280,20kB\"]:after {content:\" (280,20 kB)\"}<\/style>","protected":false},"excerpt":{"rendered":"<p>[vc_row][vc_column][\/vc_column][\/vc_row][vc_row][vc_column][\/vc_column][\/vc_row][vc_column][\/vc_column] [&#8230;]<\/p>\n<p><a class=\"btn btn-secondary understrap-read-more-link\" href=\"https:\/\/us.edu.pl\/wydzial\/wpia\/student\/proces-dyplomowania\/\">Read More&#8230;<\/a><\/p>\n","protected":false},"author":3414,"featured_media":0,"parent":286,"menu_order":9,"comment_status":"closed","ping_status":"closed","template":"page-templates\/inner-page.php","meta":{"_expiration-date-status":"","_expiration-date":0,"_expiration-date-type":"","_expiration-date-categories":[],"_expiration-date-options":[]},"acf":[],"_links":{"self":[{"href":"https:\/\/us.edu.pl\/wydzial\/wpia\/wp-json\/wp\/v2\/pages\/159796"}],"collection":[{"href":"https:\/\/us.edu.pl\/wydzial\/wpia\/wp-json\/wp\/v2\/pages"}],"about":[{"href":"https:\/\/us.edu.pl\/wydzial\/wpia\/wp-json\/wp\/v2\/types\/page"}],"author":[{"embeddable":true,"href":"https:\/\/us.edu.pl\/wydzial\/wpia\/wp-json\/wp\/v2\/users\/3414"}],"replies":[{"embeddable":true,"href":"https:\/\/us.edu.pl\/wydzial\/wpia\/wp-json\/wp\/v2\/comments?post=159796"}],"version-history":[{"count":10,"href":"https:\/\/us.edu.pl\/wydzial\/wpia\/wp-json\/wp\/v2\/pages\/159796\/revisions"}],"predecessor-version":[{"id":191248,"href":"https:\/\/us.edu.pl\/wydzial\/wpia\/wp-json\/wp\/v2\/pages\/159796\/revisions\/191248"}],"up":[{"embeddable":true,"href":"https:\/\/us.edu.pl\/wydzial\/wpia\/wp-json\/wp\/v2\/pages\/286"}],"wp:attachment":[{"href":"https:\/\/us.edu.pl\/wydzial\/wpia\/wp-json\/wp\/v2\/media?parent=159796"}],"curies":[{"name":"wp","href":"https:\/\/api.w.org\/{rel}","templated":true}]}}