{"id":160193,"date":"2022-12-19T09:18:09","date_gmt":"2022-12-19T08:18:09","guid":{"rendered":"https:\/\/us.edu.pl\/wydzial\/wpia\/?page_id=160193"},"modified":"2025-09-23T09:33:37","modified_gmt":"2025-09-23T07:33:37","slug":"przedsiebiorczosc-proces-dyplomowania","status":"publish","type":"page","link":"https:\/\/us.edu.pl\/wydzial\/wpia\/student\/proces-dyplomowania\/przedsiebiorczosc-proces-dyplomowania\/","title":{"rendered":"Przedsi\u0119biorczo\u015b\u0107 &#8211; Proces dyplomowania"},"content":{"rendered":"<p>[vc_row][vc_column][vc_column_text][\/vc_column_text][\/vc_column][\/vc_row][vc_row][vc_column]\r\n                <div class=\"text-modules\">\r\n                    <div class=\"container\">\r\n                        <h3 class=\"page-title text__title\">Zagadnienia na egzamin dyplomowy z kierunku przedsi\u0119biorczo\u015b\u0107<\/h3>\r\n                        <div class=\"text-modules__content\"><p><a href=\"https:\/\/us.edu.pl\/wydzial\/wpia\/wp-content\/uploads\/sites\/19\/Ksztalcenie\/Proces-dyplomowania\/Przedsiebiorczosc\/dr-Bilgorajski-Artur.pdf\" class=\"mtli_attachment mtli_pdf\" data-mtli=\"mtli_filesize105,58kB\" class=\"mtli_attachment mtli_pdf\" data-mtli=\"mtli_filesize105,58kB\">dr Bi\u0142gorajski Artur<\/a><\/p>\n<p><a href=\"https:\/\/us.edu.pl\/wydzial\/wpia\/wp-content\/uploads\/sites\/19\/Ksztalcenie\/Proces-dyplomowania\/Przedsiebiorczosc\/dr-Bulawa-Piotr.pdf\" class=\"mtli_attachment mtli_pdf\" data-mtli=\"mtli_filesize107,97kB\" class=\"mtli_attachment mtli_pdf\" data-mtli=\"mtli_filesize107,97kB\">dr Bu\u0142awa Piotr<\/a><\/p>\n<p><a href=\"https:\/\/us.edu.pl\/wydzial\/wpia\/wp-content\/uploads\/sites\/19\/Ksztalcenie\/Proces-dyplomowania\/Przedsiebiorczosc\/dr-Gala-Pawel.pdf\" class=\"mtli_attachment mtli_pdf\" data-mtli=\"mtli_filesize107,87kB\" class=\"mtli_attachment mtli_pdf\" data-mtli=\"mtli_filesize107,87kB\">dr Ga\u0142a Pawe\u0142<\/a><\/p>\n<p><a href=\"https:\/\/us.edu.pl\/wydzial\/wpia\/wp-content\/uploads\/sites\/19\/Ksztalcenie\/Proces-dyplomowania\/Przedsiebiorczosc\/dr-Gwozdz-Tomasz.pdf\" class=\"mtli_attachment mtli_pdf\" data-mtli=\"mtli_filesize105,79kB\" class=\"mtli_attachment mtli_pdf\" data-mtli=\"mtli_filesize105,79kB\">dr Gw\u00f3\u017ad\u017a Tomasz<\/a><\/p>\n<p><a href=\"https:\/\/us.edu.pl\/wydzial\/wpia\/wp-content\/uploads\/sites\/19\/2025\/06\/dr-Jez-Radoslaw-2.pdf\" class=\"mtli_attachment mtli_pdf\" data-mtli=\"mtli_filesize115,12kB\" class=\"mtli_attachment mtli_pdf\" data-mtli=\"mtli_filesize115,12kB\">dr Je\u017c Rados\u0142aw<\/a><\/p>\n<p><a href=\"https:\/\/us.edu.pl\/wydzial\/wpia\/wp-content\/uploads\/sites\/19\/Ksztalcenie\/Proces-dyplomowania\/Przedsiebiorczosc\/dr-Koczur-Joanna.pdf\" class=\"mtli_attachment mtli_pdf\" data-mtli=\"mtli_filesize106,10kB\" class=\"mtli_attachment mtli_pdf\" data-mtli=\"mtli_filesize106,10kB\">dr Koczur Joanna<\/a><\/p>\n<p><a href=\"https:\/\/us.edu.pl\/wydzial\/wpia\/wp-content\/uploads\/sites\/19\/Ksztalcenie\/Proces-dyplomowania\/Przedsiebiorczosc\/dr-Lata-Monika.pdf\" class=\"mtli_attachment mtli_pdf\" data-mtli=\"mtli_filesize107,62kB\" class=\"mtli_attachment mtli_pdf\" data-mtli=\"mtli_filesize107,62kB\">dr \u0141ata Monika<\/a><\/p>\n<p><a href=\"https:\/\/us.edu.pl\/wydzial\/wpia\/wp-content\/uploads\/sites\/19\/Ksztalcenie\/Proces-dyplomowania\/Przedsiebiorczosc\/dr-hab.-Lobos-Kotowska-Dorota-prof.-US.pdf\" class=\"mtli_attachment mtli_pdf\" data-mtli=\"mtli_filesize113,83kB\" class=\"mtli_attachment mtli_pdf\" data-mtli=\"mtli_filesize113,83kB\">dr hab. \u0141obos-Kotowska Dorota, prof. U\u015a<\/a><\/p>\n<p><a href=\"https:\/\/us.edu.pl\/wydzial\/wpia\/wp-content\/uploads\/sites\/19\/Ksztalcenie\/Proces-dyplomowania\/Przedsiebiorczosc\/dr-Owczarczuk-Slawomir.pdf\" class=\"mtli_attachment mtli_pdf\" data-mtli=\"mtli_filesize107,13kB\" class=\"mtli_attachment mtli_pdf\" data-mtli=\"mtli_filesize107,13kB\">dr Owczarczuk S\u0142awomir<\/a><\/p>\n<p><a href=\"https:\/\/us.edu.pl\/wydzial\/wpia\/wp-content\/uploads\/sites\/19\/Ksztalcenie\/Proces-dyplomowania\/Przedsiebiorczosc\/prof.-dr-hab.-Pinior-Piotr.pdf\" class=\"mtli_attachment mtli_pdf\" data-mtli=\"mtli_filesize108,38kB\" class=\"mtli_attachment mtli_pdf\" data-mtli=\"mtli_filesize108,38kB\">prof. dr hab. Pinior Piotr<\/a><\/p>\n<p><a href=\"https:\/\/us.edu.pl\/wydzial\/wpia\/wp-content\/uploads\/sites\/19\/Ksztalcenie\/Proces-dyplomowania\/Przedsiebiorczosc\/dr-hab.-Piwowarczyk-Agnieszka-St.-I-stopnia.pdf\" class=\"mtli_attachment mtli_pdf\" data-mtli=\"mtli_filesize107,43kB\" class=\"mtli_attachment mtli_pdf\" data-mtli=\"mtli_filesize107,43kB\">dr hab. Piwowarczyk Agnieszka (St. I stopnia)<\/a><\/p>\n<p><a href=\"https:\/\/us.edu.pl\/wydzial\/wpia\/wp-content\/uploads\/sites\/19\/Ksztalcenie\/Proces-dyplomowania\/Przedsiebiorczosc\/dr-hab.-Agnieszka-Piwowarczyk-St.II-stopnia.pdf\" class=\"mtli_attachment mtli_pdf\" data-mtli=\"mtli_filesize285,30kB\" class=\"mtli_attachment mtli_pdf\" data-mtli=\"mtli_filesize285,30kB\">dr hab. Piwowarczyk Agniesyka (St.II stopnia)<\/a><\/p>\n<p><a href=\"https:\/\/us.edu.pl\/wydzial\/wpia\/wp-content\/uploads\/sites\/19\/Ksztalcenie\/Proces-dyplomowania\/Przedsiebiorczosc\/dr-hab.-Przeszlo-Ewa-prof.-US.pdf\" class=\"mtli_attachment mtli_pdf\" data-mtli=\"mtli_filesize114,66kB\" class=\"mtli_attachment mtli_pdf\" data-mtli=\"mtli_filesize114,66kB\">dr hab. Przesz\u0142o Ewa, prof. U\u015a<\/a><\/p>\n<p><a href=\"https:\/\/us.edu.pl\/wydzial\/wpia\/wp-content\/uploads\/sites\/19\/Ksztalcenie\/Proces-dyplomowania\/Przedsiebiorczosc\/dr-Rybak-Karkosz-Oliwia.pdf\" class=\"mtli_attachment mtli_pdf\" data-mtli=\"mtli_filesize107,95kB\" class=\"mtli_attachment mtli_pdf\" data-mtli=\"mtli_filesize107,95kB\">dr Rybak-Karkosz Oliwia<\/a><\/p>\n<p><a href=\"https:\/\/us.edu.pl\/wydzial\/wpia\/wp-content\/uploads\/sites\/19\/Ksztalcenie\/Proces-dyplomowania\/Przedsiebiorczosc\/dr-Malgorzata-Lubelska-Sazanow.pdf\" class=\"mtli_attachment mtli_pdf\" data-mtli=\"mtli_filesize109,68kB\" class=\"mtli_attachment mtli_pdf\" data-mtli=\"mtli_filesize109,68kB\">dr Ma\u0142gorzata Lubelska-Sazan\u00f3w<\/a><\/p>\n<p><a href=\"https:\/\/us.edu.pl\/wydzial\/wpia\/wp-content\/uploads\/sites\/19\/Ksztalcenie\/Proces-dyplomowania\/Przedsiebiorczosc\/dr-Wyrzykowski-Wojciech.pdf\" class=\"mtli_attachment mtli_pdf\" data-mtli=\"mtli_filesize459,42kB\" class=\"mtli_attachment mtli_pdf\" data-mtli=\"mtli_filesize459,42kB\">dr Wyrzykowski Wojciech<\/a><\/p>\n<p><a href=\"https:\/\/us.edu.pl\/wydzial\/wpia\/wp-content\/uploads\/sites\/19\/Ksztalcenie\/Proces-dyplomowania\/Przedsiebiorczosc\/dr-Zielinska-Ewa.pdf\" class=\"mtli_attachment mtli_pdf\" data-mtli=\"mtli_filesize104,72kB\" class=\"mtli_attachment mtli_pdf\" data-mtli=\"mtli_filesize104,72kB\">dr Zieli\u0144ska Ewa<\/a><\/p>\n<style type=\"text\/css\">a[data-mtli~=\"mtli_filesize105,58kB\"]:after {content:\" (105,58 kB)\"}a[data-mtli~=\"mtli_filesize107,97kB\"]:after {content:\" (107,97 kB)\"}a[data-mtli~=\"mtli_filesize107,87kB\"]:after {content:\" (107,87 kB)\"}a[data-mtli~=\"mtli_filesize105,79kB\"]:after {content:\" (105,79 kB)\"}a[data-mtli~=\"mtli_filesize115,12kB\"]:after {content:\" (115,12 kB)\"}a[data-mtli~=\"mtli_filesize106,10kB\"]:after {content:\" (106,10 kB)\"}a[data-mtli~=\"mtli_filesize107,62kB\"]:after {content:\" (107,62 kB)\"}a[data-mtli~=\"mtli_filesize113,83kB\"]:after {content:\" (113,83 kB)\"}a[data-mtli~=\"mtli_filesize107,13kB\"]:after {content:\" (107,13 kB)\"}a[data-mtli~=\"mtli_filesize108,38kB\"]:after {content:\" (108,38 kB)\"}a[data-mtli~=\"mtli_filesize107,43kB\"]:after {content:\" (107,43 kB)\"}a[data-mtli~=\"mtli_filesize285,30kB\"]:after {content:\" (285,30 kB)\"}a[data-mtli~=\"mtli_filesize114,66kB\"]:after {content:\" (114,66 kB)\"}a[data-mtli~=\"mtli_filesize107,95kB\"]:after {content:\" (107,95 kB)\"}a[data-mtli~=\"mtli_filesize109,68kB\"]:after {content:\" (109,68 kB)\"}a[data-mtli~=\"mtli_filesize459,42kB\"]:after {content:\" (459,42 kB)\"}a[data-mtli~=\"mtli_filesize104,72kB\"]:after {content:\" (104,72 kB)\"}<\/style><\/div>\r\n                    <\/div>\r\n                <\/div>[\/vc_column][\/vc_row][vc_row][vc_column][vc_column_text][\/vc_column_text][\/vc_column][\/vc_row]<\/p>\n<style type=\"text\/css\">a[data-mtli~=\"mtli_filesize105,58kB\"]:after {content:\" (105,58 kB)\"}a[data-mtli~=\"mtli_filesize107,97kB\"]:after {content:\" (107,97 kB)\"}a[data-mtli~=\"mtli_filesize107,87kB\"]:after {content:\" (107,87 kB)\"}a[data-mtli~=\"mtli_filesize105,79kB\"]:after {content:\" (105,79 kB)\"}a[data-mtli~=\"mtli_filesize115,12kB\"]:after {content:\" (115,12 kB)\"}a[data-mtli~=\"mtli_filesize106,10kB\"]:after {content:\" (106,10 kB)\"}a[data-mtli~=\"mtli_filesize107,62kB\"]:after {content:\" (107,62 kB)\"}a[data-mtli~=\"mtli_filesize113,83kB\"]:after {content:\" (113,83 kB)\"}a[data-mtli~=\"mtli_filesize107,13kB\"]:after {content:\" (107,13 kB)\"}a[data-mtli~=\"mtli_filesize108,38kB\"]:after {content:\" (108,38 kB)\"}a[data-mtli~=\"mtli_filesize107,43kB\"]:after {content:\" (107,43 kB)\"}a[data-mtli~=\"mtli_filesize285,30kB\"]:after {content:\" (285,30 kB)\"}a[data-mtli~=\"mtli_filesize114,66kB\"]:after {content:\" (114,66 kB)\"}a[data-mtli~=\"mtli_filesize107,95kB\"]:after {content:\" (107,95 kB)\"}a[data-mtli~=\"mtli_filesize109,68kB\"]:after {content:\" (109,68 kB)\"}a[data-mtli~=\"mtli_filesize459,42kB\"]:after {content:\" (459,42 kB)\"}a[data-mtli~=\"mtli_filesize104,72kB\"]:after {content:\" (104,72 kB)\"}<\/style>","protected":false},"excerpt":{"rendered":"<p>[vc_row][vc_column][vc_column_text][\/vc_column_text][\/vc_column][\/vc_row][vc_row][vc_column][\/vc_column][\/vc_row][vc_row][vc_column][vc_column_text][\/vc_column_text][\/vc_column][\/vc_row] [&#8230;]<\/p>\n<p><a class=\"btn btn-secondary understrap-read-more-link\" href=\"https:\/\/us.edu.pl\/wydzial\/wpia\/student\/proces-dyplomowania\/przedsiebiorczosc-proces-dyplomowania\/\">Read More&#8230;<\/a><\/p>\n","protected":false},"author":107,"featured_media":0,"parent":159796,"menu_order":0,"comment_status":"closed","ping_status":"closed","template":"page-templates\/inner-page.php","meta":{"_expiration-date-status":"","_expiration-date":0,"_expiration-date-type":"","_expiration-date-categories":[],"_expiration-date-options":[]},"acf":[],"_links":{"self":[{"href":"https:\/\/us.edu.pl\/wydzial\/wpia\/wp-json\/wp\/v2\/pages\/160193"}],"collection":[{"href":"https:\/\/us.edu.pl\/wydzial\/wpia\/wp-json\/wp\/v2\/pages"}],"about":[{"href":"https:\/\/us.edu.pl\/wydzial\/wpia\/wp-json\/wp\/v2\/types\/page"}],"author":[{"embeddable":true,"href":"https:\/\/us.edu.pl\/wydzial\/wpia\/wp-json\/wp\/v2\/users\/107"}],"replies":[{"embeddable":true,"href":"https:\/\/us.edu.pl\/wydzial\/wpia\/wp-json\/wp\/v2\/comments?post=160193"}],"version-history":[{"count":10,"href":"https:\/\/us.edu.pl\/wydzial\/wpia\/wp-json\/wp\/v2\/pages\/160193\/revisions"}],"predecessor-version":[{"id":193287,"href":"https:\/\/us.edu.pl\/wydzial\/wpia\/wp-json\/wp\/v2\/pages\/160193\/revisions\/193287"}],"up":[{"embeddable":true,"href":"https:\/\/us.edu.pl\/wydzial\/wpia\/wp-json\/wp\/v2\/pages\/159796"}],"wp:attachment":[{"href":"https:\/\/us.edu.pl\/wydzial\/wpia\/wp-json\/wp\/v2\/media?parent=160193"}],"curies":[{"name":"wp","href":"https:\/\/api.w.org\/{rel}","templated":true}]}}