{"id":160473,"date":"2023-01-03T13:24:53","date_gmt":"2023-01-03T12:24:53","guid":{"rendered":"https:\/\/us.edu.pl\/wydzial\/wpia\/?page_id=160473"},"modified":"2024-12-20T10:02:03","modified_gmt":"2024-12-20T09:02:03","slug":"wspolpraca-naukowo-dydaktyczna-z-liceami","status":"publish","type":"page","link":"https:\/\/us.edu.pl\/wydzial\/wpia\/wspolpraca\/wspolpraca-z-otoczeniem\/wspolpraca-z-liceami\/wspolpraca-naukowo-dydaktyczna-z-liceami\/","title":{"rendered":"Wsp\u00f3\u0142praca naukowo-dydaktyczna z liceami"},"content":{"rendered":"<p>[vc_row][vc_column]\r\n                <div class=\"text-modules\">\r\n                    <div class=\"container\">\r\n                        \r\n                        <div class=\"text-modules__content\"><p>Pe\u0142nomocnikiem Dziekana Wydzia\u0142u Prawa i Administracji U\u015a do spraw wsp\u00f3\u0142pracy i rozwoju jest Pani dr Ma\u0142gorzata Myl-Chojnacka. Pytania w sprawie wsp\u00f3\u0142pracy prosz\u0119 kierowa\u0107 na adres: <a href=\"mailto:wspolpracairozwoj.wpia@us.edu.pl\">wspolpracairozwoj.wpia@us.edu.pl<\/a><\/p>\n<p>&nbsp;<\/p>\n<p><strong>Wydzia\u0142 Prawa i Administracji Uniwersytetu \u015al\u0105skiego w Katowicach zawar\u0142 umowy o wsp\u00f3\u0142pracy naukowo\u2013dydaktycznej z nast\u0119puj\u0105cymi szko\u0142ami \u015brednimi:<\/strong><\/p>\n<p><strong>Umowy obecnie realizowane:<\/strong><\/p>\n<p>I Liceum Og\u00f3lnokszta\u0142c\u0105ce im. 14 Pu\u0142ku Powsta\u0144c\u00f3w \u015al\u0105skich w\u00a0Wodzis\u0142awiu \u015al\u0105skim<\/p>\n<p>I Liceum Og\u00f3lnokszta\u0142c\u0105ce im. Jana \u015aniadeckiego w Siemianowicach \u015al\u0105skich<\/p>\n<p>I Liceum Og\u00f3lnokszta\u0142c\u0105ce im. Kr\u00f3la Kazimierza Wielkiego w Olkuszu<\/p>\n<p>I Liceum Og\u00f3lnokszta\u0142c\u0105ce im. Waleriana \u0141ukasi\u0144skiego w\u00a0D\u0105browie G\u00f3rniczej<\/p>\n<p>I Liceum Og\u00f3lnokszta\u0142c\u0105ce z\u00a0Oddzia\u0142ami Dwuj\u0119zycznymi im. Kanclerza Jana Zamoyskiego w\u00a0D\u0105browie G\u00f3rniczej<\/p>\n<p>I Liceum Og\u00f3lnokszta\u0142c\u0105ce z\u00a0Oddzia\u0142ami Dwuj\u0119zycznymi im. Stanis\u0142awa Staszica w\u00a0Jastrz\u0119biu Zdroju<\/p>\n<p>II Liceum Og\u00f3lnokszta\u0142c\u0105ce im. Emilii Plater w\u00a0Sosnowcu<\/p>\n<p>II Liceum Og\u00f3lnokszta\u0142c\u0105ce im. Stanis\u0142awa Staszica w Tarnowskich G\u00f3rach<\/p>\n<p>II Liceum Og\u00f3lnokszta\u0142c\u0105ce im. Walerego Wr\u00f3blewskiego w\u00a0Gliwicach<\/p>\n<p>III Liceum Og\u00f3lnokszta\u0142c\u0105ce im. Stefana Batorego w\u00a0Chorzowie<\/p>\n<p>Powiatowy Zesp\u00f3\u0142 Szk\u00f3\u0142 nr 2 im Karola Miarki w\u00a0Pszczynie<\/p>\n<p>Salezja\u0144ski Zesp\u00f3\u0142 Szk\u00f3\u0142 Publicznych \u201eDon Bosko\u201d w\u00a0\u015awi\u0119toch\u0142owicach<\/p>\n<p>XIV\u00a0 Liceum Og\u00f3lnokszta\u0142c\u0105ce\u00a0 im. mjr. Henryka Sucharskiego w Katowicach<\/p>\n<p>Zesp\u00f3\u0142 Szk\u00f3\u0142 Og\u00f3lnokszta\u0142c\u0105cych Nr 4 im. Piast\u00f3w \u015al\u0105skich, VII Liceum Og\u00f3lnokszta\u0142c\u0105ce\u00a0 w Gliwicach<\/p>\n<p><strong>\u00a0<\/strong><\/p>\n<p><strong>Umowy zako\u0144czone:<\/strong><\/p>\n<p>Chorzowskie Towarzystwo Naukowe im. Kurta Adlera w\u00a0Chorzowie<\/p>\n<p>I Liceum Og\u00f3lnokszta\u0142c\u0105ce im. Tadeusza Ko\u015bciuszki w Jaworznie<\/p>\n<p>I\u00a0 Liceum Og\u00f3lnokszta\u0142c\u0105ce im. Boles\u0142awa Chrobrego w Pszczynie<\/p>\n<p>II Liceum Og\u00f3lnokszta\u0142c\u0105ce im. Powsta\u0144c\u00f3w \u015al\u0105skich w\u00a0Mys\u0142owicach<\/p>\n<p>IV Liceum Og\u00f3lnokszta\u0142c\u0105ce im. Stanis\u0142awa Staszica w\u00a0Sosnowcu<\/p>\n<p>Liceum Og\u00f3lnokszta\u0142c\u0105ce im. Ks. Stefana Kardyna\u0142a Wyszy\u0144skiego w Libi\u0105\u017cu<\/p>\n<p>V Liceum Og\u00f3lnokszta\u0142c\u0105ce im. Nikoli Tesli w Chorzowie<\/p>\n<p><strong>Formy wsp\u00f3\u0142pracy realizowane na Wydziale Prawa i Administracji:<\/strong><\/p>\n<p>W ramach wsp\u00f3\u0142pracy ze szko\u0142ami od 2014 roku\u00a0 na Wydziale regularnie odbywaj\u0105 si\u0119 <strong><em>Dni z Prawem<\/em><\/strong><em>. <\/em>Celem wydarzenia jest upowszechnianie wiedzy prawniczej w\u015br\u00f3d m\u0142odych ludzi, przybli\u017cenie specyfiki pracy w zawodach prawniczych oraz prezentacja dydaktycznej oferty wydzia\u0142u oraz jego zaplecza naukowego.<\/p>\n<p>Do tej pory Dni z Prawem odby\u0142y si\u0119 :<\/p>\n<ol>\n<li>21 pa\u017adziernika 2022 roku \u2013 <em>Europejski Dzie\u0144 Prawnika<\/em>: Zawody prawnicze;<\/li>\n<li>25 pa\u017adziernika 2021 roku w formie hybrydowej \u2013 <em>Europejski Dzie\u0144 Prawnika;<\/em><\/li>\n<li>14 kwietnia 2021 roku w formie zdalnej na platformie Zoom: <em>Dzie\u0144 z Prawem w Internecie<\/em>;<\/li>\n<li>3 i 4 kwietnia 2019 roku Dzie\u0144 z Prawem Karnym, pod tytu\u0142em\u00a0<em>Agresja werbalna<\/em>.<\/li>\n<li>1 marca 2018 roku Dzie\u0144 z Prawem Mi\u0119dzynarodowym, pod tytu\u0142em\u00a0<em>Oblicza prawa mi\u0119dzynarodowego publicznego \u2013 zbrodnie mi\u0119dzynarodowe, prawo dyplomatyczne, prawa cz\u0142owieka.<\/em><\/li>\n<li>3 \u00a0kwietnia 2017 roku Dzie\u0144 z Prawem Konstytucyjnym, pod tytu\u0142em <em>Polskie tradycje ustrojowe. Od Konstytucji 3 Maja 1791 roku do czas\u00f3w wsp\u00f3\u0142czesnych.<\/em><\/li>\n<li>17 marca 2016 roku Dzie\u0144 z Prawem Administracyjnym, pod tytu\u0142em\u00a0<em>Administracyjnoprawny status jednostki (obywatela).<\/em><\/li>\n<li>26 marca 2015 roku Dzie\u0144 z Prawem Cywilnym, pod tytu\u0142em\u00a0<em>Prawa konsument\u00f3w wed\u0142ug nowych przepis\u00f3w prawnych.<\/em><\/li>\n<li>24 kwietnia oraz 8 maja 2014 roku Dzie\u0144 z Prawem Karnym, pod tytu\u0142em\u00a0<em>Wymiar Kary<\/em>.<\/li>\n<\/ol>\n<p>Ponadto wraz z Pe\u0142nomocnikiem Dziekana Wydzia\u0142u Prawa i Administracji U\u015a do spraw koordynacji pracy oraz inicjatyw podejmowanych przez dzia\u0142aj\u0105ce na WPiA U\u015a ko\u0142a naukowe dr Grzegorzem Nanck\u0105 (<a href=\"mailto:grzegorz.nancka@us.edu.pl\">grzegorz.nancka@us.edu.pl<\/a>) oraz pracownikami Wydzia\u0142u, a tak\u017ce Ko\u0142ami Naukowymi organizowane s\u0105\u00a0<strong><em>Dni Otwarte na WPiA<\/em><\/strong><em>,<\/em>\u00a0w czasie kt\u00f3rych prezentowana jest nie tylko oferta dla przysz\u0142ych Student\u00f3w, ale tak\u017ce odbywaj\u0105 si\u0119 wyk\u0142ady i warsztaty.<\/p>\n<p>&nbsp;<\/p>\n<p><strong>\u00a0<\/strong><\/p>\n<\/div>\r\n                    <\/div>\r\n                <\/div>[\/vc_column][\/vc_row]<\/p>","protected":false},"excerpt":{"rendered":"<p>[vc_row][vc_column][\/vc_column][\/vc_row] [&#8230;]<\/p>\n<p><a class=\"btn btn-secondary understrap-read-more-link\" href=\"https:\/\/us.edu.pl\/wydzial\/wpia\/wspolpraca\/wspolpraca-z-otoczeniem\/wspolpraca-z-liceami\/wspolpraca-naukowo-dydaktyczna-z-liceami\/\">Read More&#8230;<\/a><\/p>\n","protected":false},"author":108,"featured_media":0,"parent":159603,"menu_order":4,"comment_status":"closed","ping_status":"closed","template":"page-templates\/inner-page.php","meta":{"_expiration-date-status":"","_expiration-date":0,"_expiration-date-type":"","_expiration-date-categories":[],"_expiration-date-options":[]},"acf":[],"_links":{"self":[{"href":"https:\/\/us.edu.pl\/wydzial\/wpia\/wp-json\/wp\/v2\/pages\/160473"}],"collection":[{"href":"https:\/\/us.edu.pl\/wydzial\/wpia\/wp-json\/wp\/v2\/pages"}],"about":[{"href":"https:\/\/us.edu.pl\/wydzial\/wpia\/wp-json\/wp\/v2\/types\/page"}],"author":[{"embeddable":true,"href":"https:\/\/us.edu.pl\/wydzial\/wpia\/wp-json\/wp\/v2\/users\/108"}],"replies":[{"embeddable":true,"href":"https:\/\/us.edu.pl\/wydzial\/wpia\/wp-json\/wp\/v2\/comments?post=160473"}],"version-history":[{"count":8,"href":"https:\/\/us.edu.pl\/wydzial\/wpia\/wp-json\/wp\/v2\/pages\/160473\/revisions"}],"predecessor-version":[{"id":178906,"href":"https:\/\/us.edu.pl\/wydzial\/wpia\/wp-json\/wp\/v2\/pages\/160473\/revisions\/178906"}],"up":[{"embeddable":true,"href":"https:\/\/us.edu.pl\/wydzial\/wpia\/wp-json\/wp\/v2\/pages\/159603"}],"wp:attachment":[{"href":"https:\/\/us.edu.pl\/wydzial\/wpia\/wp-json\/wp\/v2\/media?parent=160473"}],"curies":[{"name":"wp","href":"https:\/\/api.w.org\/{rel}","templated":true}]}}