{"id":160477,"date":"2023-01-03T13:29:05","date_gmt":"2023-01-03T12:29:05","guid":{"rendered":"https:\/\/us.edu.pl\/wydzial\/wpia\/?page_id=160477"},"modified":"2025-10-02T14:35:18","modified_gmt":"2025-10-02T12:35:18","slug":"oferta-dla-szkol","status":"publish","type":"page","link":"https:\/\/us.edu.pl\/wydzial\/wpia\/wspolpraca\/wspolpraca-z-otoczeniem\/wspolpraca-z-liceami\/oferta-dla-szkol\/","title":{"rendered":"Oferta dla szk\u00f3\u0142"},"content":{"rendered":"<p>[vc_row][vc_column]\r\n                <div class=\"text-modules\">\r\n                    <div class=\"container\">\r\n                        <h3 class=\"page-title text__title\">Oferta dla szk\u00f3\u0142<\/h3>\r\n                        <div class=\"text-modules__content\"><p>Zach\u0119camy do skorzystania z oferty warsztat\u00f3w dla uczni\u00f3w. Zaj\u0119cia prowadz\u0105 studenci kierunku Prawo wsp\u00f3\u0142pracuj\u0105cy z dzia\u0142aj\u0105c\u0105 przy Wydziale Prawa i Administracji Uniwersytetu \u015al\u0105skiego w Katowicach <strong>Studenck\u0105 Poradni\u0105 Prawn\u0105<\/strong>.<\/p>\n<ul>\n<li>Powt\u00f3rka maturalna dla licealist\u00f3w z WOSu &#8211; prawo konstytucyjne. Dodatkowa cz\u0119\u015b\u0107: jak si\u0119 studiuje prawo.<\/li>\n<li>Powt\u00f3rka maturalna dla licealist\u00f3w z WOSu &#8211; prawo mi\u0119dzynarodowe. Dodatkowa cz\u0119\u015b\u0107: jak si\u0119 studiuje prawo.<\/li>\n<li>Jak legalnie by\u0107 influencerem &#8211; RODO, sprzeda\u017c przez Internet, marketing i prawo konkurencji.<\/li>\n<li>Stosunek pracy a inne formy zatrudnienia.<\/li>\n<\/ul>\n<p>Osoby zainteresowane skorzystaniem z oferty proszone s\u0105 o przes\u0142anie wiadomo\u015bci mailowej na adres: <a href=\"mailto:wspolpracairozwoj.wpia@us.edu.pl\">wspolpracairozwoj.wpia@us.edu.pl<\/a><\/p>\n<\/div>\r\n                    <\/div>\r\n                <\/div>\r\n                <div class=\"text-modules\">\r\n                    <div class=\"container\">\r\n                        <h3 class=\"page-title text__title\">Wyk\u0142ady dla licealist\u00f3w - propedeutyka prawa<\/h3>\r\n                        <div class=\"text-modules__content\"><\/p>\n<p style=\"text-align: left;\"><span style=\"font-size: 12pt;\"><strong><span style=\"font-family: Verdana, sans-serif;\">Agenda wyk\u0142ad\u00f3w dla licealist\u00f3w &#8211; Propedeutyka prawa<\/span><\/strong><\/span><\/p>\n<p style=\"text-align: left;\"><span style=\"font-family: verdana, geneva, sans-serif;\"><span style=\"font-size: 12pt;\">czas trwania wyk\u0142ad\u00f3w max.60 min. Uprzejmie informujemy, \u017ce w<\/span><span style=\"font-size: 12pt;\">yk\u0142ady proponowane przez pracownik\u00f3w WPiA U\u015a b\u0119d\u0105 realizowane po wcze\u015bniejszym um\u00f3wieniu terminu; istnieje mo\u017cliwo\u015b\u0107 przeprowadzenia wyk\u0142ad\u00f3w w formie stacjonarnej lub online.<\/span><\/span><\/p>\n<p style=\"text-align: left;\"><span style=\"font-size: 12pt; font-family: verdana, geneva, sans-serif;\">Osoby zainteresowane prosimy o kontakt: <a href=\"mailto:wspolpracairozwoj.wpia@us.edu.pl\">wspolpracairozwoj.wpia@us.edu.pl<\/a><\/span><\/p>\n<p><span style=\"font-size: 12pt;\"><strong><span style=\"font-family: Verdana, sans-serif;\">1) dr Dominika Bek:<\/span><\/strong><\/span><\/p>\n<p><span style=\"font-size: 12pt; font-family: Verdana, sans-serif;\">&#8211; \u201eCzy internetowi hejterzy s\u0105 bezkarni? O mowie nienawi\u015bci\u201d;<\/span><\/p>\n<p><span style=\"font-size: 12pt; font-family: Verdana, sans-serif;\">&#8211; \u201eCzy kultura usprawiedliwia przemoc? O przest\u0119pstwach motywowanych kulturowo\u201d<\/span><\/p>\n<p><span style=\"font-size: 12pt; font-family: Verdana, sans-serif;\">&#8211; \u201eCzy przest\u0119pca mo\u017ce kupi\u0107 sobie wolno\u015b\u0107? O mediacji w sprawach karnych\u201d<\/span><\/p>\n<p><span style=\"font-size: 12pt; font-family: Verdana, sans-serif;\">\u00a0<\/span><\/p>\n<p><span style=\"font-size: 12pt;\"><strong><span style=\"font-family: Verdana, sans-serif;\">2) dr Ma\u0142gorzata Myl-Chojnacka:<\/span><\/strong><\/span><\/p>\n<p><span style=\"font-size: 12pt; font-family: Verdana, sans-serif;\">&#8211; \u201ePrawo mi\u0119dzynarodowe \u2013 gra bez s\u0119dziego? O zasadach, kt\u00f3re ratuj\u0105 \u015bwiat (cho\u0107 nie zawsze)\u201d<\/span><\/p>\n<p><span style=\"font-size: 12pt; font-family: Verdana, sans-serif;\">&#8211; &#8222;Czy w czasie wojny obowi\u0105zuje prawo? O trudnych decyzjach dow\u00f3dc\u00f3w i \u017co\u0142nierzy&#8221;<\/span><\/p>\n<p><span style=\"font-size: 12pt; font-family: Verdana, sans-serif;\">&#8211; &#8222;O prawa cz\u0142owieka w spos\u00f3b niebanalny&#8221;<\/span><\/p>\n<p><span style=\"font-size: 12pt; font-family: Verdana, sans-serif;\">\u00a0<\/span><\/p>\n<p><span style=\"font-size: 12pt;\"><strong><span style=\"font-family: Verdana, sans-serif;\">3) dr Karolina Pra\u017cmowska-Marcinowska<\/span><\/strong><\/span><\/p>\n<p><span style=\"font-size: 12pt; font-family: Verdana, sans-serif;\">&#8211; &#8222;Czy warto ratowa\u0107 \u015bnieg? S\u0142\u00f3w kilka o ludno\u015bci tubylczej&#8221;<\/span><\/p>\n<p><span style=\"font-size: 12pt; font-family: Verdana, sans-serif;\">&#8211; &#8222;Czy mo\u017cna poci\u0105gn\u0105\u0107 pa\u0144stwa do odpowiedzialno\u015bci za zmiany klimatu?<\/span><\/p>\n<p><span style=\"font-size: 12pt; font-family: Verdana, sans-serif;\">\u00a0<\/span><\/p>\n<p><span style=\"font-size: 12pt;\"><strong><span style=\"font-family: Verdana, sans-serif;\">4) dr Maciej Marcinowski-Pra\u017cmowski:<\/span><\/strong><\/span><\/p>\n<p><span style=\"font-size: 12pt; font-family: Verdana, sans-serif;\">&#8211; &#8222;Sztuczna inteligencja a prawa cz\u0142owieka&#8221;<\/span><\/p>\n<p><span style=\"font-size: 12pt; font-family: Verdana, sans-serif;\">&#8211; &#8222;Sztuczna inteligencja w kryminalistyce&#8221;<\/span><\/p>\n<p><span style=\"font-size: 12pt; font-family: Verdana, sans-serif;\">\u00a0<\/span><\/p>\n<p><span style=\"font-size: 12pt;\"><strong><span style=\"font-family: Verdana, sans-serif;\">5) dr Tomasz Gw\u00f3\u017ad\u017a:<\/span><\/strong><\/span><\/p>\n<p><span style=\"font-size: 12pt; font-family: Verdana, sans-serif;\">&#8211; &#8222;Prawo bankowe w czasie kryzysu &#8211; rola Narodowego Banku Polskiego w zwalczaniu inflacji&#8221;<\/span><\/p>\n<p><span style=\"font-size: 12pt; font-family: Verdana, sans-serif;\">&#8211; &#8222;Wst\u0119p do prawa podatkowego&#8221;<\/span><\/p>\n<p><span style=\"font-size: 12pt; font-family: Verdana, sans-serif;\">\u00a0<\/span><\/p>\n<p><span style=\"font-size: 12pt;\"><strong><span style=\"font-family: Verdana, sans-serif;\">6) dr Ewa Radecka:<\/span><\/strong><\/span><\/p>\n<p><span style=\"font-size: 12pt; font-family: Verdana, sans-serif;\">&#8211; &#8222;Smart city: science fiction czy rzeczywisto\u015b\u0107 za rogiem?&#8221;<\/span><\/p>\n<p><span style=\"font-size: 12pt; font-family: Verdana, sans-serif;\">&#8211; &#8222;Przyroda w centrum sprawiedliwej transformacji&#8221;<\/span><\/p>\n<p><span style=\"font-size: 12pt; font-family: Verdana, sans-serif;\">\u00a0<\/span><\/p>\n<p><span style=\"font-size: 12pt;\"><strong><span style=\"font-family: Verdana, sans-serif;\">7) dr Micha\u0142 Gurecki, prof. U\u015a:<\/span><\/strong><\/span><\/p>\n<p><span style=\"font-size: 12pt; font-family: Verdana, sans-serif;\">&#8211; &#8222;Granice obrony koniecznej&#8221;<\/span><\/p>\n<p><span style=\"font-size: 12pt; font-family: Verdana, sans-serif;\">\u00a0<\/span><\/p>\n<p><span style=\"font-size: 12pt;\"><strong><span style=\"font-family: Verdana, sans-serif;\">8) dr \u0141ukasz Maryniak<\/span><\/strong><\/span><\/p>\n<p><span style=\"font-size: 12pt; font-family: Verdana, sans-serif;\">&#8211; &#8222;Wied\u017amin &#8211; Geralt z Rivii czy po prostu m\u0119ska wied\u017ama? Prawnoautorskie aspekty postaci Bia\u0142ego Wilka&#8221;<\/span><\/p>\n<p><span style=\"font-size: 12pt; font-family: Verdana, sans-serif;\">&#8211; &#8222;Przyw\u0142aszczenie kulturowe i wykorzystanie folkloru w filmach&#8221;<\/span><\/p>\n<p style=\"text-align: left;\"><strong><span style=\"font-size: 10.0pt; font-family: 'Verdana',sans-serif;\">\u00a0\u00a0\u00a0\u00a0\u00a0\u00a0\u00a0\u00a0\u00a0\u00a0\u00a0\u00a0\u00a0\u00a0\u00a0\u00a0\u00a0\u00a0\u00a0\u00a0\u00a0\u00a0\u00a0\u00a0\u00a0\u00a0\u00a0\u00a0\u00a0\u00a0\u00a0\u00a0\u00a0\u00a0\u00a0\u00a0\u00a0\u00a0\u00a0\u00a0\u00a0\u00a0\u00a0\u00a0\u00a0\u00a0\u00a0\u00a0\u00a0\u00a0\u00a0\u00a0\u00a0\u00a0\u00a0\u00a0\u00a0\u00a0\u00a0\u00a0\u00a0\u00a0\u00a0\u00a0\u00a0\u00a0\u00a0\u00a0\u00a0\u00a0<\/span><\/strong><\/p>\n<p>\n<\/div>\r\n                    <\/div>\r\n                <\/div>\r\n                <div class=\"text-modules\">\r\n                    <div class=\"container\">\r\n                        <h3 class=\"page-title text__title\">Dzie\u0144 Przedsi\u0119biorczo\u015bci na Wydziale Prawa i Administracji U\u015a<\/h3>\r\n                        <div class=\"text-modules__content\"><\/div>\r\n                    <\/div>\r\n                <\/div>[\/vc_column][\/vc_row][vc_row][vc_column][\/vc_column][\/vc_row]<\/p>","protected":false},"excerpt":{"rendered":"<p>[vc_row][vc_column][\/vc_column][\/vc_row][vc_row][vc_column][\/vc_column][\/vc_row] [&#8230;]<\/p>\n<p><a class=\"btn btn-secondary understrap-read-more-link\" href=\"https:\/\/us.edu.pl\/wydzial\/wpia\/wspolpraca\/wspolpraca-z-otoczeniem\/wspolpraca-z-liceami\/oferta-dla-szkol\/\">Read More&#8230;<\/a><\/p>\n","protected":false},"author":108,"featured_media":0,"parent":159603,"menu_order":2,"comment_status":"closed","ping_status":"closed","template":"page-templates\/inner-page.php","meta":{"_expiration-date-status":"","_expiration-date":0,"_expiration-date-type":"","_expiration-date-categories":[],"_expiration-date-options":[]},"acf":[],"_links":{"self":[{"href":"https:\/\/us.edu.pl\/wydzial\/wpia\/wp-json\/wp\/v2\/pages\/160477"}],"collection":[{"href":"https:\/\/us.edu.pl\/wydzial\/wpia\/wp-json\/wp\/v2\/pages"}],"about":[{"href":"https:\/\/us.edu.pl\/wydzial\/wpia\/wp-json\/wp\/v2\/types\/page"}],"author":[{"embeddable":true,"href":"https:\/\/us.edu.pl\/wydzial\/wpia\/wp-json\/wp\/v2\/users\/108"}],"replies":[{"embeddable":true,"href":"https:\/\/us.edu.pl\/wydzial\/wpia\/wp-json\/wp\/v2\/comments?post=160477"}],"version-history":[{"count":11,"href":"https:\/\/us.edu.pl\/wydzial\/wpia\/wp-json\/wp\/v2\/pages\/160477\/revisions"}],"predecessor-version":[{"id":193603,"href":"https:\/\/us.edu.pl\/wydzial\/wpia\/wp-json\/wp\/v2\/pages\/160477\/revisions\/193603"}],"up":[{"embeddable":true,"href":"https:\/\/us.edu.pl\/wydzial\/wpia\/wp-json\/wp\/v2\/pages\/159603"}],"wp:attachment":[{"href":"https:\/\/us.edu.pl\/wydzial\/wpia\/wp-json\/wp\/v2\/media?parent=160477"}],"curies":[{"name":"wp","href":"https:\/\/api.w.org\/{rel}","templated":true}]}}