{"id":160674,"date":"2023-01-17T14:45:00","date_gmt":"2023-01-17T13:45:00","guid":{"rendered":"https:\/\/us.edu.pl\/wydzial\/wpia\/?page_id=160674"},"modified":"2023-01-31T09:45:36","modified_gmt":"2023-01-31T08:45:36","slug":"umowy-w-sprawach-praktyk","status":"publish","type":"page","link":"https:\/\/us.edu.pl\/wydzial\/wpia\/wspolpraca\/wspolpraca-z-otoczeniem\/umowy-w-sprawach-praktyk\/","title":{"rendered":"Umowy w sprawach praktyk"},"content":{"rendered":"<p>[vc_row][vc_column]\r\n                <div class=\"text-modules\">\r\n                    <div class=\"container\">\r\n                        <h3 class=\"page-title text__title\">Umowy w sprawach praktyk<\/h3>\r\n                        <div class=\"text-modules__content\"><p><a href=\"https:\/\/us.edu.pl\/wydzial\/wpia\/wp-content\/uploads\/sites\/19\/Wspolpraca\/Biuro-Rzecznika-Praw-Obywatelskich-w-Warszawie.pdf\" class=\"mtli_attachment mtli_pdf\" data-mtli=\"mtli_filesize143,55kB\" class=\"mtli_attachment mtli_pdf\" data-mtli=\"mtli_filesize143,55kB\">Biuro Rzecznika Praw Obywatelskich w Warszawie<\/a><\/p>\n<p><a href=\"https:\/\/us.edu.pl\/wydzial\/wpia\/wp-content\/uploads\/sites\/19\/Wspolpraca\/Fundacja-Court-Watch-Polska.pdf\" class=\"mtli_attachment mtli_pdf\" data-mtli=\"mtli_filesize284,62kB\" class=\"mtli_attachment mtli_pdf\" data-mtli=\"mtli_filesize284,62kB\">Fundacja Court Watch Polska<\/a><\/p>\n<p><a href=\"https:\/\/us.edu.pl\/wydzial\/wpia\/wp-content\/uploads\/sites\/19\/Wspolpraca\/Izba-Adwokacka-w-Kawtowicach.pdf\" class=\"mtli_attachment mtli_pdf\" data-mtli=\"mtli_filesize379,71kB\" class=\"mtli_attachment mtli_pdf\" data-mtli=\"mtli_filesize379,71kB\">Izba Adwokacka w Katowicach<\/a><\/p>\n<p><a href=\"https:\/\/us.edu.pl\/wydzial\/wpia\/wp-content\/uploads\/sites\/19\/Wspolpraca\/Okregowa-Izba-Radcow-Prawnych-w-Katowicach.pdf\" class=\"mtli_attachment mtli_pdf\" data-mtli=\"mtli_filesize153,66kB\" class=\"mtli_attachment mtli_pdf\" data-mtli=\"mtli_filesize153,66kB\">Okr\u0119gowa Izba Radc\u00f3w Prawnych w Katowicach<\/a><\/p>\n<p><a href=\"https:\/\/us.edu.pl\/wydzial\/wpia\/wp-content\/uploads\/sites\/19\/Wspolpraca\/Samorzadowe-Kolegium-Odwolawcze-w-Katowicach.pdf\" class=\"mtli_attachment mtli_pdf\" data-mtli=\"mtli_filesize104,59kB\" class=\"mtli_attachment mtli_pdf\" data-mtli=\"mtli_filesize104,59kB\">Samorz\u0105dowe Kolegium Odwo\u0142awcze w Katowicach<\/a><\/p>\n<p><a href=\"https:\/\/us.edu.pl\/wydzial\/wpia\/wp-content\/uploads\/sites\/19\/Wspolpraca\/Sad-rejonowy-Katowice-Zachod.pdf\" class=\"mtli_attachment mtli_pdf\" data-mtli=\"mtli_filesize88,45kB\" class=\"mtli_attachment mtli_pdf\" data-mtli=\"mtli_filesize88,45kB\">S\u0105d rejonowy Katowice-Zach\u00f3d<\/a><\/p>\n<p><a href=\"https:\/\/us.edu.pl\/wydzial\/wpia\/wp-content\/uploads\/sites\/19\/Wspolpraca\/Studencka-Poradnia-Prawna.pdf\" class=\"mtli_attachment mtli_pdf\" data-mtli=\"mtli_filesize114,36kB\" class=\"mtli_attachment mtli_pdf\" data-mtli=\"mtli_filesize114,36kB\">Studencka Poradnia Prawna<\/a><\/p>\n<p><a href=\"https:\/\/us.edu.pl\/wydzial\/wpia\/wp-content\/uploads\/sites\/19\/Wspolpraca\/Slaska-Izba-Lekarska-z-siedziba-w-Katowicach.pdf\" class=\"mtli_attachment mtli_pdf\" data-mtli=\"mtli_filesize124,98kB\" class=\"mtli_attachment mtli_pdf\" data-mtli=\"mtli_filesize124,98kB\">\u015al\u0105ska Izba Lekarska z siedzib\u0105 w Katowicach<\/a><\/p>\n<p><a href=\"https:\/\/us.edu.pl\/wydzial\/wpia\/wp-content\/uploads\/sites\/19\/Wspolpraca\/Prokuratoria-Generalna.pdf\" class=\"mtli_attachment mtli_pdf\" data-mtli=\"mtli_filesize913,71kB\" class=\"mtli_attachment mtli_pdf\" data-mtli=\"mtli_filesize913,71kB\">Prokuratoria Generalna<\/a><\/p>\n<p>&nbsp;<\/p>\n<p><a href=\"https:\/\/us.edu.pl\/wydzial\/wpia\/wp-content\/uploads\/sites\/19\/Wspolpraca\/porozumienie-praktyki-WPiA-ORA.pdf\" class=\"mtli_attachment mtli_pdf\" data-mtli=\"mtli_filesize686,29kB\" class=\"mtli_attachment mtli_pdf\" data-mtli=\"mtli_filesize686,29kB\">porozumienie &#8211; praktyki WPiA -ORA<\/a><\/p>\n<p><a href=\"https:\/\/us.edu.pl\/wydzial\/wpia\/wp-content\/uploads\/sites\/19\/Wspolpraca\/Kodeks-dobrych-praktyk.pdf\" class=\"mtli_attachment mtli_pdf\" data-mtli=\"mtli_filesize1,66MB\" class=\"mtli_attachment mtli_pdf\" data-mtli=\"mtli_filesize1,66MB\">Kodeks dobrych praktyk<\/a><\/p>\n<style type=\"text\/css\">a[data-mtli~=\"mtli_filesize143,55kB\"]:after {content:\" (143,55 kB)\"}a[data-mtli~=\"mtli_filesize284,62kB\"]:after {content:\" (284,62 kB)\"}a[data-mtli~=\"mtli_filesize379,71kB\"]:after {content:\" (379,71 kB)\"}a[data-mtli~=\"mtli_filesize153,66kB\"]:after {content:\" (153,66 kB)\"}a[data-mtli~=\"mtli_filesize104,59kB\"]:after {content:\" (104,59 kB)\"}a[data-mtli~=\"mtli_filesize88,45kB\"]:after {content:\" (88,45 kB)\"}a[data-mtli~=\"mtli_filesize114,36kB\"]:after {content:\" (114,36 kB)\"}a[data-mtli~=\"mtli_filesize124,98kB\"]:after {content:\" (124,98 kB)\"}a[data-mtli~=\"mtli_filesize913,71kB\"]:after {content:\" (913,71 kB)\"}a[data-mtli~=\"mtli_filesize686,29kB\"]:after {content:\" (686,29 kB)\"}a[data-mtli~=\"mtli_filesize1,66MB\"]:after {content:\" (1,66 MB)\"}<\/style><\/div>\r\n                    <\/div>\r\n                <\/div>[\/vc_column][\/vc_row]<\/p>\n<style type=\"text\/css\">a[data-mtli~=\"mtli_filesize143,55kB\"]:after {content:\" (143,55 kB)\"}a[data-mtli~=\"mtli_filesize284,62kB\"]:after {content:\" (284,62 kB)\"}a[data-mtli~=\"mtli_filesize379,71kB\"]:after {content:\" (379,71 kB)\"}a[data-mtli~=\"mtli_filesize153,66kB\"]:after {content:\" (153,66 kB)\"}a[data-mtli~=\"mtli_filesize104,59kB\"]:after {content:\" (104,59 kB)\"}a[data-mtli~=\"mtli_filesize88,45kB\"]:after {content:\" (88,45 kB)\"}a[data-mtli~=\"mtli_filesize114,36kB\"]:after {content:\" (114,36 kB)\"}a[data-mtli~=\"mtli_filesize124,98kB\"]:after {content:\" (124,98 kB)\"}a[data-mtli~=\"mtli_filesize913,71kB\"]:after {content:\" (913,71 kB)\"}a[data-mtli~=\"mtli_filesize686,29kB\"]:after {content:\" (686,29 kB)\"}a[data-mtli~=\"mtli_filesize1,66MB\"]:after {content:\" (1,66 MB)\"}<\/style>","protected":false},"excerpt":{"rendered":"<p>[vc_row][vc_column][\/vc_column][\/vc_row] [&#8230;]<\/p>\n<p><a class=\"btn btn-secondary understrap-read-more-link\" href=\"https:\/\/us.edu.pl\/wydzial\/wpia\/wspolpraca\/wspolpraca-z-otoczeniem\/umowy-w-sprawach-praktyk\/\">Read More&#8230;<\/a><\/p>\n","protected":false},"author":107,"featured_media":0,"parent":312,"menu_order":2,"comment_status":"closed","ping_status":"closed","template":"page-templates\/inner-page.php","meta":{"_expiration-date-status":"","_expiration-date":0,"_expiration-date-type":"","_expiration-date-categories":[],"_expiration-date-options":[]},"acf":[],"_links":{"self":[{"href":"https:\/\/us.edu.pl\/wydzial\/wpia\/wp-json\/wp\/v2\/pages\/160674"}],"collection":[{"href":"https:\/\/us.edu.pl\/wydzial\/wpia\/wp-json\/wp\/v2\/pages"}],"about":[{"href":"https:\/\/us.edu.pl\/wydzial\/wpia\/wp-json\/wp\/v2\/types\/page"}],"author":[{"embeddable":true,"href":"https:\/\/us.edu.pl\/wydzial\/wpia\/wp-json\/wp\/v2\/users\/107"}],"replies":[{"embeddable":true,"href":"https:\/\/us.edu.pl\/wydzial\/wpia\/wp-json\/wp\/v2\/comments?post=160674"}],"version-history":[{"count":4,"href":"https:\/\/us.edu.pl\/wydzial\/wpia\/wp-json\/wp\/v2\/pages\/160674\/revisions"}],"predecessor-version":[{"id":160798,"href":"https:\/\/us.edu.pl\/wydzial\/wpia\/wp-json\/wp\/v2\/pages\/160674\/revisions\/160798"}],"up":[{"embeddable":true,"href":"https:\/\/us.edu.pl\/wydzial\/wpia\/wp-json\/wp\/v2\/pages\/312"}],"wp:attachment":[{"href":"https:\/\/us.edu.pl\/wydzial\/wpia\/wp-json\/wp\/v2\/media?parent=160674"}],"curies":[{"name":"wp","href":"https:\/\/api.w.org\/{rel}","templated":true}]}}