{"id":160755,"date":"2023-01-25T13:45:46","date_gmt":"2023-01-25T12:45:46","guid":{"rendered":"https:\/\/us.edu.pl\/wydzial\/wpia\/?page_id=160755"},"modified":"2023-01-31T09:52:09","modified_gmt":"2023-01-31T08:52:09","slug":"zadania","status":"publish","type":"page","link":"https:\/\/us.edu.pl\/wydzial\/wpia\/wspolpraca\/wspolpraca-z-otoczeniem\/rada-ekspercka\/zadania\/","title":{"rendered":"Zadania"},"content":{"rendered":"<p>[vc_row][vc_column][vc_column_text][\/vc_column_text][\/vc_column][\/vc_row][vc_row][vc_column]\r\n                <div class=\"text-modules\">\r\n                    <div class=\"container\">\r\n                        <h3 class=\"page-title text__title\">Zadania<\/h3>\r\n                        <div class=\"text-modules__content\"><p>Rada Ekspercka jest cia\u0142em opiniodawczo-doradczym dziekana WPiA U\u015a oraz koordynuj\u0105cym wsp\u00f3\u0142prac\u0119 os\u00f3b studiuj\u0105cych oraz pracowniczek i pracownik\u00f3w WPiA U\u015a z podmiotami zewn\u0119trznymi w zakresie kszta\u0142cenia i bada\u0144 naukowych.<\/p>\n<p>Do zada\u0144 Rady nale\u017cy w szczeg\u00f3lno\u015bci:<\/p>\n<p>a) inicjowanie wsp\u00f3\u0142pracy WPiA U\u015a z osobami reprezentuj\u0105cymi samorz\u0105dy prawnicze, inne zawody zaufania publicznego, wymiar sprawiedliwo\u015bci, administracj\u0119 publiczn\u0105 i organy pomocy prawnej, podmioty gospodarcze i organizacje pozarz\u0105dowe,<br \/>\nb) wspieranie przedsi\u0119wzi\u0119\u0107 podejmowanych wsp\u00f3lnie przez osoby studiuj\u0105ce lub pracowniczki i pracownik\u00f3w WPiA z podmiotami zewn\u0119trznymi,<br \/>\nc) promowanie wsp\u00f3\u0142pracy zespo\u0142\u00f3w badawczych Instytutu Nauk Prawnych WPiA U\u015a z podmiotami zewn\u0119trznymi,<br \/>\nd) wymiana informacji o potrzebach zawod\u00f3w prawniczych, wymiaru sprawiedliwo\u015bci, administracji publicznej, podmiot\u00f3w gospodarczych i organizacji pozarz\u0105dowych w zakresie kszta\u0142cenia os\u00f3b studiuj\u0105cych,<br \/>\ne) opiniowanie program\u00f3w studi\u00f3w prowadzonych na WPiA U\u015a,<br \/>\nf) promowanie najlepszych i wyr\u00f3\u017cniaj\u0105cych si\u0119 studentek i student\u00f3w WPiA U\u015a, w szczeg\u00f3lno\u015bci poprzez udzielanie rekomendacji do odbycia praktyki lub sta\u017cu,<br \/>\ng) organizacja konferencji, szkole\u0144, warsztat\u00f3w i spotka\u0144 studyjnych przy wykorzystaniu zasob\u00f3w wiedzy i umiej\u0119tno\u015bci, jakimi dysponuj\u0105 osoby wchodz\u0105ce w sk\u0142ad Rady.<\/p>\n<\/div>\r\n                    <\/div>\r\n                <\/div>[\/vc_column][\/vc_row][vc_row][vc_column][vc_column_text][\/vc_column_text][\/vc_column][\/vc_row]<\/p>","protected":false},"excerpt":{"rendered":"<p>[vc_row][vc_column][vc_column_text][\/vc_column_text][\/vc_column][\/vc_row][vc_row][vc_column][\/vc_column][\/vc_row][vc_row][vc_column][vc_column_text][\/vc_column_text][\/vc_column][\/vc_row] [&#8230;]<\/p>\n<p><a class=\"btn btn-secondary understrap-read-more-link\" href=\"https:\/\/us.edu.pl\/wydzial\/wpia\/wspolpraca\/wspolpraca-z-otoczeniem\/rada-ekspercka\/zadania\/\">Read More&#8230;<\/a><\/p>\n","protected":false},"author":107,"featured_media":0,"parent":160672,"menu_order":4,"comment_status":"closed","ping_status":"closed","template":"page-templates\/inner-page.php","meta":{"_expiration-date-status":"","_expiration-date":0,"_expiration-date-type":"","_expiration-date-categories":[],"_expiration-date-options":[]},"acf":[],"_links":{"self":[{"href":"https:\/\/us.edu.pl\/wydzial\/wpia\/wp-json\/wp\/v2\/pages\/160755"}],"collection":[{"href":"https:\/\/us.edu.pl\/wydzial\/wpia\/wp-json\/wp\/v2\/pages"}],"about":[{"href":"https:\/\/us.edu.pl\/wydzial\/wpia\/wp-json\/wp\/v2\/types\/page"}],"author":[{"embeddable":true,"href":"https:\/\/us.edu.pl\/wydzial\/wpia\/wp-json\/wp\/v2\/users\/107"}],"replies":[{"embeddable":true,"href":"https:\/\/us.edu.pl\/wydzial\/wpia\/wp-json\/wp\/v2\/comments?post=160755"}],"version-history":[{"count":4,"href":"https:\/\/us.edu.pl\/wydzial\/wpia\/wp-json\/wp\/v2\/pages\/160755\/revisions"}],"predecessor-version":[{"id":160874,"href":"https:\/\/us.edu.pl\/wydzial\/wpia\/wp-json\/wp\/v2\/pages\/160755\/revisions\/160874"}],"up":[{"embeddable":true,"href":"https:\/\/us.edu.pl\/wydzial\/wpia\/wp-json\/wp\/v2\/pages\/160672"}],"wp:attachment":[{"href":"https:\/\/us.edu.pl\/wydzial\/wpia\/wp-json\/wp\/v2\/media?parent=160755"}],"curies":[{"name":"wp","href":"https:\/\/api.w.org\/{rel}","templated":true}]}}