{"id":162242,"date":"2023-03-15T10:19:03","date_gmt":"2023-03-15T09:19:03","guid":{"rendered":"https:\/\/us.edu.pl\/wydzial\/wpia\/?page_id=162242"},"modified":"2023-03-24T12:13:27","modified_gmt":"2023-03-24T11:13:27","slug":"zaplanuj-swoja-kariere","status":"publish","type":"page","link":"https:\/\/us.edu.pl\/wydzial\/wpia\/zaplanuj-swoja-kariere\/","title":{"rendered":"Zaplanuj swoj\u0105 karier\u0119"},"content":{"rendered":"<p>[vc_row][vc_column][vc_column_text][\/vc_column_text][\/vc_column][\/vc_row][vc_row][vc_column][vc_column_text][\/vc_column_text][\/vc_column][\/vc_row][vc_row][vc_column]\r\n                <div class=\"text-modules\">\r\n                    <div class=\"container\">\r\n                        <h3 class=\"page-title text__title\">Zaplanuj swoj\u0105 karier\u0119<\/h3>\r\n                        <div class=\"text-modules__content\"><p>Rozpoczynamy cykl spotka\u0144 dla Student\u00f3w pod has\u0142em \u201eZaplanuj swoj\u0105 karier\u0119\u201d, kt\u00f3ry b\u0119dziemy rozwija\u0107 w semestrze letnim 2022\/2023. Wyk\u0142ady i warsztaty prowadzi\u0107 b\u0119d\u0105 zaproszone Ekspertki i Eksperci reprezentuj\u0105cy zar\u00f3wno firmy, instytucje, jak i organizacje zrzeszaj\u0105ce grupy zawodowe. Celem cyklu jest przedstawienie mo\u017cliwo\u015bci rozwoju drogi zawodowej jakie daj\u0105 studia na naszym wydziale. Uczestnictwo w ka\u017cdym spotkaniu b\u0119dzie potwierdzone odpowiednim wpisem w suplemencie do dyplomu uko\u0144czenia studi\u00f3w.<\/p>\n<p>Zapraszamy Student\u00f3w poszczeg\u00f3lnych kierunk\u00f3w do zapoznania si\u0119 z ofert\u0105 spotka\u0144 przygotowanych specjalnie dla nich.<\/p>\n<\/div>\r\n                    <\/div>\r\n                <\/div>[\/vc_column][\/vc_row][vc_row][vc_column width=&#8221;1\/6&#8243;][\/vc_column][vc_column width=&#8221;2\/3&#8243;][vc_tta_tabs][vc_tta_section title=&#8221;Administracja&#8221; tab_id=&#8221;1679655792596-d0fee661-2e7e&#8221;]\r\n                <div class=\"text-modules\">\r\n                    <div class=\"container\">\r\n                        \r\n                        <div class=\"text-modules__content\"><p><a href=\"https:\/\/us.edu.pl\/wydzial\/wpia\/event\/wspolczesny-urzednik-praktyczne-aspekty-wykonywania-zawodu-urzednika-sluzby-cywilnej\/\">Wsp\u00f3\u0142czesny urz\u0119dnik \u2013 praktyczne aspekty wykonywania zawodu urz\u0119dnika s\u0142u\u017cby cywilnej<\/a><\/p>\n<p><a href=\"https:\/\/us.edu.pl\/wydzial\/wpia\/event\/polskie-sluzby-specjalne-praktyczne-aspekty-realizacji-czynnosci-operacyjnych-analitycznych-i-procesowych\/\">Polskie s\u0142u\u017cby specjalne \u2013 praktyczne aspekty realizacji czynno\u015bci operacyjnych, analitycznych i procesowych<\/a><\/p>\n<\/div>\r\n                    <\/div>\r\n                <\/div>[\/vc_tta_section][vc_tta_section title=&#8221;Prawo&#8221; tab_id=&#8221;1679655792627-7363fc0d-7db6&#8243;]\r\n                <div class=\"text-modules\">\r\n                    <div class=\"container\">\r\n                        \r\n                        <div class=\"text-modules__content\"><p><a href=\"https:\/\/us.edu.pl\/wydzial\/wpia\/event\/notariusz-zawod-wymagajacy-interdyscyplinarnej-wiedzy-prawnej-warsztaty-dla-studentow\/\">\u201eNotariusz \u2013 zaw\u00f3d wymagaj\u0105cy interdyscyplinarnej wiedzy prawnej\u201d \u2013 warsztaty dla student\u00f3w<\/a><\/p>\n<p><a href=\"https:\/\/us.edu.pl\/wydzial\/wpia\/event\/specyfika-zawodu-komornika-sadowego\/\">Specyfika zawodu komornika s\u0105dowego<\/a><\/p>\n<p><a href=\"https:\/\/us.edu.pl\/wydzial\/wpia\/event\/aplikacja-adwokacka-sciezka-do-zawodu-adwokata\/\">Aplikacja adwokacka \u2013 \u015bcie\u017cka do zawodu adwokata<\/a><\/p>\n<\/div>\r\n                    <\/div>\r\n                <\/div>[\/vc_tta_section][vc_tta_section title=&#8221;Przedsi\u0119biorczo\u015b\u0107&#8221; tab_id=&#8221;1679655845213-29d0e4c3-d512&#8243;]\r\n                <div class=\"text-modules\">\r\n                    <div class=\"container\">\r\n                        \r\n                        <div class=\"text-modules__content\"><p><a href=\"https:\/\/us.edu.pl\/wydzial\/wpia\/event\/optymalizacja-finansowa-i-podatkowa-jako-klucz-do-efektywnego-zarzadzania-przedsiebiorstwem-dedykowanymi\/\">Optymalizacja finansowa i podatkowa jako klucz do efektywnego zarz\u0105dzania przedsi\u0119biorstwem dedykowanymi<\/a><\/p>\n<\/div>\r\n                    <\/div>\r\n                <\/div>[\/vc_tta_section][\/vc_tta_tabs][\/vc_column][\/vc_row]<\/p>","protected":false},"excerpt":{"rendered":"<p>[vc_row][vc_column][vc_column_text][\/vc_column_text][\/vc_column][\/vc_row][vc_row][vc_column][vc_column_text][\/vc_column_text][\/vc_column][\/vc_row][vc_row][vc_column][\/vc_column][\/vc_row][vc_row][vc_column width=&#8221;1\/6&#8243;][\/vc_column][vc_column width=&#8221;2\/3&#8243;][vc_tta_tabs][vc_tta_section title=&#8221;Administracja&#8221; tab_id=&#8221;1679655792596-d0fee661-2e7e&#8221;][\/vc_tta_section][vc_tta_section title=&#8221;Prawo&#8221; tab_id=&#8221;1679655792627-7363fc0d-7db6&#8243;][\/vc_tta_section][vc_tta_section title=&#8221;Przedsi\u0119biorczo\u015b\u0107&#8221; tab_id=&#8221;1679655845213-29d0e4c3-d512&#8243;][\/vc_tta_section][\/vc_tta_tabs][\/vc_column][\/vc_row] [&#8230;]<\/p>\n<p><a class=\"btn btn-secondary understrap-read-more-link\" href=\"https:\/\/us.edu.pl\/wydzial\/wpia\/zaplanuj-swoja-kariere\/\">Read More&#8230;<\/a><\/p>\n","protected":false},"author":107,"featured_media":0,"parent":0,"menu_order":0,"comment_status":"closed","ping_status":"closed","template":"","meta":{"_expiration-date-status":"","_expiration-date":0,"_expiration-date-type":"","_expiration-date-categories":[],"_expiration-date-options":[]},"acf":[],"_links":{"self":[{"href":"https:\/\/us.edu.pl\/wydzial\/wpia\/wp-json\/wp\/v2\/pages\/162242"}],"collection":[{"href":"https:\/\/us.edu.pl\/wydzial\/wpia\/wp-json\/wp\/v2\/pages"}],"about":[{"href":"https:\/\/us.edu.pl\/wydzial\/wpia\/wp-json\/wp\/v2\/types\/page"}],"author":[{"embeddable":true,"href":"https:\/\/us.edu.pl\/wydzial\/wpia\/wp-json\/wp\/v2\/users\/107"}],"replies":[{"embeddable":true,"href":"https:\/\/us.edu.pl\/wydzial\/wpia\/wp-json\/wp\/v2\/comments?post=162242"}],"version-history":[{"count":5,"href":"https:\/\/us.edu.pl\/wydzial\/wpia\/wp-json\/wp\/v2\/pages\/162242\/revisions"}],"predecessor-version":[{"id":162686,"href":"https:\/\/us.edu.pl\/wydzial\/wpia\/wp-json\/wp\/v2\/pages\/162242\/revisions\/162686"}],"wp:attachment":[{"href":"https:\/\/us.edu.pl\/wydzial\/wpia\/wp-json\/wp\/v2\/media?parent=162242"}],"curies":[{"name":"wp","href":"https:\/\/api.w.org\/{rel}","templated":true}]}}