{"id":163514,"date":"2023-04-21T14:25:18","date_gmt":"2023-04-21T12:25:18","guid":{"rendered":"https:\/\/us.edu.pl\/wydzial\/wpia\/?page_id=163514"},"modified":"2023-05-08T09:06:22","modified_gmt":"2023-05-08T07:06:22","slug":"konferencje","status":"publish","type":"page","link":"https:\/\/us.edu.pl\/wydzial\/wpia\/nauka\/konferencje\/","title":{"rendered":"Konferencje"},"content":{"rendered":"<p>[vc_row][vc_column][vc_column_text][\/vc_column_text][\/vc_column][\/vc_row][vc_row][vc_column]\r\n\r\n            <div class=\"blocks\" style=\"text-align: \">\r\n               <div class=\"container\">\r\n                  <div class=\"page-title\">Konferencje w 2023 roku<\/div>\r\n                  <div class=\"row m-0 blocks_4\">\r\n                  \r\n                     <a href=\"https:\/\/us.edu.pl\/wydzial\/wpia\/event\/ogolnopolska-konferencja-naukowa-efektywnosc-egzekucji-z-nieruchomosci-w-swietle-kolejnej-zmiany-kodeksu-postepowania-cywilnego\/\" class=\"thumbnail blocks__item\" style=\"background-image: url(https:\/\/us.edu.pl\/wydzial\/wpia\/wp-content\/uploads\/sites\/19\/2023\/04\/prog_efektywnosc-egzekucji-sadowej-z-nieruchomosci-katowice-program-205x143mm_page-0002-1024x715.jpg)\">\r\n                        <span>wi\u0119cej<\/span>\r\n                        <div class=\"blocks__bottom\">\r\n                        <div class=\"blocks__title\">Og\u00f3lnopolska Konferencja Naukowa \u201eEfektywno\u015b\u0107 egzekucji z nieruchomo\u015bci w \u015bwietle kolejnej zmiany Kodeksu post\u0119powania cywilnego\u201d<\/div>\r\n                        \r\n                        <\/div>\r\n                     <\/a>\r\n                  \r\n                     <a href=\"https:\/\/us.edu.pl\/wydzial\/wpia\/event\/iii-slaskie-forum-polityki-kryminalnej-patologia-w-srodowisku-akademickim-w-perspektywie-prawnej-kryminologicznej-socjologicznej-psychologicznej-i-medioznawczej\/\" class=\"thumbnail blocks__item\" style=\"background-image: url(https:\/\/us.edu.pl\/wydzial\/wpia\/wp-content\/uploads\/sites\/19\/naukakonferencje\/2023\/5.-III-Slaskie-Forum-Polityki-Kryminalnej-1024x724.jpg)\">\r\n                        <span>wi\u0119cej<\/span>\r\n                        <div class=\"blocks__bottom\">\r\n                        <div class=\"blocks__title\">Patologia w \u015brodowisku akademickim w perspektywie prawnej, kryminologicznej [...]<\/div>\r\n                        \r\n                        <\/div>\r\n                     <\/a>\r\n                  \r\n                     <a href=\"https:\/\/us.edu.pl\/wydzial\/wpia\/2023\/04\/17\/ogolnopolskie-forum-prawa-energetycznego-i-klimatycznego-zielona-energia-elsa-katowice-25-kwietnia-2023-r\/\" class=\"thumbnail blocks__item\" style=\"background-image: url(https:\/\/us.edu.pl\/wydzial\/wpia\/wp-content\/uploads\/sites\/19\/naukakonferencje\/2023\/3.-Forum-Zielona-Energia-e1682114782184.png)\">\r\n                        <span>wi\u0119cej<\/span>\r\n                        <div class=\"blocks__bottom\">\r\n                        <div class=\"blocks__title\">Forum Zielona Energia - Og\u00f3lnoposlkie Forum Prawa Energetycznego i Klimatycznego<\/div>\r\n                        \r\n                        <\/div>\r\n                     <\/a>\r\n                  \r\n                     <a href=\"https:\/\/us.edu.pl\/wydzial\/wpia\/event\/spotkania-na-granicy-konferencja-13-marca-2023-r\/\" class=\"thumbnail blocks__item\" style=\"background-image: url(https:\/\/us.edu.pl\/wydzial\/wpia\/wp-content\/uploads\/sites\/19\/naukakonferencje\/2023\/Projekt-bez-tytulu-4.png)\">\r\n                        <span>wi\u0119cej<\/span>\r\n                        <div class=\"blocks__bottom\">\r\n                        <div class=\"blocks__title\">Spotkania na granicy - Prawo ochrony \u015brodowiska i zdrowie<\/div>\r\n                        \r\n                        <\/div>\r\n                     <\/a>\r\n                  \r\n                     <a href=\"https:\/\/us.edu.pl\/wydzial\/wpia\/event\/11-stycznia-2023-iii-okn-prawa-farmaceutycznego-poprawna-farmacja\/\" class=\"thumbnail blocks__item\" style=\"background-image: url(https:\/\/us.edu.pl\/wydzial\/wpia\/wp-content\/uploads\/sites\/19\/naukakonferencje\/2023\/1.-III-OKN-Prawa-Farmaceutycznego-e1682114468703.jpg)\">\r\n                        <span>wi\u0119cej<\/span>\r\n                        <div class=\"blocks__bottom\">\r\n                        <div class=\"blocks__title\">III OKN Prawa Farmaceutycznego \u201ePoPrawna Farmacja\u201d<\/div>\r\n                        \r\n                        <\/div>\r\n                     <\/a><\/div>     \r\n               <\/div>\r\n            <\/div>[\/vc_column][\/vc_row][vc_row][vc_column]\r\n                <div class=\"text-modules\">\r\n                    <div class=\"container\">\r\n                        \r\n                        <div class=\"text-modules__content\"><\/p>\n<hr \/>\n<p>\n<\/div>\r\n                    <\/div>\r\n                <\/div>[\/vc_column][\/vc_row][vc_row][vc_column]\r\n\r\n            <div class=\"blocks\" style=\"text-align: \">\r\n               <div class=\"container\">\r\n                  <div class=\"page-title\">Konferencje w 2022 roku<\/div>\r\n                  <div class=\"row m-0 blocks_4\">\r\n                  \r\n                     <a href=\"https:\/\/us.edu.pl\/wydzial\/wpia\/event\/ukraine-poland-the-choice-of-law-aspects-of-war-and-forced-displacement\/\" class=\"thumbnail blocks__item\" style=\"background-image: url(https:\/\/us.edu.pl\/wydzial\/wpia\/wp-content\/uploads\/sites\/19\/naukakonferencje\/2022\/17.-Ukraine-Poland-The-choce-of-Law-Aspects-of-War-and-Forced-Displacement.png)\">\r\n                        <span>wi\u0119cej<\/span>\r\n                        <div class=\"blocks__bottom\">\r\n                        <div class=\"blocks__title\">Ukraine-Poland.  The choice of law aspects of war and forced displacement<\/div>\r\n                        \r\n                        <\/div>\r\n                     <\/a>\r\n                  \r\n                     <a href=\"https:\/\/us.edu.pl\/wydzial\/wpia\/event\/ogolnopolska-konferencja-online-prawo-i-transport-lotniczy-w-czasie-wojny-i-pokojudn-2-grudnia-2022-r\/\" class=\"thumbnail blocks__item\" style=\"background-image: url(https:\/\/us.edu.pl\/wydzial\/wpia\/wp-content\/uploads\/sites\/19\/naukakonferencje\/2022\/16.-Prawo-i-transport-lotniczy-w-czasie-wojny-i-pokoju.png)\">\r\n                        <span>wi\u0119cej<\/span>\r\n                        <div class=\"blocks__bottom\">\r\n                        <div class=\"blocks__title\">Prawo i transport lotniczy w czasie wojny i pokoju.<\/div>\r\n                        \r\n                        <\/div>\r\n                     <\/a>\r\n                  \r\n                     <a href=\"https:\/\/us.edu.pl\/wydzial\/wpia\/event\/konferencja-samorzadowa-samorzad-terytorialny-jako-forma-upodmiotowienia-spolecznosci-lokalnych-w-dniach-17-18-11-2022\/\" class=\"thumbnail blocks__item\" style=\"background-image: url()\">\r\n                        <span>wi\u0119cej<\/span>\r\n                        <div class=\"blocks__bottom\">\r\n                        <div class=\"blocks__title\">Konferencja Samorz\u0105dowa \"Samorz\u0105d terytorialny jako forma upodmiotowienia spo\u0142eczno\u015bci lokalnych\" <\/div>\r\n                        \r\n                        <\/div>\r\n                     <\/a>\r\n                  \r\n                     <a href=\"https:\/\/us.edu.pl\/wydzial\/wpia\/event\/mediacja-w-sprawach-cywilnych-w-praktyce-sadow-pelnomocnikow-i-mediatorow-konferencja\/\" class=\"thumbnail blocks__item\" style=\"background-image: url()\">\r\n                        <span>wi\u0119cej<\/span>\r\n                        <div class=\"blocks__bottom\">\r\n                        <div class=\"blocks__title\">Mediacja w sprawach cywilnych - w praktyce s\u0105d\u00f3w, pe\u0142nomocnik\u00f3w i mediator\u00f3w<\/div>\r\n                        \r\n                        <\/div>\r\n                     <\/a>\r\n                  \r\n                     <a href=\"https:\/\/us.edu.pl\/wydzial\/wpia\/event\/8-forum-prawa-mediow-elektronicznych-28-wrzesnia-2022\/\" class=\"thumbnail blocks__item\" style=\"background-image: url(https:\/\/us.edu.pl\/wydzial\/wpia\/wp-content\/uploads\/sites\/19\/naukakonferencje\/2022\/13.-8-Forum-Prawa-Mediow-Elektronicznych.png)\">\r\n                        <span>wi\u0119cej<\/span>\r\n                        <div class=\"blocks__bottom\">\r\n                        <div class=\"blocks__title\">8 Forum Prawa Medi\u00f3w Elektronicznych<\/div>\r\n                        \r\n                        <\/div>\r\n                     <\/a>\r\n                  \r\n                     <a href=\"https:\/\/us.edu.pl\/wydzial\/wpia\/event\/kongres-teorii-i-filozofii-prawa\/\" class=\"thumbnail blocks__item\" style=\"background-image: url()\">\r\n                        <span>wi\u0119cej<\/span>\r\n                        <div class=\"blocks__bottom\">\r\n                        <div class=\"blocks__title\">Kongres Teorii i Filozofii Prawa<\/div>\r\n                        \r\n                        <\/div>\r\n                     <\/a>\r\n                  \r\n                     <a href=\"https:\/\/us.edu.pl\/wydzial\/wpia\/event\/ogolnopolska-konferencja-naukowa-online-prawo-lotnicze-i-kosmiczne-wyzwania-i-zagrozenia-dn-10-czerwca-2022-r\/\" class=\"thumbnail blocks__item\" style=\"background-image: url(https:\/\/us.edu.pl\/wydzial\/wpia\/wp-content\/uploads\/sites\/19\/naukakonferencje\/2022\/10.-Prawo-lotnicze-i-kosmieczne-wyzwania-i-zagrozenia.png)\">\r\n                        <span>wi\u0119cej<\/span>\r\n                        <div class=\"blocks__bottom\">\r\n                        <div class=\"blocks__title\">Og\u00f3lnopolska Konferencja Naukowa online Prawo lotnicze i kosmiczne: wyzwania i zagro\u017cenia <\/div>\r\n                        \r\n                        <\/div>\r\n                     <\/a>\r\n                  \r\n                     <a href=\"https:\/\/us.edu.pl\/wydzial\/wpia\/event\/w-labiryncie-pomocy-prawnej-z-urzedu-czas-na-powazne-zmiany\/\" class=\"thumbnail blocks__item\" style=\"background-image: url(https:\/\/us.edu.pl\/wydzial\/wpia\/wp-content\/uploads\/sites\/19\/naukakonferencje\/2022\/9.-W-labiryncie-pomocy-prawnej-z-urzedu-czas-na-powazne-zmiany-1024x724.jpg)\">\r\n                        <span>wi\u0119cej<\/span>\r\n                        <div class=\"blocks__bottom\">\r\n                        <div class=\"blocks__title\">W labiryncie pomocy prawnej z urz\u0119du - czas na powa\u017cne zmiany<\/div>\r\n                        \r\n                        <\/div>\r\n                     <\/a>\r\n                  \r\n                     <a href=\"https:\/\/us.edu.pl\/wydzial\/wpia\/event\/zapraszamy-na-konferencje-marriage-processes-in-the-21st-century-31-maja-2022\/\" class=\"thumbnail blocks__item\" style=\"background-image: url(https:\/\/us.edu.pl\/wydzial\/wpia\/wp-content\/uploads\/sites\/19\/naukakonferencje\/2022\/8.-Marriage-process-in-the-21st-century.png)\">\r\n                        <span>wi\u0119cej<\/span>\r\n                        <div class=\"blocks__bottom\">\r\n                        <div class=\"blocks__title\">Marriage processes int he 21 st century<\/div>\r\n                        \r\n                        <\/div>\r\n                     <\/a>\r\n                  \r\n                     <a href=\"https:\/\/us.edu.pl\/event\/konferencja-pt-wplyw-covid-19-na-wymiar-sprawiedliwosci-studium-przypadku-i-sugerowane-rozwiazania\/\" class=\"thumbnail blocks__item\" style=\"background-image: url(https:\/\/us.edu.pl\/wydzial\/wpia\/wp-content\/uploads\/sites\/19\/naukakonferencje\/2022\/7.-Wplyw-pandemii-COVID-19-na-wymiar-sprawiedliwosci.-Studium-przypadku-i-sugerowane-rowiazania.-Procedura-cywilna.jpg)\">\r\n                        <span>wi\u0119cej<\/span>\r\n                        <div class=\"blocks__bottom\">\r\n                        <div class=\"blocks__title\">Wp\u0142yw pandemii COVID - 19 na wymiar sprawiedliwo\u015bci. Studium przypadku i sugerowane rozwi\u0105zania<\/div>\r\n                        \r\n                        <\/div>\r\n                     <\/a>\r\n                  \r\n                     <a href=\"https:\/\/slaskiecam.us.edu.pl\/konferencja-naukowa-ii-slaskie-forum-polityki-kryminalnej-mediacja-w-rezimie-odpowiedzialnosci-represyjnej\/\" class=\"thumbnail blocks__item\" style=\"background-image: url(https:\/\/us.edu.pl\/wydzial\/wpia\/wp-content\/uploads\/sites\/19\/naukakonferencje\/2022\/6.-Mediacja-w-rezimie-odpowiedzialnosci-represyjnej-1024x724.jpg)\">\r\n                        <span>wi\u0119cej<\/span>\r\n                        <div class=\"blocks__bottom\">\r\n                        <div class=\"blocks__title\">Og\u00f3lnopolska Konferencja Naukowa. II \u015al\u0105skie Forum Polityki Kryminalnej. Mediacja w re\u017cimie odpowiedzialno\u015bci represyjnej w perspektywie materialnoprawnej, procesowej, kryminologicznej, socjologicznej i psychologicznej.<\/div>\r\n                        \r\n                        <\/div>\r\n                     <\/a>\r\n                  \r\n                     <a href=\"https:\/\/us.edu.pl\/wydzial\/wpia\/event\/bezpieczenstwo-lotnictwa-cywilnego\/\" class=\"thumbnail blocks__item\" style=\"background-image: url(https:\/\/us.edu.pl\/wydzial\/wpia\/wp-content\/uploads\/sites\/19\/naukakonferencje\/2022\/5.-Bezpieczenstwo-lotnictwa-cywilnego.png)\">\r\n                        <span>wi\u0119cej<\/span>\r\n                        <div class=\"blocks__bottom\">\r\n                        <div class=\"blocks__title\">Bezpiecze\u0144stwo lotnictwa cywilnego<\/div>\r\n                        \r\n                        <\/div>\r\n                     <\/a>\r\n                  \r\n                     <a href=\"https:\/\/www.facebook.com\/events\/283236710494216\" class=\"thumbnail blocks__item\" style=\"background-image: url(https:\/\/us.edu.pl\/wydzial\/wpia\/wp-content\/uploads\/sites\/19\/naukakonferencje\/2022\/4.-Ewolucja-zatrudnienia-na-tle-przemian-technologicznych-1024x576.jpg)\">\r\n                        <span>wi\u0119cej<\/span>\r\n                        <div class=\"blocks__bottom\">\r\n                        <div class=\"blocks__title\">Ewolucja zatrudnienia na tle przemian technologicznych<\/div>\r\n                        \r\n                        <\/div>\r\n                     <\/a>\r\n                  \r\n                     <a href=\"https:\/\/us.edu.pl\/wydzial\/wpia\/2022\/03\/24\/iv-ogolnopolska-konferencja-naukowa-wspolczesne-problemy-prawa-rolnego-i-zywnosciowego\/\" class=\"thumbnail blocks__item\" style=\"background-image: url(https:\/\/us.edu.pl\/wydzial\/wpia\/wp-content\/uploads\/sites\/19\/naukakonferencje\/2022\/3.-Wspolczesne-problemy-prawa-rolnego-i-zywnosciowego.jpg)\">\r\n                        <span>wi\u0119cej<\/span>\r\n                        <div class=\"blocks__bottom\">\r\n                        <div class=\"blocks__title\">IV Og\u00f3lnopolska Konferencja Naukowa \"Wsp\u00f3\u0142czesne problemy prawa rolnego i \u017cywno\u015bciowego\"<\/div>\r\n                        \r\n                        <\/div>\r\n                     <\/a>\r\n                  \r\n                     <a href=\"https:\/\/us.edu.pl\/wydzial\/wpia\/event\/miedzynarodowa-konferencja-pt-spotkania-na-granicy-ochrona-srodowiska-skutki-wydobywania-kopalin\/\" class=\"thumbnail blocks__item\" style=\"background-image: url()\">\r\n                        <span>wi\u0119cej<\/span>\r\n                        <div class=\"blocks__bottom\">\r\n                        <div class=\"blocks__title\">Mi\u0119dzynarodowa konferencja pt. \"Spotkania na Granicy - Ochrona \u015arodowiska - Skutki wydobywania koaplin\"<\/div>\r\n                        \r\n                        <\/div>\r\n                     <\/a>\r\n                  \r\n                     <a href=\"https:\/\/us.edu.pl\/wydzial\/wpia\/event\/ogolnopolska-konferencja-naukowa-szanse-i-zagrozenia-wspolczesnej-rodziny-w-ujeciu-prawno-ekonomicznym\/\" class=\"thumbnail blocks__item\" style=\"background-image: url()\">\r\n                        <span>wi\u0119cej<\/span>\r\n                        <div class=\"blocks__bottom\">\r\n                        <div class=\"blocks__title\">Szanse i zagro\u017cenia wsp\u00f3\u0142czesnej rodziny w uj\u0119ciu prawno-ekonomicznym<\/div>\r\n                        \r\n                        <\/div>\r\n                     <\/a><\/div>     \r\n               <\/div>\r\n            <\/div>[\/vc_column][\/vc_row][vc_row][vc_column]\r\n                <div class=\"text-modules\">\r\n                    <div class=\"container\">\r\n                        \r\n                        <div class=\"text-modules__content\"><\/p>\n<hr \/>\n<p>\n<\/div>\r\n                    <\/div>\r\n                <\/div>[\/vc_column][\/vc_row][vc_row][vc_column]\r\n\r\n            <div class=\"blocks\" style=\"text-align: \">\r\n               <div class=\"container\">\r\n                  <div class=\"page-title\">Konferencje w 2021 roku<\/div>\r\n                  <div class=\"row m-0 blocks_4\">\r\n                  \r\n                     <a href=\"https:\/\/us.edu.pl\/wydzial\/wpia\/event\/wybrane-obszary-prawa-unii-europejskiej-a-praktyka-podsumowanie-projektu-unijnego-trail\/\" class=\"thumbnail blocks__item\" style=\"background-image: url(https:\/\/us.edu.pl\/wydzial\/wpia\/wp-content\/uploads\/sites\/19\/naukakonferencje\/2021\/16.-TRAIL4.png)\">\r\n                        <span>wi\u0119cej<\/span>\r\n                        <div class=\"blocks__bottom\">\r\n                        <div class=\"blocks__title\">Wybrane obszary Prawa Unii Europejskiej, a praktyka. Podsumowanie Projektu Unijnego TRAIL<\/div>\r\n                        \r\n                        <\/div>\r\n                     <\/a>\r\n                  \r\n                     <a href=\"https:\/\/us.edu.pl\/wydzial\/wpia\/event\/miedzynarodowa-konferencja-naukowa-wspolczesne-problemy-i-wyzwania-prawa-prywatnego-21-22-pazdziernika-2021-r\/\" class=\"thumbnail blocks__item\" style=\"background-image: url(https:\/\/us.edu.pl\/wydzial\/wpia\/wp-content\/uploads\/sites\/19\/naukakonferencje\/2021\/15.-Contemporary-problems-and-challenges-of-private-law.jpg)\">\r\n                        <span>wi\u0119cej<\/span>\r\n                        <div class=\"blocks__bottom\">\r\n                        <div class=\"blocks__title\">Mi\u0119dzynarodowa Konferencja Naukowa ,,Wsp\u00f3\u0142czesne problemy i wyzwania prawa prywatnego\u201d (International Scientific Conference ,,Contemporary problems and challenges of private law\u201d) <\/div>\r\n                        \r\n                        <\/div>\r\n                     <\/a>\r\n                  \r\n                     <a href=\"https:\/\/us.edu.pl\/wydzial\/wpia\/event\/zielony-lad-czy-zielony-nieporzadek\/\" class=\"thumbnail blocks__item\" style=\"background-image: url(https:\/\/us.edu.pl\/wydzial\/wpia\/wp-content\/uploads\/sites\/19\/naukakonferencje\/2021\/12.-Zielony-lad-i-zielony-porzadek.jpg)\">\r\n                        <span>wi\u0119cej<\/span>\r\n                        <div class=\"blocks__bottom\">\r\n                        <div class=\"blocks__title\">\u201eZielony \u0142ad czy zielony nieporz\u0105dek\u201d<\/div>\r\n                        \r\n                        <\/div>\r\n                     <\/a>\r\n                  \r\n                     <a href=\"https:\/\/us.edu.pl\/wydzial\/wpia\/event\/konferencja-sportowa-dzialalnosc-gospodarcza\/\" class=\"thumbnail blocks__item\" style=\"background-image: url(https:\/\/us.edu.pl\/wydzial\/wpia\/wp-content\/uploads\/sites\/19\/naukakonferencje\/2021\/11.-Sportowa-dzialalnosc-gospodarcza.png)\">\r\n                        <span>wi\u0119cej<\/span>\r\n                        <div class=\"blocks__bottom\">\r\n                        <div class=\"blocks__title\">Sportowa dzia\u0142alno\u015b\u0107 gospodarcza<\/div>\r\n                        \r\n                        <\/div>\r\n                     <\/a>\r\n                  \r\n                     <a href=\"https:\/\/www.iustitia.pl\/dzialalnosc\/konferencje-i-szkolenia\/4177-ogolnopolska-konferencja-naukowa-proba-zapewnienia-prawa-do-sadu-w-sprawach-cywilnych-w-swietle-ostatnich-zmian-ustrojowych-i-procesowych\" class=\"thumbnail blocks__item\" style=\"background-image: url(https:\/\/us.edu.pl\/wydzial\/wpia\/wp-content\/uploads\/sites\/19\/naukakonferencje\/2021\/10.-Proba-zapewnienia-prawa-do-sadu-w-sprawch-cywilnych-w-swietle-ostatnich-zmian-ustrojowych-i-procesowych-1024x724.jpg)\">\r\n                        <span>wi\u0119cej<\/span>\r\n                        <div class=\"blocks__bottom\">\r\n                        <div class=\"blocks__title\">Pr\u00f3ba zapewniania prawa do sadu w sprawach cywilnych \u015bwietle ostatnich zmian ustrojowych i procesowych<\/div>\r\n                        \r\n                        <\/div>\r\n                     <\/a>\r\n                  \r\n                     <a href=\"https:\/\/us.edu.pl\/wydzial\/wpia\/event\/online-kobiety-na-rynku-pracy-i-w-ubezpieczeniach-spolecznych\/\" class=\"thumbnail blocks__item\" style=\"background-image: url(https:\/\/us.edu.pl\/wydzial\/wpia\/wp-content\/uploads\/sites\/19\/naukakonferencje\/2021\/7.-Kobiety-na-rynku-pracy-i-w-ubezpiczeniach-spolecznych.png)\">\r\n                        <span>wi\u0119cej<\/span>\r\n                        <div class=\"blocks__bottom\">\r\n                        <div class=\"blocks__title\">Kobiety na rynku pracy i w ubezpieczeniach spo\u0142ecznych<\/div>\r\n                        \r\n                        <\/div>\r\n                     <\/a>\r\n                  \r\n                     <a href=\"https:\/\/us.edu.pl\/wydzial\/wpia\/event\/samobojstwa-dzieci-konferencja-studencko-doktorancka\/\" class=\"thumbnail blocks__item\" style=\"background-image: url(https:\/\/us.edu.pl\/wydzial\/wpia\/wp-content\/uploads\/sites\/19\/naukakonferencje\/2021\/6.-I-Slaskie-Forum-Polityki-Kryminalnej-Samobojstwa-Dzieci.jpg)\">\r\n                        <span>wi\u0119cej<\/span>\r\n                        <div class=\"blocks__bottom\">\r\n                        <div class=\"blocks__title\">Samob\u00f3jstwa dzieci \u2013 Og\u00f3lnopolska Konferencja Studencko-Doktorancka<\/div>\r\n                        \r\n                        <\/div>\r\n                     <\/a>\r\n                  \r\n                     <a href=\"https:\/\/www.facebook.com\/events\/wydzia%C5%82-prawa-i-administracji-u%C5%9B\/og%C3%B3lnopolska-konferencja-studencko-doktorancka-online-transport-lotniczy-a-covid\/1656098604599784\/\" class=\"thumbnail blocks__item\" style=\"background-image: url()\">\r\n                        <span>wi\u0119cej<\/span>\r\n                        <div class=\"blocks__bottom\">\r\n                        <div class=\"blocks__title\">Transport lotnczy a Covid-19 <\/div>\r\n                        \r\n                        <\/div>\r\n                     <\/a>\r\n                  \r\n                     <a href=\"https:\/\/us.edu.pl\/wydzial\/wpia\/event\/online-iii-ogolnopolska-konferencja-naukowa-wspolczesne-problemy-prawa-rolnego-i-zywnosciowego\/\" class=\"thumbnail blocks__item\" style=\"background-image: url(https:\/\/us.edu.pl\/wydzial\/wpia\/wp-content\/uploads\/sites\/19\/naukakonferencje\/2021\/3.-Wspolczesne-problemy-prawa-rolnego-i-zywnosciowego-1024x583.jpg)\">\r\n                        <span>wi\u0119cej<\/span>\r\n                        <div class=\"blocks__bottom\">\r\n                        <div class=\"blocks__title\">III Og\u00f3lnopolska Konferencja Naukowa \"Wsp\u00f3\u0142czesne problemy prawa rolnego i gospodarczego\"<\/div>\r\n                        \r\n                        <\/div>\r\n                     <\/a>\r\n                  \r\n                     <a href=\"https:\/\/us.edu.pl\/wydzial\/wpia\/event\/poprawna-farmacja\/\" class=\"thumbnail blocks__item\" style=\"background-image: url(https:\/\/us.edu.pl\/wydzial\/wpia\/wp-content\/uploads\/sites\/19\/naukakonferencje\/2021\/2.-Ogolnopolska-Konferencja-Prawa-Farmaceutycznego-1024x538.jpg)\">\r\n                        <span>wi\u0119cej<\/span>\r\n                        <div class=\"blocks__bottom\">\r\n                        <div class=\"blocks__title\">Og\u00f3lnopolska Konferencja Naukowa Prawa Farmaceutycznego<\/div>\r\n                        \r\n                        <\/div>\r\n                     <\/a>\r\n                  \r\n                     <a href=\"https:\/\/us.edu.pl\/wydzial\/wpia\/2021-2\/\" class=\"thumbnail blocks__item\" style=\"background-image: url(https:\/\/us.edu.pl\/wydzial\/wpia\/wp-content\/uploads\/sites\/19\/naukakonferencje\/2021\/1.-PEPP.jpg)\">\r\n                        <span>wi\u0119cej<\/span>\r\n                        <div class=\"blocks__bottom\">\r\n                        <div class=\"blocks__title\">PEEP - Programme in European Private Law for Postgraduates (Program Europejskiego Prawa Prywatnego dla Doktorant\u00f3w i Absolwent\u00f3w)<\/div>\r\n                        \r\n                        <\/div>\r\n                     <\/a><\/div>     \r\n               <\/div>\r\n            <\/div>[\/vc_column][\/vc_row][vc_row][vc_column][vc_column_text][\/vc_column_text][\/vc_column][\/vc_row]<\/p>","protected":false},"excerpt":{"rendered":"<p>[vc_row][vc_column][vc_column_text][\/vc_column_text][\/vc_column][\/vc_row][vc_row][vc_column][\/vc_column][\/vc_row][vc_row][vc_column][\/vc_column][\/vc_row][vc_row][vc_column][\/vc_column][\/vc_row][vc_row][vc_column][\/vc_column][\/vc_row][vc_row][vc_column][\/vc_column][\/vc_row][vc_row][vc_column][vc_column_text][\/vc_column_text][\/vc_column][\/vc_row] [&#8230;]<\/p>\n<p><a class=\"btn btn-secondary understrap-read-more-link\" href=\"https:\/\/us.edu.pl\/wydzial\/wpia\/nauka\/konferencje\/\">Read More&#8230;<\/a><\/p>\n","protected":false},"author":107,"featured_media":0,"parent":163431,"menu_order":0,"comment_status":"closed","ping_status":"closed","template":"","meta":{"_expiration-date-status":"","_expiration-date":0,"_expiration-date-type":"","_expiration-date-categories":[],"_expiration-date-options":[]},"acf":[],"_links":{"self":[{"href":"https:\/\/us.edu.pl\/wydzial\/wpia\/wp-json\/wp\/v2\/pages\/163514"}],"collection":[{"href":"https:\/\/us.edu.pl\/wydzial\/wpia\/wp-json\/wp\/v2\/pages"}],"about":[{"href":"https:\/\/us.edu.pl\/wydzial\/wpia\/wp-json\/wp\/v2\/types\/page"}],"author":[{"embeddable":true,"href":"https:\/\/us.edu.pl\/wydzial\/wpia\/wp-json\/wp\/v2\/users\/107"}],"replies":[{"embeddable":true,"href":"https:\/\/us.edu.pl\/wydzial\/wpia\/wp-json\/wp\/v2\/comments?post=163514"}],"version-history":[{"count":11,"href":"https:\/\/us.edu.pl\/wydzial\/wpia\/wp-json\/wp\/v2\/pages\/163514\/revisions"}],"predecessor-version":[{"id":164065,"href":"https:\/\/us.edu.pl\/wydzial\/wpia\/wp-json\/wp\/v2\/pages\/163514\/revisions\/164065"}],"up":[{"embeddable":true,"href":"https:\/\/us.edu.pl\/wydzial\/wpia\/wp-json\/wp\/v2\/pages\/163431"}],"wp:attachment":[{"href":"https:\/\/us.edu.pl\/wydzial\/wpia\/wp-json\/wp\/v2\/media?parent=163514"}],"curies":[{"name":"wp","href":"https:\/\/api.w.org\/{rel}","templated":true}]}}