{"id":170498,"date":"2024-05-08T11:53:17","date_gmt":"2024-05-08T09:53:17","guid":{"rendered":"https:\/\/us.edu.pl\/wydzial\/wpia\/?page_id=170498"},"modified":"2025-02-06T09:46:55","modified_gmt":"2025-02-06T08:46:55","slug":"zarzadzenia-dziekana-2024","status":"publish","type":"page","link":"https:\/\/us.edu.pl\/wydzial\/wpia\/wydzial\/akty-prawa-wewnetrznego\/zarzadzenia-dziekana\/zarzadzenia-dziekana-2024\/","title":{"rendered":"2024"},"content":{"rendered":"<p>[vc_row][vc_column]\r\n                <div class=\"text-modules\">\r\n                    <div class=\"container\">\r\n                        <h3 class=\"page-title text__title\">Zarz\u0105dzenia Dziekana Wydzia\u0142u Prawa i Administracji z 2024 roku<\/h3>\r\n                        <div class=\"text-modules__content\"><p><a href=\"https:\/\/us.edu.pl\/wydzial\/wpia\/wp-content\/uploads\/sites\/19\/Akty-prawa-wewnetrznego\/zarzadzenia-Dziekana\/Zarzadzenie-nr-1-2024-Dziekana-Wydzialu-Prawa-i-Administracji.pdf\" class=\"mtli_attachment mtli_pdf\" data-mtli=\"mtli_filesize208,52kB\" class=\"mtli_attachment mtli_pdf\" data-mtli=\"mtli_filesize208,52kB\">Zarz\u0105dzenie nr 1\/2024 Dziekana Wydzia\u0142u Prawa i Administracji Uniwersytet \u015al\u0105skiego w Katowicach z dnia 11 marca 2024 roku w sprawie og\u00f3lnych zasad i szczeg\u00f3\u0142owych kryteri\u00f3w przyznawania dodatkowego wynagrodzenia na Wydziale Prawa i Administracji Uniwersytetu \u015al\u0105skiego w Katowicach<\/a><\/p>\n<p><a href=\"https:\/\/us.edu.pl\/wydzial\/wpia\/wp-content\/uploads\/sites\/19\/Akty-prawa-wewnetrznego\/zarzadzenia-Dziekana\/Zalacznik-nr-1-2024-do-zarzadzenia-nr-1-2024.pdf\" class=\"mtli_attachment mtli_pdf\" data-mtli=\"mtli_filesize762,07kB\" class=\"mtli_attachment mtli_pdf\" data-mtli=\"mtli_filesize762,07kB\">Za\u0142\u0105cznik nr 1 do zarz\u0105dzenia nr 1\/2024 Dziekana Wydzia\u0142u Prawa i Administracji Uniwersytet \u015al\u0105skiego w Katowicach z dnia 11 marca 2024 roku w sprawie og\u00f3lnych zasad i szczeg\u00f3\u0142owych kryteri\u00f3w przyznawania dodatkowego wynagrodzenia na Wydziale Prawa i Administracji Uniwersytetu \u015al\u0105skiego w Katowicach<\/a><\/p>\n<p><a href=\"https:\/\/us.edu.pl\/wydzial\/wpia\/wp-content\/uploads\/sites\/19\/Akty-prawa-wewnetrznego\/zarzadzenia-Dziekana\/Zalacznik-nr-2-2024-do-zarzadzenia-nr-1-2024.pdf\" class=\"mtli_attachment mtli_pdf\" data-mtli=\"mtli_filesize1,03MB\" class=\"mtli_attachment mtli_pdf\" data-mtli=\"mtli_filesize1,03MB\">Za\u0142\u0105cznik nr 2 do zarz\u0105dzenia nr 1\/2024 Dziekana Wydzia\u0142u Prawa i Administracji Uniwersytet \u015al\u0105skiego w Katowicach z dnia 11 marca 2024 roku w sprawie og\u00f3lnych zasad i szczeg\u00f3\u0142owych kryteri\u00f3w przyznawania dodatkowego wynagrodzenia na Wydziale Prawa i Administracji Uniwersytetu \u015al\u0105skiego w Katowicach<\/a><\/p>\n<p><a href=\"https:\/\/us.edu.pl\/wydzial\/wpia\/wp-content\/uploads\/sites\/19\/Akty-prawa-wewnetrznego\/zarzadzenia-Dziekana\/Zarzadznie-nr-2-2024-Dziekana-Wydzialu-Prawa-i-Administracji.pdf\" class=\"mtli_attachment mtli_pdf\" data-mtli=\"mtli_filesize684,88kB\" class=\"mtli_attachment mtli_pdf\" data-mtli=\"mtli_filesize684,88kB\">Zarz\u0105dzenie nr 2\/2024 Dziekana Wydzia\u0142u Prawa i Administracji Uniwersytet \u015al\u0105skiego w Katowicach z dnia 22 kwietnia 2024 roku w sprawie trybu organizacji wydarze\u0144 przez ko\u0142a naukowe dzia\u0142aj\u0105ce na Wydziale Prawa i Administracji Uniwersytetu \u015al\u0105skiego w Katowicach<\/a><\/p>\n<p><a href=\"https:\/\/us.edu.pl\/wydzial\/wpia\/wp-content\/uploads\/sites\/19\/Bez-kategorii\/Zarzadzenie-nr-3-Dziekana-Wydzialu-Prawa-i-Administracji-1.pdf\" class=\"mtli_attachment mtli_pdf\" data-mtli=\"mtli_filesize347,05kB\" class=\"mtli_attachment mtli_pdf\" data-mtli=\"mtli_filesize347,05kB\">Zarz\u0105dzenie nr 3\/2024 Dziekana Wydzia\u0142u Prawa i Administracji w Katowicach z dnia 16 wrze\u015bnia 2024 roku w sprawie powo\u0142ania Wydzia\u0142owej Komisji do spraw Kszta\u0142cenia i Student\u00f3w Wydzia\u0142u Prawa i Administracji Uniwersytetu \u015al\u0105skiego w Katowicach<\/a><\/p>\n<p><a href=\"https:\/\/us.edu.pl\/wydzial\/wpia\/wp-content\/uploads\/sites\/19\/Bez-kategorii\/Zarzadzenie-nr-4-Dziekana-Wydzialu-Prawa-i-Administracji-1.pdf\" class=\"mtli_attachment mtli_pdf\" data-mtli=\"mtli_filesize353,12kB\" class=\"mtli_attachment mtli_pdf\" data-mtli=\"mtli_filesize353,12kB\">Zarz\u0105dzenie nr 4\/2024 Dziekana Wydzia\u0142u Prawa i Administracji Uniwersytetu \u015al\u0105skiego w Katowicach z dnia 16 wrze\u015bnia 2024 roku w sprawie powo\u0142ania Rady Dydaktycznej kierunku Prawo na Wydziale Prawa i Administracji Uniwersytetu \u015al\u0105skiego w Katowicach<\/a><\/p>\n<p><a href=\"https:\/\/us.edu.pl\/wydzial\/wpia\/wp-content\/uploads\/sites\/19\/Bez-kategorii\/Zarzadzenie-nr-5-Dziekana-Wydzialu-Prawa-i-Administracji-1.pdf\" class=\"mtli_attachment mtli_pdf\" data-mtli=\"mtli_filesize353,41kB\" class=\"mtli_attachment mtli_pdf\" data-mtli=\"mtli_filesize353,41kB\">Zarz\u0105dzenie nr 5\/2024 Dziekana Wydzia\u0142u Prawa i Administracji Uniwersytetu \u015al\u0105skiego w Katowicach z dnia 16 wrze\u015bnia 2024 roku w sprawie powo\u0142ania Rady Dydaktycznej kierunku Administracja Wydzia\u0142u Prawa i Administracji Uniwersytetu \u015al\u0105skiego w Katowicach<\/a><\/p>\n<p><a href=\"https:\/\/us.edu.pl\/wydzial\/wpia\/wp-content\/uploads\/sites\/19\/Bez-kategorii\/Zarzadzenie-nr-6-Dziekana-Wydzialu-Prawa-i-Administracji-1.pdf\" class=\"mtli_attachment mtli_pdf\" data-mtli=\"mtli_filesize381,12kB\" class=\"mtli_attachment mtli_pdf\" data-mtli=\"mtli_filesize381,12kB\">Zarz\u0105dzenie nr 6\/2024 Dziekana Wydzia\u0142u Prawa i Administracji Uniwersytetu \u015al\u0105skiego w Katowicach z dnia 16 wrze\u015bnia 2024 roku w sprawie powo\u0142ania Rady Dydaktycznej kierunk\u00f3w: Przedsi\u0119biorczo\u015b\u0107, Prawo w biznesie, International Business Law and Arbitration, Administrowanie \u015brodowiskiem Wydzia\u0142u Prawa i Administracji Uniwersytetu \u015al\u0105skiego w Katowicach<\/a><\/p>\n<p><a href=\"https:\/\/us.edu.pl\/wydzial\/wpia\/wp-content\/uploads\/sites\/19\/Bez-kategorii\/Zadzadzenie-nr-7-Dziekana-Wydzialu-Prawa-i-Administracji.pdf\" class=\"mtli_attachment mtli_pdf\" data-mtli=\"mtli_filesize404,79kB\" class=\"mtli_attachment mtli_pdf\" data-mtli=\"mtli_filesize404,79kB\">Zarz\u0105dzenie nr 7\/2024 Dziekana Wydzia\u0142u Prawa i Administracji Uniwersytetu \u015al\u0105skiego w Katowicach z dnia 1 pa\u017adziernika 2024 roku w sprawie stwierdzenia sk\u0142adu Rady Naukowej Instytutu Nauk Prawnych Uniwersytetu \u015al\u0105skiego w Katowicach <\/a><\/p>\n<p><a href=\"https:\/\/us.edu.pl\/wydzial\/wpia\/wp-content\/uploads\/sites\/19\/Akty-prawa-wewnetrznego\/zarzadzenia-Dziekana\/8-2024.pdf\" class=\"mtli_attachment mtli_pdf\" data-mtli=\"mtli_filesize343,47kB\" class=\"mtli_attachment mtli_pdf\" data-mtli=\"mtli_filesize343,47kB\">Zarz\u0105dzenie nr 8\/2024 Dziekana Wydzia\u0142u Prawa i Administracji Uniwersytetu \u015al\u0105skiego w Katowicach z dnia 29 pa\u017adziernika 2024 r. w sprawie powo\u0142ania Wydzia\u0142owej Komisji do spraw Kszta\u0142cenia i Student\u00f3w Wydzia\u0142u Prawa i Administracji Uniwersytetu \u015al\u0105skiego w Katowicach<\/a><\/p>\n<p><a href=\"https:\/\/us.edu.pl\/wydzial\/wpia\/wp-content\/uploads\/sites\/19\/Akty-prawa-wewnetrznego\/zarzadzenia-Dziekana\/9-2024.pdf\" class=\"mtli_attachment mtli_pdf\" data-mtli=\"mtli_filesize343,06kB\" class=\"mtli_attachment mtli_pdf\" data-mtli=\"mtli_filesize343,06kB\">Zarz\u0105dzenie nr 9\/2024 Dziekana Wydzia\u0142u Prawa i Administracji Uniwersytetu \u015al\u0105skiego w Katowicach z dnia 29 pa\u017adziernika 2024 r. w sprawie powo\u0142ania Rady Dydaktycznej kierunku Prawo Wydzia\u0142u Prawa i Administracji Uniwersytetu \u015al\u0105skiego w Katowicach<\/a><\/p>\n<p><a href=\"https:\/\/us.edu.pl\/wydzial\/wpia\/wp-content\/uploads\/sites\/19\/Akty-prawa-wewnetrznego\/zarzadzenia-Dziekana\/10-2024.pdf\" class=\"mtli_attachment mtli_pdf\" data-mtli=\"mtli_filesize344,28kB\" class=\"mtli_attachment mtli_pdf\" data-mtli=\"mtli_filesize344,28kB\">Zarz\u0105dzenie nr 10\/2024 Dziekana Wydzia\u0142u Prawa i Administracji Uniwersytetu \u015al\u0105skiego w Katowicach z dnia 29 pa\u017adziernika 2024 r. w sprawie powo\u0142ania Rady Dydaktycznej kierunku Administracja Wydzia\u0142u Prawa i Administracji Uniwersytetu \u015al\u0105skiego w Katowicach<\/a><\/p>\n<p><a href=\"https:\/\/us.edu.pl\/wydzial\/wpia\/wp-content\/uploads\/sites\/19\/Akty-prawa-wewnetrznego\/zarzadzenia-Dziekana\/11-2024.pdf\" class=\"mtli_attachment mtli_pdf\" data-mtli=\"mtli_filesize372,35kB\" class=\"mtli_attachment mtli_pdf\" data-mtli=\"mtli_filesize372,35kB\">Zarz\u0105dzenie nr 11\/2024 Dziekana Wydzia\u0142u Prawa i Administracji Uniwersytetu \u015al\u0105skiego w Katowicach z dnia 29 pa\u017adziernika 2024 r. w sprawie powo\u0142ania Rady Dydaktycznej kierunk\u00f3w: Przedsi\u0119biorczo\u015b\u0107, Prawo w biznesie, International Business Law and Arbitration, Administrowanie \u015arodowiskiem Wydzia\u0142u Prawa i Administracji Uniwersytetu \u015al\u0105skiego w Katowicach<\/a><\/p>\n<style type=\"text\/css\">a[data-mtli~=\"mtli_filesize208,52kB\"]:after {content:\" (208,52 kB)\"}a[data-mtli~=\"mtli_filesize762,07kB\"]:after {content:\" (762,07 kB)\"}a[data-mtli~=\"mtli_filesize1,03MB\"]:after {content:\" (1,03 MB)\"}a[data-mtli~=\"mtli_filesize684,88kB\"]:after {content:\" (684,88 kB)\"}a[data-mtli~=\"mtli_filesize347,05kB\"]:after {content:\" (347,05 kB)\"}a[data-mtli~=\"mtli_filesize353,12kB\"]:after {content:\" (353,12 kB)\"}a[data-mtli~=\"mtli_filesize353,41kB\"]:after {content:\" (353,41 kB)\"}a[data-mtli~=\"mtli_filesize381,12kB\"]:after {content:\" (381,12 kB)\"}a[data-mtli~=\"mtli_filesize404,79kB\"]:after {content:\" (404,79 kB)\"}a[data-mtli~=\"mtli_filesize343,47kB\"]:after {content:\" (343,47 kB)\"}a[data-mtli~=\"mtli_filesize343,06kB\"]:after {content:\" (343,06 kB)\"}a[data-mtli~=\"mtli_filesize344,28kB\"]:after {content:\" (344,28 kB)\"}a[data-mtli~=\"mtli_filesize372,35kB\"]:after {content:\" (372,35 kB)\"}<\/style><\/div>\r\n                    <\/div>\r\n                <\/div>[\/vc_column][\/vc_row]<\/p>\n<style type=\"text\/css\">a[data-mtli~=\"mtli_filesize208,52kB\"]:after {content:\" (208,52 kB)\"}a[data-mtli~=\"mtli_filesize762,07kB\"]:after {content:\" (762,07 kB)\"}a[data-mtli~=\"mtli_filesize1,03MB\"]:after {content:\" (1,03 MB)\"}a[data-mtli~=\"mtli_filesize684,88kB\"]:after {content:\" (684,88 kB)\"}a[data-mtli~=\"mtli_filesize347,05kB\"]:after {content:\" (347,05 kB)\"}a[data-mtli~=\"mtli_filesize353,12kB\"]:after {content:\" (353,12 kB)\"}a[data-mtli~=\"mtli_filesize353,41kB\"]:after {content:\" (353,41 kB)\"}a[data-mtli~=\"mtli_filesize381,12kB\"]:after {content:\" (381,12 kB)\"}a[data-mtli~=\"mtli_filesize404,79kB\"]:after {content:\" (404,79 kB)\"}a[data-mtli~=\"mtli_filesize343,47kB\"]:after {content:\" (343,47 kB)\"}a[data-mtli~=\"mtli_filesize343,06kB\"]:after {content:\" (343,06 kB)\"}a[data-mtli~=\"mtli_filesize344,28kB\"]:after {content:\" (344,28 kB)\"}a[data-mtli~=\"mtli_filesize372,35kB\"]:after {content:\" (372,35 kB)\"}<\/style>","protected":false},"excerpt":{"rendered":"<p>[vc_row][vc_column][\/vc_column][\/vc_row] [&#8230;]<\/p>\n<p><a class=\"btn btn-secondary understrap-read-more-link\" href=\"https:\/\/us.edu.pl\/wydzial\/wpia\/wydzial\/akty-prawa-wewnetrznego\/zarzadzenia-dziekana\/zarzadzenia-dziekana-2024\/\">Read More&#8230;<\/a><\/p>\n","protected":false},"author":107,"featured_media":0,"parent":3573,"menu_order":0,"comment_status":"closed","ping_status":"closed","template":"page-templates\/inner-page.php","meta":{"_expiration-date-status":"","_expiration-date":0,"_expiration-date-type":"","_expiration-date-categories":[],"_expiration-date-options":[]},"acf":[],"_links":{"self":[{"href":"https:\/\/us.edu.pl\/wydzial\/wpia\/wp-json\/wp\/v2\/pages\/170498"}],"collection":[{"href":"https:\/\/us.edu.pl\/wydzial\/wpia\/wp-json\/wp\/v2\/pages"}],"about":[{"href":"https:\/\/us.edu.pl\/wydzial\/wpia\/wp-json\/wp\/v2\/types\/page"}],"author":[{"embeddable":true,"href":"https:\/\/us.edu.pl\/wydzial\/wpia\/wp-json\/wp\/v2\/users\/107"}],"replies":[{"embeddable":true,"href":"https:\/\/us.edu.pl\/wydzial\/wpia\/wp-json\/wp\/v2\/comments?post=170498"}],"version-history":[{"count":10,"href":"https:\/\/us.edu.pl\/wydzial\/wpia\/wp-json\/wp\/v2\/pages\/170498\/revisions"}],"predecessor-version":[{"id":181330,"href":"https:\/\/us.edu.pl\/wydzial\/wpia\/wp-json\/wp\/v2\/pages\/170498\/revisions\/181330"}],"up":[{"embeddable":true,"href":"https:\/\/us.edu.pl\/wydzial\/wpia\/wp-json\/wp\/v2\/pages\/3573"}],"wp:attachment":[{"href":"https:\/\/us.edu.pl\/wydzial\/wpia\/wp-json\/wp\/v2\/media?parent=170498"}],"curies":[{"name":"wp","href":"https:\/\/api.w.org\/{rel}","templated":true}]}}