{"id":1706,"date":"2019-12-18T12:27:05","date_gmt":"2019-12-18T11:27:05","guid":{"rendered":"https:\/\/us.edu.pl\/wydzial\/wpia\/?page_id=1706"},"modified":"2025-11-21T15:31:27","modified_gmt":"2025-11-21T14:31:27","slug":"informacje-dla-pracownikow","status":"publish","type":"page","link":"https:\/\/us.edu.pl\/wydzial\/wpia\/wspolpraca\/wspolpraca-miedzynarodowa\/erasmus\/informacje-dla-pracownikow\/","title":{"rendered":"Informacje dla pracownik\u00f3w WPiA U\u015a"},"content":{"rendered":"<p>[vc_row][vc_column]\r\n                <div class=\"text-modules\">\r\n                    <div class=\"container\">\r\n                        <h3 class=\"page-title text__title\">Informacje dla pracownik\u00f3w WPiA U\u015a<\/h3>\r\n                        <div class=\"text-modules__content\"><p>Informacje dotycz\u0105ce zasad rekrutacji i realizacji wyjazd\u00f3w dydaktycznych oraz szkoleniowych pracownik\u00f3w uniwersytetu \u015al\u0105skiego w ramach Programu Erasmus znajduj\u0105 si\u0119 na stronie internetowej Biura Wymiany Mi\u0119dzynarodowej Uniwersytetu \u015al\u0105skiego: <a href=\"http:\/\/erasmus.us.edu.pl\/wyjazdy-pracownikow\">http:\/\/erasmus.us.edu.pl\/wyjazdy-pracownikow<\/a><\/p>\n<p>Zapraszamy do zapoznania si\u0119 z <a href=\"https:\/\/us.edu.pl\/wydzial\/wpia\/wp-content\/uploads\/sites\/19\/2025\/09\/Staff-mobility.pdf\" class=\"mtli_attachment mtli_pdf\" data-mtli=\"mtli_filesize422,76kB\" class=\"mtli_attachment mtli_pdf\" data-mtli=\"mtli_filesize422,76kB\">wykazem uczelni partnerskich<\/a> Erasmus+ dla pracownik\u00f3w NA i NNA.<\/p>\n<p>\n<style type=\"text\/css\">a[data-mtli~=\"mtli_filesize422,76kB\"]:after {content:\" (422,76 kB)\"}<\/style><\/div>\r\n                    <\/div>\r\n                <\/div>[\/vc_column][\/vc_row]<\/p>\n<style type=\"text\/css\">a[data-mtli~=\"mtli_filesize422,76kB\"]:after {content:\" (422,76 kB)\"}<\/style>","protected":false},"excerpt":{"rendered":"<p>[vc_row][vc_column][\/vc_column][\/vc_row] [&#8230;]<\/p>\n<p><a class=\"btn btn-secondary understrap-read-more-link\" href=\"https:\/\/us.edu.pl\/wydzial\/wpia\/wspolpraca\/wspolpraca-miedzynarodowa\/erasmus\/informacje-dla-pracownikow\/\">Read More&#8230;<\/a><\/p>\n","protected":false},"author":108,"featured_media":0,"parent":1556,"menu_order":0,"comment_status":"closed","ping_status":"closed","template":"page-templates\/page-with-sidebar-and-bookmarks.php","meta":{"_expiration-date-status":"","_expiration-date":0,"_expiration-date-type":"","_expiration-date-categories":[],"_expiration-date-options":[]},"acf":[],"_links":{"self":[{"href":"https:\/\/us.edu.pl\/wydzial\/wpia\/wp-json\/wp\/v2\/pages\/1706"}],"collection":[{"href":"https:\/\/us.edu.pl\/wydzial\/wpia\/wp-json\/wp\/v2\/pages"}],"about":[{"href":"https:\/\/us.edu.pl\/wydzial\/wpia\/wp-json\/wp\/v2\/types\/page"}],"author":[{"embeddable":true,"href":"https:\/\/us.edu.pl\/wydzial\/wpia\/wp-json\/wp\/v2\/users\/108"}],"replies":[{"embeddable":true,"href":"https:\/\/us.edu.pl\/wydzial\/wpia\/wp-json\/wp\/v2\/comments?post=1706"}],"version-history":[{"count":8,"href":"https:\/\/us.edu.pl\/wydzial\/wpia\/wp-json\/wp\/v2\/pages\/1706\/revisions"}],"predecessor-version":[{"id":194776,"href":"https:\/\/us.edu.pl\/wydzial\/wpia\/wp-json\/wp\/v2\/pages\/1706\/revisions\/194776"}],"up":[{"embeddable":true,"href":"https:\/\/us.edu.pl\/wydzial\/wpia\/wp-json\/wp\/v2\/pages\/1556"}],"wp:attachment":[{"href":"https:\/\/us.edu.pl\/wydzial\/wpia\/wp-json\/wp\/v2\/media?parent=1706"}],"curies":[{"name":"wp","href":"https:\/\/api.w.org\/{rel}","templated":true}]}}