{"id":176513,"date":"2024-11-13T14:49:48","date_gmt":"2024-11-13T13:49:48","guid":{"rendered":"https:\/\/us.edu.pl\/wydzial\/wpia\/?page_id=176513"},"modified":"2024-11-20T13:35:51","modified_gmt":"2024-11-20T12:35:51","slug":"zjazd-katedr-prawa-prywatnego-miedzynarodowego","status":"publish","type":"page","link":"https:\/\/us.edu.pl\/wydzial\/wpia\/zjazd-katedr-prawa-prywatnego-miedzynarodowego\/","title":{"rendered":"Zjazd Katedr Prawa Prywatnego Mi\u0119dzynarodowego"},"content":{"rendered":"<p>[vc_row][vc_column]\r\n                <div class=\"text-modules\">\r\n                    <div class=\"container\">\r\n                        <h3 class=\"page-title text__title\">Prelegenci PPM<\/h3>\r\n                        <div class=\"text-modules__content\"><p>Poni\u017cej przedstawiamy Pa\u0144stwu sylwetki prelegent\u00f3w, kt\u00f3rzy wyst\u0105pi\u0105 podczas Zjazdu Katedr Prawa Prywatnego Mi\u0119dzynarodowego.<\/p>\n<\/div>\r\n                    <\/div>\r\n                <\/div>[\/vc_column][\/vc_row]<\/p>","protected":false},"excerpt":{"rendered":"<p>[vc_row][vc_column][\/vc_column][\/vc_row] [&#8230;]<\/p>\n<p><a class=\"btn btn-secondary understrap-read-more-link\" href=\"https:\/\/us.edu.pl\/wydzial\/wpia\/zjazd-katedr-prawa-prywatnego-miedzynarodowego\/\">Read More&#8230;<\/a><\/p>\n","protected":false},"author":107,"featured_media":0,"parent":0,"menu_order":0,"comment_status":"closed","ping_status":"closed","template":"page-templates\/page-with-bookmarks.php","meta":{"_expiration-date-status":"","_expiration-date":0,"_expiration-date-type":"","_expiration-date-categories":[],"_expiration-date-options":[]},"acf":[],"_links":{"self":[{"href":"https:\/\/us.edu.pl\/wydzial\/wpia\/wp-json\/wp\/v2\/pages\/176513"}],"collection":[{"href":"https:\/\/us.edu.pl\/wydzial\/wpia\/wp-json\/wp\/v2\/pages"}],"about":[{"href":"https:\/\/us.edu.pl\/wydzial\/wpia\/wp-json\/wp\/v2\/types\/page"}],"author":[{"embeddable":true,"href":"https:\/\/us.edu.pl\/wydzial\/wpia\/wp-json\/wp\/v2\/users\/107"}],"replies":[{"embeddable":true,"href":"https:\/\/us.edu.pl\/wydzial\/wpia\/wp-json\/wp\/v2\/comments?post=176513"}],"version-history":[{"count":10,"href":"https:\/\/us.edu.pl\/wydzial\/wpia\/wp-json\/wp\/v2\/pages\/176513\/revisions"}],"predecessor-version":[{"id":176744,"href":"https:\/\/us.edu.pl\/wydzial\/wpia\/wp-json\/wp\/v2\/pages\/176513\/revisions\/176744"}],"wp:attachment":[{"href":"https:\/\/us.edu.pl\/wydzial\/wpia\/wp-json\/wp\/v2\/media?parent=176513"}],"curies":[{"name":"wp","href":"https:\/\/api.w.org\/{rel}","templated":true}]}}