{"id":195560,"date":"2026-01-13T12:00:13","date_gmt":"2026-01-13T11:00:13","guid":{"rendered":"https:\/\/us.edu.pl\/wydzial\/wpia\/?page_id=195560"},"modified":"2026-03-24T13:31:43","modified_gmt":"2026-03-24T12:31:43","slug":"kwestie-organizacyjne-i-program","status":"publish","type":"page","link":"https:\/\/us.edu.pl\/wydzial\/wpia\/polsko-czesko-slowacka-konferencja-naukowa-prawa-ochrony-srodowiska\/kwestie-organizacyjne-i-program\/","title":{"rendered":"Kwestie organizacyjne i program"},"content":{"rendered":"<p>[vc_row][vc_column]\r\n                <div class=\"text-modules\">\r\n                    <div class=\"container\">\r\n                        <h3 class=\"page-title text__title\">Kwestie organizacyjne i program<\/h3>\r\n                        <div class=\"text-modules__content\"><\/p>\n<p lang=\"en-US\" align=\"justify\"><span style=\"font-family: verdana, geneva, sans-serif;\"><a href=\"https:\/\/us.edu.pl\/wydzial\/wpia\/polsko-czesko-slowacka-konferencja-naukowa-prawa-ochrony-srodowiska\/harmonogram-i-program\/#eng\">english version<\/a><\/span><\/p>\n<p class=\"western\" lang=\"en-US\" align=\"justify\"><span style=\"font-family: verdana, geneva, sans-serif;\"><span lang=\"pl-PL\"><b>Termin i miejsce konferencji<\/b><\/span><\/span><\/p>\n<p class=\"western\" lang=\"en-US\" align=\"justify\"><span style=\"font-family: verdana, geneva, sans-serif;\"><span lang=\"pl-PL\">Konferencja odb\u0119dzie si\u0119 w Kroczycach (<a href=\"http:\/\/www.zajazd-magda.pl\/\" target=\"_blank\" rel=\"noopener\">http:\/\/www.zajazd-magda.pl\/<\/a>) w dniach 9-11 wrze\u015bnia 2026 r. <\/span><\/span><\/p>\n<p class=\"western\" lang=\"en-US\" align=\"justify\"><span style=\"font-family: verdana, geneva, sans-serif;\"><span lang=\"pl-PL\">Zajazd w swej ofercie posiada pokoje:<\/span><\/span><\/p>\n<p class=\"western\" lang=\"en-US\" align=\"justify\"><span style=\"font-family: verdana, geneva, sans-serif;\"><span lang=\"pl-PL\"><b>Apartament 2 os\u00a0 &#8211; 300 z\u0142\/doba<\/b><\/span><\/span><\/p>\n<p class=\"western\" lang=\"en-US\" align=\"justify\"><span style=\"font-family: verdana, geneva, sans-serif;\"><span lang=\"pl-PL\"><b>Pok. 2 os &#8211; 200 z\u0142\/doba<\/b><\/span><\/span><\/p>\n<p class=\"western\" lang=\"en-US\" align=\"justify\"><span style=\"font-family: verdana, geneva, sans-serif;\"><span lang=\"pl-PL\"><b>Pok. 3 os &#8211; 270 z\u0142\/doba\u00a0<\/b><\/span><\/span><\/p>\n<p class=\"western\" lang=\"en-US\" align=\"justify\"><span style=\"font-family: verdana, geneva, sans-serif;\"><span lang=\"pl-PL\"><b>Publikacja pokonferencyjna <\/b><\/span><\/span><\/p>\n<p class=\"western\" lang=\"en-US\" align=\"justify\"><span style=\"font-family: verdana, geneva, sans-serif;\"><span lang=\"pl-PL\">Uczestnicy konferencji b\u0119d\u0105 mieli mo\u017cliwo\u015b\u0107 opublikowania przygotowanych referat\u00f3w w Prawnych Problemach G\u00f3rnictwa i Ochrony \u015arodowiska. Teksty przeznaczone do publikacji nale\u017cy nadsy\u0142a\u0107 w nieprzekraczalnym terminie do dnia <\/span><span lang=\"pl-PL\"><b>30 wrze\u015bnia 2026 r. <\/b><\/span><span lang=\"pl-PL\">Uprzejmie informujemy, \u017ce do publikacji przyjmowane b\u0119d\u0105<\/span><span lang=\"pl-PL\"><b> wy\u0142\u0105cznie teksty przygotowane w j\u0119zyku angielskim. Tekst artyku\u0142u powinien liczy\u0107 do 25 000 znak\u00f3w ze spacjami, razem z przypisami. <\/b><\/span><span lang=\"pl-PL\">Wytyczne dla Autor\u00f3w: <a href=\"https:\/\/journals.us.edu.pl\/index.php\/ppgos\/wytyczne1\">https:\/\/journals.us.edu.pl\/index.php\/ppgos\/wytyczne1<\/a><\/span><\/span><\/p>\n<p><span style=\"font-family: verdana, geneva, sans-serif;\">Uprzejmie prosimy o przygotowanie prezentacji w j\u0119zyku angielskim. Referaty mog\u0105 by\u0107 natomiast wyg\u0142aszane w j\u0119zyku polskim, czeskim, s\u0142owackim lub angielskim.<\/span><\/p>\n<p class=\"western\" lang=\"en-US\" align=\"justify\"><span style=\"font-family: verdana, geneva, sans-serif;\"><span lang=\"pl-PL\"><b>Op\u0142ata konferencyjna <\/b><\/span><\/span><\/p>\n<p class=\"western\" lang=\"en-US\" align=\"justify\"><span style=\"font-family: verdana, geneva, sans-serif;\"><span style=\"color: #000000;\"><span lang=\"pl-PL\">Op\u0142ata konferencyjna<\/span><\/span><b> <\/b><span style=\"color: #000000;\"><span lang=\"pl-PL\">wynosi <\/span><\/span><span style=\"color: #000000;\"><span lang=\"pl-PL\"><b>990 z\u0142<\/b><\/span><\/span><span style=\"color: #000000;\"><span lang=\"pl-PL\"> (z podatkiem VAT, nie obejmuje op\u0142aty za nocleg). <\/span><\/span><span lang=\"pl-PL\">Wp\u0142at\u0119 nale\u017cy dokona\u0107 na rachunek bankowy:<\/span><\/span><\/p>\n<p class=\"western\" lang=\"en-US\" align=\"center\"><span style=\"font-family: verdana, geneva, sans-serif;\"><span lang=\"pl-PL\"><i>Fundacja Wydzia\u0142u Prawa i Administracji U\u015a Facultas Iuridica<\/i><\/span><\/span><\/p>\n<p class=\"western\" lang=\"en-US\" align=\"center\"><span style=\"font-family: verdana, geneva, sans-serif;\"><span lang=\"pl-PL\"><i>ul. Bankowa 11b, 40 &#8211; 007 Katowice<\/i><\/span><\/span><\/p>\n<p class=\"western\" lang=\"en-US\" align=\"center\"><span style=\"font-family: verdana, geneva, sans-serif;\"><span lang=\"pl-PL\"><i>NIP: 9541931619<\/i><\/span><\/span><\/p>\n<p class=\"western\" lang=\"en-US\" align=\"center\"><span style=\"font-family: verdana, geneva, sans-serif;\"><span lang=\"pl-PL\"><i>Nr konta: 30 1050 1214 1000 0007 0056 4511<\/i><\/span><\/span><\/p>\n<p class=\"western\" lang=\"en-US\" align=\"center\"><span style=\"font-family: verdana, geneva, sans-serif;\"><span lang=\"pl-PL\"><i>ING Bank \u015al\u0105ski<\/i><\/span><\/span><\/p>\n<p class=\"western\" lang=\"en-US\" align=\"center\"><span style=\"font-family: verdana, geneva, sans-serif;\"><span lang=\"pl-PL\">tytu\u0142em: Katowice 2026 ochrona \u015brodowiska, imi\u0119 i nazwisko uczestnika<\/span><\/span><\/p>\n<hr \/>\n<p class=\"western\" lang=\"en-US\" align=\"justify\"><span style=\"font-family: verdana, geneva, sans-serif;\"><span lang=\"en-GB\"><b><a id=\"eng\"><\/a>Date and Venue of the Conference<\/b><\/span><\/span><\/p>\n<p class=\"western\" lang=\"en-US\" align=\"justify\"><span style=\"font-family: verdana, geneva, sans-serif;\"><span lang=\"en-GB\">The conference will be held in Kroczyce (<a href=\"http:\/\/www.zajazd-magda.pl\" target=\"_blank\" rel=\"noopener\">http:\/\/www.zajazd-magda.pl\/<\/a>) on 9\u201311 September 2026.<\/span><\/span><\/p>\n<p class=\"western\" lang=\"en-US\" align=\"justify\"><span style=\"font-family: verdana, geneva, sans-serif;\"><span lang=\"en-GB\">The inn offers the following accommodation options:<\/span><\/span><\/p>\n<p class=\"western\" lang=\"en-US\" align=\"justify\"><span style=\"font-family: verdana, geneva, sans-serif;\"><span lang=\"en-GB\">Apartment (2 persons) \u2013 PLN 300 per night<\/span><\/span><\/p>\n<p class=\"western\" lang=\"en-US\" align=\"justify\"><span style=\"font-family: verdana, geneva, sans-serif;\"><span lang=\"en-GB\">Double room \u2013 PLN 200 per night<\/span><\/span><\/p>\n<p class=\"western\" lang=\"en-US\" align=\"justify\"><span style=\"font-family: verdana, geneva, sans-serif;\"><span lang=\"en-GB\">Triple room \u2013 PLN 270 per night<\/span><\/span><\/p>\n<p class=\"western\" lang=\"en-US\" align=\"justify\"><span style=\"font-family: verdana, geneva, sans-serif;\"><span lang=\"en-GB\"><b>Post-Conference Publication<\/b><\/span><\/span><\/p>\n<p class=\"western\" lang=\"en-US\" align=\"justify\"><span style=\"font-family: verdana, geneva, sans-serif;\"><span lang=\"en-GB\">Conference participants will have the opportunity to publish their papers in Prawne Problemy G\u00f3rnictwa i Ochrony \u015arodowiska. Manuscripts intended for publication should be submitted no later than 30 September 2026. Please note that only papers prepared in English will be accepted for publication. The length of the article should not exceed 25,000 characters (including spaces), including footnotes. Author guidelines are available at: <a href=\"https:\/\/journals.us.edu.pl\/index.php\/ppgos\/wytyczne1\">https:\/\/journals.us.edu.pl\/index.php\/ppgos\/wytyczne1<\/a><\/span><\/span><\/p>\n<p><span style=\"font-family: verdana, geneva, sans-serif;\">We kindly ask that presentations be prepared in English. Papers may be delivered in Polish, Czech, Slovak, or English.<\/span><\/p>\n<p class=\"western\" lang=\"en-US\" align=\"justify\"><span style=\"font-family: verdana, geneva, sans-serif;\"><span lang=\"en-GB\"><b>Conference Fee<\/b><\/span><\/span><\/p>\n<p class=\"western\" lang=\"en-US\" align=\"justify\"><span style=\"font-family: verdana, geneva, sans-serif;\"><span lang=\"en-GB\">The conference fee is PLN 990 (including VAT; accommodation not included). Payment should be made to the following bank account:<\/span><\/span><\/p>\n<p class=\"western\" lang=\"en-US\" style=\"text-align: center;\" align=\"justify\"><span style=\"font-family: verdana, geneva, sans-serif;\"><span lang=\"en-GB\">Fundacja Wydzia\u0142u Prawa i Administracji U\u015a Facultas Iuridica<\/span><\/span><\/p>\n<p class=\"western\" lang=\"en-US\" style=\"text-align: center;\" align=\"justify\"><span style=\"font-family: verdana, geneva, sans-serif;\"><span lang=\"pl-PL\">ul. Bankowa 11b, 40-007 Katowice<\/span><\/span><\/p>\n<p class=\"western\" lang=\"en-US\" style=\"text-align: center;\" align=\"justify\"><span style=\"font-family: verdana, geneva, sans-serif;\"><span lang=\"pl-PL\">Tax ID (NIP): 9541931619<\/span><\/span><\/p>\n<p class=\"western\" lang=\"en-US\" style=\"text-align: center;\" align=\"justify\"><span style=\"font-family: verdana, geneva, sans-serif;\"><span lang=\"en-GB\">Bank account number: 30 1050 1214 1000 0007 0056 4511<\/span><\/span><\/p>\n<p class=\"western\" lang=\"en-US\" style=\"text-align: center;\" align=\"justify\"><span style=\"font-family: verdana, geneva, sans-serif;\"><span lang=\"en-GB\">ING Bank \u015al\u0105ski<\/span><\/span><\/p>\n<p class=\"western\" lang=\"en-US\" style=\"text-align: center;\" align=\"justify\"><span style=\"font-family: verdana, geneva, sans-serif;\"><span lang=\"en-GB\">Payment reference: Katowice 2026 environmental protection, participant\u2019s full name<\/span><\/span><\/p>\n<p>\n<\/div>\r\n                    <\/div>\r\n                <\/div>[\/vc_column][\/vc_row]<\/p>","protected":false},"excerpt":{"rendered":"<p>[vc_row][vc_column][\/vc_column][\/vc_row] [&#8230;]<\/p>\n<p><a class=\"btn btn-secondary understrap-read-more-link\" href=\"https:\/\/us.edu.pl\/wydzial\/wpia\/polsko-czesko-slowacka-konferencja-naukowa-prawa-ochrony-srodowiska\/kwestie-organizacyjne-i-program\/\">Read More&#8230;<\/a><\/p>\n","protected":false},"author":107,"featured_media":0,"parent":195536,"menu_order":0,"comment_status":"closed","ping_status":"closed","template":"","meta":{"_expiration-date-status":"","_expiration-date":0,"_expiration-date-type":"","_expiration-date-categories":[],"_expiration-date-options":[]},"acf":[],"_links":{"self":[{"href":"https:\/\/us.edu.pl\/wydzial\/wpia\/wp-json\/wp\/v2\/pages\/195560"}],"collection":[{"href":"https:\/\/us.edu.pl\/wydzial\/wpia\/wp-json\/wp\/v2\/pages"}],"about":[{"href":"https:\/\/us.edu.pl\/wydzial\/wpia\/wp-json\/wp\/v2\/types\/page"}],"author":[{"embeddable":true,"href":"https:\/\/us.edu.pl\/wydzial\/wpia\/wp-json\/wp\/v2\/users\/107"}],"replies":[{"embeddable":true,"href":"https:\/\/us.edu.pl\/wydzial\/wpia\/wp-json\/wp\/v2\/comments?post=195560"}],"version-history":[{"count":6,"href":"https:\/\/us.edu.pl\/wydzial\/wpia\/wp-json\/wp\/v2\/pages\/195560\/revisions"}],"predecessor-version":[{"id":197087,"href":"https:\/\/us.edu.pl\/wydzial\/wpia\/wp-json\/wp\/v2\/pages\/195560\/revisions\/197087"}],"up":[{"embeddable":true,"href":"https:\/\/us.edu.pl\/wydzial\/wpia\/wp-json\/wp\/v2\/pages\/195536"}],"wp:attachment":[{"href":"https:\/\/us.edu.pl\/wydzial\/wpia\/wp-json\/wp\/v2\/media?parent=195560"}],"curies":[{"name":"wp","href":"https:\/\/api.w.org\/{rel}","templated":true}]}}