{"id":195916,"date":"2026-01-29T07:51:12","date_gmt":"2026-01-29T06:51:12","guid":{"rendered":"https:\/\/us.edu.pl\/wydzial\/wpia\/?page_id=195916"},"modified":"2026-01-29T10:52:28","modified_gmt":"2026-01-29T09:52:28","slug":"zarzadzenia-dziekana-2026","status":"publish","type":"page","link":"https:\/\/us.edu.pl\/wydzial\/wpia\/wydzial\/akty-prawa-wewnetrznego\/zarzadzenia-dziekana\/zarzadzenia-dziekana-2026\/","title":{"rendered":"2026"},"content":{"rendered":"<p>[vc_row][vc_column]\r\n                <div class=\"text-modules\">\r\n                    <div class=\"container\">\r\n                        <h3 class=\"page-title text__title\">Zarz\u0105dzenia Dziekana Wydzia\u0142u Prawa i Administracji z 2026 roku<\/h3>\r\n                        <div class=\"text-modules__content\"><p><a href=\"https:\/\/us.edu.pl\/wydzial\/wpia\/wp-content\/uploads\/sites\/19\/2025\/09\/zarzadzenie-nr-1.2026-Dziekana-Wydzialu-Prawa-Uniwersytetu-Slaskiego-w-Katowicach.pdf\" class=\"mtli_attachment mtli_pdf\" data-mtli=\"mtli_filesize389,84kB\" class=\"mtli_attachment mtli_pdf\" data-mtli=\"mtli_filesize389,84kB\">Zarz\u0105dzenie nr 1\/2026 Dziekana Wydzia\u0142u Prawa i Administracji Uniwersytetu \u015al\u0105skiego w Katowicach z dnia 27 stycznia 2026 r. w sprawie stwierdzenia Rady Naukowej Instytutu Nauk Prawnych Uniwersytetu \u015al\u0105skiego w Katowicach<\/a><\/p>\n<style type=\"text\/css\">a[data-mtli~=\"mtli_filesize389,84kB\"]:after {content:\" (389,84 kB)\"}<\/style><\/div>\r\n                    <\/div>\r\n                <\/div>[\/vc_column][\/vc_row]<\/p>\n<style type=\"text\/css\">a[data-mtli~=\"mtli_filesize389,84kB\"]:after {content:\" (389,84 kB)\"}<\/style>","protected":false},"excerpt":{"rendered":"<p>[vc_row][vc_column][\/vc_column][\/vc_row] [&#8230;]<\/p>\n<p><a class=\"btn btn-secondary understrap-read-more-link\" href=\"https:\/\/us.edu.pl\/wydzial\/wpia\/wydzial\/akty-prawa-wewnetrznego\/zarzadzenia-dziekana\/zarzadzenia-dziekana-2026\/\">Read More&#8230;<\/a><\/p>\n","protected":false},"author":107,"featured_media":0,"parent":3573,"menu_order":0,"comment_status":"closed","ping_status":"closed","template":"","meta":{"_expiration-date-status":"","_expiration-date":0,"_expiration-date-type":"","_expiration-date-categories":[],"_expiration-date-options":[]},"acf":[],"_links":{"self":[{"href":"https:\/\/us.edu.pl\/wydzial\/wpia\/wp-json\/wp\/v2\/pages\/195916"}],"collection":[{"href":"https:\/\/us.edu.pl\/wydzial\/wpia\/wp-json\/wp\/v2\/pages"}],"about":[{"href":"https:\/\/us.edu.pl\/wydzial\/wpia\/wp-json\/wp\/v2\/types\/page"}],"author":[{"embeddable":true,"href":"https:\/\/us.edu.pl\/wydzial\/wpia\/wp-json\/wp\/v2\/users\/107"}],"replies":[{"embeddable":true,"href":"https:\/\/us.edu.pl\/wydzial\/wpia\/wp-json\/wp\/v2\/comments?post=195916"}],"version-history":[{"count":3,"href":"https:\/\/us.edu.pl\/wydzial\/wpia\/wp-json\/wp\/v2\/pages\/195916\/revisions"}],"predecessor-version":[{"id":195925,"href":"https:\/\/us.edu.pl\/wydzial\/wpia\/wp-json\/wp\/v2\/pages\/195916\/revisions\/195925"}],"up":[{"embeddable":true,"href":"https:\/\/us.edu.pl\/wydzial\/wpia\/wp-json\/wp\/v2\/pages\/3573"}],"wp:attachment":[{"href":"https:\/\/us.edu.pl\/wydzial\/wpia\/wp-json\/wp\/v2\/media?parent=195916"}],"curies":[{"name":"wp","href":"https:\/\/api.w.org\/{rel}","templated":true}]}}