{"id":197118,"date":"2026-03-26T09:02:18","date_gmt":"2026-03-26T08:02:18","guid":{"rendered":"https:\/\/us.edu.pl\/wydzial\/wpia\/?page_id=197118"},"modified":"2026-03-26T09:46:14","modified_gmt":"2026-03-26T08:46:14","slug":"podstawowe-informacje","status":"publish","type":"page","link":"https:\/\/us.edu.pl\/wydzial\/wpia\/ku-pamieci-profesora-antoniego-agopszowicza\/podstawowe-informacje\/","title":{"rendered":"Podstawowe informacje"},"content":{"rendered":"<p>[vc_row][vc_column]\r\n                <div class=\"text-modules\">\r\n                    <div class=\"container\">\r\n                        <h3 class=\"page-title text__title\">Podstawowe informacje<\/h3>\r\n                        <div class=\"text-modules__content\"><\/p>\n<p align=\"justify\"><span style=\"font-family: verdana, geneva, sans-serif;\">Proces likwidacji zak\u0142ad\u00f3w g\u00f3rniczych stanowi jedno z najpowa\u017cniejszych wyzwa\u0144 wsp\u00f3\u0142czesnej transformacji gospodarczej i \u015brodowiskowej. Obejmuje on nie tylko kwestie techniczne i ekonomiczne, lecz tak\u017ce z\u0142o\u017cone aspekty prawne, spo\u0142eczne i ekologiczne \u2013 w szczeg\u00f3lno\u015bci w odniesieniu do gospodarki wodnej. Wraz z zamykaniem kopal\u0144 pojawiaj\u0105 si\u0119 nowe zagro\u017cenia i obowi\u0105zki zwi\u0105zane z ochron\u0105 zasob\u00f3w wodnych, rekultywacj\u0105 teren\u00f3w pog\u00f3rniczych oraz d\u0142ugofalowym monitorowaniem skutk\u00f3w dzia\u0142alno\u015bci wydobywczej.<\/span><\/p>\n<p align=\"justify\"><span style=\"font-family: verdana, geneva, sans-serif;\">Celem konferencji jest stworzenie forum wymiany wiedzy i do\u015bwiadcze\u0144 pomi\u0119dzy przedstawicielami \u015brodowiska naukowego, administracji publicznej, przedsi\u0119biorstw g\u00f3rniczych oraz organizacji pozarz\u0105dowych. Dyskusja b\u0119dzie koncentrowa\u0107 si\u0119 na identyfikacji aktualnych problem\u00f3w prawnych i \u015brodowiskowych dotycz\u0105cych likwidacji zak\u0142ad\u00f3w g\u00f3rniczych, zarz\u0105dzania wodami podziemnymi i powierzchniowymi, a tak\u017ce na prezentacji dobrych praktyk w zakresie zr\u00f3wnowa\u017conej transformacji region\u00f3w pog\u00f3rniczych.<\/span><\/p>\n<p align=\"justify\"><span style=\"font-family: verdana, geneva, sans-serif;\">Wydarzenie po\u015bwi\u0119cone jest pami\u0119ci Profesora Antoniego Agopszowicza, wybitnego prawnika, specjalisty w dziedzinie prawa g\u00f3rniczego i ochrony \u015brodowiska, kt\u00f3rego dorobek naukowy i dydaktyczny mia\u0142 trwa\u0142y wp\u0142yw na kszta\u0142t wsp\u00f3\u0142czesnych regulacji dotycz\u0105cych gospodarki wodnej w sektorze g\u00f3rniczym.<\/span><\/p>\n<p style=\"text-align: center;\"><span style=\"font-family: verdana, geneva, sans-serif;\">Kontakt z organizatorem<\/span><\/p>\n<p style=\"text-align: center;\"><span style=\"font-family: verdana, geneva, sans-serif;\">Uniwersytet \u015al\u0105ski w Katowicach<br \/>\nZesp\u00f3\u0142 Prawa G\u00f3rniczego i Ochrony \u015arodowiska<br \/>\nWydzia\u0142 Prawa i Administracji<br \/>\nul. Bankowa 11B, 40 \u2013 007 Katowice<br \/>\ne-mail: <span style=\"color: #467886;\"><u><a href=\"mailto:filip.nawrot@us.edu.pl\">filip.nawrot@us.edu.pl<\/a><\/u><\/span>\u00a0, <span style=\"color: #467886;\"><u><a href=\"mailto:ewa.radecka@us.edu.pl\">ewa.radecka@us.edu.pl<\/a><\/u><\/span><\/span><\/p>\n<p><center><img class=\"aligncenter wp-image-195553 size-medium\" src=\"https:\/\/us.edu.pl\/wydzial\/wpia\/wp-content\/uploads\/sites\/19\/naukakonferencje\/2026\/LOGO-FUNDACJA-500x117.png\" alt=\"\" width=\"500\" height=\"117\" srcset=\"https:\/\/us.edu.pl\/wydzial\/wpia\/wp-content\/uploads\/sites\/19\/naukakonferencje\/2026\/LOGO-FUNDACJA-500x117.png 500w, https:\/\/us.edu.pl\/wydzial\/wpia\/wp-content\/uploads\/sites\/19\/naukakonferencje\/2026\/LOGO-FUNDACJA-1024x239.png 1024w, https:\/\/us.edu.pl\/wydzial\/wpia\/wp-content\/uploads\/sites\/19\/naukakonferencje\/2026\/LOGO-FUNDACJA-768x179.png 768w, https:\/\/us.edu.pl\/wydzial\/wpia\/wp-content\/uploads\/sites\/19\/naukakonferencje\/2026\/LOGO-FUNDACJA-1536x358.png 1536w, https:\/\/us.edu.pl\/wydzial\/wpia\/wp-content\/uploads\/sites\/19\/naukakonferencje\/2026\/LOGO-FUNDACJA-575x134.png 575w, https:\/\/us.edu.pl\/wydzial\/wpia\/wp-content\/uploads\/sites\/19\/naukakonferencje\/2026\/LOGO-FUNDACJA.png 1772w\" sizes=\"(max-width: 500px) 100vw, 500px\" \/><\/center><center><img class=\"alignnone wp-image-197136 size-full\" src=\"https:\/\/us.edu.pl\/wydzial\/wpia\/wp-content\/uploads\/sites\/19\/Strona-glowna\/logo\/2026konfa.png\" alt=\"\" width=\"1920\" height=\"1080\" srcset=\"https:\/\/us.edu.pl\/wydzial\/wpia\/wp-content\/uploads\/sites\/19\/Strona-glowna\/logo\/2026konfa.png 1920w, https:\/\/us.edu.pl\/wydzial\/wpia\/wp-content\/uploads\/sites\/19\/Strona-glowna\/logo\/2026konfa-500x281.png 500w, https:\/\/us.edu.pl\/wydzial\/wpia\/wp-content\/uploads\/sites\/19\/Strona-glowna\/logo\/2026konfa-1024x576.png 1024w, https:\/\/us.edu.pl\/wydzial\/wpia\/wp-content\/uploads\/sites\/19\/Strona-glowna\/logo\/2026konfa-768x432.png 768w, https:\/\/us.edu.pl\/wydzial\/wpia\/wp-content\/uploads\/sites\/19\/Strona-glowna\/logo\/2026konfa-1536x864.png 1536w, https:\/\/us.edu.pl\/wydzial\/wpia\/wp-content\/uploads\/sites\/19\/Strona-glowna\/logo\/2026konfa-575x323.png 575w\" sizes=\"(max-width: 1920px) 100vw, 1920px\" \/><\/center><\/p>\n<\/div>\r\n                    <\/div>\r\n                <\/div>[\/vc_column][\/vc_row]<\/p>","protected":false},"excerpt":{"rendered":"<p>[vc_row][vc_column][\/vc_column][\/vc_row] [&#8230;]<\/p>\n<p><a class=\"btn btn-secondary understrap-read-more-link\" href=\"https:\/\/us.edu.pl\/wydzial\/wpia\/ku-pamieci-profesora-antoniego-agopszowicza\/podstawowe-informacje\/\">Read More&#8230;<\/a><\/p>\n","protected":false},"author":107,"featured_media":0,"parent":197115,"menu_order":0,"comment_status":"closed","ping_status":"closed","template":"","meta":{"_expiration-date-status":"","_expiration-date":0,"_expiration-date-type":"","_expiration-date-categories":[],"_expiration-date-options":[]},"acf":[],"_links":{"self":[{"href":"https:\/\/us.edu.pl\/wydzial\/wpia\/wp-json\/wp\/v2\/pages\/197118"}],"collection":[{"href":"https:\/\/us.edu.pl\/wydzial\/wpia\/wp-json\/wp\/v2\/pages"}],"about":[{"href":"https:\/\/us.edu.pl\/wydzial\/wpia\/wp-json\/wp\/v2\/types\/page"}],"author":[{"embeddable":true,"href":"https:\/\/us.edu.pl\/wydzial\/wpia\/wp-json\/wp\/v2\/users\/107"}],"replies":[{"embeddable":true,"href":"https:\/\/us.edu.pl\/wydzial\/wpia\/wp-json\/wp\/v2\/comments?post=197118"}],"version-history":[{"count":4,"href":"https:\/\/us.edu.pl\/wydzial\/wpia\/wp-json\/wp\/v2\/pages\/197118\/revisions"}],"predecessor-version":[{"id":197138,"href":"https:\/\/us.edu.pl\/wydzial\/wpia\/wp-json\/wp\/v2\/pages\/197118\/revisions\/197138"}],"up":[{"embeddable":true,"href":"https:\/\/us.edu.pl\/wydzial\/wpia\/wp-json\/wp\/v2\/pages\/197115"}],"wp:attachment":[{"href":"https:\/\/us.edu.pl\/wydzial\/wpia\/wp-json\/wp\/v2\/media?parent=197118"}],"curies":[{"name":"wp","href":"https:\/\/api.w.org\/{rel}","templated":true}]}}