{"id":2000,"date":"2020-01-10T09:18:48","date_gmt":"2020-01-10T08:18:48","guid":{"rendered":"https:\/\/us.edu.pl\/wydzial\/wpia\/?page_id=2000"},"modified":"2025-10-07T13:09:43","modified_gmt":"2025-10-07T11:09:43","slug":"rady-dydaktyczne","status":"publish","type":"page","link":"https:\/\/us.edu.pl\/wydzial\/wpia\/ksztalcenie\/rady-dydaktyczne\/","title":{"rendered":"Rady dydaktyczne"},"content":{"rendered":"<p>[vc_row][vc_column]\r\n                <div class=\"text-modules\">\r\n                    <div class=\"container\">\r\n                        <h3 class=\"page-title text__title\">Rady dydaktyczne<\/h3>\r\n                        <div class=\"text-modules__content\"><\/div>\r\n                    <\/div>\r\n                <\/div>[\/vc_column][\/vc_row][vc_row][vc_column]\r\n                <div class=\"tiles-section\" style=\"background: \">\r\n                    <div class=\"container\">\r\n                        <h3 class=\"page-title\"><\/h3>\r\n                        <div class=\"tiles tiles-2\">\r\n                            <a href=\"https:\/\/us.edu.pl\/wydzial\/wpia\/wp-content\/uploads\/sites\/19\/Akty-prawa-wewnetrznego\/zarzadzenia-Dziekana\/zarzadzenie-nr-7.2025-Dziekana-Wydzialu-Prawa-i-Administracji.pdf\" class=\"mtli_attachment mtli_pdf\" data-mtli=\"mtli_filesize281,82kB\" class=\"tile tile_ justify-content-center\" style=\"background-color: #002E5A; font-weight: ; color: #ffffff;  \">\r\n                                \r\n                                   \r\n                               \r\n                                <div class=\"tile__name\">Rada Dydaktyczna kierunku Prawo<\/div>\r\n                            <\/a>\r\n                            <a href=\"https:\/\/us.edu.pl\/wydzial\/wpia\/wp-content\/uploads\/sites\/19\/Akty-prawa-wewnetrznego\/zarzadzenia-Dziekana\/zarzadzenie-nr-8.2025-Dziekana-Wydzialu-Prawa-i-Administracji.pdf\" class=\"mtli_attachment mtli_pdf\" data-mtli=\"mtli_filesize282,36kB\" class=\"tile tile_ justify-content-center\" style=\"background-color: #002E5A; font-weight: ; color: #ffffff;  \">\r\n                                \r\n                                   \r\n                               \r\n                                <div class=\"tile__name\"> Rada Dydaktyczna kierunku Administracja<\/div>\r\n                            <\/a>\r\n                            <a href=\"https:\/\/us.edu.pl\/wydzial\/wpia\/uchwaly-rad-dydaktycznych\/\" class=\"tile tile_ justify-content-center\" style=\"background-color: #002E5A; font-weight: ; color: #ffffff;  \">\r\n                                \r\n                                   \r\n                               \r\n                                <div class=\"tile__name\">Uchwa\u0142y Rad Dydaktycznych<\/div>\r\n                            <\/a>\r\n                            <a href=\"https:\/\/us.edu.pl\/wydzial\/wpia\/wp-content\/uploads\/sites\/19\/Akty-prawa-wewnetrznego\/zarzadzenia-Dziekana\/Zarzadzenie-nr-9.2025-Dziekana-Wydzialu-Prawa-i-Administracji.pdf\" class=\"mtli_attachment mtli_pdf\" data-mtli=\"mtli_filesize403,40kB\" class=\"tile tile_ justify-content-center\" style=\"background-color: #002E5A; font-weight: ; color: #ffffff;  \">\r\n                                \r\n                                   \r\n                               \r\n                                <div class=\"tile__name\">Rada Dydaktyczna kierunk\u00f3w Przedsi\u0119biorczo\u015b\u0107, Prawo w biznesie, International Business Law and Arbitration, Administrowanie \u015arodowiskiem<\/div>\r\n                            <\/a><\/div>\r\n                    <\/div>\r\n                <\/div>[\/vc_column][\/vc_row]<\/p>\n<style type=\"text\/css\">a[data-mtli~=\"mtli_filesize281,82kB\"]:after {content:\" (281,82 kB)\"}a[data-mtli~=\"mtli_filesize282,36kB\"]:after {content:\" (282,36 kB)\"}a[data-mtli~=\"mtli_filesize403,40kB\"]:after {content:\" (403,40 kB)\"}<\/style>","protected":false},"excerpt":{"rendered":"<p>[vc_row][vc_column][\/vc_column][\/vc_row][vc_row][vc_column][\/vc_column][\/vc_row] [&#8230;]<\/p>\n<p><a class=\"btn btn-secondary understrap-read-more-link\" href=\"https:\/\/us.edu.pl\/wydzial\/wpia\/ksztalcenie\/rady-dydaktyczne\/\">Read More&#8230;<\/a><\/p>\n","protected":false},"author":107,"featured_media":0,"parent":1998,"menu_order":6,"comment_status":"closed","ping_status":"closed","template":"page-templates\/inner-page.php","meta":{"_expiration-date-status":"","_expiration-date":0,"_expiration-date-type":"","_expiration-date-categories":[],"_expiration-date-options":[]},"acf":[],"_links":{"self":[{"href":"https:\/\/us.edu.pl\/wydzial\/wpia\/wp-json\/wp\/v2\/pages\/2000"}],"collection":[{"href":"https:\/\/us.edu.pl\/wydzial\/wpia\/wp-json\/wp\/v2\/pages"}],"about":[{"href":"https:\/\/us.edu.pl\/wydzial\/wpia\/wp-json\/wp\/v2\/types\/page"}],"author":[{"embeddable":true,"href":"https:\/\/us.edu.pl\/wydzial\/wpia\/wp-json\/wp\/v2\/users\/107"}],"replies":[{"embeddable":true,"href":"https:\/\/us.edu.pl\/wydzial\/wpia\/wp-json\/wp\/v2\/comments?post=2000"}],"version-history":[{"count":11,"href":"https:\/\/us.edu.pl\/wydzial\/wpia\/wp-json\/wp\/v2\/pages\/2000\/revisions"}],"predecessor-version":[{"id":193884,"href":"https:\/\/us.edu.pl\/wydzial\/wpia\/wp-json\/wp\/v2\/pages\/2000\/revisions\/193884"}],"up":[{"embeddable":true,"href":"https:\/\/us.edu.pl\/wydzial\/wpia\/wp-json\/wp\/v2\/pages\/1998"}],"wp:attachment":[{"href":"https:\/\/us.edu.pl\/wydzial\/wpia\/wp-json\/wp\/v2\/media?parent=2000"}],"curies":[{"name":"wp","href":"https:\/\/api.w.org\/{rel}","templated":true}]}}