{"id":298,"date":"2019-10-15T14:07:55","date_gmt":"2019-10-15T12:07:55","guid":{"rendered":"https:\/\/us.edu.pl\/wydzial\/wpia\/?page_id=298"},"modified":"2026-04-22T10:33:57","modified_gmt":"2026-04-22T08:33:57","slug":"kontakt","status":"publish","type":"page","link":"https:\/\/us.edu.pl\/wydzial\/wpia\/wydzial\/kontakt\/","title":{"rendered":"Kontakt"},"content":{"rendered":"<p>[vc_row][vc_column]\r\n                <div class=\"text-modules\">\r\n                    <div class=\"container\">\r\n                        <h3 class=\"page-title text__title\">Kontakt<\/h3>\r\n                        <div class=\"text-modules__content\"><p><span style=\"font-size: 12pt;\"><strong>Wydzia\u0142 Prawa i Administracji Uniwersytet \u015al\u0105ski <\/strong><\/span><\/p>\n<p><span style=\"font-size: 12pt;\">ul. Bankowa 11b, 40-007 Katowice<\/span><\/p>\n<p><span style=\"font-size: 12pt;\"><a href=\"https:\/\/goo.gl\/maps\/kpC5xd9KxC8zPvLu7\">Lokalizacja wydzia\u0142u na mapie Google<\/a><\/span><\/p>\n<p><span style=\"font-size: 12pt;\"><a href=\"https:\/\/ab.us.edu.pl\/\">Ksi\u0105\u017cka teleadresowa<\/a><\/span><\/p>\n<p>&nbsp;<\/p>\n<p><strong>BIURO DZIEKANA<\/strong><\/p>\n<p>pok. 1.2 (I pi\u0119tro)<\/p>\n<p><span style=\"font-size: 12pt;\">e-mail: <a href=\"mailto:wpia@us.edu.pl\">wpia@us.edu.pl<\/a><\/span><\/p>\n<p><strong><span style=\"font-size: 12pt;\">tel. 32 359 1616<\/span><\/strong><\/p>\n<p><span style=\"font-size: 12pt;\">Poniedzia\u0142ek: od 7.30 do 16.00<\/span><\/p>\n<p><span style=\"font-size: 12pt;\">Wtorek: od 7.30 do 17.00<\/span><\/p>\n<p><span style=\"font-size: 12pt;\">\u015aroda: od 7.30 do 16.00<\/span><\/p>\n<p><span style=\"font-size: 12pt;\">Czwartek: od 7.30 do 16.00<\/span><\/p>\n<p><span style=\"font-size: 12pt;\">Pi\u0105tek: od 7.30 do 16.00<\/span><\/p>\n<p>&nbsp;<\/p>\n<p><strong><span style=\"font-size: 14pt;\">Kontakty<\/span><\/strong><\/p>\n<p><span style=\"font-size: 12pt;\"><strong>KIEROWNICZKA ORGANIZACYJNA WYDZIA\u0141U PRAWA I ADMINISTRACJI<\/strong><\/span><\/p>\n<p><span style=\"font-size: 12pt;\">mgr Agnieszka Maro\u0144 &#8211; <a href=\"mailto:agnieszka.maron@us.edu.pl\">agnieszka.maron@us.edu.pl<\/a>, <strong>tel.: 32 359 2438, pok. 2.4;<\/strong><\/span><\/p>\n<p>&nbsp;<\/p>\n<p><span style=\"font-size: 12pt;\"><strong>DZIEKANAT<\/strong><\/span><\/p>\n<p><span style=\"font-size: 12pt;\"><strong>OBS\u0141UGA STUDENTA<\/strong><\/span><\/p>\n<p><span style=\"font-size: 12pt;\">W celu z\u0142o\u017cenia pisma lub wniosku drog\u0105 elektroniczn\u0105 prosimy o wydrukowanie i podpisanie go oraz przes\u0142anie na wskazany poni\u017cej adres dziekanatu wraz z wyja\u015bnieniem czego dotyczy, skanu lub zdj\u0119cia, alternatywnie:<\/span><\/p>\n<p><span style=\"font-size: 12pt;\">1) ca\u0142ego wniosku;<\/span><\/p>\n<p><span style=\"font-size: 12pt;\">2) strony wymagaj\u0105cej podpisu oraz ca\u0142ego wniosku w formie elektronicznej (w formacie .doc lub .pdf)<\/span><\/p>\n<p><span style=\"font-size: 12pt;\"><strong>Formularze i druki:<\/strong> <a href=\"https:\/\/us.edu.pl\/wydzial\/wpia\/sprawy-studenckie\/formularze-i-druki\/formularze-i-druki-studia-i-i-ii-stopnia\/\">https:\/\/us.edu.pl\/wydzial\/wpia\/sprawy-studenckie\/formularze-i-druki\/formularze-i-druki-studia-i-i-ii-stopnia\/<\/a><\/span><\/p>\n<p><span style=\"font-size: 12pt;\"><strong>Komunikaty:<\/strong> <a href=\"https:\/\/us.edu.pl\/wydzial\/wpia\/komunikaty-wszystko\/\">https:\/\/us.edu.pl\/wydzial\/wpia\/komunikaty-wszystko\/<\/a><\/span><\/p>\n<p><span style=\"font-size: 12pt;\"><strong>Adres e-mail:<\/strong> <a href=\"mailto:dziekanat.wpia@us.edu.pl\">dziekanat.wpia@us.edu.pl<\/a><\/span><\/p>\n<p>&nbsp;<\/p>\n<p><span style=\"font-size: 12pt;\"><strong>Godziny pracy dziekanat\u00f3w oraz dziekanatu ds. finansowych, stypendialnych i socjalnych:<\/strong><\/span><\/p>\n<p><span style=\"font-size: 12pt;\">Poniedzia\u0142ek: od 11.00 do 15.00<\/span><\/p>\n<p><span style=\"font-size: 12pt;\">Wtorek: od 12.00 do 17.00<\/span><\/p>\n<p><span style=\"font-size: 12pt;\">\u015aroda: od 11.00 do 15.00<\/span><\/p>\n<p><span style=\"font-size: 12pt;\"><strong>Czwartek:\u00a0nieczynne<\/strong><\/span><\/p>\n<p><span style=\"font-size: 12pt;\">Pi\u0105tek: od 11.00 do 14.00 <span style=\"color: #ff0000;\"><b>UWAGA<\/b><\/span>:\u00a0<u>w dniu 15 maja br. dziekanaty b\u0119d\u0105 nieczynne.<\/u><\/span><\/p>\n<p><span style=\"font-size: 12pt;\">Sobota zjazdowa: od 7.30 od 13.00\u00a0<span style=\"color: #ff0000;\"><b>UWAGA<\/b><\/span>:\u00a0<u>w dniu 16 maja br. dziekanaty b\u0119d\u0105 nieczynne.<\/u><\/span><\/p>\n<p>&nbsp;<\/p>\n<p><span style=\"font-size: 12pt;\"><strong>Kierunek: Prawo stacjonarne<\/strong><\/span><\/p>\n<p><span style=\"font-size: 12pt;\">mgr Leokadia Magosz &#8211; <a href=\"mailto:leokadia.magosz@us.edu.pl\">leokadia.magosz@us.edu.pl<\/a>, <strong>tel.: 32 359 1819, pok. 1.27;<\/strong><\/span><\/p>\n<p><span style=\"font-size: 12pt;\">mgr Ewa Niedurny<strong> &#8211; <\/strong><a href=\"mailto:ewa.niedurny@us.edu.pl\">ewa.niedurny@us.edu.pl<\/a>, <strong>tel.: 32 359 2065, pok. 1.27;<\/strong><\/span><\/p>\n<p><span style=\"font-size: 12pt;\">mgr Agnieszka Wola &#8211; <a href=\"mailto:agnieszka.wola@us.edu.pl\">agnieszka.wola@us.edu.pl<\/a>, <strong>tel.: 32 359 1756, pok. 1.27.<\/strong><\/span><\/p>\n<p>&nbsp;<\/p>\n<p><span style=\"font-size: 12pt;\"><strong>Kierunek: Prawo niestacjonarne <b>\u00a0<\/b><\/strong><\/span><\/p>\n<p><span style=\"font-size: 12pt;\">mgr Olga Przybysz \u2013 <a href=\"mailto:olga.przybysz@us.edu.pl\" rel=\"noreferrer\">olga.przybysz@us.edu.pl<\/a>, <strong>tel.: 32 359 2101, pok. 1.26.<\/strong><\/span><\/p>\n<p><span style=\"font-size: 12pt;\">mgr Izabela Maculewicz &#8211; <a href=\"mailto:izabela.maculewicz@us.edu.pl\">izabela.maculewicz@us.edu.pl<\/a>, <strong>tel.: 32 359 11 51, pok. 1.26.<\/strong><\/span><\/p>\n<p><span style=\"font-size: 12pt;\">mgr in\u017c. Marta R\u0119kosiewicz \u2013 <a href=\"mailto:marta.rekosiewicz@us.edu.pl\">marta.rekosiewicz@us.edu.pl<\/a>, <strong>tel.: 32 359 2069, pok. 1.26.<\/strong><\/span><\/p>\n<p><span style=\"font-size: 12pt;\">mgr Monika \u015awi\u0105tkiewicz-Ozyga\u0142a &#8211; <a href=\"mailto:monika.swiatkiewicz-ozygala@us.edu.pl\" rel=\"noreferrer\">monika.swiatkiewicz-ozygala@us.edu.pl<\/a><b>, tel.: 32 359 2066, pok. 1.26.<\/b><\/span><\/p>\n<p>&nbsp;<\/p>\n<p><span style=\"font-size: 12pt;\"><strong>Kierunek: Administracja, Administrowanie \u015brodowiskiem, International Business Law and Arbitration, Prawo w biznesie, Przedsi\u0119biorczo\u015b\u0107<\/strong><\/span><\/p>\n<p><span style=\"font-size: 12pt;\">mgr Agnieszka Jach-Wr\u00f3bel<strong> &#8211; <\/strong><a href=\"mailto:agnieszka.jach-wrobel@us.edu.pl\">agnieszka.jach-wrobel@us.edu.pl<\/a>, <strong>tel.: 32 359 2067, pok. 1.24;<\/strong><\/span><\/p>\n<p><span style=\"font-size: 12pt;\">mgr Anna Kostur<strong> &#8211; <\/strong><a href=\"mailto:anna.kostur@us.edu.pl\">anna.kostur@us.edu.pl<\/a>, <strong>tel.: 32 359 2064, pok. 1.24;<\/strong><\/span><\/p>\n<p><span style=\"font-size: 12pt;\">mgr Anna Peas &#8211; <a href=\"mailto:anna.peas@us.edu.pl\">anna.peas@us.edu.pl<\/a>, <strong>tel.: 32 359 1595, pok. 1.24.<\/strong><\/span><\/p>\n<p>&nbsp;<\/p>\n<p><span style=\"font-size: 12pt;\"><strong>ODP\u0141ATNO\u015aCI ZA STUDIA\u00a0 ORAZ \u015aWIADCZENIA DLA STUDENT\u00d3W<\/strong><\/span><\/p>\n<p><span style=\"font-size: 12pt;\">mgr Alina Czapik &#8211; <a href=\"mailto:alina.czapik@us.edu.pl\">alina.czapik@us.edu.pl<\/a>, <strong>tel.: 32 359 2063, pok. 1.25;<\/strong><\/span><\/p>\n<p><span style=\"font-size: 12pt;\">lic. Katarzyna Kliszcz &#8211; <a href=\"mailto:katarzyna.kliszcz@us.edu.pl\">katarzyna.kliszcz@us.edu.pl<\/a>, <strong>tel.: 32 359 2149, pok. 1.25;<\/strong><\/span><\/p>\n<p><span style=\"font-size: 12pt;\">mgr Gabriela Paluch &#8211; <a href=\"mailto:gabriela.paluch@us.edu.pl\">gabriela.paluch@us.edu.pl<\/a>, <strong>tel.: 32 359 2063, pok. 1.25.<\/strong><\/span><\/p>\n<p>&nbsp;<\/p>\n<p><span style=\"font-size: 12pt;\"><strong>DZIEKANAT DS. OBS\u0141UGI PROCESU DYDAKTYCZNEGO<\/strong><\/span><\/p>\n<p><span style=\"font-size: 12pt;\">mgr Rafa\u0142 Machna &#8211; <a href=\"mailto:rafal.machna@us.edu.pl\">rafal.machna@us.edu.pl<\/a>, <strong>tel.: 32 359 2439, pok. 1.15;<\/strong><\/span><\/p>\n<p><span style=\"font-size: 12pt;\">mgr Ma\u0142gorzata Szaniewska &#8211; <a href=\"mailto:malgorzata.szaniewska@us.edu.pl\">malgorzata.szaniewska@us.edu.pl<\/a>,\u00a0 <strong>tel.: 32 359 1164, pok. 1.15;<\/strong><\/span><\/p>\n<p><span style=\"font-size: 12pt;\">mgr in\u017c. Beata Kasprowicz \u2013 <a href=\"mailto:beata.kasprowicz@us.edu.pl\">beata.kasprowicz@us.edu.pl<\/a>, <strong>tel.: 32 359 2443, pok. 1.15.<\/strong><\/span><\/p>\n<p>&nbsp;<\/p>\n<p><span style=\"font-size: 12pt;\"><strong>BIURO ORGANIZACYJNE<\/strong><\/span><\/p>\n<p><span style=\"font-size: 12pt;\">Joanna Bruch &#8211; <a href=\"mailto:joanna.bruch@us.edu.pl\">joanna.bruch@us.edu.pl<\/a>, <strong>tel. 32 <\/strong><strong>359 2381 pok. 38<\/strong><\/span><\/p>\n<p><span style=\"font-size: 12pt;\">Marzena Hettmer &#8211; <\/span><a style=\"font-size: 12pt;\" href=\"mailto:marzena.hettmer@us.edu.pl\">marzena.hettmer@us.edu.pl<\/a><span style=\"font-size: 12pt;\">, <\/span><strong style=\"font-size: 12pt;\">tel.: 32 359 2354, pok. 38;<\/strong><\/p>\n<p><span style=\"font-size: 12pt;\">Ma\u0142gorzata Nowacka &#8211;\u00a0 <a href=\"mailto:malgorzata.nowacka@us.edu.pl\">malgorzata.nowacka@us.edu.pl<\/a>, <strong>tel.: 32 359 2060, <\/strong><strong>pok. 1.2;<\/strong><\/span><\/p>\n<p><span style=\"font-size: 12pt;\">mgr Aleksandra Majcher-M\u0142ynarska <\/span>&#8211; <span style=\"font-size: 12pt;\"><a href=\"mailto:aleksandra.majcher@us.edu.pl\">aleksandra.majcher@us.edu.pl<\/a>, <strong>tel.: 32 359 1616, pok. 1.2;<br \/>\n<\/strong><\/span><\/p>\n<p><span style=\"font-size: 12pt;\">mgr Sylwia Mincer-Salas &#8211; <a href=\"mailto:sylwia.mincer-salas@us.edu.pl\">sylwia.mincer-salas@us.edu.pl<\/a>, <strong>tel.: 32 359 1616, pok. 1.2;<\/strong><br \/>\n<\/span><\/p>\n<p><span style=\"font-size: 12pt;\">lic. Wiktoria Kubiaczyk &#8211; <a href=\"mailto:wiktoria.kubiaczyk@us.edu.pl\">wiktoria.kubiaczyk@us.edu.pl<\/a>, <strong>tel.: 32 359 2459, pok. 40.<\/strong><\/span><\/p>\n<p>&nbsp;<\/p>\n<p><span style=\"font-size: 12pt;\"><strong>BIURO EWALUACJI I OBS\u0141UGI INSTYTUTU<\/strong><\/span><\/p>\n<p><span style=\"font-size: 12pt;\">mgr Ewa Klyszcz &#8211; <a href=\"mailto:ewa.klyszcz@us.edu.pl\">ewa.klyszcz@us.edu.pl<\/a>, <strong>tel.: 32 359 1613, pok. 1.9;<\/strong><\/span><\/p>\n<p><span style=\"font-size: 12pt;\">mgr Joanna Debernic &#8211; <a href=\"mailto:joanna.debernic@us.edu.pl\">joanna.debernic@us.edu.pl<\/a>, <strong>tel.: 32 359 1905, pok. 1.9;<\/strong><\/span><\/p>\n<p><span style=\"font-size: 12pt;\">mgr Faustyna G\u0142uszak \u2013 Jarzyna &#8211; <a href=\"mailto:faustyna.gluszak@us.edu.pl\">faustyna.gluszak@us.edu.pl<\/a>, <strong>tel.: 32 359 14 91, pok. 1.9.<\/strong><\/span><\/p>\n<p>&nbsp;<\/p>\n<p><span style=\"font-size: 12pt;\"><strong>ZESP\u00d3\u0141 DS. PROJEKT\u00d3W WYDZIA\u0141U<\/strong><\/span><\/p>\n<p><span style=\"font-size: 12pt;\">mgr in\u017c. Monika \u0141yczba &#8211; <a href=\"mailto:monika.lyczba@us.edu.pl\">monika.lyczba@us.edu.pl<\/a>, <strong>tel.: 32 359 1698, pok. 39<\/strong><\/span><\/p>\n<p><span style=\"font-size: 12pt;\">mgr Wojciech Tymkiewicz &#8211; <a href=\"mailto:wojciech.tymkiewicz@us.edu.pl\">wojciech.tymkiewicz@us.edu.pl<\/a>, <strong>tel.: 32 359 2028, pok. 40<\/strong><\/span><\/p>\n<\/div>\r\n                    <\/div>\r\n                <\/div>[\/vc_column][\/vc_row][vc_row][vc_column]\r\n\t\t\t\t<div class='container'>\r\n\t\t\t\t\t<div class='list-links list-links_'>\r\n\t\t\t\t\t\t  \r\n\t\t\t\t\t\t  <ul>\r\n\t\t\t\t\t\t\t\t<li><a href='https:\/\/us.edu.pl\/wydzial\/wpia\/wydzial\/struktura\/'><p>W\u0142adze i struktura Wydzia\u0142u <\/p><\/a><\/li><\/ul>\r\n\t\t\t\t\t<\/div>\r\n\t\t\t\t<\/div>   \r\n\t\t\t\t\t[\/vc_column][\/vc_row]<\/p>","protected":false},"excerpt":{"rendered":"<p>[vc_row][vc_column][\/vc_column][\/vc_row][vc_row][vc_column][\/vc_column][\/vc_row] [&#8230;]<\/p>\n<p><a class=\"btn btn-secondary understrap-read-more-link\" href=\"https:\/\/us.edu.pl\/wydzial\/wpia\/wydzial\/kontakt\/\">Read More&#8230;<\/a><\/p>\n","protected":false},"author":1,"featured_media":0,"parent":284,"menu_order":5,"comment_status":"closed","ping_status":"closed","template":"page-templates\/inner-page.php","meta":{"_expiration-date-status":"","_expiration-date":0,"_expiration-date-type":"","_expiration-date-categories":[],"_expiration-date-options":[]},"acf":[],"_links":{"self":[{"href":"https:\/\/us.edu.pl\/wydzial\/wpia\/wp-json\/wp\/v2\/pages\/298"}],"collection":[{"href":"https:\/\/us.edu.pl\/wydzial\/wpia\/wp-json\/wp\/v2\/pages"}],"about":[{"href":"https:\/\/us.edu.pl\/wydzial\/wpia\/wp-json\/wp\/v2\/types\/page"}],"author":[{"embeddable":true,"href":"https:\/\/us.edu.pl\/wydzial\/wpia\/wp-json\/wp\/v2\/users\/1"}],"replies":[{"embeddable":true,"href":"https:\/\/us.edu.pl\/wydzial\/wpia\/wp-json\/wp\/v2\/comments?post=298"}],"version-history":[{"count":13,"href":"https:\/\/us.edu.pl\/wydzial\/wpia\/wp-json\/wp\/v2\/pages\/298\/revisions"}],"predecessor-version":[{"id":197541,"href":"https:\/\/us.edu.pl\/wydzial\/wpia\/wp-json\/wp\/v2\/pages\/298\/revisions\/197541"}],"up":[{"embeddable":true,"href":"https:\/\/us.edu.pl\/wydzial\/wpia\/wp-json\/wp\/v2\/pages\/284"}],"wp:attachment":[{"href":"https:\/\/us.edu.pl\/wydzial\/wpia\/wp-json\/wp\/v2\/media?parent=298"}],"curies":[{"name":"wp","href":"https:\/\/api.w.org\/{rel}","templated":true}]}}