{"id":304,"date":"2019-10-15T14:10:48","date_gmt":"2019-10-15T12:10:48","guid":{"rendered":"https:\/\/us.edu.pl\/wydzial\/wpia\/?page_id=304"},"modified":"2023-01-31T09:54:16","modified_gmt":"2023-01-31T08:54:16","slug":"licea","status":"publish","type":"page","link":"https:\/\/us.edu.pl\/wydzial\/wpia\/wspolpraca\/wspolpraca-z-otoczeniem\/wspolpraca-z-liceami\/licea\/","title":{"rendered":"Geneza Wsp\u00f3\u0142pracy"},"content":{"rendered":"<p>[vc_row][vc_column]\r\n                <div class=\"text-modules\">\r\n                    <div class=\"container\">\r\n                        \r\n                        <div class=\"text-modules__content\"><p>28 maja 2012 roku mia\u0142o miejsce uroczyste podpisanie um\u00f3w o\u00a0wsp\u00f3\u0142prac\u0119 pomi\u0119dzy Uniwersytetem \u015al\u0105skim, a\u00a0dwoma katowickimi liceami: III Liceum Og\u00f3lnokszta\u0142c\u0105cym im. Adama Mickiewicza oraz\u00a0IV Liceum Og\u00f3lnokszta\u0142c\u0105cym im. Gen. St. Maczka . Wydarzenia mia\u0142o miejsce w\u00a0Auli Kazimierza Lepszego w\u00a0gmachu Rektoratu Uniwersytetu \u015al\u0105skiego i wzi\u0119li w nim udzia\u0142: JM Rektor Uniwersytetu \u015al\u0105skiego w Katowicach prof. dr hab. Wies\u0142aw Bany\u015b, Prezydent Miasta Katowice Piotr Uszok, \u015al\u0105ski Kurator O\u015bwiaty Stanis\u0142aw Faber oraz \u00a0Katarzyna Ziemiec (Dyrektor IV LO im. Gen. St. Maczka) i\u00a0dr Ewa Chor\u0105\u017cy (Dyrektor III LO im A. Mickiewicza).<\/p>\n<p>Celem tego wyj\u0105tkowego projektu by\u0142o wielowymiarowe wsparcie ze strony Uniwersytetu dla uczni\u00f3w wybranych Lice\u00f3w poprzez \u015bcis\u0142\u0105 wsp\u00f3\u0142prac\u0119 pracownik\u00f3w naukowych U\u015a z kadr\u0105 dydaktyczn\u0105 szk\u00f3\u0142. Wybrani pracownicy naukowo-dydaktyczni \u00a0w\u00a0kooperacji z\u00a0nauczycielami szkolnymi z\u00a0poszczeg\u00f3lnych przedmiot\u00f3w prowadzili zaj\u0119cia dla uczni\u00f3w lub zapraszali uczni\u00f3w na zaj\u0119cia odbywaj\u0105ce si\u0119 na Uniwersytecie.<\/p>\n<p>Piecz\u0119 na ca\u0142o\u015bci\u0105 Projektu pe\u0142ni\u0142a Pe\u0142nomocnik Rektora ds. Szk\u00f3\u0142 Ponadgimnazjalnych<strong>\u00a0prof. dr hab. Ewa Jask\u00f3\u0142a<\/strong>. Natomiast z\u00a0ramienia ka\u017cdego Wydzia\u0142u zostali wyznaczeni koordynatorzy, kt\u00f3rzy \u015bci\u015ble wsp\u00f3\u0142pracowali ju\u017c w\u00a0fazie powstawania Projektu. Z\u00a0ramienia Wydzia\u0142u Prawa i\u00a0Administracji U\u015a \u00a0Koordynatorkami by\u0142y: <strong>dr hab. Agnieszka Bielska \u2013 Brodziak, prof.U\u015a<\/strong>\u00a0oraz <strong>mgr Magdalena Stryja<\/strong>.<\/p>\n<p>Inicjatywa stanowi\u0142a przyczynek do rozwini\u0119cia wsp\u00f3\u0142pracy z innymi liceami og\u00f3lnokszta\u0142c\u0105cymi przede wszystkim z wojew\u00f3dztwa \u015bl\u0105skiego ale tak\u017ce wojew\u00f3dztw o\u015bciennych w ramach um\u00f3w bilateralnych z Wydzia\u0142em Prawa i Administracji U\u015a.<\/p>\n<\/div>\r\n                    <\/div>\r\n                <\/div>[\/vc_column][\/vc_row]<\/p>","protected":false},"excerpt":{"rendered":"<p>[vc_row][vc_column][\/vc_column][\/vc_row] [&#8230;]<\/p>\n<p><a class=\"btn btn-secondary understrap-read-more-link\" href=\"https:\/\/us.edu.pl\/wydzial\/wpia\/wspolpraca\/wspolpraca-z-otoczeniem\/wspolpraca-z-liceami\/licea\/\">Read More&#8230;<\/a><\/p>\n","protected":false},"author":1,"featured_media":0,"parent":159603,"menu_order":1,"comment_status":"closed","ping_status":"closed","template":"page-templates\/inner-page.php","meta":{"_expiration-date-status":"","_expiration-date":0,"_expiration-date-type":"","_expiration-date-categories":[],"_expiration-date-options":[]},"acf":[],"_links":{"self":[{"href":"https:\/\/us.edu.pl\/wydzial\/wpia\/wp-json\/wp\/v2\/pages\/304"}],"collection":[{"href":"https:\/\/us.edu.pl\/wydzial\/wpia\/wp-json\/wp\/v2\/pages"}],"about":[{"href":"https:\/\/us.edu.pl\/wydzial\/wpia\/wp-json\/wp\/v2\/types\/page"}],"author":[{"embeddable":true,"href":"https:\/\/us.edu.pl\/wydzial\/wpia\/wp-json\/wp\/v2\/users\/1"}],"replies":[{"embeddable":true,"href":"https:\/\/us.edu.pl\/wydzial\/wpia\/wp-json\/wp\/v2\/comments?post=304"}],"version-history":[{"count":9,"href":"https:\/\/us.edu.pl\/wydzial\/wpia\/wp-json\/wp\/v2\/pages\/304\/revisions"}],"predecessor-version":[{"id":160482,"href":"https:\/\/us.edu.pl\/wydzial\/wpia\/wp-json\/wp\/v2\/pages\/304\/revisions\/160482"}],"up":[{"embeddable":true,"href":"https:\/\/us.edu.pl\/wydzial\/wpia\/wp-json\/wp\/v2\/pages\/159603"}],"wp:attachment":[{"href":"https:\/\/us.edu.pl\/wydzial\/wpia\/wp-json\/wp\/v2\/media?parent=304"}],"curies":[{"name":"wp","href":"https:\/\/api.w.org\/{rel}","templated":true}]}}