{"id":310,"date":"2019-10-15T14:11:57","date_gmt":"2019-10-15T12:11:57","guid":{"rendered":"https:\/\/us.edu.pl\/wydzial\/wpia\/?page_id=310"},"modified":"2023-01-30T14:27:18","modified_gmt":"2023-01-30T13:27:18","slug":"international-cooperation-office","status":"publish","type":"page","link":"https:\/\/us.edu.pl\/wydzial\/wpia\/wspolpraca\/wspolpraca-miedzynarodowa\/international-cooperation-office\/","title":{"rendered":"International Cooperation Office"},"content":{"rendered":"<p>[vc_row][vc_column]\r\n                <div class=\"text-modules\">\r\n                    <div class=\"container\">\r\n                        <h3 class=\"page-title text__title\">International Cooperation Office<\/h3>\r\n                        <div class=\"text-modules__content\"><p>Sekretariat Wsp\u00f3\u0142pracy Mi\u0119dzynarodowej (International Cooperation Office)<\/p>\n<p>Do zada\u0144 Sekretariatu nale\u017cy obs\u0142uga w zakresie koordynacji:<\/p>\n<ul>\n<li>program\u00f3w mobilnych<\/li>\n<li>program\u00f3w edukacyjnych<\/li>\n<li>wsp\u00f3\u0142pracy mi\u0119dzynarodowej<\/li>\n<li>przyjazd\u00f3w profesor\u00f3w wizytuj\u0105cych<\/li>\n<li>wyjazd\u00f3w pracownik\u00f3w WPIA<\/li>\n<li>dzia\u0142a\u0144 zwi\u0105zanych ze studiami w j\u0119zyku angielskim<\/li>\n<\/ul>\n<p>&nbsp;<\/p>\n<p><strong>KONTAKT<\/strong><\/p>\n<p><strong>mgr Agnieszka Maro\u0144<br \/>\n<\/strong>tel.: 32 359 2438<br \/>\ne-mail: <a href=\"mailto:agnieszka.maron@us.edu.pl\">agnieszka.maron@us.edu.pl<\/a><br \/>\npok. 2.2<\/p>\n<\/div>\r\n                    <\/div>\r\n                <\/div>[\/vc_column][\/vc_row]<\/p>","protected":false},"excerpt":{"rendered":"<p>[vc_row][vc_column][\/vc_column][\/vc_row] [&#8230;]<\/p>\n<p><a class=\"btn btn-secondary understrap-read-more-link\" href=\"https:\/\/us.edu.pl\/wydzial\/wpia\/wspolpraca\/wspolpraca-miedzynarodowa\/international-cooperation-office\/\">Read More&#8230;<\/a><\/p>\n","protected":false},"author":1,"featured_media":0,"parent":1498,"menu_order":4,"comment_status":"closed","ping_status":"closed","template":"page-templates\/inner-page.php","meta":{"_expiration-date-status":"","_expiration-date":0,"_expiration-date-type":"","_expiration-date-categories":[],"_expiration-date-options":[]},"acf":[],"_links":{"self":[{"href":"https:\/\/us.edu.pl\/wydzial\/wpia\/wp-json\/wp\/v2\/pages\/310"}],"collection":[{"href":"https:\/\/us.edu.pl\/wydzial\/wpia\/wp-json\/wp\/v2\/pages"}],"about":[{"href":"https:\/\/us.edu.pl\/wydzial\/wpia\/wp-json\/wp\/v2\/types\/page"}],"author":[{"embeddable":true,"href":"https:\/\/us.edu.pl\/wydzial\/wpia\/wp-json\/wp\/v2\/users\/1"}],"replies":[{"embeddable":true,"href":"https:\/\/us.edu.pl\/wydzial\/wpia\/wp-json\/wp\/v2\/comments?post=310"}],"version-history":[{"count":8,"href":"https:\/\/us.edu.pl\/wydzial\/wpia\/wp-json\/wp\/v2\/pages\/310\/revisions"}],"predecessor-version":[{"id":3816,"href":"https:\/\/us.edu.pl\/wydzial\/wpia\/wp-json\/wp\/v2\/pages\/310\/revisions\/3816"}],"up":[{"embeddable":true,"href":"https:\/\/us.edu.pl\/wydzial\/wpia\/wp-json\/wp\/v2\/pages\/1498"}],"wp:attachment":[{"href":"https:\/\/us.edu.pl\/wydzial\/wpia\/wp-json\/wp\/v2\/media?parent=310"}],"curies":[{"name":"wp","href":"https:\/\/api.w.org\/{rel}","templated":true}]}}