{"id":3338,"date":"2020-10-21T10:41:44","date_gmt":"2020-10-21T08:41:44","guid":{"rendered":"https:\/\/us.edu.pl\/wydzial\/wpia\/?page_id=3338"},"modified":"2025-10-06T10:27:51","modified_gmt":"2025-10-06T08:27:51","slug":"zadania-administracji-wydzialowej-wraz-z-wykazem-osob-odpowiedzialnych-za-ich-wykonanie","status":"publish","type":"page","link":"https:\/\/us.edu.pl\/wydzial\/wpia\/zadania-administracji-wydzialowej-wraz-z-wykazem-osob-odpowiedzialnych-za-ich-wykonanie\/","title":{"rendered":"Zadania administracji wydzia\u0142owej wraz z wykazem os\u00f3b odpowiedzialnych za ich wykonanie"},"content":{"rendered":"<p>[vc_row][vc_column]\r\n                <div class=\"text-modules\">\r\n                    <div class=\"container\">\r\n                        <h3 class=\"page-title text__title\">Zadania administracji wydzia\u0142owej wraz z wykazem os\u00f3b odpowiedzialnych za ich wykonanie<\/h3>\r\n                        <div class=\"text-modules__content\"><p>Wykaz wszystkich pracownik\u00f3w administracji wydzia\u0142owej wraz z wykazem\u00a0 powierzonych obowi\u0105zk\u00f3w dost\u0119pny pod linkiem:<\/p>\n<p><a href=\"https:\/\/us.edu.pl\/wydzial\/wpia\/wp-content\/uploads\/sites\/19\/Bez-kategorii\/Zadania-administracji-wydzialowej-wraz-z-wykazem-osob-odpowiedzialnych-za-ich-wykonanie.pdf\" class=\"mtli_attachment mtli_pdf\" data-mtli=\"mtli_filesize474,91kB\" class=\"mtli_attachment mtli_pdf\" data-mtli=\"mtli_filesize474,91kB\">Wykaz zada\u0144 administracji<\/a><\/p>\n<p>Ostatnia aktualizacja 8.05.2024 r.<\/p>\n<p>Komunikaty: <a href=\"https:\/\/us.edu.pl\/wydzial\/wpia\/komunikaty-wszystko\/\">https:\/\/us.edu.pl\/wydzial\/wpia\/komunikaty-wszystko\/<\/a><\/p>\n<p>Formularze i druki: <a href=\"https:\/\/us.edu.pl\/wydzial\/wpia\/student\/formularze-i-druki\/\">https:\/\/us.edu.pl\/wydzial\/wpia\/student\/formularze-i-druki\/<\/a><\/p>\n<p>Procedura realizacji dostaw i us\u0142ug: <a href=\"https:\/\/us.edu.pl\/pracownik\/procedury-i-obieg-dokumentow\/logistyka\/procedura-zakupow\/\">https:\/\/us.edu.pl\/pracownik\/procedury-i-obieg-dokumentow\/logistyka\/procedura-zakupow\/<\/a><\/p>\n<style type=\"text\/css\">a[data-mtli~=\"mtli_filesize474,91kB\"]:after {content:\" (474,91 kB)\"}<\/style><\/div>\r\n                    <\/div>\r\n                <\/div>[\/vc_column][\/vc_row]<\/p>\n<style type=\"text\/css\">a[data-mtli~=\"mtli_filesize474,91kB\"]:after {content:\" (474,91 kB)\"}<\/style>","protected":false},"excerpt":{"rendered":"<p>[vc_row][vc_column][\/vc_column][\/vc_row] [&#8230;]<\/p>\n<p><a class=\"btn btn-secondary understrap-read-more-link\" href=\"https:\/\/us.edu.pl\/wydzial\/wpia\/zadania-administracji-wydzialowej-wraz-z-wykazem-osob-odpowiedzialnych-za-ich-wykonanie\/\">Read More&#8230;<\/a><\/p>\n","protected":false},"author":107,"featured_media":0,"parent":0,"menu_order":0,"comment_status":"closed","ping_status":"closed","template":"","meta":{"_expiration-date-status":"","_expiration-date":0,"_expiration-date-type":"","_expiration-date-categories":[],"_expiration-date-options":[]},"acf":[],"_links":{"self":[{"href":"https:\/\/us.edu.pl\/wydzial\/wpia\/wp-json\/wp\/v2\/pages\/3338"}],"collection":[{"href":"https:\/\/us.edu.pl\/wydzial\/wpia\/wp-json\/wp\/v2\/pages"}],"about":[{"href":"https:\/\/us.edu.pl\/wydzial\/wpia\/wp-json\/wp\/v2\/types\/page"}],"author":[{"embeddable":true,"href":"https:\/\/us.edu.pl\/wydzial\/wpia\/wp-json\/wp\/v2\/users\/107"}],"replies":[{"embeddable":true,"href":"https:\/\/us.edu.pl\/wydzial\/wpia\/wp-json\/wp\/v2\/comments?post=3338"}],"version-history":[{"count":11,"href":"https:\/\/us.edu.pl\/wydzial\/wpia\/wp-json\/wp\/v2\/pages\/3338\/revisions"}],"predecessor-version":[{"id":193830,"href":"https:\/\/us.edu.pl\/wydzial\/wpia\/wp-json\/wp\/v2\/pages\/3338\/revisions\/193830"}],"wp:attachment":[{"href":"https:\/\/us.edu.pl\/wydzial\/wpia\/wp-json\/wp\/v2\/media?parent=3338"}],"curies":[{"name":"wp","href":"https:\/\/api.w.org\/{rel}","templated":true}]}}