{"id":3410,"date":"2020-10-28T13:38:13","date_gmt":"2020-10-28T12:38:13","guid":{"rendered":"https:\/\/us.edu.pl\/wydzial\/wpia\/?page_id=3410"},"modified":"2020-10-28T13:42:22","modified_gmt":"2020-10-28T12:42:22","slug":"komunikaty-wszystko","status":"publish","type":"page","link":"https:\/\/us.edu.pl\/wydzial\/wpia\/komunikaty-wszystko\/","title":{"rendered":"Komunikaty wszystko"},"content":{"rendered":"<p>[vc_row][vc_column width=&#8221;1\/6&#8243;][\/vc_column][vc_column width=&#8221;3\/4&#8243;]  <div class=\"announcements-wrap\"> \r\n\t\t\t\t\t\t\t\t\t<div class=\"announcements announcements_1\" style=\"background-color:\">\r\n                                <div class=\"section-title\">Komunikaty<\/div>\r\n                                \r\n                                <style>.ottjzo.angle-list > li::before{color:  !important}<\/style><div class=\"d-flex flex-wrap\"><ul class=\"angle-list ottjzo\" ><li > <a href = \"https:\/\/us.edu.pl\/wydzial\/wpia\/komunikaty\/dr-hab-jaroslaw-zagrodnik-prof-us-ekspertem-podczas-spotkania-z-przedstawicielami-komisji-weneckiej-oraz-reprezentantem-krajowej-rady-radcow-prawnych-na-posiedzeniu-komisji-sprawiedliwosci-i-praw-c\/\" style=\"color:\"> Dr hab. Jaros\u0142aw Zagrodnik, prof. U\u015a ekspertem podczas spotkania z przedstawicielami Komisji Weneckiej oraz reprezentantem Krajowej Rady Radc\u00f3w Prawnych na posiedzeniu Komisji Sprawiedliwo\u015bci i Praw Cz\u0142owieka <\/a > <\/li > <li > <a href = \"https:\/\/us.edu.pl\/wydzial\/wpia\/komunikaty\/dr-blazej-madrzycki-reprezentantem-ministra-wlasciwego-do-spraw-szkolnictwa-wyzszego-i-nauki-w-radzie-naukowej-instytutu-medycyny-pracy-im-prof-dra-jerzego-nofera\/\" style=\"color:\"> Dr B\u0142a\u017cej M\u0105drzycki reprezentantem ministra w\u0142a\u015bciwego do spraw szkolnictwa wy\u017cszego i nauki w Radzie Naukowej Instytutu Medycyny Pracy im. prof. dra Jerzego Nofera <\/a > <\/li > <li > <a href = \"https:\/\/us.edu.pl\/wydzial\/wpia\/komunikaty\/dr-hab-monika-jagielska-prof-us-czlonkinia-komisji-kodyfikacyjnej-prawa-cywilnego\/\" style=\"color:\"> Dr hab. Monika Jagielska, prof. U\u015a cz\u0142onkini\u0105 zespo\u0142u problemowego Komisji Kodyfikacyjnej Prawa Cywilnego <\/a > <\/li > <li > <a href = \"https:\/\/us.edu.pl\/wydzial\/wpia\/komunikaty\/nagroda-naukowa-grupy-polskiej-stowarzyszenia-prawa-miedzynarodowego-ila-grupa-polska\/\" style=\"color:\"> Nagroda Naukowa Grupy Polskiej Stowarzyszenia Prawa Mi\u0119dzynarodowego (ILA Grupa Polska) <\/a > <\/li > <li > <a href = \"https:\/\/us.edu.pl\/wydzial\/wpia\/komunikaty\/linki-i-kody-do-zajec-prowadzonych-w-formie-zdalnej\/\" style=\"color:\"> Linki i kody do zaj\u0119\u0107 prowadzonych w formie zdalnej <\/a > <\/li > <li > <a href = \"https:\/\/us.edu.pl\/wydzial\/wpia\/komunikaty\/podania-wnioski-w-indywidualnych-sprawach-studenckich\/\" style=\"color:\"> Podania\/wnioski w indywidualnych sprawach studenckich <\/a > <\/li > <li > <a href = \"https:\/\/us.edu.pl\/wydzial\/wpia\/komunikaty\/przeniesienia-do-grup\/\" style=\"color:\"> Przeniesienia do grup <\/a > <\/li > <\/ul><\/div>\r\n\t\t\t\t\t\t\t\t\t<\/div>\r\n\t\t\t\t\t\t\t\t<\/div>[\/vc_column][\/vc_row]<\/p>","protected":false},"excerpt":{"rendered":"<p>[vc_row][vc_column width=&#8221;1\/6&#8243;][\/vc_column][vc_column width=&#8221;3\/4&#8243;][\/vc_column][\/vc_row] [&#8230;]<\/p>\n<p><a class=\"btn btn-secondary understrap-read-more-link\" href=\"https:\/\/us.edu.pl\/wydzial\/wpia\/komunikaty-wszystko\/\">Read More&#8230;<\/a><\/p>\n","protected":false},"author":107,"featured_media":0,"parent":0,"menu_order":0,"comment_status":"closed","ping_status":"closed","template":"","meta":{"_expiration-date-status":"saved","_expiration-date":0,"_expiration-date-type":"","_expiration-date-categories":[],"_expiration-date-options":[]},"acf":[],"_links":{"self":[{"href":"https:\/\/us.edu.pl\/wydzial\/wpia\/wp-json\/wp\/v2\/pages\/3410"}],"collection":[{"href":"https:\/\/us.edu.pl\/wydzial\/wpia\/wp-json\/wp\/v2\/pages"}],"about":[{"href":"https:\/\/us.edu.pl\/wydzial\/wpia\/wp-json\/wp\/v2\/types\/page"}],"author":[{"embeddable":true,"href":"https:\/\/us.edu.pl\/wydzial\/wpia\/wp-json\/wp\/v2\/users\/107"}],"replies":[{"embeddable":true,"href":"https:\/\/us.edu.pl\/wydzial\/wpia\/wp-json\/wp\/v2\/comments?post=3410"}],"version-history":[{"count":5,"href":"https:\/\/us.edu.pl\/wydzial\/wpia\/wp-json\/wp\/v2\/pages\/3410\/revisions"}],"predecessor-version":[{"id":3416,"href":"https:\/\/us.edu.pl\/wydzial\/wpia\/wp-json\/wp\/v2\/pages\/3410\/revisions\/3416"}],"wp:attachment":[{"href":"https:\/\/us.edu.pl\/wydzial\/wpia\/wp-json\/wp\/v2\/media?parent=3410"}],"curies":[{"name":"wp","href":"https:\/\/api.w.org\/{rel}","templated":true}]}}