{"id":394,"date":"2019-10-15T15:16:38","date_gmt":"2019-10-15T13:16:38","guid":{"rendered":"https:\/\/us.edu.pl\/wydzial\/wpia\/?page_id=394"},"modified":"2026-02-23T07:52:27","modified_gmt":"2026-02-23T06:52:27","slug":"stypendia-sprawy-socjalne","status":"publish","type":"page","link":"https:\/\/us.edu.pl\/wydzial\/wpia\/student\/stypendia-sprawy-socjalne\/","title":{"rendered":"Stypendia sprawy socjalne"},"content":{"rendered":"<p>[vc_row][vc_column][vc_column_text][&#8222;Stypendia\/sprawy socjalne&#8221;]<\/p>\n<p><a href=\"https:\/\/us.edu.pl\/student\/wsparcie-i-fundusze\/swiadczenia-stypendia-i-zapomoga\/\">Wnioski stypendialne<\/a> na semestr letni 2025\/2026 b\u0119d\u0105 dost\u0119pne od 01.03.2026r. na stronie <a href=\"http:\/\/www.usosweb.us.edu.pl\">www.usosweb.us.edu.pl<\/a> w zak\u0142adce dla WSZYSTKICH \u2013 WNIOSKI:<\/p>\n<ul>\n<li>stypendium socjalne,<\/li>\n<li>stypendium dla os\u00f3b niepe\u0142nosprawnych,<\/li>\n<\/ul>\n<p>Wnioski sk\u0142adamy tylko i wy\u0142\u0105cznie <span style=\"color: #339966;\"><strong>ELEKTRONICZNIE<\/strong><\/span>, bez sk\u0142adania wersji papierowej.<\/p>\n<p>Student ubiegaj\u0105cy si\u0119 o stypendium socjalne w semestrze letnim, <strong>kt\u00f3ry otrzymywa\u0142 stypendium w semestrze zimowym<\/strong>, a jego sytuacja dochodowa nie uleg\u0142a zmianie, sk\u0142ada <strong>jedynie<\/strong> nowy wniosek o stypendium socjalne na semestr letni 2025\/2026.<\/p>\n<p>W przypadku zmiany sytuacji dochodowej rodziny (np. utrata zatrudnienia, nowe zatrudnienie) nale\u017cy zaktualizowa\u0107 <strong>o\u015bwiadczenie o dochodach<\/strong>, uzupe\u0142ni\u0107 dokumentacj\u0119 i zapisa\u0107 o\u015bwiadczenie.<\/p>\n<p>&nbsp;<\/p>\n<p><a href=\"https:\/\/us.edu.pl\/wydzial\/wpia\/wp-content\/uploads\/sites\/19\/Stypendia\/Stypendium-socjlane-jak-zlozyc-wniosek-informacje-ogolne-01.10.2025r.-4.doc\" class=\"mtli_attachment mtli_doc\" data-mtli=\"mtli_filesize94,00kB\">Jak z\u0142o\u017cy\u0107 wniosek o stypendium socjalne<\/a><\/p>\n<ul>\n<li><a href=\"https:\/\/us.edu.pl\/wydzial\/wpia\/wp-content\/uploads\/sites\/19\/Stypendia\/2025-09-22-Regulamin-swiadczen-tekst-jednolity-zalacznik-5-do-zarzadzenia-169-z-2025.pdf\" class=\"mtli_attachment mtli_pdf\" data-mtli=\"mtli_filesize241,96kB\">regulamin \u015bwiadcze\u0144 dla student\u00f3w<\/a><\/li>\n<li><a href=\"https:\/\/us.edu.pl\/wydzial\/wpia\/wp-content\/uploads\/sites\/19\/Stypendia\/2024-10-02-zalacznik-nr-1-do-Regulaminu-3-wykaz-dokumentow.pdf\" class=\"mtli_attachment mtli_pdf\" data-mtli=\"mtli_filesize112,90kB\">wykaz dokument\u00f3w<\/a><\/li>\n<li><a href=\"https:\/\/us.edu.pl\/wydzial\/wpia\/wp-content\/uploads\/sites\/19\/Stypendia\/2025-09-22-zal-1-do-zarz-169_2025-zalacznik-2-zasady-obliczania-dochodu.pdf\" class=\"mtli_attachment mtli_pdf\" data-mtli=\"mtli_filesize164,16kB\">zasady obliczania dochodu<\/a><\/li>\n<\/ul>\n<p>&nbsp;<\/p>\n<ul>\n<li><a href=\"https:\/\/us.edu.pl\/wydzial\/wpia\/wp-content\/uploads\/sites\/19\/Stypendia\/Progi-punktowe-Lista-rankingowa-2025_2026.doc\" class=\"mtli_attachment mtli_doc\" data-mtli=\"mtli_filesize25,00kB\">Progi punktowe stypendium rektora 2025\/2026<\/a><\/li>\n<li><span style=\"font-size: 10pt;\"><a href=\"https:\/\/us.edu.pl\/student\/komunikaty\/swiadczenia-dla-studentow-w-semestrze-zimowym-roku-akademickiego-2025-2026\/\">\u015awiadczenia dla student\u00f3w w semestrze letnim 2025\/2026 &#8211; terminarz wyp\u0142at<\/a><\/span><\/li>\n<\/ul>\n<p><a href=\"https:\/\/us.edu.pl\/wydzial\/wpia\/wp-content\/uploads\/sites\/19\/Stypendia\/STYPENDIA-MINISTRA-2025_2026-decyzja-dziekana.doc\" class=\"mtli_attachment mtli_doc\" data-mtli=\"mtli_filesize42,00kB\">STYPENDIUM MINISTRA 2025\/2026<\/a><\/p>\n<ul>\n<li><a href=\"https:\/\/us.edu.pl\/wydzial\/wpia\/wp-content\/uploads\/sites\/19\/Bez-kategorii\/Zgloszenie-kandydatury-do-stypendium-ministra-2025-2026-zalacznik-do-komunikatu.doc\" class=\"mtli_attachment mtli_doc\" data-mtli=\"mtli_filesize49,50kB\">Zg\u0142oszenie kandydatury do stypendium ministra na rok 2025\/2026<\/a><\/li>\n<li><a href=\"https:\/\/www.gov.pl\/web\/nauka\/informacja-na-temat-stypendiow-ministra-nauki-i-szkolnictwa-wyzszego-za-znaczace-osiagniecia-dla-studentow-na-rok-akademicki-20252026-konkurs-sst06\">Informacja na temat stypendi\u00f3w Ministra Nauki i Szkolnictwa Wy\u017cszego za znacz\u0105ce osi\u0105gni\u0119cia dla student\u00f3w na rok akademicki 2025\/2026 (konkurs SST06)<\/a><\/li>\n<\/ul>\n<p>&nbsp;<\/p>\n<p><a href=\"https:\/\/us.edu.pl\/student\/wsparcie-i-fundusze\/swiadczenia-stypendia-i-zapomoga\/\">WNIOSKI<\/a> STYPENDIALNE b\u0119d\u0105 dost\u0119pne od 01.10.2025r. na stronie <a href=\"http:\/\/www.usosweb.us.edu.pl\">www.usosweb.us.edu.pl<\/a> w zak\u0142adce dla WSZYSTKICH \u2013 WNIOSKI:<\/p>\n<ul>\n<li>stypendium rektora,<\/li>\n<\/ul>\n<p>za\u0142\u0105cznik nr 8 <a href=\"https:\/\/us.edu.pl\/wydzial\/wpia\/wp-content\/uploads\/sites\/19\/Stypendia\/2025-09-22-zal-4-do-zarz-169_2025-zalacznik-8-osiagniecia-sportowe.pdf\" class=\"mtli_attachment mtli_pdf\" data-mtli=\"mtli_filesize410,30kB\">&#8222;FORMULARZA OCENY MERYTORYCZNEJ OSI\u0104GNI\u0118C SPORTOWYCH&#8221;<\/a><\/p>\n<ul>\n<li>stypendium socjalne,<\/li>\n<li>stypendium dla os\u00f3b niepe\u0142nosprawnych,<\/li>\n<li>zapomoga<\/li>\n<\/ul>\n<p>Wnioski sk\u0142adamy tylko i wy\u0142\u0105cznie\u00a0ELEKTRONICZNIE, bez sk\u0142adania wersji papierowej.<\/p>\n<p>&nbsp;<\/p>\n<p>&nbsp;<\/p>\n<p><span style=\"font-size: 10pt;\">Rok akademicki 2024\/2025<\/span><\/p>\n<p><span style=\"font-size: 10pt; color: #008000;\">Wnioski sk\u0142adamy tylko i wy\u0142\u0105cznie\u00a0ELEKTRONICZNIE, bez sk\u0142adania wersji papierowej.<\/span><\/p>\n<ul>\n<li><span style=\"font-size: 10pt;\"><a href=\"https:\/\/us.edu.pl\/student\/komunikaty\/swiadczenia-dla-studentow-w-semestrze-letnim-roku-akademickiego-2024-2025\">\u015awiadczenia dla student\u00f3w w semestrze letnim 2024\/2025 &#8211; terminarz wyp\u0142at<\/a><\/span><br \/>\n<span style=\"font-size: 10pt;\"><a href=\"https:\/\/us.edu.pl\/student\/wsparcie-i-fundusze\/swiadczenia-stypendia-i-zapomoga\/\">Wnioski stypendialne<\/a> na semestr letni 2024\/2025 b\u0119d\u0105 dost\u0119pne od 01.03.2025r. na stronie <a href=\"http:\/\/www.usosweb.us.edu.pl\">www.usosweb.us.edu.pl<\/a> w zak\u0142adce dla WSZYSTKICH \u2013 WNIOSKI:<\/span><br \/>\n<span style=\"font-size: 10pt;\">stypendium socjalne,<\/span><br \/>\n<span style=\"font-size: 10pt;\">stypendium dla os\u00f3b niepe\u0142nosprawnych,<\/span><\/li>\n<li><span style=\"font-size: 10pt;\"><a href=\"https:\/\/us.edu.pl\/wydzial\/wpia\/wp-content\/uploads\/sites\/19\/Stypendia\/Progi-punktowe-Lista-rankingowa-2024_2025_page-0001.jpg\">Progi punktowe stypendium rektora 2024\/2025<\/a><\/span><\/li>\n<li><span style=\"font-size: 10pt;\"><a href=\"https:\/\/us.edu.pl\/student\/komunikaty\/swiadczenia-dla-studentow-i-doktorantow-w-semestrze-letnim-2024-2025\/\">\u015awiadczenia dla student\u00f3w i doktorant\u00f3w w semestrze zimowym 2024\/2025 &#8211; terminarz wyp\u0142at<\/a><\/span><br \/>\n<span style=\"font-size: 10pt;\"><a href=\"https:\/\/us.edu.pl\/student\/wsparcie-i-fundusze\/swiadczenia-stypendia-i-zapomoga\/\">Wnioski stypendialne<\/a> b\u0119d\u0105 dost\u0119pne od 01.10.2024r. na stronie <a href=\"http:\/\/www.usosweb.us.edu.pl\">www.usosweb.us.edu.pl<\/a> w zak\u0142adce dla WSZYSTKICH \u2013 WNIOSKI:<\/span><\/li>\n<li><span style=\"font-size: 10pt;\">stypendium rektora,<\/span><\/li>\n<li><span style=\"font-size: 10pt;\">za\u0142\u0105cznik nr 8 <a href=\"https:\/\/us.edu.pl\/wydzial\/wpia\/wp-content\/uploads\/sites\/19\/Bez-kategorii\/zalacznik-nr-8-do-Regulaminu-FORMULARZA-OCENY-MERYTORYCZNEJ-OSIAGNIEC-SPORTOWYCH.pdf\" class=\"mtli_attachment mtli_pdf\" data-mtli=\"mtli_filesize84,12kB\">&#8222;FORMULARZA OCENY MERYTORYCZNEJ OSI\u0104GNI\u0118C SPORTOWYCH&#8221;<\/a><\/span><\/li>\n<li><span style=\"font-size: 10pt;\">stypendium socjalne,<\/span><\/li>\n<li><span style=\"font-size: 10pt;\">stypendium dla os\u00f3b niepe\u0142nosprawnych,<\/span><\/li>\n<li><span style=\"font-size: 10pt;\">zapomoga<\/span><\/li>\n<\/ul>\n<p><a href=\"https:\/\/us.edu.pl\/wydzial\/wpia\/wp-content\/uploads\/sites\/19\/Stypendia\/STYPENDIA-MINISTRA-2024_2025.pdf\" class=\"mtli_attachment mtli_pdf\" data-mtli=\"mtli_filesize459,37kB\">STYPENDIUM MINISTRA 2024\/2025<\/a><br \/>\n<a href=\"https:\/\/us.edu.pl\/wydzial\/wpia\/wp-content\/uploads\/sites\/19\/Stypendia\/Zgloszenie-kandydatury-do-stypendium-ministra-2024-2025-zalacznik-do-komunikatu.doc\" class=\"mtli_attachment mtli_doc\" data-mtli=\"mtli_filesize49,00kB\">Zg\u0142oszenie kandydatury do stypendium ministra na rok 2024\/2025<\/a><\/p>\n<p>&nbsp;<\/p>\n<div id=\"jsc_c_6\" class=\"d2hqwtrz r227ecj6 ez8dtbzv gt60zsk1\" data-ad-comet-preview=\"message\" data-ad-preview=\"message\">\n<div class=\"alzwoclg cqf1kptm siwo0mpr gu5uzgus\">\n<div class=\"jroqu855 nthtkgg5\">\n<div class=\"m8h3af8h l7ghb35v kjdc1dyq kmwttqpk gh25dzvf n3t5jt4f\">\n<div dir=\"auto\"><\/div>\n<\/div>\n<\/div>\n<\/div>\n<div class=\"alzwoclg cqf1kptm siwo0mpr gu5uzgus\">\n<div class=\"jroqu855 nthtkgg5\">\n<div class=\"m8h3af8h l7ghb35v kjdc1dyq kmwttqpk gh25dzvf n3t5jt4f\">\n<div dir=\"auto\">\n<p>Rok akademicki 2023\/2024<\/p>\n<p><a href=\"https:\/\/us.edu.pl\/student\/komunikaty\/swiadczenia-dla-studentow-w-semestrze-letnim-roku-akademickiego-2023-2024\/\">\u015awiadczenia dla student\u00f3w w semestrze letnim 2023\/2024 &#8211; terminarz wyp\u0142at<\/a><\/p>\n<p><a href=\"https:\/\/us.edu.pl\/wydzial\/wpia\/wp-content\/uploads\/sites\/19\/Stypendia\/Ogloszenie-stypendia-semestr-letni-2024.doc\" class=\"mtli_attachment mtli_doc\" data-mtli=\"mtli_filesize31,50kB\">Wnioski stypendialne na semestr letni 2023\/2024<\/a><\/p>\n<p>&#8211; stypendium socjalne<\/p>\n<p>&#8211; stypendium dla os\u00f3b niepe\u0142nosprawnych<\/p>\n<p>&#8211; zapomoga<\/p>\n<p><em>Wnioski stypendialne na rok akademicki 2023\/2024\u00a0 \u00a0&#8212;-&gt;&gt;&gt;\u00a0 \u00a0<a href=\"https:\/\/aktyprawne.us.edu.pl\/w\/6735\/6\/\">REGULAMIN<\/a><\/em><\/p>\n<p><a href=\"https:\/\/us.edu.pl\/student\/komunikaty\/swiadczenia-dla-studentow-i-doktorantow-w-semestrze-zimowym-roku-akademickiego-2023-2024\/\">\u015awiadczenia dla student\u00f3w i doktorant\u00f3w w semestrze zimowym 2023\/2024 &#8211; terminarz wyp\u0142at<\/a><\/p>\n<p><a href=\"https:\/\/us.edu.pl\/wydzial\/wpia\/wp-content\/uploads\/sites\/19\/Stypendia\/progi-stypendium-rektora-2023_2024-2.png\">Progi punktowe stypendium rektora 2023\/2024<\/a><\/p>\n<p><a href=\"https:\/\/us.edu.pl\/student\/wsparcie-i-fundusze\/swiadczenia-stypendia-i-zapomoga\/stypendium-ministra\/\">STYPENDIUM MINISTRA 2023\/2024<\/a><\/p>\n<p><a href=\"https:\/\/us.edu.pl\/wydzial\/wpia\/wp-content\/uploads\/sites\/19\/Stypendia\/Zgloszenie-kandydatury-do-stypendium-ministra-2023-2024-zalacznik-do-komunikatu.doc\" class=\"mtli_attachment mtli_doc\" data-mtli=\"mtli_filesize48,50kB\">Zg\u0142oszenie kandydatury do stypendium ministra na rok 2023\/2024<\/a><\/p>\n<p><a href=\"https:\/\/us.edu.pl\/wydzial\/wpia\/wp-content\/uploads\/sites\/19\/Stypendia\/oswiadczenie_do_wniosku_RODO-2023-2024.doc\" class=\"mtli_attachment mtli_doc\" data-mtli=\"mtli_filesize33,50kB\">O\u015bwiadczenie RODO<\/a><\/p>\n<p>&nbsp;<\/p>\n<p><span style=\"font-size: 10pt;\">Rok akademicki 2022\/2023<\/span><\/p>\n<ul>\n<li><span style=\"font-size: 10pt;\"><a href=\"https:\/\/us.edu.pl\/wydzial\/wpia\/wp-content\/uploads\/sites\/19\/Stypendia\/INFO-na-strone-wyokosc-stypendium-semestr-letni-2022_2023-dla-studentow.pdf\" class=\"mtli_attachment mtli_pdf\" data-mtli=\"mtli_filesize293,22kB\">\u015awiadczenia dla student\u00f3w i doktorant\u00f3w w semestrze letnim 2022\/2023 &#8211; terminarz wyp\u0142at<\/a><\/span><\/li>\n<li><span style=\"font-size: 10pt;\"><a href=\"https:\/\/us.edu.pl\/wydzial\/wpia\/wp-content\/uploads\/sites\/19\/Stypendia\/Progi-punktowe-Lista-rankingowa-2022_2023.doc\" class=\"mtli_attachment mtli_doc\" data-mtli=\"mtli_filesize25,00kB\">Progi punktowe stypendium rektora 2022\/2023<\/a><\/span><\/li>\n<li><span style=\"font-size: 10pt;\"><a style=\"color: #000000;\" href=\"https:\/\/us.edu.pl\/student\/komunikaty\/swiadczenia-dla-studentow-i-doktorantow-w-semestrze-zimowym-2022-2023\/\"><span style=\"color: #0000ff;\">\u015awiadczenia dla student\u00f3w i doktorant\u00f3w w semestrze zimowym 2022\/2023 &#8211; terminarz wyp\u0142at<\/span><\/a><\/span><\/li>\n<li><span style=\"color: #0000ff; font-size: 10pt;\"><a style=\"color: #0000ff;\" href=\"https:\/\/us.edu.pl\/wydzial\/wpia\/wp-content\/uploads\/sites\/19\/Stypendia\/Zasady-22-23.pdf\" class=\"mtli_attachment mtli_pdf\" data-mtli=\"mtli_filesize237,22kB\">Zasady sk\u0142adania wniosk\u00f3w o \u015bwiadczenia stypendialne w roku akademickim 22-23<\/a><\/span><\/li>\n<li><span style=\"color: #008000; font-size: 10pt;\"><a style=\"color: #008000;\" href=\"https:\/\/us.edu.pl\/student\/wsparcie-i-fundusze\/swiadczenia-stypendia-i-zapomoga\/stypendium-ministra\/\">STYPENDIUM MINISTRA 2022\/2023<\/a><\/span>\n<ul>\n<li><span style=\"color: #0000ff; font-size: 10pt;\"><a style=\"color: #0000ff;\" href=\"https:\/\/www.gov.pl\/web\/edukacja-i-nauka\/informacja-na-temat-stypendiow-ministra-edukacji-i-nauki-za-znaczace-osiagniecia-dla-studentow-na-rok-akademicki-20222023-konkurs-sst03\">https:\/\/www.gov.pl\/web\/edukacja-i-nauka\/informacja-na-temat-stypendiow-ministra-edukacji-i-nauki-za-znaczace-osiagniecia-dla-studentow-na-rok-akademicki-20222023-konkurs-sst03<\/a><\/span><\/li>\n<\/ul>\n<\/li>\n<\/ul>\n<\/div>\n<\/div>\n<div class=\"\" dir=\"auto\">\n<div id=\"jsc_c_6\" class=\"d2hqwtrz r227ecj6 ez8dtbzv gt60zsk1\" data-ad-comet-preview=\"message\" data-ad-preview=\"message\">\n<p>&nbsp;<\/p>\n<p><span style=\"color: #000000; font-size: 10pt;\">Rok akademicki 2021\/2022<\/span><\/p>\n<ul>\n<li><span style=\"font-size: 10pt; color: #0000ff;\"><a style=\"color: #0000ff;\" href=\"https:\/\/us.edu.pl\/wydzial\/wpia\/wp-content\/uploads\/sites\/19\/Stypendia\/Stypendium-socjlane-jak-zlozyc-wniosek-informacje-ogolne-1.pdf\" class=\"mtli_attachment mtli_pdf\" data-mtli=\"mtli_filesize1,00MB\" target=\"_blank\" rel=\"noopener ugc noreferrer\">Jak z\u0142o\u017cy\u0107 wniosek o stypendium socjalne<\/a><\/span><\/li>\n<li><span style=\"font-size: 10pt; color: #0000ff;\"><a style=\"color: #0000ff;\" href=\"https:\/\/us.edu.pl\/wydzial\/wpia\/wp-content\/uploads\/sites\/19\/Stypendia\/INFO-na-stron\u0119-wyoko\u015bc-stypendium-semestr-letni-2021_2022.pdf\" class=\"mtli_attachment mtli_pdf\" data-mtli=\"mtli_filesize373,09kB\">Wysoko\u015b\u0107 \u015bwiadcze\u0144 i terminy wyp\u0142at w semestrze letnim roku ak. 2021\/2022<\/a><strong><br \/>\n<\/strong><\/span><\/li>\n<li><span style=\"font-size: 10pt; color: #0000ff;\"><a style=\"color: #0000ff;\" href=\"https:\/\/us.edu.pl\/wydzial\/wpia\/wp-content\/uploads\/sites\/19\/Stypendia\/Og\u0142oszenie-stypendia-semestr-letni-2022.doc\" class=\"mtli_attachment mtli_doc\" data-mtli=\"mtli_filesize24,50kB\">Wnioski o \u015bwiadczenia socjalne na semestr letni 2021\/2022<\/a><\/span><\/li>\n<li><span style=\"font-size: 10pt; color: #0000ff;\"><a style=\"color: #0000ff;\" href=\"https:\/\/www.gov.pl\/web\/edukacja-i-nauka\/swiadczenia-dla-studentow-od-semestru-letniego-roku-akademickiego-20212022\">Zmiany w systemie \u015bwiadcze\u0144 dla student\u00f3w od semestru letniego<\/a> 2021\/2022<\/span><\/li>\n<li><span style=\"color: #0000ff; font-size: 10pt;\"><a style=\"color: #0000ff;\" href=\"https:\/\/us.edu.pl\/wydzial\/wpia\/wp-content\/uploads\/sites\/19\/Stypendia\/wsparcie-dla-student\u00f3w-oferta-zapomogi.doc\" class=\"mtli_attachment mtli_doc\" data-mtli=\"mtli_filesize87,50kB\">Wsparcie dla student\u00f3w: <\/a><\/span><\/li>\n<li><span style=\"font-size: 10pt; color: #0000ff;\"><a style=\"color: #0000ff;\" href=\"https:\/\/us.edu.pl\/wydzial\/wpia\/wp-content\/uploads\/sites\/19\/Stypendia\/wyoko\u015bc-stypendium-semestr-zimowy-2021_2022.doc\" class=\"mtli_attachment mtli_doc\" data-mtli=\"mtli_filesize58,00kB\">Wysoko\u015b\u0107 \u015bwiadcze\u0144 i terminy wyp\u0142at w semestrze zimowym roku ak. 2021\/2022<\/a><\/span><\/li>\n<li><span style=\"font-size: 10pt; color: #0000ff;\"><a style=\"color: #0000ff;\" href=\"https:\/\/us.edu.pl\/wydzial\/wpia\/wp-content\/uploads\/sites\/19\/Stypendia\/Lista-rankingowa-2021_2022.doc\" class=\"mtli_attachment mtli_doc\" data-mtli=\"mtli_filesize24,50kB\">Progi punktowe stypendium rektora 2021\/2022:<\/a>\u00a0<\/span><\/li>\n<li><span style=\"font-size: 10pt; color: #0000ff;\"><a style=\"color: #0000ff;\" href=\"https:\/\/us.edu.pl\/wydzial\/wpia\/wp-content\/uploads\/sites\/19\/Stypendia\/Og\u0142oszenie-stypendia-semestr-zimowy-2021.doc\" class=\"mtli_attachment mtli_doc\" data-mtli=\"mtli_filesize29,50kB\">\u015awiadczenia dla student\u00f3w w semestrze zimowym 2021\/2022:<\/a>\u00a0<\/span><\/li>\n<li><span style=\"font-size: 10pt; color: #0000ff;\"><a style=\"color: #0000ff;\" href=\"https:\/\/aktyprawne.us.edu.pl\/d\/5721\/5\/?tc=17\">Regulamin \u015bwiadcze\u0144 dla student\u00f3w Uniwersytetu \u015al\u0105skiego w Katowicach<\/a> <\/span><\/li>\n<\/ul>\n<p>&nbsp;<\/p>\n<p><span style=\"font-size: 12pt;\"><strong>Sprawd\u017a na stronie:<\/strong>\u00a0<span style=\"color: #0000ff;\"><a style=\"color: #0000ff;\" href=\"https:\/\/us.edu.pl\/student\/wsparcie-i-fundusze\/swiadczenia-stypendia-i-zapomoga\">https:\/\/us.edu.pl\/student\/wsparcie-i-fundusze\/swiadczenia-stypendia-i-zapomoga<\/a><\/span><\/span><\/p>\n<p>&nbsp;<\/p>\n<p style=\"margin: 0cm; margin-bottom: .0001pt;\"><strong>Godziny Urz\u0119dowania:<\/strong><\/p>\n<p style=\"margin: 0cm; margin-bottom: .0001pt;\">Poniedzia\u0142ek: 11.00-15.00<\/p>\n<p style=\"margin: 0cm; margin-bottom: .0001pt;\">Wtorek: 12.00-17.00<\/p>\n<p style=\"margin: 0cm; margin-bottom: .0001pt;\">\u015aroda: 11.00-15.00<\/p>\n<p style=\"margin: 0cm; margin-bottom: .0001pt;\">Czwartek: Nieczynne<\/p>\n<p style=\"margin: 0cm; margin-bottom: .0001pt;\">Pi\u0105tek: 11.00-14.00<\/p>\n<p>Sobota zjazdowa 7.30-13.00<\/p>\n<\/div>\n<\/div>\n<p>&nbsp;<\/p>\n<\/div>\n<\/div>\n<\/div>\n<p>[\/vc_column_text][\/vc_column][\/vc_row]<\/p>\n<style type=\"text\/css\">a[data-mtli~=\"mtli_filesize94,00kB\"]:after {content:\" (94,00 kB)\"}a[data-mtli~=\"mtli_filesize241,96kB\"]:after {content:\" (241,96 kB)\"}a[data-mtli~=\"mtli_filesize112,90kB\"]:after {content:\" (112,90 kB)\"}a[data-mtli~=\"mtli_filesize164,16kB\"]:after {content:\" (164,16 kB)\"}a[data-mtli~=\"mtli_filesize25,00kB\"]:after {content:\" (25,00 kB)\"}a[data-mtli~=\"mtli_filesize42,00kB\"]:after {content:\" (42,00 kB)\"}a[data-mtli~=\"mtli_filesize49,50kB\"]:after {content:\" (49,50 kB)\"}a[data-mtli~=\"mtli_filesize410,30kB\"]:after {content:\" (410,30 kB)\"}a[data-mtli~=\"mtli_filesize84,12kB\"]:after {content:\" (84,12 kB)\"}a[data-mtli~=\"mtli_filesize459,37kB\"]:after {content:\" (459,37 kB)\"}a[data-mtli~=\"mtli_filesize49,00kB\"]:after {content:\" (49,00 kB)\"}a[data-mtli~=\"mtli_filesize31,50kB\"]:after {content:\" (31,50 kB)\"}a[data-mtli~=\"mtli_filesize48,50kB\"]:after {content:\" (48,50 kB)\"}a[data-mtli~=\"mtli_filesize33,50kB\"]:after {content:\" (33,50 kB)\"}a[data-mtli~=\"mtli_filesize293,22kB\"]:after {content:\" (293,22 kB)\"}a[data-mtli~=\"mtli_filesize237,22kB\"]:after {content:\" (237,22 kB)\"}a[data-mtli~=\"mtli_filesize1,00MB\"]:after {content:\" (1,00 MB)\"}a[data-mtli~=\"mtli_filesize373,09kB\"]:after {content:\" (373,09 kB)\"}a[data-mtli~=\"mtli_filesize24,50kB\"]:after {content:\" (24,50 kB)\"}a[data-mtli~=\"mtli_filesize87,50kB\"]:after {content:\" (87,50 kB)\"}a[data-mtli~=\"mtli_filesize58,00kB\"]:after {content:\" (58,00 kB)\"}a[data-mtli~=\"mtli_filesize29,50kB\"]:after {content:\" (29,50 kB)\"}<\/style>","protected":false},"excerpt":{"rendered":"<p>[vc_row][vc_column][vc_column_text][&#8222;Stypendia\/sprawy socjalne&#8221;] Wnioski stypendialne na semestr letni 2025\/2026 b\u0119d\u0105 dost\u0119pne od 01.03.2026r. na stronie www.usosweb.us.edu.pl w zak\u0142adce dla WSZYSTKICH \u2013 WNIOSKI: stypendium socjalne, stypendium dla os\u00f3b niepe\u0142nosprawnych, Wnioski sk\u0142adamy tylko i wy\u0142\u0105cznie ELEKTRONICZNIE, bez sk\u0142adania wersji papierowej. Student ubiegaj\u0105cy si\u0119 o stypendium socjalne w semestrze letnim, kt\u00f3ry otrzymywa\u0142 stypendium w semestrze zimowym, a jego sytuacja [&#8230;]<\/p>\n<p><a class=\"btn btn-secondary understrap-read-more-link\" href=\"https:\/\/us.edu.pl\/wydzial\/wpia\/student\/stypendia-sprawy-socjalne\/\">Read More&#8230;<\/a><\/p>\n","protected":false},"author":1,"featured_media":0,"parent":286,"menu_order":12,"comment_status":"closed","ping_status":"closed","template":"page-templates\/inner-page.php","meta":{"_expiration-date-status":"","_expiration-date":0,"_expiration-date-type":"","_expiration-date-categories":[],"_expiration-date-options":[]},"acf":[],"_links":{"self":[{"href":"https:\/\/us.edu.pl\/wydzial\/wpia\/wp-json\/wp\/v2\/pages\/394"}],"collection":[{"href":"https:\/\/us.edu.pl\/wydzial\/wpia\/wp-json\/wp\/v2\/pages"}],"about":[{"href":"https:\/\/us.edu.pl\/wydzial\/wpia\/wp-json\/wp\/v2\/types\/page"}],"author":[{"embeddable":true,"href":"https:\/\/us.edu.pl\/wydzial\/wpia\/wp-json\/wp\/v2\/users\/1"}],"replies":[{"embeddable":true,"href":"https:\/\/us.edu.pl\/wydzial\/wpia\/wp-json\/wp\/v2\/comments?post=394"}],"version-history":[{"count":12,"href":"https:\/\/us.edu.pl\/wydzial\/wpia\/wp-json\/wp\/v2\/pages\/394\/revisions"}],"predecessor-version":[{"id":196339,"href":"https:\/\/us.edu.pl\/wydzial\/wpia\/wp-json\/wp\/v2\/pages\/394\/revisions\/196339"}],"up":[{"embeddable":true,"href":"https:\/\/us.edu.pl\/wydzial\/wpia\/wp-json\/wp\/v2\/pages\/286"}],"wp:attachment":[{"href":"https:\/\/us.edu.pl\/wydzial\/wpia\/wp-json\/wp\/v2\/media?parent=394"}],"curies":[{"name":"wp","href":"https:\/\/api.w.org\/{rel}","templated":true}]}}