{"id":398,"date":"2019-10-15T15:17:22","date_gmt":"2019-10-15T13:17:22","guid":{"rendered":"https:\/\/us.edu.pl\/wydzial\/wpia\/?page_id=398"},"modified":"2025-09-12T10:40:09","modified_gmt":"2025-09-12T08:40:09","slug":"regulaminy","status":"publish","type":"page","link":"https:\/\/us.edu.pl\/wydzial\/wpia\/student\/regulaminy\/","title":{"rendered":"Regulaminy"},"content":{"rendered":"<p>[vc_row][vc_column]\r\n                <div class=\"text-modules\">\r\n                    <div class=\"container\">\r\n                        <h3 class=\"page-title text__title\">Regulaminy<\/h3>\r\n                        <div class=\"text-modules__content\"><\/p>\n<ul>\n<li>\n<h4><span style=\"font-size: 12pt;\">Regulaminy obowi\u0105zuj\u0105ce w Uniwersytecie \u015al\u0105skim: <a href=\"https:\/\/us.edu.pl\/student\/studia\/najwazniejsze-akty-prawne\/\">https:\/\/us.edu.pl\/student\/studia\/najwazniejsze-akty-prawne\/<\/a><\/span><\/h4>\n<\/li>\n<li>\n<h4><span style=\"font-size: 12pt;\"><a href=\"https:\/\/us.edu.pl\/wydzial\/wpia\/wp-content\/uploads\/sites\/19\/Akty-prawa-wewnetrznego\/Regulaminy\/zal_do_525_2024.pdf\" class=\"mtli_attachment mtli_pdf\" data-mtli=\"mtli_filesize275,21kB\" class=\"mtli_attachment mtli_pdf\" data-mtli=\"mtli_filesize275,21kB\">Regulamin studi\u00f3w obowi\u0105zuj\u0105cy od 1 pa\u017adziernika 2024 r.<\/a><\/span><\/h4>\n<\/li>\n<li>\n<h4><span style=\"font-size: 12pt;\"><a class=\"mtli_attachment mtli_pdf mtli_attachment mtli_pdf mtli_attachment mtli_pdf\" href=\"https:\/\/us.edu.pl\/wydzial\/wpia\/wp-content\/uploads\/sites\/19\/Akty-prawa-wewnetrznego\/Regulaminy\/Uchwa%C5%82a-RN-INPr_regulamin-przyznawania-nagrody-im.-Profesora-W.pdf\" data-mtli=\"mtli_filesize731,36kB\">Uchwa\u0142a RN INPr_regulamin przyznawania nagrody im. Profesora Waleriana Pa\u0144ki<\/a><\/span><\/h4>\n<\/li>\n<li>\n<h4><span style=\"font-size: 12pt;\"><a class=\"mtli_attachment mtli_doc mtli_attachment mtli_doc mtli_attachment mtli_doc\" href=\"https:\/\/us.edu.pl\/wydzial\/wpia\/wp-content\/uploads\/sites\/19\/Akty-prawa-wewnetrznego\/Regulaminy\/Regulamin-przyznawania-nagrody-imienia-Pani-Profesor-Oktawii-G%C3%B3rniok.doc\" data-mtli=\"mtli_filesize25,00kB\">Regulamin przyznawania nagrody imienia Pani Profesor Oktawii G\u00f3rniok<\/a><\/span><\/h4>\n<\/li>\n<\/ul>\n<p>\n<style type=\"text\/css\">a[data-mtli~=\"mtli_filesize275,21kB\"]:after {content:\" (275,21 kB)\"}<\/style><\/div>\r\n                    <\/div>\r\n                <\/div>[\/vc_column][\/vc_row]<\/p>\n<style type=\"text\/css\">a[data-mtli~=\"mtli_filesize275,21kB\"]:after {content:\" (275,21 kB)\"}<\/style>","protected":false},"excerpt":{"rendered":"<p>[vc_row][vc_column][\/vc_column][\/vc_row] [&#8230;]<\/p>\n<p><a class=\"btn btn-secondary understrap-read-more-link\" href=\"https:\/\/us.edu.pl\/wydzial\/wpia\/student\/regulaminy\/\">Read More&#8230;<\/a><\/p>\n","protected":false},"author":1,"featured_media":0,"parent":286,"menu_order":11,"comment_status":"closed","ping_status":"closed","template":"page-templates\/inner-page.php","meta":{"_expiration-date-status":"","_expiration-date":0,"_expiration-date-type":"","_expiration-date-categories":[],"_expiration-date-options":[]},"acf":[],"_links":{"self":[{"href":"https:\/\/us.edu.pl\/wydzial\/wpia\/wp-json\/wp\/v2\/pages\/398"}],"collection":[{"href":"https:\/\/us.edu.pl\/wydzial\/wpia\/wp-json\/wp\/v2\/pages"}],"about":[{"href":"https:\/\/us.edu.pl\/wydzial\/wpia\/wp-json\/wp\/v2\/types\/page"}],"author":[{"embeddable":true,"href":"https:\/\/us.edu.pl\/wydzial\/wpia\/wp-json\/wp\/v2\/users\/1"}],"replies":[{"embeddable":true,"href":"https:\/\/us.edu.pl\/wydzial\/wpia\/wp-json\/wp\/v2\/comments?post=398"}],"version-history":[{"count":10,"href":"https:\/\/us.edu.pl\/wydzial\/wpia\/wp-json\/wp\/v2\/pages\/398\/revisions"}],"predecessor-version":[{"id":193023,"href":"https:\/\/us.edu.pl\/wydzial\/wpia\/wp-json\/wp\/v2\/pages\/398\/revisions\/193023"}],"up":[{"embeddable":true,"href":"https:\/\/us.edu.pl\/wydzial\/wpia\/wp-json\/wp\/v2\/pages\/286"}],"wp:attachment":[{"href":"https:\/\/us.edu.pl\/wydzial\/wpia\/wp-json\/wp\/v2\/media?parent=398"}],"curies":[{"name":"wp","href":"https:\/\/api.w.org\/{rel}","templated":true}]}}