{"id":404,"date":"2019-10-15T15:18:32","date_gmt":"2019-10-15T13:18:32","guid":{"rendered":"https:\/\/us.edu.pl\/wydzial\/wpia\/?page_id=404"},"modified":"2020-12-03T12:25:26","modified_gmt":"2020-12-03T11:25:26","slug":"elsa","status":"publish","type":"page","link":"https:\/\/us.edu.pl\/wydzial\/wpia\/student\/dzialalnosc-studencka\/elsa\/","title":{"rendered":"ELSA"},"content":{"rendered":"<p>[vc_row][vc_column]\r\n                <div class=\"text-modules\">\r\n                    <div class=\"container\">\r\n                        <h3 class=\"page-title text__title\">ELSA<\/h3>\r\n                        <div class=\"text-modules__content\"><p><strong>&#8222;Europejskie Stowarzyszenie Student\u00f3w Prawa ELSA<\/strong> Poland (The European Law Students\u2019 Association) to niezale\u017cna, niepolityczna i niezarobkowa organizacja edukacyjna, zrzeszaj\u0105ca student\u00f3w prawa i m\u0142odych prawnik\u00f3w z 44 kraj\u00f3w europejskich. W Polsce dzia\u0142a w 15 o\u015brodkach akademickich: Bia\u0142ystok, Gda\u0144sk, Katowice, Krak\u00f3w, Lublin, \u0141\u00f3d\u017a, Opole, Olsztyn, Pozna\u0144, Rzesz\u00f3w, Szczecin, Zielona G\u00f3ra, Toru\u0144, Warszawa i Wroc\u0142aw.<\/p>\n<p>ELSA Katowice zrzesza m\u0142odych, otwartych na \u015bwiat ludzi, kt\u00f3rzy na studiach poza nauk\u0105 prze\u017cy\u0107 chc\u0105 prawdziw\u0105 przygod\u0119, pozna\u0107 student\u00f3w z ca\u0142ej Polski, zwiedzi\u0107 ciekawe miejsca i przede wszystkim zyska\u0107 przyjaci\u00f3\u0142 oraz niezapomniane wspomnienia. Mo\u017cliwo\u015b\u0107 wymiany do\u015bwiadcze\u0144, umiej\u0119tno\u015bci oraz integracja w gronie ludzi o podobnych zainteresowaniach pozwala nie tylko na poszerzenie w\u0142asnych horyzont\u00f3w, doskonalenie samego siebie, ale przede wszystkim daje niepohamowan\u0105 satysfakcj\u0119 z poczucia efektywnie wykorzystanego czasu poza uczelni\u0105.<\/p>\n<p>Dzia\u0142alno\u015b\u0107 organizacji, zar\u00f3wno ta o zasi\u0119gu uczelnianym, jak i mi\u0119dzynarodowym, ma przede wszystkim charakter edukacyjno-naukowy. Jej fundamentem jest organizacja konferencji, seminari\u00f3w i praktyk studenckich. Stowarzyszenie koncentruje swoje dzia\u0142ania g\u0142\u00f3wnie wok\u00f3\u0142 przedsi\u0119wzi\u0119\u0107, maj\u0105cych na celu przybli\u017cenie praktycznej strony zagadnie\u0144 prawnych, skierowanych g\u0142\u00f3wnie do student\u00f3w prawa i administracji oraz m\u0142odych prawnik\u00f3w. Mi\u0119dzynarodowy charakter organizacji umo\u017cliwia szerok\u0105 wsp\u00f3\u0142prac\u0119 oraz poznawanie odmiennych \u015brodowisk, co wp\u0142ywa na \u015bwiatopogl\u0105d m\u0142odego cz\u0142owieka, dodaje mu pewno\u015bci siebie, a tak\u017ce pozwala odnale\u017a\u0107 si\u0119 w \u015bwiecie zr\u00f3\u017cnicowanym pod wzgl\u0119dem kulturowym. Do\u015bwiadczenie oraz praktyczne umiej\u0119tno\u015bci zdobywane dzi\u0119ki ELSA w\u00a0po\u0142\u0105czeniu z programem studi\u00f3w uniwersyteckich, maj\u0105 niebagatelne znaczenie dla przysz\u0142ych pracodawc\u00f3w. ELSA pomaga po\u0142\u0105czy\u0107 wiedz\u0119 teoretyczn\u0105 zdobywan\u0105 na studiach z bogatym programem praktyk studenckich zar\u00f3wno o zasi\u0119gu lokalnym, krajowym, jak i\u00a0europejskim. Dla m\u0142odych prawnik\u00f3w szczeg\u00f3lnie przydatna jest tu perspektywa kontaktu z\u00a0odmiennymi systemami prawnymi, korporacjami, a tak\u017ce mo\u017cliwo\u015b\u0107 doskonalenia j\u0119zyk\u00f3w obcych.<\/p>\n<p>Dzia\u0142alno\u015b\u0107 w ELSA pozwala zrozumie\u0107, dlaczego tak wa\u017cny jest sprawiedliwy \u015bwiat, w\u00a0kt\u00f3rym szanuje si\u0119 godno\u015b\u0107 ludzk\u0105 i r\u00f3\u017cnorodno\u015b\u0107 kulturow\u0105.<\/p>\n<p>Jeste\u015b osob\u0105 aktywn\u0105, przebojow\u0105? Gotow\u0105 stawi\u0107 czo\u0142o coraz to nowym wyzwaniom? Umiesz pracowa\u0107 w grupie? A co najwa\u017cniejsze chcesz si\u0119 dobrze bawi\u0107 na studiach? ELSA Ci w tym pomo\u017ce! Przekonaj si\u0119 sam! Wpadnij do 3.49 na Wydziale Prawa i Administracji U\u015a lub odwied\u017a nasz fanpage <a href=\"http:\/\/www.facebook.com\/ELSAKatowice\">www.facebook.com\/ELSAKatowice<\/a>. Zapraszamy r\u00f3wnie\u017c na stron\u0119 internetow\u0105 ELSA Poland <a href=\"http:\/\/elsa.org.pl\">elsa.org.pl<\/a>! &#8222;<\/p>\n<\/div>\r\n                    <\/div>\r\n                <\/div>[\/vc_column][\/vc_row]<\/p>","protected":false},"excerpt":{"rendered":"<p>[vc_row][vc_column][\/vc_column][\/vc_row] [&#8230;]<\/p>\n<p><a class=\"btn btn-secondary understrap-read-more-link\" href=\"https:\/\/us.edu.pl\/wydzial\/wpia\/student\/dzialalnosc-studencka\/elsa\/\">Read More&#8230;<\/a><\/p>\n","protected":false},"author":1,"featured_media":0,"parent":400,"menu_order":2,"comment_status":"closed","ping_status":"closed","template":"page-templates\/inner-page.php","meta":{"_expiration-date-status":"saved","_expiration-date":0,"_expiration-date-type":"","_expiration-date-categories":[],"_expiration-date-options":[]},"acf":[],"_links":{"self":[{"href":"https:\/\/us.edu.pl\/wydzial\/wpia\/wp-json\/wp\/v2\/pages\/404"}],"collection":[{"href":"https:\/\/us.edu.pl\/wydzial\/wpia\/wp-json\/wp\/v2\/pages"}],"about":[{"href":"https:\/\/us.edu.pl\/wydzial\/wpia\/wp-json\/wp\/v2\/types\/page"}],"author":[{"embeddable":true,"href":"https:\/\/us.edu.pl\/wydzial\/wpia\/wp-json\/wp\/v2\/users\/1"}],"replies":[{"embeddable":true,"href":"https:\/\/us.edu.pl\/wydzial\/wpia\/wp-json\/wp\/v2\/comments?post=404"}],"version-history":[{"count":4,"href":"https:\/\/us.edu.pl\/wydzial\/wpia\/wp-json\/wp\/v2\/pages\/404\/revisions"}],"predecessor-version":[{"id":3733,"href":"https:\/\/us.edu.pl\/wydzial\/wpia\/wp-json\/wp\/v2\/pages\/404\/revisions\/3733"}],"up":[{"embeddable":true,"href":"https:\/\/us.edu.pl\/wydzial\/wpia\/wp-json\/wp\/v2\/pages\/400"}],"wp:attachment":[{"href":"https:\/\/us.edu.pl\/wydzial\/wpia\/wp-json\/wp\/v2\/media?parent=404"}],"curies":[{"name":"wp","href":"https:\/\/api.w.org\/{rel}","templated":true}]}}