{"id":408,"date":"2019-10-15T15:19:25","date_gmt":"2019-10-15T13:19:25","guid":{"rendered":"https:\/\/us.edu.pl\/wydzial\/wpia\/?page_id=408"},"modified":"2026-03-05T08:12:12","modified_gmt":"2026-03-05T07:12:12","slug":"poradnia-prawna","status":"publish","type":"page","link":"https:\/\/us.edu.pl\/wydzial\/wpia\/student\/dzialalnosc-studencka\/poradnia-prawna\/","title":{"rendered":"Studencka Poradnia Prawna"},"content":{"rendered":"<p>[vc_row][vc_column]\r\n                <div class=\"text-modules\">\r\n                    <div class=\"container\">\r\n                        \r\n                        <div class=\"text-modules__content\"><p>Studencka Poradnia Prawna dzia\u0142a w formie ko\u0142a naukowego Wydzia\u0142u Prawa i Administracji Uniwersytetu \u015al\u0105skiego. Naszym celem jest <strong>udzielenie bezp\u0142atnej pomocy prawnej studentom i osobom niezamo\u017cnym, kt\u00f3re w danej sprawie nie posiada\u0142y lub nie posiadaj\u0105 profesjonalnego pe\u0142nomocnika. <\/strong><\/p>\n<p>Porady udzielane s\u0105 przez <strong>Poradni\u0119 jedynie w formie pisemnej, po zatwierdzeniu tre\u015bci porady przez opiekuna naukowego<\/strong>. Informujemy, i\u017c czas na udzielenie opinii prawnej wynosi 21 dni, co oznacza, \u017ce nie jest mo\u017cliwe niezw\u0142oczne udzielenie odpowiedzi. W szczeg\u00f3lnych wypadkach czas ten mo\u017ce zosta\u0107 wyd\u0142u\u017cony do 28 dni.<\/p>\n<\/div>\r\n                    <\/div>\r\n                <\/div>[\/vc_column][\/vc_row]<\/p>","protected":false},"excerpt":{"rendered":"<p>[vc_row][vc_column][\/vc_column][\/vc_row] [&#8230;]<\/p>\n<p><a class=\"btn btn-secondary understrap-read-more-link\" href=\"https:\/\/us.edu.pl\/wydzial\/wpia\/student\/dzialalnosc-studencka\/poradnia-prawna\/\">Read More&#8230;<\/a><\/p>\n","protected":false},"author":1,"featured_media":0,"parent":400,"menu_order":4,"comment_status":"closed","ping_status":"closed","template":"page-templates\/inner-page-with-bookmarks.php","meta":{"_expiration-date-status":"","_expiration-date":0,"_expiration-date-type":"","_expiration-date-categories":[],"_expiration-date-options":[]},"acf":[],"_links":{"self":[{"href":"https:\/\/us.edu.pl\/wydzial\/wpia\/wp-json\/wp\/v2\/pages\/408"}],"collection":[{"href":"https:\/\/us.edu.pl\/wydzial\/wpia\/wp-json\/wp\/v2\/pages"}],"about":[{"href":"https:\/\/us.edu.pl\/wydzial\/wpia\/wp-json\/wp\/v2\/types\/page"}],"author":[{"embeddable":true,"href":"https:\/\/us.edu.pl\/wydzial\/wpia\/wp-json\/wp\/v2\/users\/1"}],"replies":[{"embeddable":true,"href":"https:\/\/us.edu.pl\/wydzial\/wpia\/wp-json\/wp\/v2\/comments?post=408"}],"version-history":[{"count":10,"href":"https:\/\/us.edu.pl\/wydzial\/wpia\/wp-json\/wp\/v2\/pages\/408\/revisions"}],"predecessor-version":[{"id":196665,"href":"https:\/\/us.edu.pl\/wydzial\/wpia\/wp-json\/wp\/v2\/pages\/408\/revisions\/196665"}],"up":[{"embeddable":true,"href":"https:\/\/us.edu.pl\/wydzial\/wpia\/wp-json\/wp\/v2\/pages\/400"}],"wp:attachment":[{"href":"https:\/\/us.edu.pl\/wydzial\/wpia\/wp-json\/wp\/v2\/media?parent=408"}],"curies":[{"name":"wp","href":"https:\/\/api.w.org\/{rel}","templated":true}]}}