{"id":412,"date":"2019-10-15T15:37:04","date_gmt":"2019-10-15T13:37:04","guid":{"rendered":"https:\/\/us.edu.pl\/wydzial\/wpia\/?page_id=412"},"modified":"2025-07-16T13:49:58","modified_gmt":"2025-07-16T11:49:58","slug":"formularze-i-druki","status":"publish","type":"page","link":"https:\/\/us.edu.pl\/wydzial\/wpia\/student\/formularze-i-druki\/","title":{"rendered":"Formularze i druki"},"content":{"rendered":"<p>[vc_row][vc_column]\r\n                <div class=\"text-modules\">\r\n                    <div class=\"container\">\r\n                        <h3 class=\"page-title text__title\">Formularze i druki<\/h3>\r\n                        <div class=\"text-modules__content\"><p>Szanowna Studentko, Szanowny Studencie,<\/p>\n<p>ni\u017cej wskazane wnioski (podania) nale\u017cy sk\u0142ada\u0107 za po\u015brednictwem systemu USOS, wed\u0142ug nast\u0119puj\u0105cej \u015bcie\u017cki: <strong><em>Dla student\u00f3w \u2192 Podania \u2192 Z\u0142o\u017cenie nowego podania<\/em><\/strong>:<\/p>\n<ul>\n<li><a class=\"mtli_attachment mtli_docx mtli_attachment mtli_docx mtli_attachment mtli_docx\" href=\"https:\/\/us.edu.pl\/wydzial\/wpia\/wp-content\/uploads\/sites\/19\/2024\/10\/Wniosek-o-wydanie-dodatkowych-odpis-w.docx\" data-mtli=\"mtli_filesize20,29kB\" data-mtli=\"mtli_filesize20,29kB\" data-mtli=\"mtli_filesize20,29kB\">Wniosek o wydanie dodatkowych odpis\u00f3w<\/a><\/li>\n<li><a class=\"mtli_attachment mtli_pdf mtli_attachment mtli_pdf mtli_attachment mtli_pdf\" href=\"https:\/\/us.edu.pl\/wydzial\/wpia\/wp-content\/uploads\/sites\/19\/Formularze-i-druki\/Studia-I-i-II-stopnia\/urlop-zdrowotny.pdf\" data-mtli=\"mtli_filesize446,44kB\" data-mtli=\"mtli_filesize446,44kB\" data-mtli=\"mtli_filesize446,44kB\">Urlop zdrowotny<\/a><\/li>\n<li><a class=\"mtli_attachment mtli_doc mtli_attachment mtli_doc mtli_attachment mtli_doc\" href=\"https:\/\/us.edu.pl\/wydzial\/wpia\/wp-content\/uploads\/sites\/19\/Formularze-i-druki\/Studia-I-i-II-stopnia\/Podanie-ogolne.doc\" data-mtli=\"mtli_filesize31,50kB\" data-mtli=\"mtli_filesize31,50kB\" data-mtli=\"mtli_filesize31,50kB\">Wz\u00f3r podania og\u00f3lnego<\/a><\/li>\n<li><a class=\"mtli_attachment mtli_doc mtli_attachment mtli_doc mtli_attachment mtli_doc\" href=\"https:\/\/us.edu.pl\/wydzial\/wpia\/wp-content\/uploads\/sites\/19\/Formularze-i-druki\/Studia-I-i-II-stopnia\/Zgoda-na-uznanie-ocen-zdobytych-na-innej-uczelni-1.doc\" data-mtli=\"mtli_filesize57,50kB\" data-mtli=\"mtli_filesize57,50kB\" data-mtli=\"mtli_filesize57,50kB\">Zgoda na uznanie ocen z innej uczelni<\/a><\/li>\n<li><a class=\"mtli_attachment mtli_doc mtli_attachment mtli_doc mtli_attachment mtli_doc\" href=\"https:\/\/us.edu.pl\/wydzial\/wpia\/wp-content\/uploads\/sites\/19\/Formularze-i-druki\/Studia-I-i-II-stopnia\/Zmiana-danych-osobowych-1.doc\" data-mtli=\"mtli_filesize34,00kB\" data-mtli=\"mtli_filesize34,00kB\" data-mtli=\"mtli_filesize34,00kB\">Zmiana danych osobowych<\/a><\/li>\n<li><a class=\"mtli_attachment mtli_pdf mtli_attachment mtli_pdf mtli_attachment mtli_pdf\" href=\"https:\/\/us.edu.pl\/wydzial\/wpia\/wp-content\/uploads\/sites\/19\/Oplaty\/karta-obiegowa-od-2023_2024.pdf\" data-mtli=\"mtli_filesize248,39kB\" data-mtli=\"mtli_filesize248,39kB\" data-mtli=\"mtli_filesize248,39kB\">Karta obiegowa<\/a><\/li>\n<li><a class=\"mtli_attachment mtli_docx mtli_attachment mtli_docx mtli_attachment mtli_docx\" href=\"https:\/\/us.edu.pl\/wydzial\/wpia\/wp-content\/uploads\/sites\/19\/Formularze-i-druki\/Zalacznik-do-podania-o-indywidualna-organizacje-studiow.docx\" data-mtli=\"mtli_filesize13,36kB\" data-mtli=\"mtli_filesize13,36kB\" data-mtli=\"mtli_filesize13,36kB\">Za\u0142\u0105cznik do IOS<\/a><\/li>\n<li><a class=\"mtli_attachment mtli_docx mtli_attachment mtli_docx mtli_attachment mtli_docx\" href=\"https:\/\/us.edu.pl\/wydzial\/wpia\/wp-content\/uploads\/sites\/19\/Formularze-i-druki\/wniosek_o_wydanie_zaswiadczenia_o_odbyciu_studiow.docx\" data-mtli=\"mtli_filesize19,68kB\" data-mtli=\"mtli_filesize19,68kB\" data-mtli=\"mtli_filesize19,68kB\">Wniosek_o_wydanie_za\u015bwiadczenia_o_odbyciu_studi\u00f3w<\/a><\/li>\n<li><a class=\"mtli_attachment mtli_doc mtli_attachment mtli_doc mtli_attachment mtli_doc\" href=\"https:\/\/us.edu.pl\/wydzial\/wpia\/wp-content\/uploads\/sites\/19\/2024\/10\/Wniosek-o-wydanie-duplikatu.doc\" data-mtli=\"mtli_filesize41,00kB\" data-mtli=\"mtli_filesize41,00kB\" data-mtli=\"mtli_filesize41,00kB\">Wniosek o wydanie duplikatu<\/a><\/li>\n<\/ul>\n<p>\n<style type=\"text\/css\">a[data-mtli~=\"mtli_filesize20,29kB\"]:after {content:\" (20,29 kB)\"}a[data-mtli~=\"mtli_filesize446,44kB\"]:after {content:\" (446,44 kB)\"}a[data-mtli~=\"mtli_filesize31,50kB\"]:after {content:\" (31,50 kB)\"}a[data-mtli~=\"mtli_filesize57,50kB\"]:after {content:\" (57,50 kB)\"}a[data-mtli~=\"mtli_filesize34,00kB\"]:after {content:\" (34,00 kB)\"}a[data-mtli~=\"mtli_filesize248,39kB\"]:after {content:\" (248,39 kB)\"}a[data-mtli~=\"mtli_filesize13,36kB\"]:after {content:\" (13,36 kB)\"}a[data-mtli~=\"mtli_filesize19,68kB\"]:after {content:\" (19,68 kB)\"}a[data-mtli~=\"mtli_filesize41,00kB\"]:after {content:\" (41,00 kB)\"}<\/style><\/div>\r\n                    <\/div>\r\n                <\/div>[\/vc_column][\/vc_row][vc_row disable_element=&#8221;yes&#8221;][vc_column]\r\n                <div class=\"text-modules\">\r\n                    <div class=\"container\">\r\n                        <h3 class=\"page-title text__title\">Formularze i druki<\/h3>\r\n                        <div class=\"text-modules__content\"><\/div>\r\n                    <\/div>\r\n                <\/div>\r\n                <div class=\"tiles-section\" style=\"background: \">\r\n                    <div class=\"container\">\r\n                        <h3 class=\"page-title\"><\/h3>\r\n                        <div class=\"tiles tiles-2\">\r\n                            <a href=\"https:\/\/us.edu.pl\/wydzial\/wpia\/student\/formularze-i-druki\/formularze-i-druki-studia-i-i-ii-stopnia\/\" class=\"tile tile_double justify-content-center\" style=\"background-color: #002E5A; font-weight: bold; color: #ffffff;  \">\r\n                                \r\n                                   \r\n                               \r\n                                <div class=\"tile__name\">Studia jednolite magisterskie<br>Studia I i II stopnia<\/div>\r\n                            <\/a><\/div>\r\n                    <\/div>\r\n                <\/div>[\/vc_column][\/vc_row]<\/p>\n<style type=\"text\/css\">a[data-mtli~=\"mtli_filesize20,29kB\"]:after {content:\" (20,29 kB)\"}a[data-mtli~=\"mtli_filesize446,44kB\"]:after {content:\" (446,44 kB)\"}a[data-mtli~=\"mtli_filesize31,50kB\"]:after {content:\" (31,50 kB)\"}a[data-mtli~=\"mtli_filesize57,50kB\"]:after {content:\" (57,50 kB)\"}a[data-mtli~=\"mtli_filesize34,00kB\"]:after {content:\" (34,00 kB)\"}a[data-mtli~=\"mtli_filesize248,39kB\"]:after {content:\" (248,39 kB)\"}a[data-mtli~=\"mtli_filesize13,36kB\"]:after {content:\" (13,36 kB)\"}a[data-mtli~=\"mtli_filesize19,68kB\"]:after {content:\" (19,68 kB)\"}a[data-mtli~=\"mtli_filesize41,00kB\"]:after {content:\" (41,00 kB)\"}<\/style>","protected":false},"excerpt":{"rendered":"<p>[vc_row][vc_column][\/vc_column][\/vc_row][vc_row disable_element=&#8221;yes&#8221;][vc_column][\/vc_column][\/vc_row] [&#8230;]<\/p>\n<p><a class=\"btn btn-secondary understrap-read-more-link\" href=\"https:\/\/us.edu.pl\/wydzial\/wpia\/student\/formularze-i-druki\/\">Read More&#8230;<\/a><\/p>\n","protected":false},"author":1,"featured_media":0,"parent":286,"menu_order":2,"comment_status":"closed","ping_status":"closed","template":"page-templates\/inner-page.php","meta":{"_expiration-date-status":"","_expiration-date":0,"_expiration-date-type":"","_expiration-date-categories":[],"_expiration-date-options":[]},"acf":[],"_links":{"self":[{"href":"https:\/\/us.edu.pl\/wydzial\/wpia\/wp-json\/wp\/v2\/pages\/412"}],"collection":[{"href":"https:\/\/us.edu.pl\/wydzial\/wpia\/wp-json\/wp\/v2\/pages"}],"about":[{"href":"https:\/\/us.edu.pl\/wydzial\/wpia\/wp-json\/wp\/v2\/types\/page"}],"author":[{"embeddable":true,"href":"https:\/\/us.edu.pl\/wydzial\/wpia\/wp-json\/wp\/v2\/users\/1"}],"replies":[{"embeddable":true,"href":"https:\/\/us.edu.pl\/wydzial\/wpia\/wp-json\/wp\/v2\/comments?post=412"}],"version-history":[{"count":10,"href":"https:\/\/us.edu.pl\/wydzial\/wpia\/wp-json\/wp\/v2\/pages\/412\/revisions"}],"predecessor-version":[{"id":191970,"href":"https:\/\/us.edu.pl\/wydzial\/wpia\/wp-json\/wp\/v2\/pages\/412\/revisions\/191970"}],"up":[{"embeddable":true,"href":"https:\/\/us.edu.pl\/wydzial\/wpia\/wp-json\/wp\/v2\/pages\/286"}],"wp:attachment":[{"href":"https:\/\/us.edu.pl\/wydzial\/wpia\/wp-json\/wp\/v2\/media?parent=412"}],"curies":[{"name":"wp","href":"https:\/\/api.w.org\/{rel}","templated":true}]}}