{"id":5010,"date":"2021-07-08T12:00:00","date_gmt":"2021-07-08T10:00:00","guid":{"rendered":"https:\/\/us.edu.pl\/wydzial\/wpia\/?page_id=5010"},"modified":"2023-01-31T14:07:37","modified_gmt":"2023-01-31T13:07:37","slug":"zasady-uczestnictwa-w-programie","status":"publish","type":"page","link":"https:\/\/us.edu.pl\/wydzial\/wpia\/wspolpraca\/wspolpraca-miedzynarodowa\/pepp\/zasady-uczestnictwa-w-programie\/","title":{"rendered":"Zasady uczestnictwa w Programie"},"content":{"rendered":"<p>[vc_row][vc_column]\r\n                <div class=\"text-modules\">\r\n                    <div class=\"container\">\r\n                        <h3 class=\"page-title text__title\">Zasady  uczestnictwa w PEPP<\/h3>\r\n                        <div class=\"text-modules__content\"><\/p>\n<div><span style=\"font-size: 12pt;\">Program PEPP jest adresowany przede wszystkim do uczestnik\u00f3w pocz\u0105tkowych lat studi\u00f3w doktoranckich i\u00a0absolwent\u00f3w wydzia\u0142\u00f3w prawa jednostek naukowych bior\u0105cych udzia\u0142 w\u00a0programie, kt\u00f3rzy nie uzyskali jeszcze stopnia naukowego doktora a\u00a0prowadz\u0105 badania naukowe w\u00a0zakresie prawa prywatnego w\u00a0kontek\u015bcie europejskim.<\/span><\/div>\n<div><\/div>\n<div><span style=\"font-size: 12pt;\">Procedura aplikacyjna do Programu:<\/span><\/div>\n<div><\/div>\n<div><span style=\"font-size: 12pt;\">I. Przygotuj i\u00a0prze\u015blij Koordynatorowi Programu dla polskich uczestnik\u00f3w Prof. U\u015a, dr hab. Ewie Rott-Pietrzyk (dane adresowe w\u00a0zak\u0142adce \u201eNadchodz\u0105ca edycja \u2013 zg\u0142oszenia\u201d) nast\u0119puj\u0105ce dokumenty:<\/span><\/div>\n<div><\/div>\n<ul>\n<li><span style=\"font-size: 12pt;\">dyplom uko\u0144czenia studi\u00f3w wy\u017cszych na kierunku Prawo;<\/span><\/li>\n<li><span style=\"font-size: 12pt;\">\u017cyciorys z\u00a0uwzgl\u0119dnieniem dorobku naukowego;<\/span><\/li>\n<li><span style=\"font-size: 12pt;\">list motywacyjny;<\/span><\/li>\n<li><span style=\"font-size: 12pt;\">list polecaj\u0105cy od Opiekuna naukowego (w przypadku os\u00f3b nieb\u0119d\u0105cych uczestnikami studi\u00f3w doktoranckich opini\u0119 tak\u0105 mo\u017ce sporz\u0105dzi\u0107 promotor pracy magisterskiej);<\/span><\/li>\n<li><span style=\"font-size: 12pt;\">dokument po\u015bwiadczaj\u0105cy znajomo\u015b\u0107 j\u0119zyka angielskiego.<\/span><\/li>\n<\/ul>\n<div><\/div>\n<div><span style=\"font-size: 12pt;\">II. W\u00a0razie wi\u0119kszej liczby zg\u0142osze\u0144 w\u00a0ramach rekrutacji mo\u017cesz zosta\u0107 zaproszony na rozmow\u0119 kwalifikacyjn\u0105 w\u00a0j\u0119zyku angielskim, kt\u00f3ry jest oficjalnym j\u0119zykiem programu. Zatem \u00a0przygotuj si\u0119! Jak? Zastan\u00f3w si\u0119 co chcesz osi\u0105gn\u0105\u0107 dla siebie przez PEPP, czym Ty mo\u017cesz podzieli\u0107 si\u0119 z\u00a0innymi uczestnikami, b\u0105d\u017a gotowy do podzielenia si\u0119 swoimi planami i\u00a0pomys\u0142em na prowadzenie bada\u0144 \u00a0naukowych etc.<\/span><\/div>\n<div><\/div>\n<div><span style=\"font-size: 12pt;\">Dosta\u0142e\u015b informacj\u0119, \u017ce zosta\u0142e\u015b zakwalifikowany? Pakuj si\u0119. Czeka na Ciebie prawdziwa przygoda !<\/span><\/div>\n<p>\n<\/div>\r\n                    <\/div>\r\n                <\/div>[\/vc_column][\/vc_row]<\/p>","protected":false},"excerpt":{"rendered":"<p>[vc_row][vc_column][\/vc_column][\/vc_row] [&#8230;]<\/p>\n<p><a class=\"btn btn-secondary understrap-read-more-link\" href=\"https:\/\/us.edu.pl\/wydzial\/wpia\/wspolpraca\/wspolpraca-miedzynarodowa\/pepp\/zasady-uczestnictwa-w-programie\/\">Read More&#8230;<\/a><\/p>\n","protected":false},"author":108,"featured_media":0,"parent":5007,"menu_order":0,"comment_status":"closed","ping_status":"closed","template":"page-templates\/inner-page.php","meta":{"_expiration-date-status":"","_expiration-date":0,"_expiration-date-type":"","_expiration-date-categories":[],"_expiration-date-options":[]},"acf":[],"_links":{"self":[{"href":"https:\/\/us.edu.pl\/wydzial\/wpia\/wp-json\/wp\/v2\/pages\/5010"}],"collection":[{"href":"https:\/\/us.edu.pl\/wydzial\/wpia\/wp-json\/wp\/v2\/pages"}],"about":[{"href":"https:\/\/us.edu.pl\/wydzial\/wpia\/wp-json\/wp\/v2\/types\/page"}],"author":[{"embeddable":true,"href":"https:\/\/us.edu.pl\/wydzial\/wpia\/wp-json\/wp\/v2\/users\/108"}],"replies":[{"embeddable":true,"href":"https:\/\/us.edu.pl\/wydzial\/wpia\/wp-json\/wp\/v2\/comments?post=5010"}],"version-history":[{"count":4,"href":"https:\/\/us.edu.pl\/wydzial\/wpia\/wp-json\/wp\/v2\/pages\/5010\/revisions"}],"predecessor-version":[{"id":160895,"href":"https:\/\/us.edu.pl\/wydzial\/wpia\/wp-json\/wp\/v2\/pages\/5010\/revisions\/160895"}],"up":[{"embeddable":true,"href":"https:\/\/us.edu.pl\/wydzial\/wpia\/wp-json\/wp\/v2\/pages\/5007"}],"wp:attachment":[{"href":"https:\/\/us.edu.pl\/wydzial\/wpia\/wp-json\/wp\/v2\/media?parent=5010"}],"curies":[{"name":"wp","href":"https:\/\/api.w.org\/{rel}","templated":true}]}}