{"id":5019,"date":"2021-07-08T12:05:59","date_gmt":"2021-07-08T10:05:59","guid":{"rendered":"https:\/\/us.edu.pl\/wydzial\/wpia\/?page_id=5019"},"modified":"2025-04-30T13:20:59","modified_gmt":"2025-04-30T11:20:59","slug":"nadchodzaca-edycja-zgloszenia","status":"publish","type":"page","link":"https:\/\/us.edu.pl\/wydzial\/wpia\/wspolpraca\/wspolpraca-miedzynarodowa\/pepp\/nadchodzaca-edycja-zgloszenia\/","title":{"rendered":"Nadchodz\u0105ca edycja \u2013 zg\u0142oszenia"},"content":{"rendered":"<p>[vc_row][vc_column]\r\n                <div class=\"text-modules\">\r\n                    <div class=\"container\">\r\n                        <h3 class=\"page-title text__title\">Zapraszamy do kolejnej edycji mi\u0119dzynarodowego Programu PEPP!<\/h3>\r\n                        <div class=\"text-modules__content\"><\/p>\n<p style=\"text-align: justify;\"><span style=\"font-family: verdana, geneva, sans-serif;\">W roku akademickim 2025\/2026 odb\u0119dzie si\u0119 kolejna edycja mi\u0119dzynarodowego programu przeznaczonego dla wyr\u00f3\u017cniaj\u0105cych si\u0119 doktorant\u00f3w prowadz\u0105cych badania naukowe w zakresie europejskiego prawa prywatnego \u2013 \u201eProgramme in European Private Law for Postgraduates\u201d (PEPP).<\/span><\/p>\n<p style=\"text-align: justify;\"><span style=\"font-family: verdana, geneva, sans-serif;\">Zapraszamy doktorant\u00f3w Wydzia\u0142u Prawa i Administracji U\u015a przygotowuj\u0105cych swoje rozprawy doktorskie z szeroko poj\u0119tego prawa prywatnego (w tym r\u00f3wnie\u017c prawa konkurencji, prawa sp\u00f3\u0142ek, prawa prywatnego mi\u0119dzynarodowego, prawa w\u0142asno\u015bci intelektualnej itd.) do zapoznania si\u0119 z ofert\u0105 programu na stronie internetowej <a href=\"http:\/\/www.pepp-home.eu\">http:\/\/www.pepp-home.eu<\/a> a tak\u017ce w za\u0142\u0105czonym pliku.<\/span><\/p>\n<p style=\"text-align: justify;\"><span style=\"font-family: verdana, geneva, sans-serif;\">Ch\u0119tnych do udzia\u0142u w programie prosimy o sk\u0142adanie aplikacji za po\u015brednictwem poczty elektronicznej na adres\u00a0<a href=\"mailto:monika.jagielska@us.edu.pl\">monika.jagielska@us.edu.pl<\/a>\u00a0\u00a0do <strong>30 maja 2025 roku.<\/strong><\/span><\/p>\n<p style=\"text-align: justify;\"><span style=\"font-family: verdana, geneva, sans-serif;\">Do udzia\u0142u w programie zakwalifikowana zostanie <strong>jedna osoba.<\/strong><\/span><\/p>\n<p>\n<\/div>\r\n                    <\/div>\r\n                <\/div>[\/vc_column][\/vc_row][vc_row][vc_column]\r\n                <div class=\"text-modules\">\r\n                    <div class=\"container\">\r\n                        \r\n                        <div class=\"text-modules__content\"><p>Do wniosku (<strong>e-maila<\/strong>) nale\u017cy do\u0142\u0105czy\u0107 nast\u0119puj\u0105ce za\u0142\u0105czniki:<\/p>\n<p>1) skan lub zdj\u0119cie orygina\u0142u lub odpisu dyplomu uko\u0144czenia wy\u017cszych studi\u00f3w prawniczych w Rzeczypospolitej Polskiej lub zagranicznych studi\u00f3w prawniczych uznanych w Rzeczypospolitej Polskiej lub odpis dyplomu uwierzytelniony przez uczelni\u0119 lub notariusza;<\/p>\n<p>2) curriculum vitae;<\/p>\n<p>3) wykaz publikacji ze wskazaniem trzech najwa\u017cniejszych i kr\u00f3tkim uzasadnieniem ich wskazania;<\/p>\n<p>4) skan lub zdj\u0119cie listu rekomendacyjnego opiekuna naukowego lub promotora;<\/p>\n<p>5) skan kr\u00f3tkiego listu motywacyjnego z wyja\u015bnieniem przyczyn aplikowania do programu;<\/p>\n<p>6) skan lub zdj\u0119cie certyfikatu lub innego dowodu potwierdzaj\u0105cego znajomo\u015b\u0107 j\u0119zyka angielskiego.<\/p>\n<p>Wniosek wraz z za\u0142\u0105cznikami powinien by\u0107 sporz\u0105dzony w j\u0119zyku angielskim (w tym j\u0119zyku odbywa si\u0119 program).<\/p>\n<p><a href=\"https:\/\/us.edu.pl\/wydzial\/wpia\/wp-content\/uploads\/sites\/19\/Bez-kategorii\/PEPPinformationSheet2025.pdf\" class=\"mtli_attachment mtli_pdf\" data-mtli=\"mtli_filesize54,57kB\" class=\"mtli_attachment mtli_pdf\" data-mtli=\"mtli_filesize54,57kB\">PEPP Information Sheet 2025<\/a><\/p>\n<style type=\"text\/css\">a[data-mtli~=\"mtli_filesize54,57kB\"]:after {content:\" (54,57 kB)\"}<\/style><\/div>\r\n                    <\/div>\r\n                <\/div>[\/vc_column][\/vc_row]<\/p>\n<style type=\"text\/css\">a[data-mtli~=\"mtli_filesize54,57kB\"]:after {content:\" (54,57 kB)\"}<\/style>","protected":false},"excerpt":{"rendered":"<p>[vc_row][vc_column][\/vc_column][\/vc_row][vc_row][vc_column][\/vc_column][\/vc_row] [&#8230;]<\/p>\n<p><a class=\"btn btn-secondary understrap-read-more-link\" href=\"https:\/\/us.edu.pl\/wydzial\/wpia\/wspolpraca\/wspolpraca-miedzynarodowa\/pepp\/nadchodzaca-edycja-zgloszenia\/\">Read More&#8230;<\/a><\/p>\n","protected":false},"author":108,"featured_media":0,"parent":5007,"menu_order":0,"comment_status":"closed","ping_status":"closed","template":"page-templates\/inner-page.php","meta":{"_expiration-date-status":"","_expiration-date":0,"_expiration-date-type":"","_expiration-date-categories":[],"_expiration-date-options":[]},"acf":[],"_links":{"self":[{"href":"https:\/\/us.edu.pl\/wydzial\/wpia\/wp-json\/wp\/v2\/pages\/5019"}],"collection":[{"href":"https:\/\/us.edu.pl\/wydzial\/wpia\/wp-json\/wp\/v2\/pages"}],"about":[{"href":"https:\/\/us.edu.pl\/wydzial\/wpia\/wp-json\/wp\/v2\/types\/page"}],"author":[{"embeddable":true,"href":"https:\/\/us.edu.pl\/wydzial\/wpia\/wp-json\/wp\/v2\/users\/108"}],"replies":[{"embeddable":true,"href":"https:\/\/us.edu.pl\/wydzial\/wpia\/wp-json\/wp\/v2\/comments?post=5019"}],"version-history":[{"count":10,"href":"https:\/\/us.edu.pl\/wydzial\/wpia\/wp-json\/wp\/v2\/pages\/5019\/revisions"}],"predecessor-version":[{"id":187640,"href":"https:\/\/us.edu.pl\/wydzial\/wpia\/wp-json\/wp\/v2\/pages\/5019\/revisions\/187640"}],"up":[{"embeddable":true,"href":"https:\/\/us.edu.pl\/wydzial\/wpia\/wp-json\/wp\/v2\/pages\/5007"}],"wp:attachment":[{"href":"https:\/\/us.edu.pl\/wydzial\/wpia\/wp-json\/wp\/v2\/media?parent=5019"}],"curies":[{"name":"wp","href":"https:\/\/api.w.org\/{rel}","templated":true}]}}