{"id":5030,"date":"2021-07-09T10:11:57","date_gmt":"2021-07-09T08:11:57","guid":{"rendered":"https:\/\/us.edu.pl\/wydzial\/wpia\/?page_id=5030"},"modified":"2023-09-06T08:49:47","modified_gmt":"2023-09-06T06:49:47","slug":"zarzadzenia-dziekana-2020","status":"publish","type":"page","link":"https:\/\/us.edu.pl\/wydzial\/wpia\/wydzial\/akty-prawa-wewnetrznego\/zarzadzenia-dziekana\/zarzadzenia-dziekana-2020\/","title":{"rendered":"2020"},"content":{"rendered":"<p>[vc_row][vc_column]\r\n                <div class=\"text-modules\">\r\n                    <div class=\"container\">\r\n                        <h3 class=\"page-title text__title\">Zarz\u0105dzenia Dziekana Wydzia\u0142u Prawa i Administracji z 2020 roku<\/h3>\r\n                        <div class=\"text-modules__content\"><p><a href=\"https:\/\/us.edu.pl\/wydzial\/wpia\/wp-content\/uploads\/sites\/19\/Akty-prawa-wewnetrznego\/zarzadzenia-Dziekana\/Zarz\u0105dzenie-nr-17-2020_zasady-przeprowdzania-egzaminow-lub-zaliczen.pdf\" class=\"mtli_attachment mtli_pdf\" data-mtli=\"mtli_filesize2,24MB\" class=\"mtli_attachment mtli_pdf\" data-mtli=\"mtli_filesize2,24MB\">Zarz\u0105dzenie nr 17-2020 &#8211; Zasady przeprowdzania egzaminow lub zaliczen<\/a><\/p>\n<p><a href=\"https:\/\/us.edu.pl\/wydzial\/wpia\/wp-content\/uploads\/sites\/19\/Akty-prawa-wewnetrznego\/zarzadzenia-Dziekana\/Zarz\u0105dzenie-nr-16-2020_Rada-dydaktyczna-1.12_-Administracja-i-inne.pdf\" class=\"mtli_attachment mtli_pdf\" data-mtli=\"mtli_filesize375,51kB\" class=\"mtli_attachment mtli_pdf\" data-mtli=\"mtli_filesize375,51kB\">Zarz\u0105dzenie nr 16-2020 -_Rada dydaktyczna 1.12_ Administracja i inne<\/a><\/p>\n<p><a href=\"https:\/\/us.edu.pl\/wydzial\/wpia\/wp-content\/uploads\/sites\/19\/Akty-prawa-wewnetrznego\/zarzadzenia-Dziekana\/Zarz\u0105dzenie-nr-14-2020_Rada-Naukowa-INPr_2.11.2020.pdf\" class=\"mtli_attachment mtli_pdf\" data-mtli=\"mtli_filesize437,52kB\" class=\"mtli_attachment mtli_pdf\" data-mtli=\"mtli_filesize437,52kB\">Zarz\u0105dzenie nr 14-2020 -_Rada Naukowa INPr_2.11.2020<\/a><\/p>\n<p><a href=\"https:\/\/us.edu.pl\/wydzial\/wpia\/wp-content\/uploads\/sites\/19\/Akty-prawa-wewnetrznego\/zarzadzenia-Dziekana\/Zarz\u0105dzenie-nr-12-2020_Rada-dydaktyczna_-Administracja-i-inne.pdf\" class=\"mtli_attachment mtli_pdf\" data-mtli=\"mtli_filesize696,67kB\" class=\"mtli_attachment mtli_pdf\" data-mtli=\"mtli_filesize696,67kB\">Zarz\u0105dzenie nr 12-2020_- Rada dydaktyczna_ Administracja i inne<\/a><\/p>\n<p><a href=\"https:\/\/us.edu.pl\/wydzial\/wpia\/wp-content\/uploads\/sites\/19\/Akty-prawa-wewnetrznego\/zarzadzenia-Dziekana\/Zarz\u0105dzenie-nr-11-2020_Rada-dydaktyczna_Prawo.pdf\" class=\"mtli_attachment mtli_pdf\" data-mtli=\"mtli_filesize593,49kB\" class=\"mtli_attachment mtli_pdf\" data-mtli=\"mtli_filesize593,49kB\">Zarz\u0105dzenie nr 11-2020 -_Rada dydaktyczna_Prawo<\/a><\/p>\n<p><a href=\"https:\/\/us.edu.pl\/wydzial\/wpia\/wp-content\/uploads\/sites\/19\/Akty-prawa-wewnetrznego\/zarzadzenia-Dziekana\/Zarz\u0105dzenie-nr-10-2020.pdf\" class=\"mtli_attachment mtli_pdf\" data-mtli=\"mtli_filesize262,50kB\" class=\"mtli_attachment mtli_pdf\" data-mtli=\"mtli_filesize262,50kB\">Zarz\u0105dzenie nr 10-2020 &#8211; Komisja ds. Nagr\u00f3d Rektora 2020<\/a><\/p>\n<p><a href=\"https:\/\/us.edu.pl\/wydzial\/wpia\/wp-content\/uploads\/sites\/19\/Akty-prawa-wewnetrznego\/zarzadzenia-Dziekana\/Zarz\u0105dzenie-nr-9-2020.pdf\" class=\"mtli_attachment mtli_pdf\" data-mtli=\"mtli_filesize164,86kB\" class=\"mtli_attachment mtli_pdf\" data-mtli=\"mtli_filesize164,86kB\">Zarz\u0105dzenie nr 9-2020 &#8211; Komisja oceniaj\u0105ca wniosek o wszcz\u0119cie post\u0119powania nostyfikacyjnego\u00a0 <\/a><\/p>\n<p><a href=\"https:\/\/us.edu.pl\/wydzial\/wpia\/wp-content\/uploads\/sites\/19\/Akty-prawa-wewnetrznego\/zarzadzenia-Dziekana\/Zarz\u0105dzenie-nr-8-2020.doc\" class=\"mtli_attachment mtli_doc\" data-mtli=\"mtli_filesize31,50kB\" class=\"mtli_attachment mtli_doc\" data-mtli=\"mtli_filesize31,50kB\">Zarz\u0105dzenie nr 8-2020 &#8211; Komisja oceniaj\u0105ca wniosek o nostryfikacj\u0119 dyplomu <\/a><\/p>\n<p><a href=\"https:\/\/us.edu.pl\/wydzial\/wpia\/wp-content\/uploads\/sites\/19\/Akty-prawa-wewnetrznego\/zarzadzenia-Dziekana\/Zarz\u0105dzenie-nr-7-2020.pdf\" class=\"mtli_attachment mtli_pdf\" data-mtli=\"mtli_filesize294,57kB\" class=\"mtli_attachment mtli_pdf\" data-mtli=\"mtli_filesize294,57kB\">Zarz\u0105dzenie nr 7-2020 &#8211; Organizacja kszta\u0142cenia w okresie zagro\u017cenia epidemicznego<\/a><\/p>\n<p><a href=\"https:\/\/us.edu.pl\/wydzial\/wpia\/wp-content\/uploads\/sites\/19\/Akty-prawa-wewnetrznego\/zarzadzenia-Dziekana\/Zarz\u0105dznie-nr-6-2020.pdf\" class=\"mtli_attachment mtli_pdf\" data-mtli=\"mtli_filesize2,70MB\" class=\"mtli_attachment mtli_pdf\" data-mtli=\"mtli_filesize2,70MB\">Zarz\u0105dzenie nr 6-2020 &#8211; Przeprowadzanie egzamin\u00f3w lub zalicze\u0144 z wykorzystaniem metod i technik komunikacji na odleg\u0142o\u015b\u0107<\/a><\/p>\n<p><a href=\"https:\/\/us.edu.pl\/wydzial\/wpia\/wp-content\/uploads\/sites\/19\/Akty-prawa-wewnetrznego\/zarzadzenia-Dziekana\/Zarz\u0105dzanie-nr-5-2020-1.pdf\" class=\"mtli_attachment mtli_pdf\" data-mtli=\"mtli_filesize1,09MB\" class=\"mtli_attachment mtli_pdf\" data-mtli=\"mtli_filesize1,09MB\">Zarz\u0105dzenie nr 5-2020 &#8211; Realizacja zaj\u0119\u0107 z wykorzystaniem metod i technik kszta\u0142cenia na odleg\u0142o\u015b\u0107<\/a><\/p>\n<p><a href=\"https:\/\/us.edu.pl\/wydzial\/wpia\/wp-content\/uploads\/sites\/19\/Akty-prawa-wewnetrznego\/zarzadzenia-Dziekana\/Zarz\u0105dzenie-nr-4-2020-1.pdf\" class=\"mtli_attachment mtli_pdf\" data-mtli=\"mtli_filesize837,13kB\" class=\"mtli_attachment mtli_pdf\" data-mtli=\"mtli_filesize837,13kB\">Zarz\u0105dzenie nr 4-2020 &#8211; Realizacja zaj\u0119\u0107 z wykorzystaniem metod i technik kszta\u0142cenia na odleg\u0142o\u015b\u0107<\/a><\/p>\n<p><a href=\"https:\/\/us.edu.pl\/wydzial\/wpia\/wp-content\/uploads\/sites\/19\/Akty-prawa-wewnetrznego\/zarzadzenia-Dziekana\/Zarz\u0105dzenie-nr-3-2020.pdf\" class=\"mtli_attachment mtli_pdf\" data-mtli=\"mtli_filesize314,68kB\" class=\"mtli_attachment mtli_pdf\" data-mtli=\"mtli_filesize314,68kB\">Zarz\u0105dzenie nr 3-2020 &#8211; Organizacja kszta\u0142cenia w okresie zagro\u017cenia epidemiologicznego <\/a><\/p>\n<p><a href=\"https:\/\/us.edu.pl\/wydzial\/wpia\/wp-content\/uploads\/sites\/19\/Akty-prawa-wewnetrznego\/zarzadzenia-Dziekana\/Zarz\u0105dzenie-nr-2-2020.pdf\" class=\"mtli_attachment mtli_pdf\" data-mtli=\"mtli_filesize235,63kB\" class=\"mtli_attachment mtli_pdf\" data-mtli=\"mtli_filesize235,63kB\">Zarz\u0105dzenie nr 2-2020 &#8211; Sprawy organizacyjne w okresie zagro\u017cenia epidemiologicznego<\/a><\/p>\n<p><a href=\"https:\/\/us.edu.pl\/wydzial\/wpia\/wp-content\/uploads\/sites\/19\/Akty-prawa-wewnetrznego\/zarzadzenia-Dziekana\/Zarz\u0105dzenie-nr-1-2020-w-sprawie-organizacji-wydarze\u0144-przez-Ko\u0142a-Naukowe.pdf\" class=\"mtli_attachment mtli_pdf\" data-mtli=\"mtli_filesize850,38kB\" class=\"mtli_attachment mtli_pdf\" data-mtli=\"mtli_filesize850,38kB\">Zarz\u0105dzenie nr 1-2020 &#8211; Organizacja wydarze\u0144 przez Ko\u0142a Naukowe<\/a><\/p>\n<style type=\"text\/css\">a[data-mtli~=\"mtli_filesize2,24MB\"]:after {content:\" (2,24 MB)\"}a[data-mtli~=\"mtli_filesize375,51kB\"]:after {content:\" (375,51 kB)\"}a[data-mtli~=\"mtli_filesize437,52kB\"]:after {content:\" (437,52 kB)\"}a[data-mtli~=\"mtli_filesize696,67kB\"]:after {content:\" (696,67 kB)\"}a[data-mtli~=\"mtli_filesize593,49kB\"]:after {content:\" (593,49 kB)\"}a[data-mtli~=\"mtli_filesize262,50kB\"]:after {content:\" (262,50 kB)\"}a[data-mtli~=\"mtli_filesize164,86kB\"]:after {content:\" (164,86 kB)\"}a[data-mtli~=\"mtli_filesize31,50kB\"]:after {content:\" (31,50 kB)\"}a[data-mtli~=\"mtli_filesize294,57kB\"]:after {content:\" (294,57 kB)\"}a[data-mtli~=\"mtli_filesize2,70MB\"]:after {content:\" (2,70 MB)\"}a[data-mtli~=\"mtli_filesize1,09MB\"]:after {content:\" (1,09 MB)\"}a[data-mtli~=\"mtli_filesize837,13kB\"]:after {content:\" (837,13 kB)\"}a[data-mtli~=\"mtli_filesize314,68kB\"]:after {content:\" (314,68 kB)\"}a[data-mtli~=\"mtli_filesize235,63kB\"]:after {content:\" (235,63 kB)\"}a[data-mtli~=\"mtli_filesize850,38kB\"]:after {content:\" (850,38 kB)\"}<\/style><\/div>\r\n                    <\/div>\r\n                <\/div>[\/vc_column][\/vc_row]<\/p>\n<style type=\"text\/css\">a[data-mtli~=\"mtli_filesize2,24MB\"]:after {content:\" (2,24 MB)\"}a[data-mtli~=\"mtli_filesize375,51kB\"]:after {content:\" (375,51 kB)\"}a[data-mtli~=\"mtli_filesize437,52kB\"]:after {content:\" (437,52 kB)\"}a[data-mtli~=\"mtli_filesize696,67kB\"]:after {content:\" (696,67 kB)\"}a[data-mtli~=\"mtli_filesize593,49kB\"]:after {content:\" (593,49 kB)\"}a[data-mtli~=\"mtli_filesize262,50kB\"]:after {content:\" (262,50 kB)\"}a[data-mtli~=\"mtli_filesize164,86kB\"]:after {content:\" (164,86 kB)\"}a[data-mtli~=\"mtli_filesize31,50kB\"]:after {content:\" (31,50 kB)\"}a[data-mtli~=\"mtli_filesize294,57kB\"]:after {content:\" (294,57 kB)\"}a[data-mtli~=\"mtli_filesize2,70MB\"]:after {content:\" (2,70 MB)\"}a[data-mtli~=\"mtli_filesize1,09MB\"]:after {content:\" (1,09 MB)\"}a[data-mtli~=\"mtli_filesize837,13kB\"]:after {content:\" (837,13 kB)\"}a[data-mtli~=\"mtli_filesize314,68kB\"]:after {content:\" (314,68 kB)\"}a[data-mtli~=\"mtli_filesize235,63kB\"]:after {content:\" (235,63 kB)\"}a[data-mtli~=\"mtli_filesize850,38kB\"]:after {content:\" (850,38 kB)\"}<\/style>","protected":false},"excerpt":{"rendered":"<p>[vc_row][vc_column][\/vc_column][\/vc_row] [&#8230;]<\/p>\n<p><a class=\"btn btn-secondary understrap-read-more-link\" href=\"https:\/\/us.edu.pl\/wydzial\/wpia\/wydzial\/akty-prawa-wewnetrznego\/zarzadzenia-dziekana\/zarzadzenia-dziekana-2020\/\">Read More&#8230;<\/a><\/p>\n","protected":false},"author":108,"featured_media":0,"parent":3573,"menu_order":4,"comment_status":"closed","ping_status":"closed","template":"page-templates\/inner-page.php","meta":{"_expiration-date-status":"","_expiration-date":0,"_expiration-date-type":"","_expiration-date-categories":[],"_expiration-date-options":[]},"acf":[],"_links":{"self":[{"href":"https:\/\/us.edu.pl\/wydzial\/wpia\/wp-json\/wp\/v2\/pages\/5030"}],"collection":[{"href":"https:\/\/us.edu.pl\/wydzial\/wpia\/wp-json\/wp\/v2\/pages"}],"about":[{"href":"https:\/\/us.edu.pl\/wydzial\/wpia\/wp-json\/wp\/v2\/types\/page"}],"author":[{"embeddable":true,"href":"https:\/\/us.edu.pl\/wydzial\/wpia\/wp-json\/wp\/v2\/users\/108"}],"replies":[{"embeddable":true,"href":"https:\/\/us.edu.pl\/wydzial\/wpia\/wp-json\/wp\/v2\/comments?post=5030"}],"version-history":[{"count":10,"href":"https:\/\/us.edu.pl\/wydzial\/wpia\/wp-json\/wp\/v2\/pages\/5030\/revisions"}],"predecessor-version":[{"id":165563,"href":"https:\/\/us.edu.pl\/wydzial\/wpia\/wp-json\/wp\/v2\/pages\/5030\/revisions\/165563"}],"up":[{"embeddable":true,"href":"https:\/\/us.edu.pl\/wydzial\/wpia\/wp-json\/wp\/v2\/pages\/3573"}],"wp:attachment":[{"href":"https:\/\/us.edu.pl\/wydzial\/wpia\/wp-json\/wp\/v2\/media?parent=5030"}],"curies":[{"name":"wp","href":"https:\/\/api.w.org\/{rel}","templated":true}]}}