{"id":5032,"date":"2021-07-09T10:13:15","date_gmt":"2021-07-09T08:13:15","guid":{"rendered":"https:\/\/us.edu.pl\/wydzial\/wpia\/?page_id=5032"},"modified":"2023-09-06T08:40:10","modified_gmt":"2023-09-06T06:40:10","slug":"wczesniejsze-zarzadzenia-dziekana","status":"publish","type":"page","link":"https:\/\/us.edu.pl\/wydzial\/wpia\/wydzial\/akty-prawa-wewnetrznego\/zarzadzenia-dziekana\/wczesniejsze-zarzadzenia-dziekana\/","title":{"rendered":"Wcze\u015bniejsze Zarz\u0105dzenia Dziekana"},"content":{"rendered":"<p>[vc_row][vc_column]\r\n                <div class=\"text-modules\">\r\n                    <div class=\"container\">\r\n                        <h3 class=\"page-title text__title\">Wcze\u015bniejsze Zarz\u0105dzenia Dziekana<\/h3>\r\n                        <div class=\"text-modules__content\"><p><a href=\"https:\/\/us.edu.pl\/wydzial\/wpia\/wp-content\/uploads\/sites\/19\/Akty-prawa-wewnetrznego\/zarzadzenia-Dziekana\/Zarz\u0105dzenie-nr-1-w-sprawie-zasad-dofinansowania-publikacji.pdf\" class=\"mtli_attachment mtli_pdf\" data-mtli=\"mtli_filesize641,46kB\" class=\"mtli_attachment mtli_pdf\" data-mtli=\"mtli_filesize641,46kB\">Zarz\u0105dzenie nr 1-2019 &#8211; Zasady dofinansowania publikacji z dotacji projako\u015bciowej<\/a><\/p>\n<p><a href=\"https:\/\/us.edu.pl\/wydzial\/wpia\/wp-content\/uploads\/sites\/19\/Akty-prawa-wewnetrznego\/zarzadzenia-Dziekana\/Zarz\u0105dzenie-nr-2-liczebno\u015bci-grup-zaj\u0119ciowych.pdf\" class=\"mtli_attachment mtli_pdf\" data-mtli=\"mtli_filesize331,17kB\" class=\"mtli_attachment mtli_pdf\" data-mtli=\"mtli_filesize331,17kB\">Zarz\u0105dzenie nr 2-2019 &#8211; Liczebno\u015bci grup zaj\u0119ciowych<\/a><\/p>\n<p><a href=\"https:\/\/us.edu.pl\/wydzial\/wpia\/wp-content\/uploads\/sites\/19\/Akty-prawa-wewnetrznego\/zarzadzenia-Dziekana\/Zarz\u0105dzenie-nr-7-w-sprawie-zmiany-liczby-godzin-praktyk.pdf\" class=\"mtli_attachment mtli_pdf\" data-mtli=\"mtli_filesize308,38kB\" class=\"mtli_attachment mtli_pdf\" data-mtli=\"mtli_filesize308,38kB\">Zarz\u0105dzenie nr 7-2018 &#8211; Zmiana liczby godzin praktyk<\/a><\/p>\n<p><a href=\"https:\/\/us.edu.pl\/wydzial\/wpia\/wp-content\/uploads\/sites\/19\/Akty-prawa-wewnetrznego\/zarzadzenia-Dziekana\/Zarz\u0105dzenie-nr-6-komisja-Ma\u0142e-Granty.pdf\" class=\"mtli_attachment mtli_pdf\" data-mtli=\"mtli_filesize205,36kB\" class=\"mtli_attachment mtli_pdf\" data-mtli=\"mtli_filesize205,36kB\">Zarz\u0105dzenie nr 6-2017 &#8211; Komisja do oceny wniosk\u00f3w w programie Ma\u0142e Granty<\/a><\/p>\n<p><a href=\"https:\/\/us.edu.pl\/wydzial\/wpia\/wp-content\/uploads\/sites\/19\/Akty-prawa-wewnetrznego\/zarzadzenia-Dziekana\/Zarz\u0105dzenie-nr-5-komisja-Mobilno\u015b\u0107-Kadry.pdf\" class=\"mtli_attachment mtli_pdf\" data-mtli=\"mtli_filesize178,37kB\" class=\"mtli_attachment mtli_pdf\" data-mtli=\"mtli_filesize178,37kB\">Zarz\u0105dzenie nr 5-2017 &#8211; Komisja do oceny wniosk\u00f3w w programie Mobilno\u015b\u0107 Kadry<\/a><\/p>\n<p><a href=\"https:\/\/us.edu.pl\/wydzial\/wpia\/wp-content\/uploads\/sites\/19\/Akty-prawa-wewnetrznego\/zarzadzenia-Dziekana\/Zarz\u0105dzenie-nr-4-zmieniaj\u0105ce-zarz\u0105dzenie-nr-2-2017.pdf\" class=\"mtli_attachment mtli_pdf\" data-mtli=\"mtli_filesize483,76kB\" class=\"mtli_attachment mtli_pdf\" data-mtli=\"mtli_filesize483,76kB\">Zarz\u0105dzenie nr 4-2018 &#8211; Zmieniaj\u0105ce zarz\u0105dzenie nr 2-2017<\/a><\/p>\n<p><a href=\"https:\/\/us.edu.pl\/wydzial\/wpia\/wp-content\/uploads\/sites\/19\/Akty-prawa-wewnetrznego\/zarzadzenia-Dziekana\/Zarz\u0105dzenie-nr-4-zasady-wsp\u00f3\u0142dzia\u0142ania-z-ko\u0142ami..pdf\" class=\"mtli_attachment mtli_pdf\" data-mtli=\"mtli_filesize658,84kB\" class=\"mtli_attachment mtli_pdf\" data-mtli=\"mtli_filesize658,84kB\">Zarz\u0105dzenie nr 4-2017 &#8211; Wsp\u00f3\u0142praca k\u00f3\u0142 naukowych WPiA z liceami <\/a><\/p>\n<p><a href=\"https:\/\/us.edu.pl\/wydzial\/wpia\/wp-content\/uploads\/sites\/19\/Akty-prawa-wewnetrznego\/zarzadzenia-Dziekana\/Zarz\u0105dzenie-nr-3-reorganizacja-grup-zaj\u0119ciowych..pdf\" class=\"mtli_attachment mtli_pdf\" data-mtli=\"mtli_filesize189,96kB\" class=\"mtli_attachment mtli_pdf\" data-mtli=\"mtli_filesize189,96kB\">Zarz\u0105dzenie nr 3-2017 &#8211; Reorganizacja grup zaj\u0119ciowych.<\/a><\/p>\n<p><a href=\"https:\/\/us.edu.pl\/wydzial\/wpia\/wp-content\/uploads\/sites\/19\/Akty-prawa-wewnetrznego\/zarzadzenia-Dziekana\/Zarz\u0105dzenie-nr-3-w-sprawie-reorganizacji-grup-zaj\u0119ciowych.pdf\" class=\"mtli_attachment mtli_pdf\" data-mtli=\"mtli_filesize234,15kB\" class=\"mtli_attachment mtli_pdf\" data-mtli=\"mtli_filesize234,15kB\">Zarz\u0105dzenie nr 3-2018 &#8211; Reorganozacja grup zaj\u0119ciowych<\/a><\/p>\n<p><a href=\"https:\/\/us.edu.pl\/wydzial\/wpia\/wp-content\/uploads\/sites\/19\/Akty-prawa-wewnetrznego\/zarzadzenia-Dziekana\/Zarz\u0105dzenie-nr-2-w-sprawie-dodatkowego-wynagrodzenia.pdf\" class=\"mtli_attachment mtli_pdf\" data-mtli=\"mtli_filesize1,23MB\" class=\"mtli_attachment mtli_pdf\" data-mtli=\"mtli_filesize1,23MB\">Zarz\u0105dzenie nr 2-2018 &#8211; Dodatkowe wynagrodzenie dla pracownik\u00f3w WPiA<\/a><\/p>\n<p><a href=\"https:\/\/us.edu.pl\/wydzial\/wpia\/wp-content\/uploads\/sites\/19\/Akty-prawa-wewnetrznego\/zarzadzenia-Dziekana\/Zarz\u0105dzenie-nr-1-regulamin-obrad-komisji.doc\" class=\"mtli_attachment mtli_doc\" data-mtli=\"mtli_filesize60,00kB\" class=\"mtli_attachment mtli_doc\" data-mtli=\"mtli_filesize60,00kB\">Zarz\u0105dzenie nr 1-2016 &#8211; Regulamin obrad Komisji Rady Wydzia\u0142u Prawa i Administracji<\/a><\/p>\n<p><a href=\"https:\/\/us.edu.pl\/wydzial\/wpia\/wp-content\/uploads\/sites\/19\/Akty-prawa-wewnetrznego\/zarzadzenia-Dziekana\/Zarz\u0105dzenie-nr-1-liczebno\u015bci-grup-zaj\u0119ciowych.-1.pdf\" class=\"mtli_attachment mtli_pdf\" data-mtli=\"mtli_filesize298,62kB\" class=\"mtli_attachment mtli_pdf\" data-mtli=\"mtli_filesize298,62kB\">Zarz\u0105dzenie nr 1-2017 &#8211; Liczebno\u015bci grup zaj\u0119ciowych<\/a><\/p>\n<p><a href=\"https:\/\/us.edu.pl\/wydzial\/wpia\/wp-content\/uploads\/sites\/19\/Akty-prawa-wewnetrznego\/zarzadzenia-Dziekana\/Zarz\u0105dzenie-nr-1-zmieniaj\u0105ce-zarz\u0105dzenie-w-sprawie-obowi\u0105zk\u00f3w-pracownik\u00f3w-WPiA-U\u015a-w-zwi\u0105zku-z-prowadzeniem-zaj\u0119\u0107-dydaktycznych.pdf\" class=\"mtli_attachment mtli_pdf\" data-mtli=\"mtli_filesize182,73kB\" class=\"mtli_attachment mtli_pdf\" data-mtli=\"mtli_filesize182,73kB\">Zarz\u0105dzenie nr 1-2016 &#8211; Obowi\u0105zki pracownik\u00f3w WPiA U\u015a w zwi\u0105zku z prowadzeniem zaj\u0119\u0107 dydaktycznych<\/a><\/p>\n<p><a href=\"https:\/\/us.edu.pl\/wydzial\/wpia\/wp-content\/uploads\/sites\/19\/Akty-prawa-wewnetrznego\/zarzadzenia-Dziekana\/Zarz\u0105dzenie-nr-2-w-sprawie-powtarzania-przedmiot\u00f3w-modu\u0142\u00f3w.pdf\" class=\"mtli_attachment mtli_pdf\" data-mtli=\"mtli_filesize313,63kB\" class=\"mtli_attachment mtli_pdf\" data-mtli=\"mtli_filesize313,63kB\">Zarz\u0105dzenie nr 2-2014 &#8211; Powtarzania przedmiot\u00f3w (modu\u0142\u00f3w)<\/a><\/p>\n<p><a href=\"https:\/\/us.edu.pl\/wydzial\/wpia\/wp-content\/uploads\/sites\/19\/Akty-prawa-wewnetrznego\/zarzadzenia-Dziekana\/Zarz\u0105dzenie-nr-1-w-sprawie-zasad-sporz\u0105dzania-protoko\u0142\u00f3w-z-posiedze\u0144-komisji-powo\u0142anych-do-przeprowadzenia-przewodu-doktorskiego.pdf\" class=\"mtli_attachment mtli_pdf\" data-mtli=\"mtli_filesize190,08kB\" class=\"mtli_attachment mtli_pdf\" data-mtli=\"mtli_filesize190,08kB\">Zarz\u0105dzenie nr 1-2014 &#8211; Zasady sporz\u0105dzania protoko\u0142\u00f3w z posiedze\u0144 komisji powo\u0142anych w przewodach doktorskich<\/a><\/p>\n<p><a href=\"https:\/\/us.edu.pl\/wydzial\/wpia\/wp-content\/uploads\/sites\/19\/Akty-prawa-wewnetrznego\/zarzadzenia-Dziekana\/Zarz\u0105dzenie-nr-2-w-sprawie-obowi\u0105zk\u00f3w-pracownik\u00f3w-WPiA-U\u015a-w-zwi\u0105zku-z-prowadzeniem-zaj\u0119\u0107-dydaktycznych.pdf\" class=\"mtli_attachment mtli_pdf\" data-mtli=\"mtli_filesize1,78MB\" class=\"mtli_attachment mtli_pdf\" data-mtli=\"mtli_filesize1,78MB\">Zarz\u0105dzenie nr 2-2013 &#8211; Obowi\u0105zki pracownik\u00f3w WPiA U\u015a w zwi\u0105zku z prowadzeniem zaj\u0119\u0107 dydaktycznych<\/a><\/p>\n<p><a href=\"https:\/\/us.edu.pl\/wydzial\/wpia\/wp-content\/uploads\/sites\/19\/Akty-prawa-wewnetrznego\/zarzadzenia-Dziekana\/Zarz\u0105dzenie-nr-1-dotycz\u0105ce-liczebno\u015bci-grup-na-wyk\u0142adach-monograficznych.pdf\" class=\"mtli_attachment mtli_pdf\" data-mtli=\"mtli_filesize136,34kB\" class=\"mtli_attachment mtli_pdf\" data-mtli=\"mtli_filesize136,34kB\">Zarz\u0105dzenie nr 1-2013 &#8211; Liczebno\u015bci grup na wyk\u0142adach monograficznych<\/a><\/p>\n<style type=\"text\/css\">a[data-mtli~=\"mtli_filesize641,46kB\"]:after {content:\" (641,46 kB)\"}a[data-mtli~=\"mtli_filesize331,17kB\"]:after {content:\" (331,17 kB)\"}a[data-mtli~=\"mtli_filesize308,38kB\"]:after {content:\" (308,38 kB)\"}a[data-mtli~=\"mtli_filesize205,36kB\"]:after {content:\" (205,36 kB)\"}a[data-mtli~=\"mtli_filesize178,37kB\"]:after {content:\" (178,37 kB)\"}a[data-mtli~=\"mtli_filesize483,76kB\"]:after {content:\" (483,76 kB)\"}a[data-mtli~=\"mtli_filesize658,84kB\"]:after {content:\" (658,84 kB)\"}a[data-mtli~=\"mtli_filesize189,96kB\"]:after {content:\" (189,96 kB)\"}a[data-mtli~=\"mtli_filesize234,15kB\"]:after {content:\" (234,15 kB)\"}a[data-mtli~=\"mtli_filesize1,23MB\"]:after {content:\" (1,23 MB)\"}a[data-mtli~=\"mtli_filesize60,00kB\"]:after {content:\" (60,00 kB)\"}a[data-mtli~=\"mtli_filesize298,62kB\"]:after {content:\" (298,62 kB)\"}a[data-mtli~=\"mtli_filesize182,73kB\"]:after {content:\" (182,73 kB)\"}a[data-mtli~=\"mtli_filesize313,63kB\"]:after {content:\" (313,63 kB)\"}a[data-mtli~=\"mtli_filesize190,08kB\"]:after {content:\" (190,08 kB)\"}a[data-mtli~=\"mtli_filesize1,78MB\"]:after {content:\" (1,78 MB)\"}a[data-mtli~=\"mtli_filesize136,34kB\"]:after {content:\" (136,34 kB)\"}<\/style><\/div>\r\n                    <\/div>\r\n                <\/div>[\/vc_column][\/vc_row]<\/p>\n<style type=\"text\/css\">a[data-mtli~=\"mtli_filesize641,46kB\"]:after {content:\" (641,46 kB)\"}a[data-mtli~=\"mtli_filesize331,17kB\"]:after {content:\" (331,17 kB)\"}a[data-mtli~=\"mtli_filesize308,38kB\"]:after {content:\" (308,38 kB)\"}a[data-mtli~=\"mtli_filesize205,36kB\"]:after {content:\" (205,36 kB)\"}a[data-mtli~=\"mtli_filesize178,37kB\"]:after {content:\" (178,37 kB)\"}a[data-mtli~=\"mtli_filesize483,76kB\"]:after {content:\" (483,76 kB)\"}a[data-mtli~=\"mtli_filesize658,84kB\"]:after {content:\" (658,84 kB)\"}a[data-mtli~=\"mtli_filesize189,96kB\"]:after {content:\" (189,96 kB)\"}a[data-mtli~=\"mtli_filesize234,15kB\"]:after {content:\" (234,15 kB)\"}a[data-mtli~=\"mtli_filesize1,23MB\"]:after {content:\" (1,23 MB)\"}a[data-mtli~=\"mtli_filesize60,00kB\"]:after {content:\" (60,00 kB)\"}a[data-mtli~=\"mtli_filesize298,62kB\"]:after {content:\" (298,62 kB)\"}a[data-mtli~=\"mtli_filesize182,73kB\"]:after {content:\" (182,73 kB)\"}a[data-mtli~=\"mtli_filesize313,63kB\"]:after {content:\" (313,63 kB)\"}a[data-mtli~=\"mtli_filesize190,08kB\"]:after {content:\" (190,08 kB)\"}a[data-mtli~=\"mtli_filesize1,78MB\"]:after {content:\" (1,78 MB)\"}a[data-mtli~=\"mtli_filesize136,34kB\"]:after {content:\" (136,34 kB)\"}<\/style>","protected":false},"excerpt":{"rendered":"<p>[vc_row][vc_column][\/vc_column][\/vc_row] [&#8230;]<\/p>\n<p><a class=\"btn btn-secondary understrap-read-more-link\" href=\"https:\/\/us.edu.pl\/wydzial\/wpia\/wydzial\/akty-prawa-wewnetrznego\/zarzadzenia-dziekana\/wczesniejsze-zarzadzenia-dziekana\/\">Read More&#8230;<\/a><\/p>\n","protected":false},"author":108,"featured_media":0,"parent":3573,"menu_order":5,"comment_status":"closed","ping_status":"closed","template":"page-templates\/inner-page.php","meta":{"_expiration-date-status":"","_expiration-date":0,"_expiration-date-type":"","_expiration-date-categories":[],"_expiration-date-options":[]},"acf":[],"_links":{"self":[{"href":"https:\/\/us.edu.pl\/wydzial\/wpia\/wp-json\/wp\/v2\/pages\/5032"}],"collection":[{"href":"https:\/\/us.edu.pl\/wydzial\/wpia\/wp-json\/wp\/v2\/pages"}],"about":[{"href":"https:\/\/us.edu.pl\/wydzial\/wpia\/wp-json\/wp\/v2\/types\/page"}],"author":[{"embeddable":true,"href":"https:\/\/us.edu.pl\/wydzial\/wpia\/wp-json\/wp\/v2\/users\/108"}],"replies":[{"embeddable":true,"href":"https:\/\/us.edu.pl\/wydzial\/wpia\/wp-json\/wp\/v2\/comments?post=5032"}],"version-history":[{"count":5,"href":"https:\/\/us.edu.pl\/wydzial\/wpia\/wp-json\/wp\/v2\/pages\/5032\/revisions"}],"predecessor-version":[{"id":5080,"href":"https:\/\/us.edu.pl\/wydzial\/wpia\/wp-json\/wp\/v2\/pages\/5032\/revisions\/5080"}],"up":[{"embeddable":true,"href":"https:\/\/us.edu.pl\/wydzial\/wpia\/wp-json\/wp\/v2\/pages\/3573"}],"wp:attachment":[{"href":"https:\/\/us.edu.pl\/wydzial\/wpia\/wp-json\/wp\/v2\/media?parent=5032"}],"curies":[{"name":"wp","href":"https:\/\/api.w.org\/{rel}","templated":true}]}}