{"id":5259,"date":"2021-08-18T13:28:17","date_gmt":"2021-08-18T11:28:17","guid":{"rendered":"https:\/\/us.edu.pl\/wydzial\/wpia\/?page_id=5259"},"modified":"2026-04-22T11:34:21","modified_gmt":"2026-04-22T09:34:21","slug":"harmonogram-zajec","status":"publish","type":"page","link":"https:\/\/us.edu.pl\/wydzial\/wpia\/student\/harmonogramy\/harmonogram-zajec\/","title":{"rendered":"Harmonogram zaj\u0119\u0107"},"content":{"rendered":"<p>[vc_row][vc_column]\r\n                <div class=\"text-modules\">\r\n                    <div class=\"container\">\r\n                        <h3 class=\"page-title text__title\">Harmonogram zaj\u0119\u0107 w roku akademickim 2025\/2026<\/h3>\r\n                        <div class=\"text-modules__content\"><\/div>\r\n                    <\/div>\r\n                <\/div>[\/vc_column][\/vc_row][vc_row content_placement=&#8221;middle&#8221;][vc_column][vc_tta_tabs style=&#8221;modern&#8221; color=&#8221;blue&#8221; spacing=&#8221;10&#8243; gap=&#8221;3&#8243; alignment=&#8221;center&#8221; active_section=&#8221;1&#8243; pagination_style=&#8221;flat-rounded&#8221; pagination_color=&#8221;sky&#8221; css_animation=&#8221;fadeIn&#8221;][vc_tta_section i_position=&#8221;right&#8221; i_icon_fontawesome=&#8221;fa fa-balance-scale&#8221; add_icon=&#8221;true&#8221; title=&#8221;Prawo&#8221; tab_id=&#8221;1676361607257-61f598e0-4de9&#8243;][vc_btn title=&#8221;Stacjonarne&#8221; color=&#8221;primary&#8221; size=&#8221;lg&#8221; align=&#8221;center&#8221; link=&#8221;url:https%3A%2F%2Fus.edu.pl%2Fwydzial%2Fwpia%2Fstudent%2Fharmonogramy%2Fharmonogram-zajec%2Fprawo-stacjonarne%2F&#8221;][vc_btn title=&#8221;Niestacjonarne&#8221; color=&#8221;primary&#8221; size=&#8221;lg&#8221; align=&#8221;center&#8221; link=&#8221;url:https%3A%2F%2Fus.edu.pl%2Fwydzial%2Fwpia%2Fstudent%2Fharmonogramy%2Fharmonogram-zajec%2Fprawo-niestacjonarne%2F&#8221;][vc_btn title=&#8221;Erasmus&#8221; color=&#8221;primary&#8221; size=&#8221;lg&#8221; align=&#8221;center&#8221; link=&#8221;url:https%3A%2F%2Fus.edu.pl%2Fwydzial%2Fwpia%2Fwp-content%2Fuploads%2Fsites%2F19%2FHarmonogramy%2FPrawo%2FErasmus%2F2526%2FSchedule-Erasmus-summer-2025-2026.pdf&#8221;][\/vc_tta_section][vc_tta_section i_position=&#8221;right&#8221; i_type=&#8221;material&#8221; i_icon_material=&#8221;vc-material vc-material-account_balance&#8221; add_icon=&#8221;true&#8221; title=&#8221;Administracja&#8221; tab_id=&#8221;1676361607300-75f04ddc-f4b6&#8243;][vc_btn title=&#8221;Stacjonarne&#8221; color=&#8221;primary&#8221; size=&#8221;lg&#8221; align=&#8221;center&#8221; link=&#8221;url:https%3A%2F%2Fus.edu.pl%2Fwydzial%2Fwpia%2Fstudent%2Fharmonogramy%2Fharmonogram-zajec%2Fadministracja-stacjonarna%2F&#8221;][vc_btn title=&#8221;Niestacjonarne&#8221; color=&#8221;primary&#8221; size=&#8221;lg&#8221; align=&#8221;center&#8221; custom_onclick=&#8221;true&#8221; link=&#8221;url:https%3A%2F%2Fus.edu.pl%2Fwydzial%2Fwpia%2Fstudent%2Fharmonogramy%2Fharmonogram-zajec%2Fadministracja-niestacjonarna%2F&#8221;][\/vc_tta_section][vc_tta_section i_position=&#8221;right&#8221; i_icon_fontawesome=&#8221;fa fa-briefcase&#8221; add_icon=&#8221;true&#8221; title=&#8221;Przedsi\u0119biorczo\u015b\u0107&#8221; tab_id=&#8221;1676361607334-9cedeaeb-f41c&#8221;][vc_btn title=&#8221;Stacjonarne&#8221; color=&#8221;primary&#8221; size=&#8221;lg&#8221; align=&#8221;center&#8221; link=&#8221;url:https%3A%2F%2Fus.edu.pl%2Fwydzial%2Fwpia%2Fstudent%2Fharmonogramy%2Fharmonogram-zajec%2Fprzedsiebiorczosc-stacjonarna%2F&#8221;][\/vc_tta_section][vc_tta_section i_position=&#8221;right&#8221; i_icon_fontawesome=&#8221;fas fa-calculator&#8221; add_icon=&#8221;true&#8221; title=&#8221;Prawo w biznesie&#8221; tab_id=&#8221;1725880162606-34770e11-ba76&#8243;][vc_btn title=&#8221;Stacjonarne&#8221; color=&#8221;primary&#8221; size=&#8221;lg&#8221; align=&#8221;center&#8221; link=&#8221;url:https%3A%2F%2Fus.edu.pl%2Fwydzial%2Fwpia%2Fstudent%2Fharmonogramy%2Fharmonogram-zajec%2Fprawo-w-biznesie%2F&#8221;][\/vc_tta_section][vc_tta_section i_position=&#8221;right&#8221; i_type=&#8221;entypo&#8221; i_icon_entypo=&#8221;entypo-icon entypo-icon-graduation-cap&#8221; add_icon=&#8221;true&#8221; title=&#8221;International Business Law and Arbitration&#8221; tab_id=&#8221;1676361607351-6c590fdf-cd0c&#8221;][vc_btn title=&#8221;Stacjonarne&#8221; color=&#8221;primary&#8221; size=&#8221;lg&#8221; align=&#8221;center&#8221; link=&#8221;url:https%3A%2F%2Fus.edu.pl%2Fwydzial%2Fwpia%2Fstudent%2Fharmonogramy%2Fharmonogram-zajec%2Finternational-business-and-law-administration-stacjonarne%2F&#8221;][\/vc_tta_section][vc_tta_section i_position=&#8221;right&#8221; i_icon_fontawesome=&#8221;fa fa-envira&#8221; add_icon=&#8221;true&#8221; title=&#8221;Administrowanie \u015brodowiskiem&#8221; tab_id=&#8221;1676361607374-db65c082-250a&#8221;][vc_btn title=&#8221;Stacjonarne&#8221; color=&#8221;primary&#8221; size=&#8221;lg&#8221; align=&#8221;center&#8221; link=&#8221;url:https%3A%2F%2Fus.edu.pl%2Fwydzial%2Fwpia%2Fstudent%2Fharmonogramy%2Fharmonogram-zajec%2Fadministrowanie-srodowiskiem-stacjonarne%2F&#8221;][\/vc_tta_section][\/vc_tta_tabs][\/vc_column][\/vc_row][vc_row][vc_column width=&#8221;1\/3&#8243;][\/vc_column][vc_column width=&#8221;1\/3&#8243;][vc_btn title=&#8221;Linki i kody do zaj\u0119\u0107 zdalnych&#8221; color=&#8221;primary&#8221; size=&#8221;lg&#8221; i_icon_fontawesome=&#8221;fas fa-chalkboard-teacher&#8221; add_icon=&#8221;true&#8221; link=&#8221;url:https%3A%2F%2Fus.edu.pl%2Fwydzial%2Fwpia%2Fwp-content%2Fuploads%2Fsites%2F19%2FHarmonogramy%2Flinki%2FZajecia-zdalne-lato-25_26-linki_kody-6.xlsx&#8221;][vc_btn title=&#8221;Terminy zjazd\u00f3w&#8221; color=&#8221;turquoise&#8221; size=&#8221;lg&#8221; align=&#8221;center&#8221; link=&#8221;url:https%3A%2F%2Fus.edu.pl%2Fwydzial%2Fwpia%2Fwp-content%2Fuploads%2Fsites%2F19%2FHarmonogramy%2Flinki%2Fterminy-zjazdow-25_26.pdf&#8221;][\/vc_column][vc_column width=&#8221;1\/3&#8243;][\/vc_column][\/vc_row][vc_row disable_element=&#8221;yes&#8221;][vc_column]\r\n                <div class=\"text-modules\">\r\n                    <div class=\"container\">\r\n                        <h3 class=\"page-title text__title\">Harmonogram zaj\u0119\u0107 semestr letni 2022\/2023<\/h3>\r\n                        <div class=\"text-modules__content\"><\/div>\r\n                    <\/div>\r\n                <\/div>[\/vc_column][\/vc_row][vc_row content_placement=&#8221;middle&#8221; disable_element=&#8221;yes&#8221;][vc_column][vc_tta_tabs style=&#8221;modern&#8221; color=&#8221;blue&#8221; spacing=&#8221;10&#8243; gap=&#8221;3&#8243; alignment=&#8221;center&#8221; active_section=&#8221;1&#8243; pagination_style=&#8221;flat-rounded&#8221; pagination_color=&#8221;sky&#8221; css_animation=&#8221;fadeIn&#8221;][vc_tta_section i_position=&#8221;right&#8221; i_icon_fontawesome=&#8221;fa fa-balance-scale&#8221; add_icon=&#8221;true&#8221; title=&#8221;Prawo&#8221; tab_id=&#8221;1629288916071-158a07b9-0405&#8243;][vc_btn title=&#8221;Stacjonarne&#8221; color=&#8221;primary&#8221; size=&#8221;lg&#8221; align=&#8221;center&#8221; link=&#8221;url:https%3A%2F%2Fus.edu.pl%2Fwydzial%2Fwpia%2Fharmonogram-zajec%2Fprawo-stacjonarne-semestr-letni-2022-2023%2F&#8221;][vc_btn title=&#8221;Niestacjonarne&#8221; color=&#8221;primary&#8221; size=&#8221;lg&#8221; align=&#8221;center&#8221; link=&#8221;url:https%3A%2F%2Fus.edu.pl%2Fwydzial%2Fwpia%2Fharmonogram-zajec%2Fprawo-niestacjonarne-semestr-letni-2022-2023%2F&#8221;][vc_btn title=&#8221;Erasmus&#8221; color=&#8221;primary&#8221; size=&#8221;lg&#8221; align=&#8221;center&#8221; link=&#8221;url:https%3A%2F%2Fus.edu.pl%2Fwydzial%2Fwpia%2Fwp-content%2Fuploads%2Fsites%2F19%2FHarmonogramy%2FPrawo%2FErasmus%2FSL-2223%2FERASMUS-2.xlsx&#8221;][\/vc_tta_section][vc_tta_section i_position=&#8221;right&#8221; i_type=&#8221;material&#8221; i_icon_material=&#8221;vc-material vc-material-account_balance&#8221; add_icon=&#8221;true&#8221; title=&#8221;Administracja&#8221; tab_id=&#8221;1629288916083-01566bfe-557f&#8221;][vc_btn title=&#8221;Stacjonarne&#8221; color=&#8221;primary&#8221; size=&#8221;lg&#8221; align=&#8221;center&#8221; link=&#8221;url:https%3A%2F%2Fus.edu.pl%2Fwydzial%2Fwpia%2Fharmonogram-zajec%2Fadministracja-stacjonarna-semestr-letni-2022-2023%2F&#8221;][vc_btn title=&#8221;Niestacjonarne&#8221; color=&#8221;primary&#8221; size=&#8221;lg&#8221; align=&#8221;center&#8221; custom_onclick=&#8221;true&#8221; link=&#8221;url:https%3A%2F%2Fus.edu.pl%2Fwydzial%2Fwpia%2Fharmonogram-zajec%2Fadministracja-niestacjonarna-semestr-letni-2022-2023%2F&#8221;][\/vc_tta_section][vc_tta_section i_position=&#8221;right&#8221; i_icon_fontawesome=&#8221;fa fa-briefcase&#8221; add_icon=&#8221;true&#8221; title=&#8221;Przedsi\u0119biorczo\u015b\u0107&#8221; tab_id=&#8221;1629288938718-2cb71622-c3c5&#8243;][vc_btn title=&#8221;Stacjonarne&#8221; color=&#8221;primary&#8221; size=&#8221;lg&#8221; align=&#8221;center&#8221; link=&#8221;url:https%3A%2F%2Fus.edu.pl%2Fwydzial%2Fwpia%2Fharmonogram-zajec%2Fprzedsiebiorczosc-stacjonarna-semestr-letni-2022-2023%2F&#8221;][\/vc_tta_section][vc_tta_section i_position=&#8221;right&#8221; i_type=&#8221;entypo&#8221; i_icon_entypo=&#8221;entypo-icon entypo-icon-graduation-cap&#8221; add_icon=&#8221;true&#8221; title=&#8221;International Business Law and Arbitration&#8221; tab_id=&#8221;1629288988237-f09869e5-866f&#8221;][vc_btn title=&#8221;Stacjonarne&#8221; color=&#8221;primary&#8221; size=&#8221;lg&#8221; align=&#8221;center&#8221; link=&#8221;url:https%3A%2F%2Fus.edu.pl%2Fwydzial%2Fwpia%2Fharmonogram-zajec%2Finternational-business-and-law-administration-stacjonarne-semestr-letni-2022-2023%2F&#8221;][\/vc_tta_section][vc_tta_section i_position=&#8221;right&#8221; i_icon_fontawesome=&#8221;fa fa-envira&#8221; add_icon=&#8221;true&#8221; title=&#8221;Administrowanie \u015brodowiskiem&#8221; tab_id=&#8221;1629454070623-577c2364-ac07&#8243;][vc_btn title=&#8221;Stacjonarne&#8221; color=&#8221;primary&#8221; size=&#8221;lg&#8221; align=&#8221;center&#8221; link=&#8221;url:https%3A%2F%2Fus.edu.pl%2Fwydzial%2Fwpia%2Fwp-content%2Fuploads%2Fsites%2F19%2FHarmonogramy%2FAdministrowanie-srodowiskiem%2FSL-2223%2FI-rok-Administrowanie-s%CC%81rodowiskiem.-1.xlsx&#8221;][\/vc_tta_section][\/vc_tta_tabs][\/vc_column][\/vc_row][vc_row disable_element=&#8221;yes&#8221;][vc_column width=&#8221;1\/3&#8243;][\/vc_column][vc_column width=&#8221;1\/3&#8243;][\/vc_column][vc_column width=&#8221;1\/3&#8243;][vc_btn title=&#8221;Powr\u00f3t&#8221; color=&#8221;sky&#8221; align=&#8221;right&#8221; i_align=&#8221;right&#8221; i_icon_fontawesome=&#8221;fa fa-arrow-left&#8221; add_icon=&#8221;true&#8221; link=&#8221;url:https%3A%2F%2Fus.edu.pl%2Fwydzial%2Fwpia%2F|||&#8221;][\/vc_column][\/vc_row][vc_row disable_element=&#8221;yes&#8221;][vc_column width=&#8221;1\/4&#8243;][\/vc_column][vc_column width=&#8221;1\/2&#8243;][vc_btn title=&#8221;Linki i kody do zaj\u0119\u0107 zdalnych w semestrze zimowym 23\/24&#8243; color=&#8221;primary&#8221; size=&#8221;lg&#8221; align=&#8221;center&#8221; link=&#8221;url:%20https%3A%2F%2Fus.edu.pl%2Fwydzial%2Fwpia%2Fwp-content%2Fuploads%2Fsites%2F19%2FHarmonogramy%2FLinki-i-kody-do-zajec-zdalnych-w-semestrze-zimowym-23_24.xlsx&#8221;][vc_btn title=&#8221;Terminy zjazd\u00f3w w roku akad. 23\/24&#8243; color=&#8221;primary&#8221; align=&#8221;center&#8221; link=&#8221;url:https%3A%2F%2Fus.edu.pl%2Fwydzial%2Fwpia%2Fwp-content%2Fuploads%2Fsites%2F19%2FHarmonogramy%2FTerminy-zjazdow-w-roku-akad.-23_24.pdf&#8221;][\/vc_column][vc_column width=&#8221;1\/4&#8243;][\/vc_column][\/vc_row][vc_column][\/vc_column]<\/p>","protected":false},"excerpt":{"rendered":"<p>[vc_row][vc_column][\/vc_column][\/vc_row][vc_row content_placement=&#8221;middle&#8221;][vc_column][vc_tta_tabs style=&#8221;modern&#8221; color=&#8221;blue&#8221; spacing=&#8221;10&#8243; gap=&#8221;3&#8243; alignment=&#8221;center&#8221; active_section=&#8221;1&#8243; pagination_style=&#8221;flat-rounded&#8221; pagination_color=&#8221;sky&#8221; css_animation=&#8221;fadeIn&#8221;][vc_tta_section i_position=&#8221;right&#8221; i_icon_fontawesome=&#8221;fa fa-balance-scale&#8221; add_icon=&#8221;true&#8221; title=&#8221;Prawo&#8221; tab_id=&#8221;1676361607257-61f598e0-4de9&#8243;][vc_btn title=&#8221;Stacjonarne&#8221; color=&#8221;primary&#8221; size=&#8221;lg&#8221; align=&#8221;center&#8221; link=&#8221;url:https%3A%2F%2Fus.edu.pl%2Fwydzial%2Fwpia%2Fstudent%2Fharmonogramy%2Fharmonogram-zajec%2Fprawo-stacjonarne%2F&#8221;][vc_btn title=&#8221;Niestacjonarne&#8221; color=&#8221;primary&#8221; size=&#8221;lg&#8221; align=&#8221;center&#8221; link=&#8221;url:https%3A%2F%2Fus.edu.pl%2Fwydzial%2Fwpia%2Fstudent%2Fharmonogramy%2Fharmonogram-zajec%2Fprawo-niestacjonarne%2F&#8221;][vc_btn title=&#8221;Erasmus&#8221; color=&#8221;primary&#8221; size=&#8221;lg&#8221; align=&#8221;center&#8221; link=&#8221;url:https%3A%2F%2Fus.edu.pl%2Fwydzial%2Fwpia%2Fwp-content%2Fuploads%2Fsites%2F19%2FHarmonogramy%2FPrawo%2FErasmus%2F2526%2FSchedule-Erasmus-summer-2025-2026.pdf&#8221;][\/vc_tta_section][vc_tta_section i_position=&#8221;right&#8221; i_type=&#8221;material&#8221; i_icon_material=&#8221;vc-material vc-material-account_balance&#8221; add_icon=&#8221;true&#8221; title=&#8221;Administracja&#8221; tab_id=&#8221;1676361607300-75f04ddc-f4b6&#8243;][vc_btn title=&#8221;Stacjonarne&#8221; color=&#8221;primary&#8221; size=&#8221;lg&#8221; align=&#8221;center&#8221; link=&#8221;url:https%3A%2F%2Fus.edu.pl%2Fwydzial%2Fwpia%2Fstudent%2Fharmonogramy%2Fharmonogram-zajec%2Fadministracja-stacjonarna%2F&#8221;][vc_btn title=&#8221;Niestacjonarne&#8221; color=&#8221;primary&#8221; size=&#8221;lg&#8221; align=&#8221;center&#8221; custom_onclick=&#8221;true&#8221; link=&#8221;url:https%3A%2F%2Fus.edu.pl%2Fwydzial%2Fwpia%2Fstudent%2Fharmonogramy%2Fharmonogram-zajec%2Fadministracja-niestacjonarna%2F&#8221;][\/vc_tta_section][vc_tta_section i_position=&#8221;right&#8221; i_icon_fontawesome=&#8221;fa fa-briefcase&#8221; add_icon=&#8221;true&#8221; title=&#8221;Przedsi\u0119biorczo\u015b\u0107&#8221; [&#8230;]<\/p>\n<p><a class=\"btn btn-secondary understrap-read-more-link\" href=\"https:\/\/us.edu.pl\/wydzial\/wpia\/student\/harmonogramy\/harmonogram-zajec\/\">Read More&#8230;<\/a><\/p>\n","protected":false},"author":3414,"featured_media":0,"parent":347,"menu_order":0,"comment_status":"closed","ping_status":"closed","template":"page-templates\/inner-page.php","meta":{"_expiration-date-status":"","_expiration-date":0,"_expiration-date-type":"","_expiration-date-categories":[],"_expiration-date-options":[]},"acf":[],"_links":{"self":[{"href":"https:\/\/us.edu.pl\/wydzial\/wpia\/wp-json\/wp\/v2\/pages\/5259"}],"collection":[{"href":"https:\/\/us.edu.pl\/wydzial\/wpia\/wp-json\/wp\/v2\/pages"}],"about":[{"href":"https:\/\/us.edu.pl\/wydzial\/wpia\/wp-json\/wp\/v2\/types\/page"}],"author":[{"embeddable":true,"href":"https:\/\/us.edu.pl\/wydzial\/wpia\/wp-json\/wp\/v2\/users\/3414"}],"replies":[{"embeddable":true,"href":"https:\/\/us.edu.pl\/wydzial\/wpia\/wp-json\/wp\/v2\/comments?post=5259"}],"version-history":[{"count":12,"href":"https:\/\/us.edu.pl\/wydzial\/wpia\/wp-json\/wp\/v2\/pages\/5259\/revisions"}],"predecessor-version":[{"id":197543,"href":"https:\/\/us.edu.pl\/wydzial\/wpia\/wp-json\/wp\/v2\/pages\/5259\/revisions\/197543"}],"up":[{"embeddable":true,"href":"https:\/\/us.edu.pl\/wydzial\/wpia\/wp-json\/wp\/v2\/pages\/347"}],"wp:attachment":[{"href":"https:\/\/us.edu.pl\/wydzial\/wpia\/wp-json\/wp\/v2\/media?parent=5259"}],"curies":[{"name":"wp","href":"https:\/\/api.w.org\/{rel}","templated":true}]}}