{"id":5326,"date":"2021-08-23T09:48:45","date_gmt":"2021-08-23T07:48:45","guid":{"rendered":"https:\/\/us.edu.pl\/wydzial\/wpia\/?page_id=5326"},"modified":"2026-03-23T09:14:20","modified_gmt":"2026-03-23T08:14:20","slug":"przedsiebiorczosc-stacjonarna","status":"publish","type":"page","link":"https:\/\/us.edu.pl\/wydzial\/wpia\/student\/harmonogramy\/harmonogram-zajec\/przedsiebiorczosc-stacjonarna\/","title":{"rendered":"Przedsi\u0119biorczo\u015b\u0107 stacjonarna"},"content":{"rendered":"<p>[vc_row][vc_column]\r\n                <div class=\"text-modules\">\r\n                    <div class=\"container\">\r\n                        <h3 class=\"page-title text__title\">Przedsi\u0119biorczo\u015b\u0107 stacjonarna semestr letni 25\/26<\/h3>\r\n                        <div class=\"text-modules__content\"><\/div>\r\n                    <\/div>\r\n                <\/div>[\/vc_column][\/vc_row][vc_row content_placement=&#8221;middle&#8221;][vc_column][vc_tta_tabs style=&#8221;modern&#8221; color=&#8221;blue&#8221; spacing=&#8221;10&#8243; gap=&#8221;3&#8243; alignment=&#8221;center&#8221; active_section=&#8221;1&#8243; pagination_style=&#8221;flat-rounded&#8221; pagination_color=&#8221;sky&#8221; css_animation=&#8221;fadeIn&#8221;][vc_tta_section title=&#8221;I rok&#8221; tab_id=&#8221;1629288916071-158a07b9-0405&#8243;][vc_btn title=&#8221;Studia I stopnia&#8221; color=&#8221;primary&#8221; size=&#8221;lg&#8221; align=&#8221;center&#8221; link=&#8221;url:https%3A%2F%2Fus.edu.pl%2Fwydzial%2Fwpia%2Fwp-content%2Fuploads%2Fsites%2F19%2FHarmonogramy%2FPrzedsiebiorczosc%2FPrzesiebiorczosc-Stacjonarna%2F2526%2FI-rok-I-st.-przedsiebiorczosci.pdf&#8221;][\/vc_tta_section][vc_tta_section title=&#8221;II rok&#8221; tab_id=&#8221;1629288916083-01566bfe-557f&#8221;][vc_btn title=&#8221;Studia I stopnia&#8221; color=&#8221;primary&#8221; size=&#8221;lg&#8221; align=&#8221;center&#8221; link=&#8221;url:https%3A%2F%2Fus.edu.pl%2Fwydzial%2Fwpia%2Fwp-content%2Fuploads%2Fsites%2F19%2FHarmonogramy%2FPrzedsiebiorczosc%2FPrzesiebiorczosc-Stacjonarna%2F2526%2FII-rok-I-st.-przedsiebiorczosci-1.pdf&#8221;][\/vc_tta_section][vc_tta_section title=&#8221;III rok&#8221; tab_id=&#8221;1629288938718-2cb71622-c3c5&#8243;][vc_btn title=&#8221;Studia I stopnia&#8221; color=&#8221;primary&#8221; size=&#8221;lg&#8221; align=&#8221;center&#8221; link=&#8221;url:https%3A%2F%2Fus.edu.pl%2Fwydzial%2Fwpia%2Fwp-content%2Fuploads%2Fsites%2F19%2FHarmonogramy%2FPrzedsiebiorczosc%2FPrzesiebiorczosc-Stacjonarna%2F2526%2FIII-rok-I-st.-przedsiebiorczosci.pdf&#8221;][\/vc_tta_section][\/vc_tta_tabs][\/vc_column][\/vc_row][vc_row][vc_column]\r\n                <div class=\"text-modules\">\r\n                    <div class=\"container\">\r\n                        <h3 class=\"page-title text__title\">Przedsi\u0119biorczo\u015b\u0107 stacjonarna semestr zimowy 25\/26<\/h3>\r\n                        <div class=\"text-modules__content\"><\/div>\r\n                    <\/div>\r\n                <\/div>[\/vc_column][\/vc_row][vc_row content_placement=&#8221;middle&#8221;][vc_column][vc_tta_tabs style=&#8221;modern&#8221; color=&#8221;blue&#8221; spacing=&#8221;10&#8243; gap=&#8221;3&#8243; alignment=&#8221;center&#8221; active_section=&#8221;1&#8243; pagination_style=&#8221;flat-rounded&#8221; pagination_color=&#8221;sky&#8221; css_animation=&#8221;fadeIn&#8221;][vc_tta_section title=&#8221;I rok&#8221; tab_id=&#8221;1769416475397-76e27722-5aa3&#8243;][vc_btn title=&#8221;Studia I stopnia&#8221; color=&#8221;primary&#8221; size=&#8221;lg&#8221; align=&#8221;center&#8221; link=&#8221;url:https%3A%2F%2Fus.edu.pl%2Fwydzial%2Fwpia%2Fwp-content%2Fuploads%2Fsites%2F19%2FHarmonogramy%2FPrzedsiebiorczosc%2FPrzesiebiorczosc-Stacjonarna%2F2526%2FI-rok-I-st.-przedsiebiorczosci-3.xlsx&#8221;][\/vc_tta_section][vc_tta_section title=&#8221;II rok&#8221; tab_id=&#8221;1769416475467-5e62de51-de83&#8243;][vc_btn title=&#8221;Studia I stopnia&#8221; color=&#8221;primary&#8221; size=&#8221;lg&#8221; align=&#8221;center&#8221; link=&#8221;url:https%3A%2F%2Fus.edu.pl%2Fwydzial%2Fwpia%2Fwp-content%2Fuploads%2Fsites%2F19%2FHarmonogramy%2FPrzedsiebiorczosc%2FPrzesiebiorczosc-Stacjonarna%2F2526%2FII-rok-I-st.-przedsiebiorczosci-3.xlsx&#8221;][\/vc_tta_section][vc_tta_section title=&#8221;III rok&#8221; tab_id=&#8221;1769416475550-3ea3e3d0-dad4&#8243;][vc_btn title=&#8221;Studia I stopnia&#8221; color=&#8221;primary&#8221; size=&#8221;lg&#8221; align=&#8221;center&#8221; link=&#8221;url:https%3A%2F%2Fus.edu.pl%2Fwydzial%2Fwpia%2Fwp-content%2Fuploads%2Fsites%2F19%2FHarmonogramy%2FPrzedsiebiorczosc%2FPrzesiebiorczosc-Stacjonarna%2F2526%2FIII-rok-I-st.-przedsiebiorczosci-4.xlsx&#8221;][\/vc_tta_section][\/vc_tta_tabs][\/vc_column][\/vc_row][vc_row][vc_column width=&#8221;1\/3&#8243;][\/vc_column][vc_column width=&#8221;1\/3&#8243;][\/vc_column][vc_column width=&#8221;1\/3&#8243;][vc_btn title=&#8221;Powr\u00f3t&#8221; color=&#8221;sky&#8221; align=&#8221;right&#8221; i_align=&#8221;right&#8221; i_icon_fontawesome=&#8221;fas fa-arrow-left&#8221; add_icon=&#8221;true&#8221; link=&#8221;url:https%3A%2F%2Fus.edu.pl%2Fwydzial%2Fwpia%2Fstudent%2Fharmonogramy%2Fharmonogram-zajec&#8221;][\/vc_column][\/vc_row][vc_column][\/vc_column]<\/p>","protected":false},"excerpt":{"rendered":"<p>[vc_row][vc_column][\/vc_column][\/vc_row][vc_row content_placement=&#8221;middle&#8221;][vc_column][vc_tta_tabs style=&#8221;modern&#8221; color=&#8221;blue&#8221; spacing=&#8221;10&#8243; gap=&#8221;3&#8243; alignment=&#8221;center&#8221; active_section=&#8221;1&#8243; pagination_style=&#8221;flat-rounded&#8221; pagination_color=&#8221;sky&#8221; css_animation=&#8221;fadeIn&#8221;][vc_tta_section title=&#8221;I rok&#8221; tab_id=&#8221;1629288916071-158a07b9-0405&#8243;][vc_btn title=&#8221;Studia I stopnia&#8221; color=&#8221;primary&#8221; size=&#8221;lg&#8221; align=&#8221;center&#8221; link=&#8221;url:https%3A%2F%2Fus.edu.pl%2Fwydzial%2Fwpia%2Fwp-content%2Fuploads%2Fsites%2F19%2FHarmonogramy%2FPrzedsiebiorczosc%2FPrzesiebiorczosc-Stacjonarna%2F2526%2FI-rok-I-st.-przedsiebiorczosci.pdf&#8221;][\/vc_tta_section][vc_tta_section title=&#8221;II rok&#8221; tab_id=&#8221;1629288916083-01566bfe-557f&#8221;][vc_btn title=&#8221;Studia I stopnia&#8221; color=&#8221;primary&#8221; size=&#8221;lg&#8221; align=&#8221;center&#8221; link=&#8221;url:https%3A%2F%2Fus.edu.pl%2Fwydzial%2Fwpia%2Fwp-content%2Fuploads%2Fsites%2F19%2FHarmonogramy%2FPrzedsiebiorczosc%2FPrzesiebiorczosc-Stacjonarna%2F2526%2FII-rok-I-st.-przedsiebiorczosci-1.pdf&#8221;][\/vc_tta_section][vc_tta_section title=&#8221;III rok&#8221; tab_id=&#8221;1629288938718-2cb71622-c3c5&#8243;][vc_btn title=&#8221;Studia I stopnia&#8221; color=&#8221;primary&#8221; size=&#8221;lg&#8221; align=&#8221;center&#8221; link=&#8221;url:https%3A%2F%2Fus.edu.pl%2Fwydzial%2Fwpia%2Fwp-content%2Fuploads%2Fsites%2F19%2FHarmonogramy%2FPrzedsiebiorczosc%2FPrzesiebiorczosc-Stacjonarna%2F2526%2FIII-rok-I-st.-przedsiebiorczosci.pdf&#8221;][\/vc_tta_section][\/vc_tta_tabs][\/vc_column][\/vc_row][vc_row][vc_column][\/vc_column][\/vc_row][vc_row content_placement=&#8221;middle&#8221;][vc_column][vc_tta_tabs style=&#8221;modern&#8221; color=&#8221;blue&#8221; spacing=&#8221;10&#8243; gap=&#8221;3&#8243; alignment=&#8221;center&#8221; active_section=&#8221;1&#8243; pagination_style=&#8221;flat-rounded&#8221; pagination_color=&#8221;sky&#8221; css_animation=&#8221;fadeIn&#8221;][vc_tta_section title=&#8221;I rok&#8221; tab_id=&#8221;1769416475397-76e27722-5aa3&#8243;][vc_btn title=&#8221;Studia [&#8230;]<\/p>\n<p><a class=\"btn btn-secondary understrap-read-more-link\" href=\"https:\/\/us.edu.pl\/wydzial\/wpia\/student\/harmonogramy\/harmonogram-zajec\/przedsiebiorczosc-stacjonarna\/\">Read More&#8230;<\/a><\/p>\n","protected":false},"author":3414,"featured_media":0,"parent":5259,"menu_order":0,"comment_status":"closed","ping_status":"closed","template":"page-templates\/inner-page.php","meta":{"_expiration-date-status":"","_expiration-date":0,"_expiration-date-type":"","_expiration-date-categories":[],"_expiration-date-options":[]},"acf":[],"_links":{"self":[{"href":"https:\/\/us.edu.pl\/wydzial\/wpia\/wp-json\/wp\/v2\/pages\/5326"}],"collection":[{"href":"https:\/\/us.edu.pl\/wydzial\/wpia\/wp-json\/wp\/v2\/pages"}],"about":[{"href":"https:\/\/us.edu.pl\/wydzial\/wpia\/wp-json\/wp\/v2\/types\/page"}],"author":[{"embeddable":true,"href":"https:\/\/us.edu.pl\/wydzial\/wpia\/wp-json\/wp\/v2\/users\/3414"}],"replies":[{"embeddable":true,"href":"https:\/\/us.edu.pl\/wydzial\/wpia\/wp-json\/wp\/v2\/comments?post=5326"}],"version-history":[{"count":10,"href":"https:\/\/us.edu.pl\/wydzial\/wpia\/wp-json\/wp\/v2\/pages\/5326\/revisions"}],"predecessor-version":[{"id":197055,"href":"https:\/\/us.edu.pl\/wydzial\/wpia\/wp-json\/wp\/v2\/pages\/5326\/revisions\/197055"}],"up":[{"embeddable":true,"href":"https:\/\/us.edu.pl\/wydzial\/wpia\/wp-json\/wp\/v2\/pages\/5259"}],"wp:attachment":[{"href":"https:\/\/us.edu.pl\/wydzial\/wpia\/wp-json\/wp\/v2\/media?parent=5326"}],"curies":[{"name":"wp","href":"https:\/\/api.w.org\/{rel}","templated":true}]}}