{"id":5410,"date":"2021-09-01T13:26:09","date_gmt":"2021-09-01T11:26:09","guid":{"rendered":"https:\/\/us.edu.pl\/wydzial\/wpia\/?page_id=5410"},"modified":"2023-02-02T09:26:17","modified_gmt":"2023-02-02T08:26:17","slug":"ogloszenia-dziekanat","status":"publish","type":"page","link":"https:\/\/us.edu.pl\/wydzial\/wpia\/student\/ogloszenia-wpia\/ogloszenia-dziekanat\/","title":{"rendered":"Dziekanat (linki do zaj\u0119\u0107)"},"content":{"rendered":"<p>[vc_row][vc_column][\/vc_column][\/vc_row][vc_row][vc_column][vc_tta_tabs style=&#8221;modern&#8221; color=&#8221;blue&#8221; spacing=&#8221;10&#8243; gap=&#8221;3&#8243; alignment=&#8221;center&#8221; active_section=&#8221;1&#8243; pagination_style=&#8221;flat-rounded&#8221; pagination_color=&#8221;sky&#8221; css_animation=&#8221;fadeIn&#8221;][vc_tta_section i_position=&#8221;right&#8221; i_icon_fontawesome=&#8221;fa fa-balance-scale&#8221; add_icon=&#8221;true&#8221; title=&#8221;Prawo&#8221; tab_id=&#8221;1632934309844-214c5f50-0b88&#8243;][vc_btn title=&#8221;Stacjonarne&#8221; color=&#8221;primary&#8221; align=&#8221;center&#8221; link=&#8221;url:https%3A%2F%2Fus.edu.pl%2Fwydzial%2Fwpia%2Fogloszenia-prawo-stacjonarne%2F|||&#8221;][vc_btn title=&#8221;Niestacjonarne&#8221; color=&#8221;primary&#8221; align=&#8221;center&#8221; link=&#8221;url:https%3A%2F%2Fus.edu.pl%2Fwydzial%2Fwpia%2Fogloszenia-prawo-niestacjonarne%2F|||&#8221;][\/vc_tta_section][vc_tta_section i_position=&#8221;right&#8221; i_type=&#8221;material&#8221; i_icon_material=&#8221;vc-material vc-material-account_balance&#8221; add_icon=&#8221;true&#8221; title=&#8221;Administracja&#8221; tab_id=&#8221;1632934309861-0bb88f44-0df9&#8243;][vc_btn title=&#8221;Stacjonarne&#8221; color=&#8221;primary&#8221; align=&#8221;center&#8221; link=&#8221;url:https%3A%2F%2Fus.edu.pl%2Fwydzial%2Fwpia%2Fogloszenia-administracja-stacjonarna%2F|||&#8221;][vc_btn title=&#8221;Niestacjonarne&#8221; color=&#8221;primary&#8221; align=&#8221;center&#8221; link=&#8221;url:https%3A%2F%2Fus.edu.pl%2Fwydzial%2Fwpia%2Fadministracja-niestacjonarna%2F|||&#8221;][\/vc_tta_section][vc_tta_section i_position=&#8221;right&#8221; i_icon_fontawesome=&#8221;fa fa-briefcase&#8221; add_icon=&#8221;true&#8221; title=&#8221;Przedsi\u0119borczo\u015b\u0107&#8221; tab_id=&#8221;1632934343688-2d6f6ca8-570a&#8221;][vc_btn title=&#8221;Stacjonarne&#8221; color=&#8221;primary&#8221; align=&#8221;center&#8221; link=&#8221;url:https%3A%2F%2Fus.edu.pl%2Fwydzial%2Fwpia%2Fogloszenia-przedsiebiorczosc-stacjonarna%2F|||&#8221;][vc_btn title=&#8221;Niestacjonarne&#8221; color=&#8221;primary&#8221; align=&#8221;center&#8221;][\/vc_tta_section][vc_tta_section i_position=&#8221;right&#8221; i_icon_fontawesome=&#8221;fa fa-graduation-cap&#8221; add_icon=&#8221;true&#8221; title=&#8221;International Business Law and Arbitration&#8221; tab_id=&#8221;1632934369293-2db69b1d-1bfd&#8221;][vc_btn title=&#8221;Stacjonarne&#8221; color=&#8221;primary&#8221; align=&#8221;center&#8221; link=&#8221;url:https%3A%2F%2Fus.edu.pl%2Fwydzial%2Fwpia%2Finternational-business-law-and-arbitration-stacjonarny%2F|||&#8221;][\/vc_tta_section][vc_tta_section i_position=&#8221;right&#8221; i_icon_fontawesome=&#8221;fa fa-envira&#8221; add_icon=&#8221;true&#8221; title=&#8221;Administrowanie \u015brodowiskiem&#8221; tab_id=&#8221;1632934395396-d08f877d-9523&#8243;][vc_btn title=&#8221;Stacjonarne&#8221; color=&#8221;primary&#8221; align=&#8221;center&#8221; link=&#8221;url:https%3A%2F%2Fus.edu.pl%2Fwydzial%2Fwpia%2Fadministracja-srodowiskowa-stacjonarna%2F|||&#8221;][\/vc_tta_section][vc_tta_section title=&#8221;Erasmus&#8221; tab_id=&#8221;1633093663722-a8d0671c-8467&#8243;][vc_btn title=&#8221;Stacjonarne&#8221; color=&#8221;primary&#8221; align=&#8221;center&#8221; link=&#8221;url:https%3A%2F%2Fus.edu.pl%2Fwydzial%2Fwpia%2Ferasmus-stacjonarny%2F|||&#8221;][vc_btn title=&#8221;Niestacjonarne&#8221; color=&#8221;primary&#8221; align=&#8221;center&#8221;][\/vc_tta_section][\/vc_tta_tabs][\/vc_column][\/vc_row][vc_row][vc_column width=&#8221;1\/3&#8243;][\/vc_column][vc_column width=&#8221;1\/3&#8243;][\/vc_column][vc_column width=&#8221;1\/3&#8243;][vc_btn title=&#8221;Powr\u00f3t&#8221; color=&#8221;sky&#8221; size=&#8221;lg&#8221; align=&#8221;right&#8221; i_align=&#8221;right&#8221; i_icon_fontawesome=&#8221;fa fa-arrow-left&#8221; add_icon=&#8221;true&#8221; link=&#8221;url:https%3A%2F%2Fus.edu.pl%2Fwydzial%2Fwpia%2Fogloszenia-WPiA%2F|||&#8221;][\/vc_column][\/vc_row]<\/p>","protected":false},"excerpt":{"rendered":"<p>[vc_row][vc_column][\/vc_column][\/vc_row][vc_row][vc_column][vc_tta_tabs style=&#8221;modern&#8221; color=&#8221;blue&#8221; spacing=&#8221;10&#8243; gap=&#8221;3&#8243; alignment=&#8221;center&#8221; active_section=&#8221;1&#8243; pagination_style=&#8221;flat-rounded&#8221; pagination_color=&#8221;sky&#8221; css_animation=&#8221;fadeIn&#8221;][vc_tta_section i_position=&#8221;right&#8221; i_icon_fontawesome=&#8221;fa fa-balance-scale&#8221; add_icon=&#8221;true&#8221; title=&#8221;Prawo&#8221; tab_id=&#8221;1632934309844-214c5f50-0b88&#8243;][vc_btn title=&#8221;Stacjonarne&#8221; color=&#8221;primary&#8221; align=&#8221;center&#8221; link=&#8221;url:https%3A%2F%2Fus.edu.pl%2Fwydzial%2Fwpia%2Fogloszenia-prawo-stacjonarne%2F|||&#8221;][vc_btn title=&#8221;Niestacjonarne&#8221; color=&#8221;primary&#8221; align=&#8221;center&#8221; link=&#8221;url:https%3A%2F%2Fus.edu.pl%2Fwydzial%2Fwpia%2Fogloszenia-prawo-niestacjonarne%2F|||&#8221;][\/vc_tta_section][vc_tta_section i_position=&#8221;right&#8221; i_type=&#8221;material&#8221; i_icon_material=&#8221;vc-material vc-material-account_balance&#8221; add_icon=&#8221;true&#8221; title=&#8221;Administracja&#8221; tab_id=&#8221;1632934309861-0bb88f44-0df9&#8243;][vc_btn title=&#8221;Stacjonarne&#8221; color=&#8221;primary&#8221; align=&#8221;center&#8221; link=&#8221;url:https%3A%2F%2Fus.edu.pl%2Fwydzial%2Fwpia%2Fogloszenia-administracja-stacjonarna%2F|||&#8221;][vc_btn title=&#8221;Niestacjonarne&#8221; color=&#8221;primary&#8221; align=&#8221;center&#8221; link=&#8221;url:https%3A%2F%2Fus.edu.pl%2Fwydzial%2Fwpia%2Fadministracja-niestacjonarna%2F|||&#8221;][\/vc_tta_section][vc_tta_section i_position=&#8221;right&#8221; i_icon_fontawesome=&#8221;fa fa-briefcase&#8221; add_icon=&#8221;true&#8221; title=&#8221;Przedsi\u0119borczo\u015b\u0107&#8221; tab_id=&#8221;1632934343688-2d6f6ca8-570a&#8221;][vc_btn title=&#8221;Stacjonarne&#8221; color=&#8221;primary&#8221; align=&#8221;center&#8221; link=&#8221;url:https%3A%2F%2Fus.edu.pl%2Fwydzial%2Fwpia%2Fogloszenia-przedsiebiorczosc-stacjonarna%2F|||&#8221;][vc_btn title=&#8221;Niestacjonarne&#8221; color=&#8221;primary&#8221; align=&#8221;center&#8221;][\/vc_tta_section][vc_tta_section i_position=&#8221;right&#8221; i_icon_fontawesome=&#8221;fa fa-graduation-cap&#8221; [&#8230;]<\/p>\n<p><a class=\"btn btn-secondary understrap-read-more-link\" href=\"https:\/\/us.edu.pl\/wydzial\/wpia\/student\/ogloszenia-wpia\/ogloszenia-dziekanat\/\">Read More&#8230;<\/a><\/p>\n","protected":false},"author":3414,"featured_media":0,"parent":5379,"menu_order":2,"comment_status":"closed","ping_status":"closed","template":"page-templates\/inner-page.php","meta":{"_expiration-date-status":"","_expiration-date":0,"_expiration-date-type":"","_expiration-date-categories":[],"_expiration-date-options":[]},"acf":[],"_links":{"self":[{"href":"https:\/\/us.edu.pl\/wydzial\/wpia\/wp-json\/wp\/v2\/pages\/5410"}],"collection":[{"href":"https:\/\/us.edu.pl\/wydzial\/wpia\/wp-json\/wp\/v2\/pages"}],"about":[{"href":"https:\/\/us.edu.pl\/wydzial\/wpia\/wp-json\/wp\/v2\/types\/page"}],"author":[{"embeddable":true,"href":"https:\/\/us.edu.pl\/wydzial\/wpia\/wp-json\/wp\/v2\/users\/3414"}],"replies":[{"embeddable":true,"href":"https:\/\/us.edu.pl\/wydzial\/wpia\/wp-json\/wp\/v2\/comments?post=5410"}],"version-history":[{"count":23,"href":"https:\/\/us.edu.pl\/wydzial\/wpia\/wp-json\/wp\/v2\/pages\/5410\/revisions"}],"predecessor-version":[{"id":6408,"href":"https:\/\/us.edu.pl\/wydzial\/wpia\/wp-json\/wp\/v2\/pages\/5410\/revisions\/6408"}],"up":[{"embeddable":true,"href":"https:\/\/us.edu.pl\/wydzial\/wpia\/wp-json\/wp\/v2\/pages\/5379"}],"wp:attachment":[{"href":"https:\/\/us.edu.pl\/wydzial\/wpia\/wp-json\/wp\/v2\/media?parent=5410"}],"curies":[{"name":"wp","href":"https:\/\/api.w.org\/{rel}","templated":true}]}}