{"id":5414,"date":"2021-09-01T13:47:36","date_gmt":"2021-09-01T11:47:36","guid":{"rendered":"https:\/\/us.edu.pl\/wydzial\/wpia\/?page_id=5414"},"modified":"2023-02-02T09:32:49","modified_gmt":"2023-02-02T08:32:49","slug":"ogloszenia-dziekanat-2","status":"publish","type":"page","link":"https:\/\/us.edu.pl\/wydzial\/wpia\/student\/ogloszenia-wpia\/ogloszenia-dziekanat-2\/","title":{"rendered":"Studia doktoranckie"},"content":{"rendered":"<p>[vc_row][vc_column][\/vc_column][\/vc_row][vc_row][vc_column]\r\n                <div class=\"text-modules\">\r\n                    <div class=\"container\">\r\n                        <h3 class=\"page-title text__title\">Studia doktoranckie<\/h3>\r\n                        <div class=\"text-modules__content\"><\/div>\r\n                    <\/div>\r\n                <\/div>[\/vc_column][\/vc_row][vc_row][vc_column]\r\n\t\t\t\t\t<div class='container'>\r\n\t\t\t\t\t\t<div class='sidebar_moduls sidebar_dropdown zakladki' style='background-color: #FFFFFF'>\r\n\t\t\t\t\t\t\t<h3 class='page-title'><\/h3>\r\n\t\t\t\t\t\t\t<p class='zakladki__desc'><\/p>\r\n\r\n\t\t\t\t\t\t\t<div class='bookmarks'>\r\n\t\t\t\t\t<div class=\"bookmark\">\r\n\t\t\t\t\t\t<div class=\"bookmark__title\">\r\n                            <h3>\r\n                                <span class=\"short\">Stypendia - doktoranci<\/span>\r\n                                <span class=\"long\">Stypendia - doktoranci<\/span>\r\n                            <\/h3>\r\n\t\t\t\t\t\t<\/div>\r\n\t\t\t\t\t\t\r\n\t\t\t\t\t\t<div class=\"bookmark__content-wrap\">\r\n\t\t\t\t\t\t\t<div class=\"bookmark__content\">\r\n\r\n\t\t\t\t\t\t\t\t\r\n\r\n\t\t\t\t\t\t\t\t<div class=\"bookmark_text\" style=\"font-size:16px;\">\r\n\t\t\t\t\t\t\t\tW terminie do 10 pa\u017adziernika 2021 r. nale\u017cy z\u0142o\u017cy\u0107 w dziekanacie (pok. 1.26) wniosek o przyznanie stypendium doktoranckiego, stypendium projako\u015bciowego i stypendium rektora.\n\nOd roku ak. 2021\/22 stypendia doktoranckie mog\u0105 by\u0107 przyznawane tak\u017ce studentom na przed\u0142u\u017ceniu studi\u00f3w z zastrze\u017ceniem odbycia praktyk w wysoko\u015bci 90 h (jak w latach ubieg\u0142ych).\n\nW za\u0142\u0105czeniu nowy regulamin przyznawania stypendium doktoranckiego\n\r\n\t\t\t\t\t\t\t\t<br>\r\n\t\t\t\t\t\t\t\t<h3><a href='https:\/\/us.edu.pl\/wydzial\/wpia\/wp-content\/uploads\/sites\/19\/Og\u0142oszenia-studia-doktoranckie\/stypendium-doktoranckie-uzupe\u0142nienie-1.pdf' class=\"mtli_attachment mtli_pdf\" data-mtli=\"mtli_filesize113,57kB\">Regulamin stypendium doktoranckiego<\/a><\/h3>\r\n\t\t\t\t\t\t\t\t<\/div>\r\n\t\t\t\t\t\t\t<\/div>\r\n\t\t\t\t\t\t<\/div>\r\n\t\t\t\t\t<\/div><\/div>\r\n\t\t\t\t\t\t<\/div>\r\n\t\t\t\t\t <\/div>[\/vc_column][\/vc_row][vc_row][vc_column]\r\n                <div class=\"text-modules\">\r\n                    <div class=\"container\">\r\n                        \r\n                        <div class=\"text-modules__content\"><p><em>Informujemy, \u017ce zosta\u0142y wprowadzone\u00a0 zmiany do uchwa\u0142y dotycz\u0105cej ustalania wysoko\u015bci op\u0142aty za przeprowadzanie post\u0119powania w sprawie nadania stopnia doktora (\u2026) oraz zwalniania z tej op\u0142aty. Szczeg\u00f3\u0142owe informacje w za\u0142\u0105cznikach:<\/em><\/p>\n<p><a href=\"https:\/\/us.edu.pl\/wydzial\/wpia\/wp-content\/uploads\/sites\/19\/Ogloszenia-studia-doktoranckie\/zal_do_275_2022_c-1.pdf\" class=\"mtli_attachment mtli_pdf\" data-mtli=\"mtli_filesize184,34kB\" class=\"mtli_attachment mtli_pdf\" data-mtli=\"mtli_filesize184,34kB\">Uchwa\u0142a nr 435 z dnia 24 wrze\u015bnia 2019 r. w sprawie zasad ustalania wysoko\u015bci op\u0142aty za post\u0119powanie w sprawie nadawania stopnia doktora i doktora habilitowanego przeprowadzonego w trybie eksternistycznym oraz zwalniania z tej op\u0142aty.<\/a><\/p>\n<p><a href=\"https:\/\/us.edu.pl\/wydzial\/wpia\/wp-content\/uploads\/sites\/19\/Ogloszenia-studia-doktoranckie\/Odplatnosc-za-przewod-doktorski-US.pdf\" class=\"mtli_attachment mtli_pdf\" data-mtli=\"mtli_filesize195,54kB\" class=\"mtli_attachment mtli_pdf\" data-mtli=\"mtli_filesize195,54kB\">Odp\u0142atno\u015b\u0107 za przew\u00f3d doktorski U\u015a.<\/a><\/p>\n<p>\n<style type=\"text\/css\">a[data-mtli~=\"mtli_filesize184,34kB\"]:after {content:\" (184,34 kB)\"}a[data-mtli~=\"mtli_filesize195,54kB\"]:after {content:\" (195,54 kB)\"}<\/style><\/div>\r\n                    <\/div>\r\n                <\/div>[\/vc_column][\/vc_row][vc_row][vc_column width=&#8221;1\/3&#8243;][\/vc_column][vc_column width=&#8221;1\/3&#8243;][\/vc_column][vc_column width=&#8221;1\/3&#8243;][vc_btn title=&#8221;Powr\u00f3t&#8221; color=&#8221;sky&#8221; size=&#8221;lg&#8221; align=&#8221;right&#8221; i_align=&#8221;right&#8221; i_icon_fontawesome=&#8221;fa fa-arrow-left&#8221; add_icon=&#8221;true&#8221; link=&#8221;url:https%3A%2F%2Fus.edu.pl%2Fwydzial%2Fwpia%2Fogloszenia%2F|||&#8221;][\/vc_column][\/vc_row]<\/p>\n<style type=\"text\/css\">a[data-mtli~=\"mtli_filesize113,57kB\"]:after {content:\" (113,57 kB)\"}a[data-mtli~=\"mtli_filesize184,34kB\"]:after {content:\" (184,34 kB)\"}a[data-mtli~=\"mtli_filesize195,54kB\"]:after {content:\" (195,54 kB)\"}<\/style>","protected":false},"excerpt":{"rendered":"<p>[vc_row][vc_column][\/vc_column][\/vc_row][vc_row][vc_column][\/vc_column][\/vc_row][vc_row][vc_column][\/vc_column][\/vc_row][vc_row][vc_column][\/vc_column][\/vc_row][vc_row][vc_column width=&#8221;1\/3&#8243;][\/vc_column][vc_column width=&#8221;1\/3&#8243;][\/vc_column][vc_column width=&#8221;1\/3&#8243;][vc_btn title=&#8221;Powr\u00f3t&#8221; color=&#8221;sky&#8221; size=&#8221;lg&#8221; align=&#8221;right&#8221; i_align=&#8221;right&#8221; i_icon_fontawesome=&#8221;fa fa-arrow-left&#8221; add_icon=&#8221;true&#8221; link=&#8221;url:https%3A%2F%2Fus.edu.pl%2Fwydzial%2Fwpia%2Fogloszenia%2F|||&#8221;][\/vc_column][\/vc_row] [&#8230;]<\/p>\n<p><a class=\"btn btn-secondary understrap-read-more-link\" href=\"https:\/\/us.edu.pl\/wydzial\/wpia\/student\/ogloszenia-wpia\/ogloszenia-dziekanat-2\/\">Read More&#8230;<\/a><\/p>\n","protected":false},"author":3414,"featured_media":0,"parent":5379,"menu_order":5,"comment_status":"closed","ping_status":"closed","template":"page-templates\/inner-page.php","meta":{"_expiration-date-status":"","_expiration-date":0,"_expiration-date-type":"","_expiration-date-categories":[],"_expiration-date-options":[]},"acf":[],"_links":{"self":[{"href":"https:\/\/us.edu.pl\/wydzial\/wpia\/wp-json\/wp\/v2\/pages\/5414"}],"collection":[{"href":"https:\/\/us.edu.pl\/wydzial\/wpia\/wp-json\/wp\/v2\/pages"}],"about":[{"href":"https:\/\/us.edu.pl\/wydzial\/wpia\/wp-json\/wp\/v2\/types\/page"}],"author":[{"embeddable":true,"href":"https:\/\/us.edu.pl\/wydzial\/wpia\/wp-json\/wp\/v2\/users\/3414"}],"replies":[{"embeddable":true,"href":"https:\/\/us.edu.pl\/wydzial\/wpia\/wp-json\/wp\/v2\/comments?post=5414"}],"version-history":[{"count":9,"href":"https:\/\/us.edu.pl\/wydzial\/wpia\/wp-json\/wp\/v2\/pages\/5414\/revisions"}],"predecessor-version":[{"id":157656,"href":"https:\/\/us.edu.pl\/wydzial\/wpia\/wp-json\/wp\/v2\/pages\/5414\/revisions\/157656"}],"up":[{"embeddable":true,"href":"https:\/\/us.edu.pl\/wydzial\/wpia\/wp-json\/wp\/v2\/pages\/5379"}],"wp:attachment":[{"href":"https:\/\/us.edu.pl\/wydzial\/wpia\/wp-json\/wp\/v2\/media?parent=5414"}],"curies":[{"name":"wp","href":"https:\/\/api.w.org\/{rel}","templated":true}]}}