{"id":5427,"date":"2021-09-01T13:58:07","date_gmt":"2021-09-01T11:58:07","guid":{"rendered":"https:\/\/us.edu.pl\/wydzial\/wpia\/?page_id=5427"},"modified":"2025-10-08T12:28:46","modified_gmt":"2025-10-08T10:28:46","slug":"ogloszenia-stypendia","status":"publish","type":"page","link":"https:\/\/us.edu.pl\/wydzial\/wpia\/student\/ogloszenia-wpia\/ogloszenia-stypendia\/","title":{"rendered":"Stypendia"},"content":{"rendered":"<p>[vc_row][vc_column][\/vc_column][\/vc_row][vc_row][vc_column]\r\n                <div class=\"text-modules\">\r\n                    <div class=\"container\">\r\n                        <h3 class=\"page-title text__title\">Stypendia<\/h3>\r\n                        <div class=\"text-modules__content\"><\/div>\r\n                    <\/div>\r\n                <\/div>\r\n                <div class=\"text-modules\">\r\n                    <div class=\"container\">\r\n                        \r\n                        <div class=\"text-modules__content\"><\/p>\n<div class=\"\" dir=\"auto\">\n<div id=\"jsc_c_6\" class=\"d2hqwtrz r227ecj6 ez8dtbzv gt60zsk1\" data-ad-comet-preview=\"message\" data-ad-preview=\"message\">\n<div class=\"alzwoclg cqf1kptm siwo0mpr gu5uzgus\">\n<div class=\"jroqu855 nthtkgg5\">\n<div class=\"m8h3af8h l7ghb35v kjdc1dyq kmwttqpk gh25dzvf n3t5jt4f\">\n<div dir=\"auto\"><\/div>\n<\/div>\n<\/div>\n<\/div>\n<\/div>\n<\/div>\n<p><a href=\"https:\/\/us.edu.pl\/wydzial\/wpia\/wp-content\/uploads\/sites\/19\/Stypendia\/STYPENDIA-MINISTRA-2025_2026-decyzja-dziekana.doc\" class=\"mtli_attachment mtli_doc\" data-mtli=\"mtli_filesize42,00kB\" class=\"mtli_attachment mtli_doc\" data-mtli=\"mtli_filesize42,00kB\">STYPENDIUM MINISTRA 2025\/2026<\/a><\/p>\n<ul>\n<li><a href=\"https:\/\/us.edu.pl\/wydzial\/wpia\/wp-content\/uploads\/sites\/19\/Bez-kategorii\/Zgloszenie-kandydatury-do-stypendium-ministra-2025-2026-zalacznik-do-komunikatu.doc\" class=\"mtli_attachment mtli_doc\" data-mtli=\"mtli_filesize49,50kB\" class=\"mtli_attachment mtli_doc\" data-mtli=\"mtli_filesize49,50kB\">Zg\u0142oszenie kandydatury do stypendium ministra na rok 2025\/2026<\/a><\/li>\n<li><a href=\"https:\/\/www.gov.pl\/web\/nauka\/informacja-na-temat-stypendiow-ministra-nauki-i-szkolnictwa-wyzszego-za-znaczace-osiagniecia-dla-studentow-na-rok-akademicki-20252026-konkurs-sst06\">Informacja na temat stypendi\u00f3w Ministra Nauki i Szkolnictwa Wy\u017cszego za znacz\u0105ce osi\u0105gni\u0119cia dla student\u00f3w na rok akademicki 2025\/2026 (konkurs SST06)<\/a><\/li>\n<\/ul>\n<p>&nbsp;<\/p>\n<p><a href=\"https:\/\/us.edu.pl\/student\/wsparcie-i-fundusze\/swiadczenia-stypendia-i-zapomoga\/\">Wnioski stypendialne<\/a> b\u0119d\u0105 dost\u0119pne od 01.10.2025r. na stronie <a href=\"http:\/\/www.usosweb.us.edu.pl\">www.usosweb.us.edu.pl<\/a> w zak\u0142adce dla WSZYSTKICH \u2013 WNIOSKI:<\/p>\n<ul>\n<li>stypendium rektora,<\/li>\n<\/ul>\n<p style=\"padding-left: 40px;\">za\u0142\u0105cznik nr 8 <a href=\"https:\/\/us.edu.pl\/wydzial\/wpia\/wp-content\/uploads\/sites\/19\/Stypendia\/2025-09-22-zal-4-do-zarz-169_2025-zalacznik-8-osiagniecia-sportowe.pdf\" class=\"mtli_attachment mtli_pdf\" data-mtli=\"mtli_filesize410,30kB\" class=\"mtli_attachment mtli_pdf\" data-mtli=\"mtli_filesize410,30kB\">&#8222;FORMULARZA OCENY MERYTORYCZNEJ OSI\u0104GNI\u0118C SPORTOWYCH&#8221;<\/a><\/p>\n<ul>\n<li>stypendium socjalne,<\/li>\n<li>stypendium dla os\u00f3b niepe\u0142nosprawnych,<\/li>\n<li>zapomoga<\/li>\n<\/ul>\n<p><span style=\"color: #008000;\">Wnioski sk\u0142adamy tylko i wy\u0142\u0105cznie\u00a0ELEKTRONICZNIE, bez sk\u0142adania wersji papierowej.<\/span><\/p>\n<p>&nbsp;<\/p>\n<p><strong>Sprawd\u017a na stronie:<\/strong>\u00a0<a href=\"https:\/\/us.edu.pl\/student\/wsparcie-i-fundusze\/swiadczenia-stypendia-i-zapomoga\/\">https:\/\/us.edu.pl\/student\/wsparcie-i-fundusze\/swiadczenia-stypendia-i-zapomoga<\/a><\/p>\n<p>&nbsp;<\/p>\n<p><strong>Godziny Urz\u0119dowania:<\/strong><\/p>\n<p style=\"margin: 0cm; margin-bottom: .0001pt;\">Poniedzia\u0142ek: 11.00-15.00<\/p>\n<p style=\"margin: 0cm; margin-bottom: .0001pt;\">Wtorek: 12.00-17.00<\/p>\n<p style=\"margin: 0cm; margin-bottom: .0001pt;\">\u015aroda: 11.00-15.00<\/p>\n<p style=\"margin: 0cm; margin-bottom: .0001pt;\">Czwartek: Nieczynne<\/p>\n<p style=\"margin: 0cm; margin-bottom: .0001pt;\">Pi\u0105tek: 11.00-14.00<\/p>\n<p style=\"margin: 0cm; margin-bottom: .0001pt;\">Sobota zjazdowa 7.30-13.00<\/p>\n<p>\n<style type=\"text\/css\">a[data-mtli~=\"mtli_filesize42,00kB\"]:after {content:\" (42,00 kB)\"}a[data-mtli~=\"mtli_filesize49,50kB\"]:after {content:\" (49,50 kB)\"}a[data-mtli~=\"mtli_filesize410,30kB\"]:after {content:\" (410,30 kB)\"}<\/style><\/div>\r\n                    <\/div>\r\n                <\/div>[\/vc_column][\/vc_row][vc_row][vc_column width=&#8221;1\/3&#8243;][\/vc_column][vc_column width=&#8221;1\/3&#8243;][\/vc_column][vc_column width=&#8221;1\/3&#8243;][vc_btn title=&#8221;Powr\u00f3t&#8221; color=&#8221;sky&#8221; size=&#8221;lg&#8221; align=&#8221;right&#8221; i_align=&#8221;right&#8221; i_icon_fontawesome=&#8221;fa fa-arrow-left&#8221; add_icon=&#8221;true&#8221; link=&#8221;url:https%3A%2F%2Fus.edu.pl%2Fwydzial%2Fwpia%2Fogloszenia%2F|||&#8221;][\/vc_column][\/vc_row]<\/p>\n<style type=\"text\/css\">a[data-mtli~=\"mtli_filesize42,00kB\"]:after {content:\" (42,00 kB)\"}a[data-mtli~=\"mtli_filesize49,50kB\"]:after {content:\" (49,50 kB)\"}a[data-mtli~=\"mtli_filesize410,30kB\"]:after {content:\" (410,30 kB)\"}<\/style>","protected":false},"excerpt":{"rendered":"<p>[vc_row][vc_column][\/vc_column][\/vc_row][vc_row][vc_column][\/vc_column][\/vc_row][vc_row][vc_column width=&#8221;1\/3&#8243;][\/vc_column][vc_column width=&#8221;1\/3&#8243;][\/vc_column][vc_column width=&#8221;1\/3&#8243;][vc_btn title=&#8221;Powr\u00f3t&#8221; color=&#8221;sky&#8221; size=&#8221;lg&#8221; align=&#8221;right&#8221; i_align=&#8221;right&#8221; i_icon_fontawesome=&#8221;fa fa-arrow-left&#8221; add_icon=&#8221;true&#8221; link=&#8221;url:https%3A%2F%2Fus.edu.pl%2Fwydzial%2Fwpia%2Fogloszenia%2F|||&#8221;][\/vc_column][\/vc_row] [&#8230;]<\/p>\n<p><a class=\"btn btn-secondary understrap-read-more-link\" href=\"https:\/\/us.edu.pl\/wydzial\/wpia\/student\/ogloszenia-wpia\/ogloszenia-stypendia\/\">Read More&#8230;<\/a><\/p>\n","protected":false},"author":3414,"featured_media":0,"parent":5379,"menu_order":6,"comment_status":"closed","ping_status":"closed","template":"page-templates\/inner-page.php","meta":{"_expiration-date-status":"","_expiration-date":0,"_expiration-date-type":"","_expiration-date-categories":[],"_expiration-date-options":[]},"acf":[],"_links":{"self":[{"href":"https:\/\/us.edu.pl\/wydzial\/wpia\/wp-json\/wp\/v2\/pages\/5427"}],"collection":[{"href":"https:\/\/us.edu.pl\/wydzial\/wpia\/wp-json\/wp\/v2\/pages"}],"about":[{"href":"https:\/\/us.edu.pl\/wydzial\/wpia\/wp-json\/wp\/v2\/types\/page"}],"author":[{"embeddable":true,"href":"https:\/\/us.edu.pl\/wydzial\/wpia\/wp-json\/wp\/v2\/users\/3414"}],"replies":[{"embeddable":true,"href":"https:\/\/us.edu.pl\/wydzial\/wpia\/wp-json\/wp\/v2\/comments?post=5427"}],"version-history":[{"count":5,"href":"https:\/\/us.edu.pl\/wydzial\/wpia\/wp-json\/wp\/v2\/pages\/5427\/revisions"}],"predecessor-version":[{"id":193917,"href":"https:\/\/us.edu.pl\/wydzial\/wpia\/wp-json\/wp\/v2\/pages\/5427\/revisions\/193917"}],"up":[{"embeddable":true,"href":"https:\/\/us.edu.pl\/wydzial\/wpia\/wp-json\/wp\/v2\/pages\/5379"}],"wp:attachment":[{"href":"https:\/\/us.edu.pl\/wydzial\/wpia\/wp-json\/wp\/v2\/media?parent=5427"}],"curies":[{"name":"wp","href":"https:\/\/api.w.org\/{rel}","templated":true}]}}