{"id":5436,"date":"2021-09-01T14:04:17","date_gmt":"2021-09-01T12:04:17","guid":{"rendered":"https:\/\/us.edu.pl\/wydzial\/wpia\/?page_id=5436"},"modified":"2025-02-26T12:08:23","modified_gmt":"2025-02-26T11:08:23","slug":"ogloszenia-ogolne","status":"publish","type":"page","link":"https:\/\/us.edu.pl\/wydzial\/wpia\/student\/ogloszenia-wpia\/ogloszenia-ogolne\/","title":{"rendered":"Og\u00f3lne"},"content":{"rendered":"<p>[vc_row][vc_column]\r\n                <div class=\"tiles-section\" style=\"background: \">\r\n                    <div class=\"container\">\r\n                        <h3 class=\"page-title\"><\/h3>\r\n                        <div class=\"tiles tiles-2\">\r\n                            <a href=\"https:\/\/www.lawinstyle.us.edu.pl\/blog\/\" class=\"tile tile_double \" style=\"background-color: #002E5A; font-weight: bold; color: #ffffff;  \">\r\n                                \r\n                                   <div class=\"tile__img\"><img src=\"https:\/\/us.edu.pl\/wydzial\/wpia\/wp-content\/uploads\/sites\/19\/Ogolne\/law_in_style__logotypes__complete-pdf-p427px5469huhti2iq9wi7w9wbmmhlvcelp9j9w29i.png\" alt=\"Blog PES Programme\"> <\/div>\r\n                               \r\n                                <div class=\"tile__name\">Blog PES Programme<\/div>\r\n                            <\/a><\/div>\r\n                    <\/div>\r\n                <\/div>\r\n                <div class=\"tiles-section\" style=\"background: \">\r\n                    <div class=\"container\">\r\n                        <h3 class=\"page-title\"><\/h3>\r\n                        <div class=\"tiles tiles-2\">\r\n                            <a href=\"https:\/\/us.edu.pl\/student\/kariera-i-rozwoj\/\" class=\"tile tile_double \" style=\"background-color: #ffffff; font-weight: bold; color: #002E5A;  \">\r\n                                \r\n                                   <div class=\"tile__img\"><img src=\"https:\/\/us.edu.pl\/wydzial\/wpia\/wp-content\/uploads\/sites\/19\/Praktyki\/BK_rgb-2-575x147.png\" alt=\"Najnowsze og\u0142oszenia Biura Karier\"> <\/div>\r\n                               \r\n                                <div class=\"tile__name\">Najnowsze og\u0142oszenia Biura Karier<\/div>\r\n                            <\/a><\/div>\r\n                    <\/div>\r\n                <\/div>[\/vc_column][\/vc_row][vc_row][vc_column]  <div class=\"announcements-wrap\"> \r\n\t\t\t\t\t\t\t\t\t<div class=\"announcements announcements_1\" style=\"background-color:\">\r\n                                <div class=\"section-title\">Komunikaty<\/div>\r\n                                \r\n                                <style>.lrinls.angle-list > li::before{color:  !important}<\/style><div class=\"d-flex flex-wrap\"><ul class=\"angle-list lrinls\" ><li > <a href = \"https:\/\/us.edu.pl\/wydzial\/wpia\/komunikaty\/iv-edycja-konkursu-na-najlepsza-prace-magisterska-z-zakresu-prawa-o-notariacie-oraz-prawa-cywilnego-zwiazanego-z\/\" style=\"color:\"> IV edycja konkursu na najlepsz\u0105 prac\u0119 magistersk\u0105 z zakresu prawa o notariacie oraz prawa cywilnego zwi\u0105zanego z [&#8230;] <\/a > <\/li > <li > <a href = \"https:\/\/us.edu.pl\/wydzial\/wpia\/komunikaty\/testy-prawnicze-wydawnictwa-c-h-beck\/\" style=\"color:\"> Testy Prawnicze wydawnictwa C.H. Beck <\/a > <\/li > <li > <a href = \"https:\/\/us.edu.pl\/wydzial\/wpia\/komunikaty\/rzecznik-praw-studenta-i-doktoranta-dr-hab-agnieszka-bielska-brodziak-prof-us-zaprasza-do-wziecia-udzialu-w-kolejnej-edycji-grupy-rozwoju-i-wsparcia-osobistego\/\" style=\"color:\"> Rzecznik praw studenta i doktoranta dr hab. Agnieszka Bielska-Brodziak, prof. U\u015a zaprasza do wzi\u0119cia udzia\u0142u w kolejnej edycji \u201eGrupy rozwoju i wsparcia osobistego\u201d. <\/a > <\/li > <\/ul><\/div>\r\n\t\t\t\t\t\t\t\t\t<\/div>\r\n\t\t\t\t\t\t\t\t<\/div>[\/vc_column][\/vc_row]<\/p>","protected":false},"excerpt":{"rendered":"<p>[vc_row][vc_column][\/vc_column][\/vc_row][vc_row][vc_column][\/vc_column][\/vc_row] [&#8230;]<\/p>\n<p><a class=\"btn btn-secondary understrap-read-more-link\" href=\"https:\/\/us.edu.pl\/wydzial\/wpia\/student\/ogloszenia-wpia\/ogloszenia-ogolne\/\">Read More&#8230;<\/a><\/p>\n","protected":false},"author":3414,"featured_media":0,"parent":5379,"menu_order":3,"comment_status":"closed","ping_status":"closed","template":"page-templates\/page-with-bookmarks.php","meta":{"_expiration-date-status":"","_expiration-date":0,"_expiration-date-type":"","_expiration-date-categories":[],"_expiration-date-options":[]},"acf":[],"_links":{"self":[{"href":"https:\/\/us.edu.pl\/wydzial\/wpia\/wp-json\/wp\/v2\/pages\/5436"}],"collection":[{"href":"https:\/\/us.edu.pl\/wydzial\/wpia\/wp-json\/wp\/v2\/pages"}],"about":[{"href":"https:\/\/us.edu.pl\/wydzial\/wpia\/wp-json\/wp\/v2\/types\/page"}],"author":[{"embeddable":true,"href":"https:\/\/us.edu.pl\/wydzial\/wpia\/wp-json\/wp\/v2\/users\/3414"}],"replies":[{"embeddable":true,"href":"https:\/\/us.edu.pl\/wydzial\/wpia\/wp-json\/wp\/v2\/comments?post=5436"}],"version-history":[{"count":10,"href":"https:\/\/us.edu.pl\/wydzial\/wpia\/wp-json\/wp\/v2\/pages\/5436\/revisions"}],"predecessor-version":[{"id":183151,"href":"https:\/\/us.edu.pl\/wydzial\/wpia\/wp-json\/wp\/v2\/pages\/5436\/revisions\/183151"}],"up":[{"embeddable":true,"href":"https:\/\/us.edu.pl\/wydzial\/wpia\/wp-json\/wp\/v2\/pages\/5379"}],"wp:attachment":[{"href":"https:\/\/us.edu.pl\/wydzial\/wpia\/wp-json\/wp\/v2\/media?parent=5436"}],"curies":[{"name":"wp","href":"https:\/\/api.w.org\/{rel}","templated":true}]}}