{"id":5667,"date":"2021-09-25T20:57:51","date_gmt":"2021-09-25T18:57:51","guid":{"rendered":"https:\/\/us.edu.pl\/wydzial\/wpia\/?page_id=5667"},"modified":"2026-03-17T13:05:43","modified_gmt":"2026-03-17T12:05:43","slug":"oferta-praktyk","status":"publish","type":"page","link":"https:\/\/us.edu.pl\/wydzial\/wpia\/student\/ogloszenia-wpia\/ogloszenia-praktyki-i-praca\/oferta-praktyk\/","title":{"rendered":"Oferta praktyk"},"content":{"rendered":"<p>[vc_row][vc_column]\r\n                <div class=\"text-modules\">\r\n                    <div class=\"container\">\r\n                        <h3 class=\"page-title text__title\">Oferta praktyk<\/h3>\r\n                        <div class=\"text-modules__content\"><p><strong>TAURON Polska Energia S.A. &#8211; <\/strong><a href=\"http:\/\/tauron.pl\/tauron\/o-tauronie\/kariera\/oferty-pracy\/oferty-pracy-szczegoly?jobOfferId=NDI5MzhfMF80MjMw&amp;prevPageParams=psize%3D15%26company%3Dtauron%2520polska%2520energia%2520s.a\">Praktyki w Zespole Inspektora Ochrony Danych<\/a><\/p>\n<p><a href=\"https:\/\/us.edu.pl\/wydzial\/wpia\/wp-content\/uploads\/sites\/19\/Praktyki\/Kancelaria-Radcow-Prawnych-Lebelt-w-Katowicach-praktyki-odplatne.pdf\" class=\"mtli_attachment mtli_pdf\" data-mtli=\"mtli_filesize154,39kB\" class=\"mtli_attachment mtli_pdf\" data-mtli=\"mtli_filesize154,39kB\">Oferta odp\u0142atnych praktyk <em>Kancelaria Radc\u00f3w Prawnych LEB<\/em><\/a><a href=\"https:\/\/us.edu.pl\/wydzial\/wpia\/wp-content\/uploads\/sites\/19\/Praktyki\/Kancelaria-Radcow-Prawnych-Lebelt-w-Katowicach-praktyki-odplatne.pdf\" class=\"mtli_attachment mtli_pdf\" data-mtli=\"mtli_filesize154,39kB\" class=\"mtli_attachment mtli_pdf\" data-mtli=\"mtli_filesize154,39kB\"><em>ELT w Katowicach<\/em><\/a><\/p>\n<style type=\"text\/css\">a[data-mtli~=\"mtli_filesize154,39kB\"]:after {content:\" (154,39 kB)\"}<\/style><\/div>\r\n                    <\/div>\r\n                <\/div>  <div class=\"announcements-wrap\"> \r\n\t\t\t\t\t\t\t\t\t<div class=\"announcements announcements_1\" style=\"background-color:\">\r\n                                <div class=\"section-title\">Komunikaty<\/div>\r\n                                \r\n                                <style>.eliqoe.angle-list > li::before{color:  !important}<\/style><div class=\"d-flex flex-wrap\"><ul class=\"angle-list eliqoe\" ><li > <a href = \"https:\/\/us.edu.pl\/wydzial\/wpia\/komunikaty\/197013\/\" style=\"color:\"> Kancelaria Adwokacka Adwokat Agata G\u00f3rnik-Misio\u0142ek w Katowicach <\/a > <\/li > <li > <a href = \"https:\/\/us.edu.pl\/wydzial\/wpia\/komunikaty\/english-kancelaria-prawnicza-radcy-prawnego-tomasz-gackowski-w-katowicach-praktyki\/\" style=\"color:\"> Kancelaria Prawnicza Radcy Prawnego Tomasz Gackowski w Katowicach &#8211; praktyki <\/a > <\/li > <li > <a href = \"https:\/\/us.edu.pl\/wydzial\/wpia\/komunikaty\/kancelaria-adwokacka-berger-legal-bielsko-biala-praktyka-platna\/\" style=\"color:\"> Kancelaria Adwokacka Berger Legal &#8211; Bielsko-Bia\u0142a &#8211; praktyka p\u0142atna <\/a > <\/li > <li > <a href = \"https:\/\/us.edu.pl\/wydzial\/wpia\/komunikaty\/kancelaria-soltysinski-kawecki-szlezak-w-katowicach-praktyki\/\" style=\"color:\"> Kancelaria So\u0142tysi\u0144ski Kawecki &#038; Szl\u0119zak w Katowicach &#8211; praktyki <\/a > <\/li > <li > <a href = \"https:\/\/us.edu.pl\/wydzial\/wpia\/komunikaty\/kancelaria-prawna-pod-fima-bak-bacia-counsels-kancelaria-radcow-prawnych-i-adwokatow-s-k-a-w-katowicach\/\" style=\"color:\"> Kancelaria Prawna pod fim\u0105 B\u0105k Bacia &#038; Counsels Kancelaria Radc\u00f3w Prawnych i Adwokat\u00f3w S.K.A. w Katowicach <\/a > <\/li > <li > <a href = \"https:\/\/us.edu.pl\/wydzial\/wpia\/komunikaty\/kancelaria-meld-jodlowski-szczawinski-i-partnerzy-radcowie-prawni-i-adwokaci-w-katowicach\/\" style=\"color:\"> Kancelaria MELD Jod\u0142owski Szczawi\u0144ski i Partnerzy Radcowie Prawni i Adwokaci w Katowicach <\/a > <\/li > <li > <a href = \"https:\/\/us.edu.pl\/wydzial\/wpia\/komunikaty\/kancelaria-notarialna-w-wodzislawiu-slaskim-odplatne-praktyki\/\" style=\"color:\"> Kancelaria Notarialna w Wodzis\u0142awiu \u015al\u0105skim &#8211; odp\u0142atne praktyki <\/a > <\/li > <li > <a href = \"https:\/\/us.edu.pl\/wydzial\/wpia\/komunikaty\/btla-legal-oles-drzewiecki-kancelaria-adwokacka-sp-k-katowice\/\" style=\"color:\"> BTLA Legal Ole\u015b, Drzewiecki Kancelaria Adwokacka sp. k. &#8211; Katowice <\/a > <\/li > <li > <a href = \"https:\/\/us.edu.pl\/wydzial\/wpia\/komunikaty\/kancelaria-radcy-prawnego-katarzyna-podyma-z-siedziba-w-katowicach-2\/\" style=\"color:\"> Kancelaria Radcy Prawnego Katarzyna Podyma z siedzib\u0105 w Katowicach <\/a > <\/li > <li > <a href = \"https:\/\/us.edu.pl\/wydzial\/wpia\/komunikaty\/195574\/\" style=\"color:\"> Kancelaria Adwokacka Adwokat Dorota Gerc &#8211; Katowice, Tychy <\/a > <\/li > <li > <a href = \"https:\/\/us.edu.pl\/wydzial\/wpia\/komunikaty\/kancelaria-prawa-restrukturyzacyjnego-i-upadlosciowego-jacek-pietrzela-w-gliwicach-2\/\" style=\"color:\"> Kancelaria Prawa Restrukturyzacyjnego i Upad\u0142o\u015bciowego Jacek Pietrzela w Gliwicach <\/a > <\/li > <li > <a href = \"https:\/\/us.edu.pl\/wydzial\/wpia\/komunikaty\/kancelaria-radcy-prawnego-pwp-lukasz-pretkiewicz-w-chrzanowie\/\" style=\"color:\"> Kancelaria Radcy Prawnego PWP \u0141ukasz Pr\u0119tkiewicz w Chrzanowie <\/a > <\/li > <li > <a href = \"https:\/\/us.edu.pl\/wydzial\/wpia\/komunikaty\/lorica-iuris-kancelaria-adwokatow-i-radcow-prawnych-ciecierski-rak-spolka-komandytowa\/\" style=\"color:\"> Lorica Iuris Kancelaria Adwokat\u00f3w i Radc\u00f3w Prawnych Ciecierski Rak Sp\u00f3\u0142ka Komandytowa <\/a > <\/li > <li > <a href = \"https:\/\/us.edu.pl\/wydzial\/wpia\/komunikaty\/kancelaria-adwokacka-adwokata-rafala-macheckiego-z-siedziba-w-katowicach\/\" style=\"color:\"> Kancelaria Adwokacka Adwokata Rafa\u0142a Macheckiego z siedzib\u0105 w Katowicach <\/a > <\/li > <li > <a href = \"https:\/\/us.edu.pl\/wydzial\/wpia\/komunikaty\/kancelaria-prawnicza-chrzanow-oferta-wspolpracy\/\" style=\"color:\"> Kancelaria Prawnicza, Chrzan\u00f3w &#8211; oferta wsp\u00f3\u0142pracy <\/a > <\/li > <li > <a href = \"https:\/\/us.edu.pl\/wydzial\/wpia\/komunikaty\/kancelaria-radcy-prawnego-wojciech-dancewicz-knurow\/\" style=\"color:\"> Kancelaria Radcy Prawnego Wojciech Dancewicz Knur\u00f3w <\/a > <\/li > <li > <a href = \"https:\/\/us.edu.pl\/wydzial\/wpia\/komunikaty\/kancelaria-radcy-prawnego-grzegorz-nawrot-czeladz-mlodszy-asystent-praktykant\/\" style=\"color:\"> Kancelaria Radcy Prawnego Grzegorz Nawrot &#8211; Czelad\u017a &#8211; m\u0142odszy asystent \/ praktykant <\/a > <\/li > <li > <a href = \"https:\/\/us.edu.pl\/wydzial\/wpia\/komunikaty\/kancelaria-notarialna-zuzanna-wojtaszek-balazinska-kinga-bednarz-wysocka-s-c-katowice\/\" style=\"color:\"> Kancelaria Notarialna Zuzanna Wojtaszek \u2013 Ba\u0142azi\u0144ska, Kinga Bednarz-Wysocka s.c. &#8211; Katowice <\/a > <\/li > <li > <a href = \"https:\/\/us.edu.pl\/wydzial\/wpia\/komunikaty\/kancelaria-adwokacka-radoslawa-paulewicza-w-katowicach-3\/\" style=\"color:\"> Kancelaria Adwokacka Rados\u0142awa Paulewicza w Katowicach <\/a > <\/li > <li > <a href = \"https:\/\/us.edu.pl\/wydzial\/wpia\/komunikaty\/ggg-kancelaria-radcy-prawnego-dr-jacek-gorczynski-gliwice-ustron\/\" style=\"color:\"> GGG Kancelaria Radcy Prawnego dr Jacek Gorczy\u0144ski &#8211; Gliwice, Ustro\u0144 <\/a > <\/li > <li > <a href = \"https:\/\/us.edu.pl\/wydzial\/wpia\/komunikaty\/kancelaria-adwokacka-adwokatow-natalii-gierczyckiej-i-marty-krajewskiej-w-katowicach\/\" style=\"color:\"> Kancelaria Adwokacka adwokat\u00f3w Natalii Gierczyckiej i Marty Krajewskiej w\u00a0Katowicach <\/a > <\/li > <li > <a href = \"https:\/\/us.edu.pl\/wydzial\/wpia\/komunikaty\/kancelaria-radcy-prawnego-zbigniewa-rogowskiego-bis-law-w-katowicach\/\" style=\"color:\"> Kancelaria Radcy Prawnego Zbigniewa Rogowskiego BIS LAW w Katowicach <\/a > <\/li > <li > <a href = \"https:\/\/us.edu.pl\/wydzial\/wpia\/komunikaty\/english-kancelarie-jkm-spolka-partnerska-radcow-prawnych-krol-mura-skrypko-stajer-mura-w-katowicach-praktyki-platne\/\" style=\"color:\"> Kancelaria JKM Sp\u00f3\u0142ka Partnerska Radc\u00f3w Prawnych Kr\u00f3l-Mura Skrypko Stajer Mura w Katowicach &#8211; praktyki p\u0142atne <\/a > <\/li > <li > <a href = \"https:\/\/us.edu.pl\/wydzial\/wpia\/komunikaty\/kancelaria-adwokacka-adwokat-michal-zientek-rybnik\/\" style=\"color:\"> Kancelaria Adwokacka Adwokat Micha\u0142 Zientek &#8211; Rybnik <\/a > <\/li > <li > <a href = \"https:\/\/us.edu.pl\/wydzial\/wpia\/komunikaty\/aventum-kancelaria-prawna-radcow-prawnych-i-adwokatow-malik-pokoj-i-partnerzy-sp-p-katowice\/\" style=\"color:\"> AVENTUM Kancelaria Prawna Radc\u00f3w Prawnych i Adwokat\u00f3w Malik, Pokoj i Partnerzy Sp.p. &#8211; Katowice <\/a > <\/li > <li > <a href = \"https:\/\/us.edu.pl\/wydzial\/wpia\/komunikaty\/kancelaria-adwokacka-z-siedziba-w-centrum-katowic\/\" style=\"color:\"> Kancelaria Adwokacka z siedzib\u0105 w centrum Katowic <\/a > <\/li > <li > <a href = \"https:\/\/us.edu.pl\/wydzial\/wpia\/komunikaty\/kancelaria-notarialna-w-katowicach\/\" style=\"color:\"> Kancelaria Notarialna w Katowicach <\/a > <\/li > <li > <a href = \"https:\/\/us.edu.pl\/wydzial\/wpia\/komunikaty\/komornik-sadowy-przy-sadzie-rejonowym-w-cieszynie-magdalena-duffek-lewowska\/\" style=\"color:\"> Komornik S\u0105dowy przy S\u0105dzie Rejonowym w Cieszynie Magdalena Duffek-Lewowska <\/a > <\/li > <li > <a href = \"https:\/\/us.edu.pl\/wydzial\/wpia\/komunikaty\/lexnord-dorota-pilarczyk-i-wspolpracownicy-spolka-komandytowo-akcyjna-z-siedziba-w-katowicach\/\" style=\"color:\"> LEXNORD Dorota Pilarczyk i Wsp\u00f3\u0142pracownicy sp\u00f3\u0142ka komandytowo-akcyjna z siedzib\u0105 w Katowicach <\/a > <\/li > <li > <a href = \"https:\/\/us.edu.pl\/wydzial\/wpia\/komunikaty\/kancelaria-radcow-prawnych-i-adwokatow-mlegis-musial-mniszek-w-chorzowie-2\/\" style=\"color:\"> Kancelaria Radc\u00f3w Prawnych I Adwokat\u00f3w Mlegis Musia\u0142, Mniszek w Chorzowie <\/a > <\/li > <li > <a href = \"https:\/\/us.edu.pl\/wydzial\/wpia\/komunikaty\/praktyki-studenckie-specjalista-ds-administracyjno-biurowych\/\" style=\"color:\"> Praktyki studenckie Specjalista ds. Administracyjno-biurowych <\/a > <\/li > <li > <a href = \"https:\/\/us.edu.pl\/wydzial\/wpia\/komunikaty\/oferta-platnych-praktyk-kancelaria-kubisa-banasik-wysocka-spolka-partnerska-radcow-prawnych-w-katowicach\/\" style=\"color:\"> OFERTA P\u0141ATNYCH PRAKTYK &#8211; Kancelaria Kubisa, Banasik, Wysocka \u2013 Sp\u00f3\u0142ka Partnerska Radc\u00f3w Prawnych w Katowicach <\/a > <\/li > <li > <a href = \"https:\/\/us.edu.pl\/wydzial\/wpia\/komunikaty\/kancelaria-radcy-prawnego-rafal-kolano-w-katowicach-2\/\" style=\"color:\"> Kancelaria Radcy Prawnego Rafa\u0142 Kolano w Katowicach <\/a > <\/li > <li > <a href = \"https:\/\/us.edu.pl\/wydzial\/wpia\/komunikaty\/kancelaria-aventum-malik-pokoj-i-partnerzy-sp-p-w-katowicach-praktyki-wakacyjne\/\" style=\"color:\"> Kancelaria AVENTUM Malik, Pokoj i Partnerzy Sp. P. w Katowicach &#8211; praktyki wakacyjne <\/a > <\/li > <li > <a href = \"https:\/\/us.edu.pl\/wydzial\/wpia\/komunikaty\/komornik-sadowy-przy-sadzie-rejonowym-katowice-wschod-w-katowicach-agata-marchaj-2\/\" style=\"color:\"> Komornik S\u0105dowy przy S\u0105dzie Rejonowym Katowice-Wsch\u00f3d w Katowicach Agata Marchaj <\/a > <\/li > <li > <a href = \"https:\/\/us.edu.pl\/wydzial\/wpia\/komunikaty\/kancelarie-jkm-spolka-partnerska-radcow-prawnych-krol-mura-skrypko-stajer-mura-w-katowicach\/\" style=\"color:\"> Kancelari\u0119 JKM Sp\u00f3\u0142ka Partnerska Radc\u00f3w Prawnych Kr\u00f3l-Mura Skrypko Stajer Mura w Katowicach <\/a > <\/li > <li > <a href = \"https:\/\/us.edu.pl\/wydzial\/wpia\/komunikaty\/prawo-energetyczne-i-prawo-ochrony-srodowiska-kpmg-law-w-katowicach\/\" style=\"color:\"> Prawo energetyczne i prawo ochrony \u015brodowiska &#8211; KPMG Law w Katowicach <\/a > <\/li > <li > <a href = \"https:\/\/us.edu.pl\/wydzial\/wpia\/komunikaty\/kancelaria-adwokatow-jakub-banasik-michal-hassa-tomasz-banasik\/\" style=\"color:\"> Kancelaria adwokat\u00f3w JAKUB BANASIK,  MICHA\u0141 HASSA, TOMASZ BANASIK <\/a > <\/li > <li > <a href = \"https:\/\/us.edu.pl\/wydzial\/wpia\/komunikaty\/kancelaria-adwokacka-bhb\/\" style=\"color:\"> KANCELARIA ADWOKACKA BHB <\/a > <\/li > <\/ul><\/div>\r\n\t\t\t\t\t\t\t\t\t<\/div>\r\n\t\t\t\t\t\t\t\t<\/div>[\/vc_column][\/vc_row][vc_row][vc_column width=&#8221;1\/3&#8243;][\/vc_column][vc_column width=&#8221;1\/3&#8243;][\/vc_column][vc_column width=&#8221;1\/3&#8243;][vc_btn title=&#8221;Powr\u00f3t&#8221; color=&#8221;sky&#8221; align=&#8221;right&#8221; link=&#8221;url:https%3A%2F%2Fus.edu.pl%2Fwydzial%2Fwpia%2Fogloszenia-praktyki-i-praca%2F|||&#8221;][\/vc_column][\/vc_row][vc_column][\/vc_column]<\/p>\n<style type=\"text\/css\">a[data-mtli~=\"mtli_filesize154,39kB\"]:after {content:\" (154,39 kB)\"}<\/style>","protected":false},"excerpt":{"rendered":"<p>[vc_row][vc_column][\/vc_column][\/vc_row][vc_row][vc_column width=&#8221;1\/3&#8243;][\/vc_column][vc_column width=&#8221;1\/3&#8243;][\/vc_column][vc_column width=&#8221;1\/3&#8243;][vc_btn title=&#8221;Powr\u00f3t&#8221; color=&#8221;sky&#8221; align=&#8221;right&#8221; link=&#8221;url:https%3A%2F%2Fus.edu.pl%2Fwydzial%2Fwpia%2Fogloszenia-praktyki-i-praca%2F|||&#8221;][\/vc_column][\/vc_row][vc_column][\/vc_column] [&#8230;]<\/p>\n<p><a class=\"btn btn-secondary understrap-read-more-link\" href=\"https:\/\/us.edu.pl\/wydzial\/wpia\/student\/ogloszenia-wpia\/ogloszenia-praktyki-i-praca\/oferta-praktyk\/\">Read More&#8230;<\/a><\/p>\n","protected":false},"author":3414,"featured_media":0,"parent":5424,"menu_order":0,"comment_status":"closed","ping_status":"closed","template":"page-templates\/inner-page.php","meta":{"_expiration-date-status":"","_expiration-date":0,"_expiration-date-type":"","_expiration-date-categories":[],"_expiration-date-options":[]},"acf":[],"_links":{"self":[{"href":"https:\/\/us.edu.pl\/wydzial\/wpia\/wp-json\/wp\/v2\/pages\/5667"}],"collection":[{"href":"https:\/\/us.edu.pl\/wydzial\/wpia\/wp-json\/wp\/v2\/pages"}],"about":[{"href":"https:\/\/us.edu.pl\/wydzial\/wpia\/wp-json\/wp\/v2\/types\/page"}],"author":[{"embeddable":true,"href":"https:\/\/us.edu.pl\/wydzial\/wpia\/wp-json\/wp\/v2\/users\/3414"}],"replies":[{"embeddable":true,"href":"https:\/\/us.edu.pl\/wydzial\/wpia\/wp-json\/wp\/v2\/comments?post=5667"}],"version-history":[{"count":11,"href":"https:\/\/us.edu.pl\/wydzial\/wpia\/wp-json\/wp\/v2\/pages\/5667\/revisions"}],"predecessor-version":[{"id":196995,"href":"https:\/\/us.edu.pl\/wydzial\/wpia\/wp-json\/wp\/v2\/pages\/5667\/revisions\/196995"}],"up":[{"embeddable":true,"href":"https:\/\/us.edu.pl\/wydzial\/wpia\/wp-json\/wp\/v2\/pages\/5424"}],"wp:attachment":[{"href":"https:\/\/us.edu.pl\/wydzial\/wpia\/wp-json\/wp\/v2\/media?parent=5667"}],"curies":[{"name":"wp","href":"https:\/\/api.w.org\/{rel}","templated":true}]}}