{"id":5690,"date":"2021-09-25T21:47:36","date_gmt":"2021-09-25T19:47:36","guid":{"rendered":"https:\/\/us.edu.pl\/wydzial\/wpia\/?page_id=5690"},"modified":"2026-03-12T08:18:10","modified_gmt":"2026-03-12T07:18:10","slug":"oferta-pracy","status":"publish","type":"page","link":"https:\/\/us.edu.pl\/wydzial\/wpia\/student\/ogloszenia-wpia\/ogloszenia-praktyki-i-praca\/oferta-pracy\/","title":{"rendered":"Oferty pracy"},"content":{"rendered":"<p>[vc_row][vc_column]\r\n                <div class=\"text-modules\">\r\n                    <div class=\"container\">\r\n                        <h3 class=\"page-title text__title\">Oferty pracy<\/h3>\r\n                        <div class=\"text-modules__content\"><p>Konkursu na stanowisko asystenta s\u0119dziego w S\u0105dzie Rejonowym w Zabrzu:<\/p>\n<ol>\n<li><a href=\"https:\/\/us.edu.pl\/wydzial\/wpia\/wp-content\/uploads\/sites\/19\/Ogloszenia-praca\/SKADR.1101.5.2026-Zalacznik-1-Ogloszenie-o-konkursie.pdf\" class=\"mtli_attachment mtli_pdf\" data-mtli=\"mtli_filesize1,96MB\" class=\"mtli_attachment mtli_pdf\" data-mtli=\"mtli_filesize1,96MB\">Og\u0142oszenie o konkursie<\/a><\/li>\n<li><a href=\"https:\/\/us.edu.pl\/wydzial\/wpia\/wp-content\/uploads\/sites\/19\/Ogloszenia-praca\/SKADR.1101.5.2026-Informacja-dla-kandydata-o-procedurze-zgloszen-wewnetrznych.pdf\" class=\"mtli_attachment mtli_pdf\" data-mtli=\"mtli_filesize496,30kB\" class=\"mtli_attachment mtli_pdf\" data-mtli=\"mtli_filesize496,30kB\">Informacja dla kandydata o procedurze zg\u0142osze\u0144 wewn\u0119trznych<\/a><\/li>\n<li><a href=\"https:\/\/us.edu.pl\/wydzial\/wpia\/wp-content\/uploads\/sites\/19\/Ogloszenia-praca\/SKADR.1101.5.2026-Zakres-materialu-objetego-testem-i-praca-pisemna-na-konkursie.pdf\" class=\"mtli_attachment mtli_pdf\" data-mtli=\"mtli_filesize402,01kB\" class=\"mtli_attachment mtli_pdf\" data-mtli=\"mtli_filesize402,01kB\">Zakres materia\u0142u obj\u0119tego testem i prac\u0105 pisemn\u0105 na konkursie<\/a><\/li>\n<li><a href=\"https:\/\/us.edu.pl\/wydzial\/wpia\/wp-content\/uploads\/sites\/19\/Ogloszenia-praca\/SKADR.1101.5.2026-Zarzadzenie-w-sprawie-konkursu-na-stanowisko-asystenta-sedziego.pdf\" class=\"mtli_attachment mtli_pdf\" data-mtli=\"mtli_filesize493,00kB\" class=\"mtli_attachment mtli_pdf\" data-mtli=\"mtli_filesize493,00kB\">Zarz\u0105dzenie w sprawie konkursu na stanowisko asystenta s\u0119dziego<\/a><\/li>\n<\/ol>\n<ul>\n<li>\u00a0termin sk\u0142adania ofert do <strong>08 kwietnia 2026r.\u00a0<\/strong><\/li>\n<\/ul>\n<p>&nbsp;<\/p>\n<p><a href=\"https:\/\/us.edu.pl\/wydzial\/wpia\/wp-content\/uploads\/sites\/19\/Praktyki\/Kancelaria-Radcow-Prawnych-Lebelt-w-Katowicach-praktyki-odplatne.pdf\" class=\"mtli_attachment mtli_pdf\" data-mtli=\"mtli_filesize154,39kB\" class=\"mtli_attachment mtli_pdf\" data-mtli=\"mtli_filesize154,39kB\">Odp\u0142atne praktyki &#8211; Kancelaria Radc\u00f3w Prawnych Lebelt w Katowicach<\/a><\/p>\n<p><a href=\"https:\/\/us.edu.pl\/wydzial\/wpia\/wp-content\/uploads\/sites\/19\/Ogloszenia-praca\/Radca-Prawny-i-Doradca-Restrukturyzacyjny-Jaroslaw-Stepniewski-Gliwice-praca-3.pdf\" class=\"mtli_attachment mtli_pdf\" data-mtli=\"mtli_filesize617,68kB\" class=\"mtli_attachment mtli_pdf\" data-mtli=\"mtli_filesize617,68kB\">Radca Prawny i Doradca Restrukturyzacyjny Jaros\u0142aw St\u0119pniewski w Gliwicach &#8211; stanowisko \u201eaplikant radcowski\/prawnik\/specjalista ds. konsumenckich\u201d<\/a><\/p>\n<p>\n<style type=\"text\/css\">a[data-mtli~=\"mtli_filesize1,96MB\"]:after {content:\" (1,96 MB)\"}a[data-mtli~=\"mtli_filesize496,30kB\"]:after {content:\" (496,30 kB)\"}a[data-mtli~=\"mtli_filesize402,01kB\"]:after {content:\" (402,01 kB)\"}a[data-mtli~=\"mtli_filesize493,00kB\"]:after {content:\" (493,00 kB)\"}a[data-mtli~=\"mtli_filesize154,39kB\"]:after {content:\" (154,39 kB)\"}a[data-mtli~=\"mtli_filesize617,68kB\"]:after {content:\" (617,68 kB)\"}<\/style><\/div>\r\n                    <\/div>\r\n                <\/div>  <div class=\"announcements-wrap\"> \r\n\t\t\t\t\t\t\t\t\t<div class=\"announcements announcements_1\" style=\"background-color:\">\r\n                                <div class=\"section-title\">Komunikaty<\/div>\r\n                                \r\n                                <style>.fzhqie.angle-list > li::before{color:  !important}<\/style><div class=\"d-flex flex-wrap\"><ul class=\"angle-list fzhqie\" ><li > <a href = \"https:\/\/us.edu.pl\/wydzial\/wpia\/komunikaty\/kancelaria-law-city-w-katowicach-platne-praktyki\/\" style=\"color:\"> Kancelaria Law City w Katowicach &#8211; p\u0142atne praktyki <\/a > <\/li > <li > <a href = \"https:\/\/us.edu.pl\/wydzial\/wpia\/komunikaty\/kancelaria-notarialna-maciej-wrobel-w-katowicach\/\" style=\"color:\"> Kancelaria Notarialna Maciej Wr\u00f3bel w Katowicach <\/a > <\/li > <li > <a href = \"https:\/\/us.edu.pl\/wydzial\/wpia\/komunikaty\/zbigniew-kazibudzki-premier-f-p-przestrzen-dla-twojego-biznesu-bedzin\/\" style=\"color:\"> Zbigniew Kazibudzki PREMIER F.P. \u2013 Przestrze\u0144 dla Twojego Biznesu &#8211; B\u0119dzin <\/a > <\/li > <li > <a href = \"https:\/\/us.edu.pl\/wydzial\/wpia\/komunikaty\/kancelaria-adwokacka-berger-legal-bielsko-biala-praktyka-platna\/\" style=\"color:\"> Kancelaria Adwokacka Berger Legal &#8211; Bielsko-Bia\u0142a &#8211; praktyka p\u0142atna <\/a > <\/li > <li > <a href = \"https:\/\/us.edu.pl\/wydzial\/wpia\/komunikaty\/kancelaria-adwokacka-radoslawa-paulewicza-w-katowicach\/\" style=\"color:\"> Kancelaria Adwokacka Rados\u0142awa Paulewicza w Katowicach <\/a > <\/li > <li > <a href = \"https:\/\/us.edu.pl\/wydzial\/wpia\/komunikaty\/torite-spolka-doradztwa-podatkowego-sp-zo-o-w-katowicach\/\" style=\"color:\"> Torite Sp\u00f3\u0142ka Doradztwa Podatkowego Sp.zo.o. w Katowicach <\/a > <\/li > <li > <a href = \"https:\/\/us.edu.pl\/wydzial\/wpia\/komunikaty\/kancelaria-kntm-koza-nessmann-i-partnerzy-spolka-partnerska-zatrudni-aplikantke-radcowska-aplikanta-radcowskiego\/\" style=\"color:\"> Kancelaria KNTM Koza Nessmann i Partnerzy sp\u00f3\u0142ka partnerska zatrudni aplikantk\u0119 radcowsk\u0105\/aplikanta radcowskiego <\/a > <\/li > <li > <a href = \"https:\/\/us.edu.pl\/wydzial\/wpia\/komunikaty\/kancelaria-adwokacka-adwokat-maciej-podgorski-w-pszczynie\/\" style=\"color:\"> Kancelaria Adwokacka Adwokat Maciej Podg\u00f3rski w Pszczynie <\/a > <\/li > <li > <a href = \"https:\/\/us.edu.pl\/wydzial\/wpia\/komunikaty\/sliwowski-i-nowak-adwokaci-i-doradcy-podatkowi-s-k-a-w-katowicach\/\" style=\"color:\"> \u015aliwowski i Nowak Adwokaci i Doradcy Podatkowi S.K.A. w Katowicach <\/a > <\/li > <li > <a href = \"https:\/\/us.edu.pl\/wydzial\/wpia\/komunikaty\/kancelaria-meld-jodlowski-szczawinski-i-partnerzy-radcowie-prawni-i-adwokaci-w-katowicach\/\" style=\"color:\"> Kancelaria MELD Jod\u0142owski Szczawi\u0144ski i Partnerzy Radcowie Prawni i Adwokaci w Katowicach <\/a > <\/li > <li > <a href = \"https:\/\/us.edu.pl\/wydzial\/wpia\/komunikaty\/kancelaria-notarialna-w-wodzislawiu-slaskim-odplatne-praktyki\/\" style=\"color:\"> Kancelaria Notarialna w Wodzis\u0142awiu \u015al\u0105skim &#8211; odp\u0142atne praktyki <\/a > <\/li > <li > <a href = \"https:\/\/us.edu.pl\/wydzial\/wpia\/komunikaty\/kancelaria-radcy-prawnego-katarzyna-podyma-z-siedziba-w-katowicach-2\/\" style=\"color:\"> Kancelaria Radcy Prawnego Katarzyna Podyma z siedzib\u0105 w Katowicach <\/a > <\/li > <li > <a href = \"https:\/\/us.edu.pl\/wydzial\/wpia\/komunikaty\/195659\/\" style=\"color:\"> Kancelaria Bonalski Witkowska Restrukturyzacje Sp. z o.o. w Katowicach <\/a > <\/li > <li > <a href = \"https:\/\/us.edu.pl\/wydzial\/wpia\/komunikaty\/perspes-kancelaria-adwokacka-w-katowicach\/\" style=\"color:\"> PERSPES Kancelaria Adwokacka w Katowicach <\/a > <\/li > <li > <a href = \"https:\/\/us.edu.pl\/wydzial\/wpia\/komunikaty\/adwokat-agnieszka-januszek-kancelaria-adwokacka-olkusz\/\" style=\"color:\"> Adwokat Agnieszka Januszek \u2013 Kancelaria Adwokacka Olkusz <\/a > <\/li > <li > <a href = \"https:\/\/us.edu.pl\/wydzial\/wpia\/komunikaty\/kancelaria-prawa-restrukturyzacyjnego-i-upadlosciowego-jacek-pietrzela-w-gliwicach\/\" style=\"color:\"> Kancelaria Prawa Restrukturyzacyjnego i Upad\u0142o\u015bciowego Jacek Pietrzela w Gliwicach <\/a > <\/li > <li > <a href = \"https:\/\/us.edu.pl\/wydzial\/wpia\/komunikaty\/torite-spolka-doradztwa-podatkowego-sp-z-o-o-z-siedziba-w-katowicach-nawiaze-stala-wspolprace-z-aplikant-adwokacki-aplikant-radcowski-asystent-doradcy-podatkowego-prawnik\/\" style=\"color:\"> Torite Sp\u00f3\u0142ka Doradztwa Podatkowego Sp. z o.o. z siedzib\u0105 w Katowicach &#8211; nawi\u0105\u017ce sta\u0142\u0105 wsp\u00f3\u0142prac\u0119 z Aplikant adwokacki \/ Aplikant radcowski \/Asystent Doradcy podatkowego \/ Prawnik <\/a > <\/li > <li > <a href = \"https:\/\/us.edu.pl\/wydzial\/wpia\/komunikaty\/kancelaria-radcow-prawnych-wysocki-zawiejski-spolka-partnerska\/\" style=\"color:\"> Kancelaria Radc\u00f3w Prawnych Wysocki Zawiejski Sp\u00f3\u0142ka Partnerska <\/a > <\/li > <li > <a href = \"https:\/\/us.edu.pl\/wydzial\/wpia\/komunikaty\/lorica-iuris-kancelaria-adwokatow-i-radcow-prawnych-ciecierski-rak-spolka-komandytowa\/\" style=\"color:\"> Lorica Iuris Kancelaria Adwokat\u00f3w i Radc\u00f3w Prawnych Ciecierski Rak Sp\u00f3\u0142ka Komandytowa <\/a > <\/li > <li > <a href = \"https:\/\/us.edu.pl\/wydzial\/wpia\/komunikaty\/komornik-sadowy-przy-sadzie-rejonowym-w-bielsku-bialej-rafal-lyszczek-zatrudni-pracownika-biurowego-aplikanta\/\" style=\"color:\"> Komornik S\u0105dowy przy S\u0105dzie Rejonowym w Bielsku-Bia\u0142ej Rafa\u0142 \u0141yszczek zatrudni pracownika biurowego\/aplikanta <\/a > <\/li > <li > <a href = \"https:\/\/us.edu.pl\/wydzial\/wpia\/komunikaty\/kancelaria-prawnicza-chrzanow-oferta-wspolpracy\/\" style=\"color:\"> Kancelaria Prawnicza, Chrzan\u00f3w &#8211; oferta wsp\u00f3\u0142pracy <\/a > <\/li > <li > <a href = \"https:\/\/us.edu.pl\/wydzial\/wpia\/komunikaty\/kancelaria-radcy-prawnego-wojciech-dancewicz-knurow\/\" style=\"color:\"> Kancelaria Radcy Prawnego Wojciech Dancewicz Knur\u00f3w <\/a > <\/li > <li > <a href = \"https:\/\/us.edu.pl\/wydzial\/wpia\/komunikaty\/kancelaria-radcy-prawnego-grzegorz-nawrot-czeladz-mlodszy-asystent-praktykant\/\" style=\"color:\"> Kancelaria Radcy Prawnego Grzegorz Nawrot &#8211; Czelad\u017a &#8211; m\u0142odszy asystent \/ praktykant <\/a > <\/li > <li > <a href = \"https:\/\/us.edu.pl\/wydzial\/wpia\/komunikaty\/kancelaria-notarialna-zuzanna-wojtaszek-balazinska-kinga-bednarz-wysocka-s-c-katowice\/\" style=\"color:\"> Kancelaria Notarialna Zuzanna Wojtaszek \u2013 Ba\u0142azi\u0144ska, Kinga Bednarz-Wysocka s.c. &#8211; Katowice <\/a > <\/li > <li > <a href = \"https:\/\/us.edu.pl\/wydzial\/wpia\/komunikaty\/ggg-kancelaria-radcy-prawnego-dr-jacek-gorczynski-gliwice-ustron\/\" style=\"color:\"> GGG Kancelaria Radcy Prawnego dr Jacek Gorczy\u0144ski &#8211; Gliwice, Ustro\u0144 <\/a > <\/li > <li > <a href = \"https:\/\/us.edu.pl\/wydzial\/wpia\/komunikaty\/kancelaria-adwokacka-adwokatow-natalii-gierczyckiej-i-marty-krajewskiej-w-katowicach\/\" style=\"color:\"> Kancelaria Adwokacka adwokat\u00f3w Natalii Gierczyckiej i Marty Krajewskiej w\u00a0Katowicach <\/a > <\/li > <li > <a href = \"https:\/\/us.edu.pl\/wydzial\/wpia\/komunikaty\/kancelaria-radcy-prawnego-zbigniewa-rogowskiego-bis-law-w-katowicach\/\" style=\"color:\"> Kancelaria Radcy Prawnego Zbigniewa Rogowskiego BIS LAW w Katowicach <\/a > <\/li > <li > <a href = \"https:\/\/us.edu.pl\/wydzial\/wpia\/komunikaty\/english-kancelarie-jkm-spolka-partnerska-radcow-prawnych-krol-mura-skrypko-stajer-mura-w-katowicach-praktyki-platne\/\" style=\"color:\"> Kancelaria JKM Sp\u00f3\u0142ka Partnerska Radc\u00f3w Prawnych Kr\u00f3l-Mura Skrypko Stajer Mura w Katowicach &#8211; praktyki p\u0142atne <\/a > <\/li > <li > <a href = \"https:\/\/us.edu.pl\/wydzial\/wpia\/komunikaty\/kancelaria-adwokacka-adwokat-michal-zientek-rybnik\/\" style=\"color:\"> Kancelaria Adwokacka Adwokat Micha\u0142 Zientek &#8211; Rybnik <\/a > <\/li > <li > <a href = \"https:\/\/us.edu.pl\/wydzial\/wpia\/komunikaty\/aventum-kancelaria-prawna-radcow-prawnych-i-adwokatow-malik-pokoj-i-partnerzy-sp-p-katowice\/\" style=\"color:\"> AVENTUM Kancelaria Prawna Radc\u00f3w Prawnych i Adwokat\u00f3w Malik, Pokoj i Partnerzy Sp.p. &#8211; Katowice <\/a > <\/li > <li > <a href = \"https:\/\/us.edu.pl\/wydzial\/wpia\/komunikaty\/lexnord-dorota-pilarczyk-i-wspolpracownicy-spolka-komandytowo-akcyjna-z-siedziba-w-katowicach\/\" style=\"color:\"> LEXNORD Dorota Pilarczyk i Wsp\u00f3\u0142pracownicy sp\u00f3\u0142ka komandytowo-akcyjna z siedzib\u0105 w Katowicach <\/a > <\/li > <li > <a href = \"https:\/\/us.edu.pl\/wydzial\/wpia\/komunikaty\/oferta-pracy-stanowisko-asystent-prawny\/\" style=\"color:\"> OFERTA PRACY STANOWISKO: ASYSTENT PRAWNY <\/a > <\/li > <li > <a href = \"https:\/\/us.edu.pl\/wydzial\/wpia\/komunikaty\/kancelaria-adwokatow-jakub-banasik-michal-hassa-tomasz-banasik\/\" style=\"color:\"> Kancelaria adwokat\u00f3w JAKUB BANASIK,  MICHA\u0141 HASSA, TOMASZ BANASIK <\/a > <\/li > <\/ul><\/div>\r\n\t\t\t\t\t\t\t\t\t<\/div>\r\n\t\t\t\t\t\t\t\t<\/div>[\/vc_column][\/vc_row][vc_row][vc_column width=&#8221;1\/3&#8243;][\/vc_column][vc_column width=&#8221;1\/3&#8243;][\/vc_column][vc_column width=&#8221;1\/3&#8243;][vc_btn title=&#8221;Powr\u00f3t&#8221; color=&#8221;sky&#8221; link=&#8221;url:https%3A%2F%2Fus.edu.pl%2Fwydzial%2Fwpia%2Fogloszenia-praktyki-i-praca%2F|||&#8221;][\/vc_column][\/vc_row][vc_row][\/vc_row][vc_column][\/vc_column][vc_column_text]<\/p>\n<p>I am text block. Click edit button to change this text. Lorem ipsum dolor sit amet, consectetur adipiscing elit. Ut elit tellus, luctus nec ullamcorper mattis, pulvinar dapibus leo.<\/p>\n<p>[\/vc_column_text]<\/p>\n<style type=\"text\/css\">a[data-mtli~=\"mtli_filesize1,96MB\"]:after {content:\" (1,96 MB)\"}a[data-mtli~=\"mtli_filesize496,30kB\"]:after {content:\" (496,30 kB)\"}a[data-mtli~=\"mtli_filesize402,01kB\"]:after {content:\" (402,01 kB)\"}a[data-mtli~=\"mtli_filesize493,00kB\"]:after {content:\" (493,00 kB)\"}a[data-mtli~=\"mtli_filesize154,39kB\"]:after {content:\" (154,39 kB)\"}a[data-mtli~=\"mtli_filesize617,68kB\"]:after {content:\" (617,68 kB)\"}<\/style>","protected":false},"excerpt":{"rendered":"<p>[vc_row][vc_column][\/vc_column][\/vc_row][vc_row][vc_column width=&#8221;1\/3&#8243;][\/vc_column][vc_column width=&#8221;1\/3&#8243;][\/vc_column][vc_column width=&#8221;1\/3&#8243;][vc_btn title=&#8221;Powr\u00f3t&#8221; color=&#8221;sky&#8221; link=&#8221;url:https%3A%2F%2Fus.edu.pl%2Fwydzial%2Fwpia%2Fogloszenia-praktyki-i-praca%2F|||&#8221;][\/vc_column][\/vc_row][vc_row][\/vc_row][vc_column][\/vc_column][vc_column_text] I am text block. Click edit button to change this text. Lorem ipsum dolor sit amet, consectetur adipiscing elit. Ut elit tellus, luctus nec ullamcorper mattis, pulvinar dapibus leo. [\/vc_column_text] [&#8230;]<\/p>\n<p><a class=\"btn btn-secondary understrap-read-more-link\" href=\"https:\/\/us.edu.pl\/wydzial\/wpia\/student\/ogloszenia-wpia\/ogloszenia-praktyki-i-praca\/oferta-pracy\/\">Read More&#8230;<\/a><\/p>\n","protected":false},"author":3414,"featured_media":0,"parent":5424,"menu_order":0,"comment_status":"closed","ping_status":"closed","template":"page-templates\/inner-page.php","meta":{"_expiration-date-status":"","_expiration-date":0,"_expiration-date-type":"","_expiration-date-categories":[],"_expiration-date-options":[]},"acf":[],"_links":{"self":[{"href":"https:\/\/us.edu.pl\/wydzial\/wpia\/wp-json\/wp\/v2\/pages\/5690"}],"collection":[{"href":"https:\/\/us.edu.pl\/wydzial\/wpia\/wp-json\/wp\/v2\/pages"}],"about":[{"href":"https:\/\/us.edu.pl\/wydzial\/wpia\/wp-json\/wp\/v2\/types\/page"}],"author":[{"embeddable":true,"href":"https:\/\/us.edu.pl\/wydzial\/wpia\/wp-json\/wp\/v2\/users\/3414"}],"replies":[{"embeddable":true,"href":"https:\/\/us.edu.pl\/wydzial\/wpia\/wp-json\/wp\/v2\/comments?post=5690"}],"version-history":[{"count":13,"href":"https:\/\/us.edu.pl\/wydzial\/wpia\/wp-json\/wp\/v2\/pages\/5690\/revisions"}],"predecessor-version":[{"id":196834,"href":"https:\/\/us.edu.pl\/wydzial\/wpia\/wp-json\/wp\/v2\/pages\/5690\/revisions\/196834"}],"up":[{"embeddable":true,"href":"https:\/\/us.edu.pl\/wydzial\/wpia\/wp-json\/wp\/v2\/pages\/5424"}],"wp:attachment":[{"href":"https:\/\/us.edu.pl\/wydzial\/wpia\/wp-json\/wp\/v2\/media?parent=5690"}],"curies":[{"name":"wp","href":"https:\/\/api.w.org\/{rel}","templated":true}]}}