{"id":726,"date":"2019-11-04T11:11:53","date_gmt":"2019-11-04T10:11:53","guid":{"rendered":"https:\/\/us.edu.pl\/wydzial\/wpia\/?page_id=726"},"modified":"2020-12-03T11:29:16","modified_gmt":"2020-12-03T10:29:16","slug":"galeria","status":"publish","type":"page","link":"https:\/\/us.edu.pl\/wydzial\/wpia\/wydzial\/galeria\/","title":{"rendered":"Galeria"},"content":{"rendered":"<p>[vc_row][vc_column]\r\n                <div class=\"text-modules\">\r\n                    <div class=\"container\">\r\n                        <h3 class=\"page-title text__title\">Galeria<\/h3>\r\n                        <div class=\"text-modules__content\"><\/div>\r\n                    <\/div>\r\n                <\/div>\n                <div class=\"multimedia-loop loop-section color-blue \" style=\"background: \">\n                    <div class=\"container\">\n                        <div class=\"multimedia-loop-top loop-section-top\">\n                \n                            <h2 class=\"section-title\"><\/h2><div class=\"multimedia-loop-top__right loop-section-top__right\">\n                                <a href=\"https:\/\/us.edu.pl\/wydzial\/wpia\/multimedia\/\" class=\"link-button \">Wszystko<\/a>\n                            <\/div><\/div><div class=\"multimedia-loop-main\">    \r\n                <a href=\"https:\/\/us.edu.pl\/wydzial\/wpia\/multimedia\/spotkanie-z-mgr-bogumila-jastrzebska-kierownik-dzialu-swiadczen-rodzinnych-i-alimentacyjnych-w-mops-w-katowicach\/\" class=\"multimedia-loop-post thumbnail carousel-slide multimedia-loop-post_big\"\r\n                    style=\"background-image: url('https:\/\/us.edu.pl\/wydzial\/wpia\/wp-content\/uploads\/sites\/19\/Bez-kategorii\/20260331_171445-1-scaled-e1775131544166.jpg')\">\r\n\r\n                    <div class=\"multimedia-loop-post__main\">\r\n                        wi\u0119cej\r\n                    <\/div>\r\n\r\n                    <div class=\"multimedia-loop-post__bottom\">\r\n                        <div class=\"multimedia-loop-post__title\">Spotkanie z mgr Bogumi\u0142\u0105 Jastrz\u0119bsk\u0105 &#8211; Kierownik Dzia\u0142u \u015awiadcze\u0144 Rodzinnych i Alimentacyjnych w MOPS w Katowicach<\/div>\r\n                    <\/div>\r\n                <\/a>    <div class=\"multimedia-loop-main-posts\">        \r\n                <a href=\"https:\/\/us.edu.pl\/wydzial\/wpia\/multimedia\/guest-lectures-spotkania-z-prof-angelo-viglianisi-ferraro\/\" class=\"multimedia-loop-post thumbnail carousel-slide multimedia-loop-post_middle\"\r\n                    style=\"background-image: url('https:\/\/us.edu.pl\/wydzial\/wpia\/wp-content\/uploads\/sites\/19\/Bez-kategorii\/Guest-Lecture-25.02.2026-fot.-5-scaled.jpg')\">\r\n\r\n                    <div class=\"multimedia-loop-post__main\">\r\n                        wi\u0119cej\r\n                    <\/div>\r\n\r\n                    <div class=\"multimedia-loop-post__bottom\">\r\n                        <div class=\"multimedia-loop-post__title\">Guest Lectures- spotkania z prof. Angelo Viglianisi Ferraro<\/div>\r\n                    <\/div>\r\n                <\/a>\r\n                <a href=\"https:\/\/us.edu.pl\/wydzial\/wpia\/multimedia\/targi-praktyk-i-pracy-2026\/\" class=\"multimedia-loop-post thumbnail carousel-slide multimedia-loop-post_small\"\r\n                    style=\"background-image: url('https:\/\/us.edu.pl\/wydzial\/wpia\/wp-content\/uploads\/sites\/19\/Bez-kategorii\/IMG20260119095024-scaled.jpg')\">\r\n\r\n                    <div class=\"multimedia-loop-post__main\">\r\n                        wi\u0119cej\r\n                    <\/div>\r\n\r\n                    <div class=\"multimedia-loop-post__bottom\">\r\n                        <div class=\"multimedia-loop-post__title\">Targi Praktyk i Pracy 2026<\/div>\r\n                    <\/div>\r\n                <\/a>\r\n                <a href=\"https:\/\/us.edu.pl\/wydzial\/wpia\/multimedia\/spotkanie-z-piotrem-krzyzowskim\/\" class=\"multimedia-loop-post thumbnail carousel-slide multimedia-loop-post_small\"\r\n                    style=\"background-image: url('https:\/\/us.edu.pl\/wydzial\/wpia\/wp-content\/uploads\/sites\/19\/Bez-kategorii\/FOT_Matylda-Klos-125-scaled.jpg')\">\r\n\r\n                    <div class=\"multimedia-loop-post__main\">\r\n                        wi\u0119cej\r\n                    <\/div>\r\n\r\n                    <div class=\"multimedia-loop-post__bottom\">\r\n                        <div class=\"multimedia-loop-post__title\">Spotkanie z Piotrem Krzy\u017cowskim<\/div>\r\n                    <\/div>\r\n                <\/a>\r\n                <a href=\"https:\/\/us.edu.pl\/wydzial\/wpia\/multimedia\/najbardziej-swiateczny-pokoj-wpia\/\" class=\"multimedia-loop-post thumbnail carousel-slide multimedia-loop-post_middle\"\r\n                    style=\"background-image: url('https:\/\/us.edu.pl\/wydzial\/wpia\/wp-content\/uploads\/sites\/19\/Bez-kategorii\/14.png')\">\r\n\r\n                    <div class=\"multimedia-loop-post__main\">\r\n                        wi\u0119cej\r\n                    <\/div>\r\n\r\n                    <div class=\"multimedia-loop-post__bottom\">\r\n                        <div class=\"multimedia-loop-post__title\">Najbardziej \u015awi\u0105teczny Pok\u00f3j WPiA<\/div>\r\n                    <\/div>\r\n                <\/a>    <\/div><\/div><div  class=\"multimedia-loop-main multimedia-loop-main_mobile carousel\">\n                            <a href=\"#\"   data-slide=\"prev\" class=\"arrow\">\n                                <em class=\"ci ci-arrow-left\"><\/em>\n                                <span class=\"d-none\">arrow<\/span>\n                            <\/a>\n               \n                            <a href=\"#\"  data-slide=\"next\" class=\"arrow\">\n                                <em class=\"ci ci-arrow-right\"><\/em>\n                                <span class=\"d-none\">arrow<\/span>\n                            <\/a>\n                \n                            <div class=\"row items\">        \r\n                <a href=\"https:\/\/us.edu.pl\/wydzial\/wpia\/multimedia\/spotkanie-z-mgr-bogumila-jastrzebska-kierownik-dzialu-swiadczen-rodzinnych-i-alimentacyjnych-w-mops-w-katowicach\/\" class=\"multimedia-loop-post thumbnail carousel-slide multimedia-loop-post_big\"\r\n                    style=\"background-image: url('https:\/\/us.edu.pl\/wydzial\/wpia\/wp-content\/uploads\/sites\/19\/Bez-kategorii\/20260331_171445-1-scaled-e1775131544166.jpg')\">\r\n\r\n                    <div class=\"multimedia-loop-post__main\">\r\n                        wi\u0119cej\r\n                    <\/div>\r\n\r\n                    <div class=\"multimedia-loop-post__bottom\">\r\n                        <div class=\"multimedia-loop-post__title\">Spotkanie z mgr Bogumi\u0142\u0105 Jastrz\u0119bsk\u0105 &#8211; Kierownik Dzia\u0142u \u015awiadcze\u0144 Rodzinnych i Alimentacyjnych w MOPS w Katowicach<\/div>\r\n                    <\/div>\r\n                <\/a>\r\n                <a href=\"https:\/\/us.edu.pl\/wydzial\/wpia\/multimedia\/guest-lectures-spotkania-z-prof-angelo-viglianisi-ferraro\/\" class=\"multimedia-loop-post thumbnail carousel-slide multimedia-loop-post_middle\"\r\n                    style=\"background-image: url('https:\/\/us.edu.pl\/wydzial\/wpia\/wp-content\/uploads\/sites\/19\/Bez-kategorii\/Guest-Lecture-25.02.2026-fot.-5-scaled.jpg')\">\r\n\r\n                    <div class=\"multimedia-loop-post__main\">\r\n                        wi\u0119cej\r\n                    <\/div>\r\n\r\n                    <div class=\"multimedia-loop-post__bottom\">\r\n                        <div class=\"multimedia-loop-post__title\">Guest Lectures- spotkania z prof. Angelo Viglianisi Ferraro<\/div>\r\n                    <\/div>\r\n                <\/a>\r\n                <a href=\"https:\/\/us.edu.pl\/wydzial\/wpia\/multimedia\/targi-praktyk-i-pracy-2026\/\" class=\"multimedia-loop-post thumbnail carousel-slide multimedia-loop-post_small\"\r\n                    style=\"background-image: url('https:\/\/us.edu.pl\/wydzial\/wpia\/wp-content\/uploads\/sites\/19\/Bez-kategorii\/IMG20260119095024-scaled.jpg')\">\r\n\r\n                    <div class=\"multimedia-loop-post__main\">\r\n                        wi\u0119cej\r\n                    <\/div>\r\n\r\n                    <div class=\"multimedia-loop-post__bottom\">\r\n                        <div class=\"multimedia-loop-post__title\">Targi Praktyk i Pracy 2026<\/div>\r\n                    <\/div>\r\n                <\/a>\r\n                <a href=\"https:\/\/us.edu.pl\/wydzial\/wpia\/multimedia\/spotkanie-z-piotrem-krzyzowskim\/\" class=\"multimedia-loop-post thumbnail carousel-slide multimedia-loop-post_small\"\r\n                    style=\"background-image: url('https:\/\/us.edu.pl\/wydzial\/wpia\/wp-content\/uploads\/sites\/19\/Bez-kategorii\/FOT_Matylda-Klos-125-scaled.jpg')\">\r\n\r\n                    <div class=\"multimedia-loop-post__main\">\r\n                        wi\u0119cej\r\n                    <\/div>\r\n\r\n                    <div class=\"multimedia-loop-post__bottom\">\r\n                        <div class=\"multimedia-loop-post__title\">Spotkanie z Piotrem Krzy\u017cowskim<\/div>\r\n                    <\/div>\r\n                <\/a>\r\n                <a href=\"https:\/\/us.edu.pl\/wydzial\/wpia\/multimedia\/najbardziej-swiateczny-pokoj-wpia\/\" class=\"multimedia-loop-post thumbnail carousel-slide multimedia-loop-post_middle\"\r\n                    style=\"background-image: url('https:\/\/us.edu.pl\/wydzial\/wpia\/wp-content\/uploads\/sites\/19\/Bez-kategorii\/14.png')\">\r\n\r\n                    <div class=\"multimedia-loop-post__main\">\r\n                        wi\u0119cej\r\n                    <\/div>\r\n\r\n                    <div class=\"multimedia-loop-post__bottom\">\r\n                        <div class=\"multimedia-loop-post__title\">Najbardziej \u015awi\u0105teczny Pok\u00f3j WPiA<\/div>\r\n                    <\/div>\r\n                <\/a>    <\/div><\/div>\n                    <\/div>\n                <\/div>[\/vc_column][\/vc_row]<\/p>","protected":false},"excerpt":{"rendered":"<p>[vc_row][vc_column][\/vc_column][\/vc_row] [&#8230;]<\/p>\n<p><a class=\"btn btn-secondary understrap-read-more-link\" href=\"https:\/\/us.edu.pl\/wydzial\/wpia\/wydzial\/galeria\/\">Read More&#8230;<\/a><\/p>\n","protected":false},"author":107,"featured_media":0,"parent":284,"menu_order":3,"comment_status":"closed","ping_status":"closed","template":"","meta":{"_expiration-date-status":"saved","_expiration-date":0,"_expiration-date-type":"","_expiration-date-categories":[],"_expiration-date-options":[]},"acf":[],"_links":{"self":[{"href":"https:\/\/us.edu.pl\/wydzial\/wpia\/wp-json\/wp\/v2\/pages\/726"}],"collection":[{"href":"https:\/\/us.edu.pl\/wydzial\/wpia\/wp-json\/wp\/v2\/pages"}],"about":[{"href":"https:\/\/us.edu.pl\/wydzial\/wpia\/wp-json\/wp\/v2\/types\/page"}],"author":[{"embeddable":true,"href":"https:\/\/us.edu.pl\/wydzial\/wpia\/wp-json\/wp\/v2\/users\/107"}],"replies":[{"embeddable":true,"href":"https:\/\/us.edu.pl\/wydzial\/wpia\/wp-json\/wp\/v2\/comments?post=726"}],"version-history":[{"count":3,"href":"https:\/\/us.edu.pl\/wydzial\/wpia\/wp-json\/wp\/v2\/pages\/726\/revisions"}],"predecessor-version":[{"id":3704,"href":"https:\/\/us.edu.pl\/wydzial\/wpia\/wp-json\/wp\/v2\/pages\/726\/revisions\/3704"}],"up":[{"embeddable":true,"href":"https:\/\/us.edu.pl\/wydzial\/wpia\/wp-json\/wp\/v2\/pages\/284"}],"wp:attachment":[{"href":"https:\/\/us.edu.pl\/wydzial\/wpia\/wp-json\/wp\/v2\/media?parent=726"}],"curies":[{"name":"wp","href":"https:\/\/api.w.org\/{rel}","templated":true}]}}