{"id":7820,"date":"2022-01-17T10:34:10","date_gmt":"2022-01-17T09:34:10","guid":{"rendered":"https:\/\/us.edu.pl\/wydzial\/wpia\/?page_id=7820"},"modified":"2026-03-24T12:18:42","modified_gmt":"2026-03-24T11:18:42","slug":"harmonogram-sesji","status":"publish","type":"page","link":"https:\/\/us.edu.pl\/wydzial\/wpia\/student\/harmonogramy\/harmonogram-sesji\/","title":{"rendered":"Harmonogram sesji"},"content":{"rendered":"<p>[vc_row][vc_column]\r\n                <div class=\"text-modules\">\r\n                    <div class=\"container\">\r\n                        <h3 class=\"page-title text__title\">Poprawkowa zimowa sesja egzaminacyjna 2025\/2026<\/h3>\r\n                        <div class=\"text-modules__content\"><\/div>\r\n                    <\/div>\r\n                <\/div>[\/vc_column][\/vc_row][vc_row content_placement=&#8221;middle&#8221;][vc_column][vc_tta_tabs style=&#8221;modern&#8221; color=&#8221;blue&#8221; spacing=&#8221;10&#8243; gap=&#8221;3&#8243; alignment=&#8221;center&#8221; active_section=&#8221;1&#8243; pagination_style=&#8221;flat-rounded&#8221; pagination_color=&#8221;sky&#8221; css_animation=&#8221;fadeIn&#8221;][vc_tta_section i_position=&#8221;right&#8221; i_icon_fontawesome=&#8221;fa fa-balance-scale&#8221; add_icon=&#8221;true&#8221; title=&#8221;Prawo&#8221; tab_id=&#8221;1629288916071-158a07b9-0405&#8243;][vc_btn title=&#8221;Stacjonarne i Niestacjonarne&#8221; color=&#8221;primary&#8221; size=&#8221;lg&#8221; align=&#8221;center&#8221; link=&#8221;url:https%3A%2F%2Fus.edu.pl%2Fwydzial%2Fwpia%2Fwp-content%2Fuploads%2Fsites%2F19%2FHarmonogramy%2FSesje%2FSZ-26%2FZimowa-sesja-egzaminacyjna-poprawkowa-2025_2026_prawo-S-i-N-8.pdf&#8221;][\/vc_tta_section][vc_tta_section i_position=&#8221;right&#8221; i_type=&#8221;material&#8221; i_icon_material=&#8221;vc-material vc-material-account_balance&#8221; add_icon=&#8221;true&#8221; title=&#8221;Administracja&#8221; tab_id=&#8221;1629288916083-01566bfe-557f&#8221;][vc_btn title=&#8221;Stacjonarne i Niestacjonarne&#8221; color=&#8221;primary&#8221; size=&#8221;lg&#8221; align=&#8221;center&#8221; link=&#8221;url:https%3A%2F%2Fus.edu.pl%2Fwydzial%2Fwpia%2Fwp-content%2Fuploads%2Fsites%2F19%2FHarmonogramy%2FSesje%2FSZ-26%2FZimowa-sesja-egzaminacyjna-poprawkowa-2025_2026_administracja-S-i-N-6.pdf&#8221;][\/vc_tta_section][vc_tta_section i_position=&#8221;right&#8221; i_icon_fontawesome=&#8221;fa fa-briefcase&#8221; add_icon=&#8221;true&#8221; title=&#8221;Przedsi\u0119biorczo\u015b\u0107&#8221; tab_id=&#8221;1629288938718-2cb71622-c3c5&#8243;][vc_btn title=&#8221;Stacjonarne&#8221; color=&#8221;primary&#8221; size=&#8221;lg&#8221; align=&#8221;center&#8221; link=&#8221;url:https%3A%2F%2Fus.edu.pl%2Fwydzial%2Fwpia%2Fwp-content%2Fuploads%2Fsites%2F19%2FHarmonogramy%2FSesje%2FSZ-26%2FZimowa-sesja-egzaminacyjna-poprawkowa-2025_2026-Przedsiebiorczosc.pdf&#8221;][\/vc_tta_section][vc_tta_section i_position=&#8221;right&#8221; i_icon_fontawesome=&#8221;fas fa-business-time&#8221; add_icon=&#8221;true&#8221; title=&#8221;Prawo w biznesie&#8221; tab_id=&#8221;1737704884293-1f92163f-c073&#8243;][vc_btn title=&#8221;Stacjonarne&#8221; color=&#8221;primary&#8221; size=&#8221;lg&#8221; align=&#8221;center&#8221; link=&#8221;url:https%3A%2F%2Fus.edu.pl%2Fwydzial%2Fwpia%2Fwp-content%2Fuploads%2Fsites%2F19%2FHarmonogramy%2FSesje%2FSZ-26%2FZimowa-sesja-egzaminacyjna-poprawkowa-2025_2026-Prawo-w-biznesie-1.pdf&#8221;][\/vc_tta_section][vc_tta_section i_position=&#8221;right&#8221; i_type=&#8221;entypo&#8221; i_icon_entypo=&#8221;entypo-icon entypo-icon-graduation-cap&#8221; add_icon=&#8221;true&#8221; title=&#8221;International Business Law and Arbitration&#8221; tab_id=&#8221;1629288988237-f09869e5-866f&#8221;][vc_btn title=&#8221;Stacjonarne&#8221; color=&#8221;primary&#8221; size=&#8221;lg&#8221; align=&#8221;center&#8221; link=&#8221;url:https%3A%2F%2Fus.edu.pl%2Fwydzial%2Fwpia%2Fwp-content%2Fuploads%2Fsites%2F19%2FHarmonogramy%2FSesje%2FSZ-26%2FZimowa-sesja-egzaminacyjna-poprawkowa-2025_2026_IBLA-3.pdf&#8221;][\/vc_tta_section][vc_tta_section i_position=&#8221;right&#8221; i_icon_fontawesome=&#8221;fa fa-envira&#8221; add_icon=&#8221;true&#8221; title=&#8221;Administrowanie \u015brodowiskiem&#8221; tab_id=&#8221;1629454070623-577c2364-ac07&#8243;][vc_btn title=&#8221;Stacjonarne&#8221; color=&#8221;primary&#8221; size=&#8221;lg&#8221; align=&#8221;center&#8221; link=&#8221;url:https%3A%2F%2Fus.edu.pl%2Fwydzial%2Fwpia%2Fwp-content%2Fuploads%2Fsites%2F19%2FHarmonogramy%2FSesje%2FSZ-26%2FZimowa-sesja-egzaminacyjna-poprawkowa-2025_2026_AS-1.pdf&#8221;][\/vc_tta_section][\/vc_tta_tabs][vc_btn title=&#8221;Dodatkowe terminy zg\u0142oszone przez egzaminator\u00f3w&#8221; color=&#8221;danger&#8221; size=&#8221;lg&#8221; align=&#8221;center&#8221; link=&#8221;url:https%3A%2F%2Fus.edu.pl%2Fwydzial%2Fwpia%2Fwp-content%2Fuploads%2Fsites%2F19%2FHarmonogramy%2Fdodatkowe-terminy-egzaminu-sesja-zimowa-25_26.xlsx&#8221;][\/vc_column][\/vc_row][vc_row content_placement=&#8221;middle&#8221; disable_element=&#8221;yes&#8221;][vc_column][vc_tta_tabs style=&#8221;modern&#8221; color=&#8221;blue&#8221; spacing=&#8221;10&#8243; gap=&#8221;3&#8243; alignment=&#8221;center&#8221; active_section=&#8221;1&#8243; pagination_style=&#8221;flat-rounded&#8221; pagination_color=&#8221;blue&#8221; css_animation=&#8221;fadeIn&#8221; no_fill_content_area=&#8221;true&#8221;][vc_tta_section i_position=&#8221;right&#8221; i_icon_fontawesome=&#8221;&#8221; add_icon=&#8221;true&#8221; tab_id=&#8221;1767952803301-2e3d0ddb-b39b&#8221; title=&#8221;Dodatkowe terminy&#8221;][vc_btn title=&#8221;Egzaminy przedterminowe sesja letnia 2025\/2026&#8243; color=&#8221;warning&#8221; size=&#8221;lg&#8221; align=&#8221;center&#8221;][\/vc_tta_section][\/vc_tta_tabs][\/vc_column][\/vc_row][vc_row disable_element=&#8221;yes&#8221;][vc_column]\r\n                <div class=\"text-modules\">\r\n                    <div class=\"container\">\r\n                        <h3 class=\"page-title text__title\">Letnia sesja egzaminacyjna 2024\/2025<\/h3>\r\n                        <div class=\"text-modules__content\"><\/div>\r\n                    <\/div>\r\n                <\/div>[\/vc_column][\/vc_row][vc_row content_placement=&#8221;middle&#8221; disable_element=&#8221;yes&#8221;][vc_column][vc_tta_tabs style=&#8221;modern&#8221; color=&#8221;green&#8221; spacing=&#8221;10&#8243; gap=&#8221;3&#8243; alignment=&#8221;center&#8221; active_section=&#8221;1&#8243; pagination_style=&#8221;flat-rounded&#8221; pagination_color=&#8221;green&#8221; css_animation=&#8221;fadeIn&#8221;][vc_tta_section i_position=&#8221;right&#8221; i_icon_fontawesome=&#8221;fa fa-balance-scale&#8221; add_icon=&#8221;true&#8221; title=&#8221;Prawo&#8221; tab_id=&#8221;1748945015228-bb4c8ad6-2884&#8243;][vc_btn title=&#8221;Stacjonarne i Niestacjonarne&#8221; color=&#8221;green&#8221; size=&#8221;lg&#8221; align=&#8221;center&#8221; link=&#8221;url:https%3A%2F%2Fus.edu.pl%2Fwydzial%2Fwpia%2Fwp-content%2Fuploads%2Fsites%2F19%2FHarmonogramy%2FSesje%2FSL-25%2FLetnia-sesja-egzaminacyjna-2024-2025-lato-Prawo-5.pdf&#8221;]\r\n                <div class=\"text-modules\">\r\n                    <div class=\"container\">\r\n                        \r\n                        <div class=\"text-modules__content\"><\/p>\n<hr \/>\n<p style=\"text-align: center;\">Letnia, poprawkowa sesja egzaminacyjna 2024\/2025<\/p>\n<p>\n<\/div>\r\n                    <\/div>\r\n                <\/div>[vc_btn title=&#8221;Harmonogram sesji poprawkowej&#8221; color=&#8221;green&#8221; size=&#8221;lg&#8221; align=&#8221;center&#8221; link=&#8221;url:https%3A%2F%2Fus.edu.pl%2Fwydzial%2Fwpia%2Fwp-content%2Fuploads%2Fsites%2F19%2FHarmonogramy%2FSesje%2FSL-25%2FPoprawkowa-letnia-sesja-egzaminacyjna-2024_2025-Prawo-stacjonarne-i-niestacjonarne-6.pdf|target:_blank&#8221;][\/vc_tta_section][vc_tta_section i_position=&#8221;right&#8221; i_type=&#8221;material&#8221; i_icon_material=&#8221;vc-material vc-material-account_balance&#8221; add_icon=&#8221;true&#8221; title=&#8221;Administracja&#8221; tab_id=&#8221;1748945015372-b045d485-2c79&#8243;][vc_btn title=&#8221;Stacjonarne i Niestacjonarne&#8221; color=&#8221;green&#8221; size=&#8221;lg&#8221; align=&#8221;center&#8221; link=&#8221;url:https%3A%2F%2Fus.edu.pl%2Fwydzial%2Fwpia%2Fwp-content%2Fuploads%2Fsites%2F19%2FHarmonogramy%2FLetnia-sesja-egzaminacyjna-2024-2025-lato-Administracja-I-i-II-stopnia-S-i-N.pdf&#8221;]\r\n                <div class=\"text-modules\">\r\n                    <div class=\"container\">\r\n                        \r\n                        <div class=\"text-modules__content\"><\/p>\n<hr \/>\n<p style=\"text-align: center;\">Letnia, poprawkowa sesja egzaminacyjna 2024\/2025<\/p>\n<p>\n<\/div>\r\n                    <\/div>\r\n                <\/div>[vc_btn title=&#8221;Harmonogram sesji poprawkowej&#8221; color=&#8221;green&#8221; size=&#8221;lg&#8221; align=&#8221;center&#8221; link=&#8221;url:https%3A%2F%2Fus.edu.pl%2Fwydzial%2Fwpia%2Fwp-content%2Fuploads%2Fsites%2F19%2FHarmonogramy%2FSesje%2FSL-25%2FPoprawkowa-letnia-sesja-egzaminacyjna-2024_2025-Administracja-I-i-II-stopnia-S-i-N-2.pdf&#8221;][\/vc_tta_section][vc_tta_section i_position=&#8221;right&#8221; i_icon_fontawesome=&#8221;fa fa-briefcase&#8221; add_icon=&#8221;true&#8221; title=&#8221;Przedsi\u0119biorczo\u015b\u0107&#8221; tab_id=&#8221;1748945015499-14475cbf-0d3c&#8221;][vc_btn title=&#8221;Stacjonarne&#8221; color=&#8221;green&#8221; size=&#8221;lg&#8221; align=&#8221;center&#8221; link=&#8221;url:https%3A%2F%2Fus.edu.pl%2Fwydzial%2Fwpia%2Fwp-content%2Fuploads%2Fsites%2F19%2FHarmonogramy%2FLetnia-sesja-egzaminacyjna-2024-2025-lato-Przedsi%C2%A6ObiorczoT%C2%A6c.pdf&#8221;]\r\n                <div class=\"text-modules\">\r\n                    <div class=\"container\">\r\n                        \r\n                        <div class=\"text-modules__content\"><\/p>\n<hr \/>\n<p style=\"text-align: center;\">Letnia, poprawkowa sesja egzaminacyjna 2024\/2025<\/p>\n<p>\n<\/div>\r\n                    <\/div>\r\n                <\/div>[vc_btn title=&#8221;Harmonogram sesji poprawkowej&#8221; color=&#8221;green&#8221; size=&#8221;lg&#8221; align=&#8221;center&#8221; link=&#8221;url:https%3A%2F%2Fus.edu.pl%2Fwydzial%2Fwpia%2Fwp-content%2Fuploads%2Fsites%2F19%2FHarmonogramy%2FSesje%2FSL-25%2FPoprawkowa-letnia-sesja-egzaminacyjna-2024_2025-Przedsiebiorczosc.pdf&#8221;][\/vc_tta_section][vc_tta_section i_position=&#8221;right&#8221; i_icon_fontawesome=&#8221;fas fa-business-time&#8221; add_icon=&#8221;true&#8221; title=&#8221;Prawo w biznesie&#8221; tab_id=&#8221;1748945015629-e6811029-2571&#8243;][vc_btn title=&#8221;Stacjonarne&#8221; color=&#8221;green&#8221; size=&#8221;lg&#8221; align=&#8221;center&#8221; link=&#8221;url:https%3A%2F%2Fus.edu.pl%2Fwydzial%2Fwpia%2Fwp-content%2Fuploads%2Fsites%2F19%2FHarmonogramy%2FLetnia-sesja-egzaminacyjna-2024-2025-lato-Prawo-w-biznesie.pdf&#8221;]\r\n                <div class=\"text-modules\">\r\n                    <div class=\"container\">\r\n                        \r\n                        <div class=\"text-modules__content\"><\/p>\n<hr \/>\n<p style=\"text-align: center;\">Letnia, poprawkowa sesja egzaminacyjna 2024\/2025<\/p>\n<p>\n<\/div>\r\n                    <\/div>\r\n                <\/div>[vc_btn title=&#8221;Harmonogram sesji poprawkowej&#8221; color=&#8221;green&#8221; size=&#8221;lg&#8221; align=&#8221;center&#8221; link=&#8221;url:https%3A%2F%2Fus.edu.pl%2Fwydzial%2Fwpia%2Fwp-content%2Fuploads%2Fsites%2F19%2FHarmonogramy%2FSesje%2FSL-25%2FPoprawkowa-letnia-sesja-egzaminacyjna-2024_2025-Prawo-w-biznesie.pdf&#8221;][\/vc_tta_section][vc_tta_section i_position=&#8221;right&#8221; i_type=&#8221;entypo&#8221; i_icon_entypo=&#8221;entypo-icon entypo-icon-graduation-cap&#8221; add_icon=&#8221;true&#8221; title=&#8221;International Business Law and Arbitration&#8221; tab_id=&#8221;1748945015748-cd8135f7-933d&#8221;][vc_btn title=&#8221;Stacjonarne&#8221; color=&#8221;green&#8221; size=&#8221;lg&#8221; align=&#8221;center&#8221; link=&#8221;url:https%3A%2F%2Fus.edu.pl%2Fwydzial%2Fwpia%2Fwp-content%2Fuploads%2Fsites%2F19%2FHarmonogramy%2FLetnia-sesja-egzaminacyjna-2024-2025-lato-IBLA.pdf&#8221;]\r\n                <div class=\"text-modules\">\r\n                    <div class=\"container\">\r\n                        \r\n                        <div class=\"text-modules__content\"><\/p>\n<hr \/>\n<p style=\"text-align: center;\">Letnia, poprawkowa sesja egzaminacyjna 2024\/2025<\/p>\n<p>\n<\/div>\r\n                    <\/div>\r\n                <\/div>[vc_btn title=&#8221;Harmonogram sesji poprawkowej&#8221; color=&#8221;green&#8221; size=&#8221;lg&#8221; align=&#8221;center&#8221; link=&#8221;url:https%3A%2F%2Fus.edu.pl%2Fwydzial%2Fwpia%2Fwp-content%2Fuploads%2Fsites%2F19%2FHarmonogramy%2FSesje%2FSL-25%2FPoprawkowa-letnia-sesja-egzaminacyjna-2024_2025-IBLA.pdf&#8221;][\/vc_tta_section][vc_tta_section i_position=&#8221;right&#8221; i_icon_fontawesome=&#8221;fa fa-envira&#8221; add_icon=&#8221;true&#8221; title=&#8221;Administrowanie \u015brodowiskiem&#8221; tab_id=&#8221;1748945015888-04571108-a8d7&#8243;][vc_btn title=&#8221;Stacjonarne&#8221; color=&#8221;green&#8221; size=&#8221;lg&#8221; align=&#8221;center&#8221; link=&#8221;url:https%3A%2F%2Fus.edu.pl%2Fwydzial%2Fwpia%2Fwp-content%2Fuploads%2Fsites%2F19%2FHarmonogramy%2FLetnia-sesja-egzaminacyjna-2024-2025-lato-Administrowanie-Urodowiskiem.pdf&#8221;]\r\n                <div class=\"text-modules\">\r\n                    <div class=\"container\">\r\n                        \r\n                        <div class=\"text-modules__content\"><\/p>\n<hr \/>\n<p style=\"text-align: center;\">Letnia, poprawkowa sesja egzaminacyjna 2024\/2025<\/p>\n<p>\n<\/div>\r\n                    <\/div>\r\n                <\/div>[vc_btn title=&#8221;Harmonogram sesji poprawkowej&#8221; color=&#8221;green&#8221; size=&#8221;lg&#8221; align=&#8221;center&#8221; link=&#8221;url:https%3A%2F%2Fus.edu.pl%2Fwydzial%2Fwpia%2Fwp-content%2Fuploads%2Fsites%2F19%2FHarmonogramy%2FPoprawkowa-letnia-sesja-egzaminacyjna-2024_2025-Administrowanie-srodowiskiem.pdf&#8221;][\/vc_tta_section][\/vc_tta_tabs][\/vc_column][\/vc_row][vc_row content_placement=&#8221;middle&#8221; disable_element=&#8221;yes&#8221;][vc_column][vc_tta_tabs style=&#8221;modern&#8221; color=&#8221;blue&#8221; spacing=&#8221;10&#8243; gap=&#8221;3&#8243; alignment=&#8221;center&#8221; active_section=&#8221;1&#8243; pagination_style=&#8221;flat-rounded&#8221; pagination_color=&#8221;blue&#8221; css_animation=&#8221;fadeIn&#8221; no_fill_content_area=&#8221;true&#8221;][vc_tta_section i_position=&#8221;right&#8221; i_icon_fontawesome=&#8221;&#8221; add_icon=&#8221;true&#8221; tab_id=&#8221;1724067624582-72c150ba-ac62&#8243; title=&#8221;Dodatkowe terminy&#8221;][vc_btn title=&#8221;Egzaminy przedterminowe sesja letnia 2024\/2025&#8243; color=&#8221;warning&#8221; size=&#8221;lg&#8221; align=&#8221;center&#8221; link=&#8221;url:https%3A%2F%2Fus.edu.pl%2Fwydzial%2Fwpia%2Fwp-content%2Fuploads%2Fsites%2F19%2FHarmonogramy%2FSesje%2FSL-25%2FEgzaminy-przedterminowe-semestr-letni-2024_2025-1.pdf&#8221;][\/vc_tta_section][\/vc_tta_tabs][\/vc_column][\/vc_row][vc_row][vc_column width=&#8221;2\/3&#8243;][\/vc_column][vc_column width=&#8221;1\/3&#8243;][vc_btn title=&#8221;Powr\u00f3t&#8221; color=&#8221;sky&#8221; align=&#8221;right&#8221; i_align=&#8221;right&#8221; i_icon_fontawesome=&#8221;fa fa-arrow-left&#8221; add_icon=&#8221;true&#8221; link=&#8221;url:https%3A%2F%2Fus.edu.pl%2Fwydzial%2Fwpia%2F|||&#8221;][\/vc_column][\/vc_row][vc_column][\/vc_column]<\/p>","protected":false},"excerpt":{"rendered":"<p>[vc_row][vc_column][\/vc_column][\/vc_row][vc_row content_placement=&#8221;middle&#8221;][vc_column][vc_tta_tabs style=&#8221;modern&#8221; color=&#8221;blue&#8221; spacing=&#8221;10&#8243; gap=&#8221;3&#8243; alignment=&#8221;center&#8221; active_section=&#8221;1&#8243; pagination_style=&#8221;flat-rounded&#8221; pagination_color=&#8221;sky&#8221; css_animation=&#8221;fadeIn&#8221;][vc_tta_section i_position=&#8221;right&#8221; i_icon_fontawesome=&#8221;fa fa-balance-scale&#8221; add_icon=&#8221;true&#8221; title=&#8221;Prawo&#8221; tab_id=&#8221;1629288916071-158a07b9-0405&#8243;][vc_btn title=&#8221;Stacjonarne i Niestacjonarne&#8221; color=&#8221;primary&#8221; size=&#8221;lg&#8221; align=&#8221;center&#8221; link=&#8221;url:https%3A%2F%2Fus.edu.pl%2Fwydzial%2Fwpia%2Fwp-content%2Fuploads%2Fsites%2F19%2FHarmonogramy%2FSesje%2FSZ-26%2FZimowa-sesja-egzaminacyjna-poprawkowa-2025_2026_prawo-S-i-N-8.pdf&#8221;][\/vc_tta_section][vc_tta_section i_position=&#8221;right&#8221; i_type=&#8221;material&#8221; i_icon_material=&#8221;vc-material vc-material-account_balance&#8221; add_icon=&#8221;true&#8221; title=&#8221;Administracja&#8221; tab_id=&#8221;1629288916083-01566bfe-557f&#8221;][vc_btn title=&#8221;Stacjonarne i Niestacjonarne&#8221; color=&#8221;primary&#8221; size=&#8221;lg&#8221; align=&#8221;center&#8221; link=&#8221;url:https%3A%2F%2Fus.edu.pl%2Fwydzial%2Fwpia%2Fwp-content%2Fuploads%2Fsites%2F19%2FHarmonogramy%2FSesje%2FSZ-26%2FZimowa-sesja-egzaminacyjna-poprawkowa-2025_2026_administracja-S-i-N-6.pdf&#8221;][\/vc_tta_section][vc_tta_section i_position=&#8221;right&#8221; i_icon_fontawesome=&#8221;fa fa-briefcase&#8221; add_icon=&#8221;true&#8221; title=&#8221;Przedsi\u0119biorczo\u015b\u0107&#8221; tab_id=&#8221;1629288938718-2cb71622-c3c5&#8243;][vc_btn title=&#8221;Stacjonarne&#8221; color=&#8221;primary&#8221; size=&#8221;lg&#8221; align=&#8221;center&#8221; link=&#8221;url:https%3A%2F%2Fus.edu.pl%2Fwydzial%2Fwpia%2Fwp-content%2Fuploads%2Fsites%2F19%2FHarmonogramy%2FSesje%2FSZ-26%2FZimowa-sesja-egzaminacyjna-poprawkowa-2025_2026-Przedsiebiorczosc.pdf&#8221;][\/vc_tta_section][vc_tta_section i_position=&#8221;right&#8221; i_icon_fontawesome=&#8221;fas fa-business-time&#8221; add_icon=&#8221;true&#8221; title=&#8221;Prawo w [&#8230;]<\/p>\n<p><a class=\"btn btn-secondary understrap-read-more-link\" href=\"https:\/\/us.edu.pl\/wydzial\/wpia\/student\/harmonogramy\/harmonogram-sesji\/\">Read More&#8230;<\/a><\/p>\n","protected":false},"author":3414,"featured_media":0,"parent":347,"menu_order":0,"comment_status":"closed","ping_status":"closed","template":"page-templates\/inner-page.php","meta":{"_expiration-date-status":"","_expiration-date":0,"_expiration-date-type":"","_expiration-date-categories":[],"_expiration-date-options":[]},"acf":[],"_links":{"self":[{"href":"https:\/\/us.edu.pl\/wydzial\/wpia\/wp-json\/wp\/v2\/pages\/7820"}],"collection":[{"href":"https:\/\/us.edu.pl\/wydzial\/wpia\/wp-json\/wp\/v2\/pages"}],"about":[{"href":"https:\/\/us.edu.pl\/wydzial\/wpia\/wp-json\/wp\/v2\/types\/page"}],"author":[{"embeddable":true,"href":"https:\/\/us.edu.pl\/wydzial\/wpia\/wp-json\/wp\/v2\/users\/3414"}],"replies":[{"embeddable":true,"href":"https:\/\/us.edu.pl\/wydzial\/wpia\/wp-json\/wp\/v2\/comments?post=7820"}],"version-history":[{"count":10,"href":"https:\/\/us.edu.pl\/wydzial\/wpia\/wp-json\/wp\/v2\/pages\/7820\/revisions"}],"predecessor-version":[{"id":197083,"href":"https:\/\/us.edu.pl\/wydzial\/wpia\/wp-json\/wp\/v2\/pages\/7820\/revisions\/197083"}],"up":[{"embeddable":true,"href":"https:\/\/us.edu.pl\/wydzial\/wpia\/wp-json\/wp\/v2\/pages\/347"}],"wp:attachment":[{"href":"https:\/\/us.edu.pl\/wydzial\/wpia\/wp-json\/wp\/v2\/media?parent=7820"}],"curies":[{"name":"wp","href":"https:\/\/api.w.org\/{rel}","templated":true}]}}